{"id":8301,"date":"2023-10-16T02:40:32","date_gmt":"2023-10-15T17:40:32","guid":{"rendered":"https:\/\/chat-messenger.com\/?page_id=8301"},"modified":"2025-12-06T00:13:34","modified_gmt":"2025-12-05T15:13:34","slug":"crowd-plan","status":"publish","type":"page","link":"https:\/\/chat-messenger.com\/vi\/lien-he-chung-toi\/ke-hoach-dam-dong","title":{"rendered":"S\u1ef1 kh\u00e1c bi\u1ec7t gi\u1eefa \u0111\u00e1m m\u00e2y tr\u00f2 chuy\u1ec7n v\u00e0 Messenger gi\u1eefa m\u1ed7i g\u00f3i"},"content":{"rendered":"<figure class=\"wp-block-table is-style-regular\"><table><thead><tr><th><\/th><th>Mi\u1ec5n ph\u00ed<\/th><th>Ti\u00eau chu\u1ea9n<\/th><th>Doanh nghi\u1ec7p<\/th><th>T\u1ed1i th\u01b0\u1ee3ng<\/th><\/tr><\/thead><tbody><tr><td>\u0110\u01a1n gi\u00e1 \u01b0\u1edbc t\u00ednh h\u00e0ng th\u00e1ng cho 1 ng\u01b0\u1eddi d\u00f9ng<\/td><td>\u00a50<\/td><td>\u00a5300<\/td><td>\u00a5600<\/td><td>\u00a51.000<\/td><\/tr><tr><td>Chi ph\u00ed h\u00e0ng n\u0103m cho 20 ng\u01b0\u1eddi d\u00f9ng<\/td><td>\u00a50<\/td><td>\u00a572.000<\/td><td>\u00a5144.000<\/td><td>240.000 Y\u00ean<\/td><\/tr><tr><td><a href=\"https:\/\/chat-messenger.com\/vi\/thu-cong\/videoconference_voicecall\/su-dung-hoi-nghi-web\/\" target=\"_blank\" rel=\"noopener\">S\u1ed1 l\u01b0\u1ee3ng ng\u01b0\u1eddi d\u00f9ng tham gia h\u1ed9i ngh\u1ecb web<\/a>\n\n<p>(Th\u1eddi gian gi\u1edbi h\u1ea1n)<\/p>\n<\/td><td>4 ng\u01b0\u1eddi d\u00f9ng\n\n<p>(60 ph\u00fat)<\/p>\n<\/td><td>10 ng\u01b0\u1eddi d\u00f9ng\n\n<p>(v\u00f4 h\u1ea1n)<\/p>\n<\/td><td>v\u00f4 h\u1ea1n<\/td><td>v\u00f4 h\u1ea1n<\/td><\/tr><tr><td>Dung l\u01b0\u1ee3ng \u0111\u0129a (m\u1ed7i ng\u01b0\u1eddi d\u00f9ng)<\/td><td>1GB<\/td><td>10GB<\/td><td>50GB<\/td><td>200GB<\/td><\/tr><tr><td>Xem tin nh\u1eafn\/l\u1ecbch tr\u00ecnh\/t\u00e0i li\u1ec7u  <p>H\u1ea1n ch\u00f3t t\u1ea3i xu\u1ed1ng t\u1ec7p tin nh\u1eafn<\/p><p><a rel=\"noopener\" href=\"https:\/\/chat-messenger.com\/vi\/thu-cong\/cloud_mobile\/su-tham-du\/\" target=\"_blank\">S\u1ef1 tham d\u1ef1<\/a> \/ <a href=\"https:\/\/chat-messenger.com\/vi\/thu-cong\/cloud_mobile\/quy-trinh-lam-viec\/\">quy tr\u00ecnh l\u00e0m vi\u1ec7c<\/a>Th\u1eddi gian l\u01b0u gi\u1eef<\/p><\/td><td>200 ng\u00e0y  <p>1 th\u00e1ng<\/p><p>ng\u00e0y 31<\/p> <\/td><td>Th\u1eddi h\u1ea1n kh\u00f4ng x\u00e1c \u0111\u1ecbnh  <p>1 n\u0103m<\/p><p>ng\u00e0y 31<\/p> <\/td><td>Th\u1eddi h\u1ea1n kh\u00f4ng x\u00e1c \u0111\u1ecbnh  <p>3 n\u0103m<\/p><p>3 n\u0103m<\/p> <\/td><td>Th\u1eddi h\u1ea1n kh\u00f4ng x\u00e1c \u0111\u1ecbnh<\/td><\/tr><tr><td>T\u1ea3i l\u00ean t\u1eadp tin t\u1ed1i \u0111a<\/td><td>5MB<\/td><td>30MB<\/td><td>200MB<\/td><td>500MB<\/td><\/tr><tr><td><a href=\"https:\/\/chat-messenger.com\/vi\/thu-cong\/cloud_mobile\/dam-dong_admin_menu\/#user-admin\/\" target=\"_blank\" rel=\"noopener\">Ch\u1ee9c n\u0103ng qu\u1ea3n l\u00fd ng\u01b0\u1eddi d\u00f9ng<\/a><\/td><td>\u25cb<\/td><td>\u25cb<\/td><td>\u25cb<\/td><td>\u25cb<\/td><\/tr><tr><td><span class=\"swl-marker mark_yellow\">H\u1ed7 tr\u1ee3 tra c\u1ee9u<\/span><br>Email th\u00f4ng b\u00e1o tin nh\u1eafn<br>\u0110\u1eb7t ph\u00f2ng h\u1ed9i th\u1ea3o\/thi\u1ebft b\u1ecb<br><a rel=\"noreferrer noopener\" href=\"https:\/\/chat-messenger.com\/vi\/thu-cong\/cloud_mobile\/dam-dong_admin_menu\/#index_id3\" target=\"_blank\">M\u00e0n h\u00ecnh qu\u1ea3n l\u00fd<\/a><br><a rel=\"noreferrer noopener\" href=\"https:\/\/chat-messenger.com\/vi\/thu-cong\/videoconference_voicecall\/su-dung-hoi-nghi-web\/#web-conference-recording\" target=\"_blank\">Ghi \u00e2m h\u1ed9i ngh\u1ecb tr\u00ean web<\/a><br>x\u00e1c th\u1ef1c \u0111a y\u1ebfu t\u1ed1<br>M\u00f4i tr\u01b0\u1eddng kh\u00f4ng c\u00f3 email ri\u00eang cho t\u1ed5 ch\u1ee9c<br>sao l\u01b0u d\u1eef li\u1ec7u<\/td><td>&#8211;<\/td><td>\u25cb<\/td><td>\u25cb<\/td><td>\u25cb<\/td><\/tr><tr><td><a rel=\"noopener\" href=\"https:\/\/chat-messenger.com\/vi\/thu-cong\/videoconference_voicecall\/su-dung-hoi-nghi-web\/#recognition\/\" target=\"_blank\">Web\u4f1a\u8b70\u3067\u8b70\u4e8b\u9332\u3001\u591a\u8a00\u8a9e\u7ffb\u8a33<\/a> \/ <a rel=\"noreferrer noopener\" href=\"https:\/\/chat-messenger.com\/vi\/thu-cong\/videoconference_voicecall\/su-dung-hoi-nghi-web\/#paint\" target=\"_blank\">Ch\u1ee9c n\u0103ng s\u01a1n<\/a><\/td><td>&#8211;<\/td><td>&#8211;<\/td><td>\u25cb<\/td><td>\u25cb<\/td><\/tr><tr><td><a rel=\"noreferrer noopener\" href=\"https:\/\/chat-messenger.com\/vi\/thu-cong\/cloud_mobile\/dam-dong_admin_menu\/#admin_msg_mgr\/\" target=\"_blank\">qu\u1ea3n l\u00fd tin nh\u1eafn<\/a> \/ <a href=\"https:\/\/chat-messenger.com\/vi\/thu-cong\/cloud_mobile\/dam-dong_admin_menu\/#access-log\/\">nh\u1eadt k\u00fd truy c\u1eadp<\/a> \/ <a href=\"https:\/\/chat-messenger.com\/vi\/thu-cong\/cloud_mobile\/dam-dong_admin_menu\/#index_id12\/\">qu\u1ea3n l\u00fd t\u1eadp tin<\/a> \/<br><a rel=\"noopener\" href=\"https:\/\/chat-messenger.com\/vi\/thu-cong\/cloud_mobile\/cai-dat-khach\/\" target=\"_blank\">\u0110\u0103ng nh\u1eadp c\u1ee7a kh\u00e1ch<\/a> \/ <a rel=\"noreferrer noopener\" href=\"https:\/\/chat-messenger.com\/vi\/thu-cong\/cloud_mobile\/api\/\" target=\"_blank\">H\u1ee3p t\u00e1c API<\/a> \/ <a rel=\"noreferrer noopener\" href=\"https:\/\/chat-messenger.com\/vi\/thu-cong\/cloud_mobile\/businesschat_companies\/\" target=\"_blank\">\u4f01\u696d\u9023\u643a<\/a><\/td><td>&#8211;<\/td><td>&#8211;<\/td><td>\u25cb<\/td><td>\u25cb<\/td><\/tr><\/tbody><\/table><\/figure>\n\n\n\n<p class=\"is-style-big_icon_check\">-Phi\u00ean b\u1ea3n mi\u1ec5n ph\u00ed c\u00f3 th\u1ec3 \u0111\u01b0\u1ee3c s\u1eed d\u1ee5ng b\u1edfi t\u1ed1i thi\u1ec3u 5 ng\u01b0\u1eddi d\u00f9ng v\u00e0 t\u1ed1i \u0111a 50 ng\u01b0\u1eddi d\u00f9ng.<br>*D\u1ecbch v\u1ee5 s\u1ebd t\u1ea1m th\u1eddi ng\u1eebng khi kh\u00f4ng c\u00f3 ai s\u1eed d\u1ee5ng.<br>\u30fbPhi\u00ean b\u1ea3n mi\u1ec5n ph\u00ed c\u00f3 nh\u1eefng h\u1ea1n ch\u1ebf ch\u1ee9c n\u0103ng kh\u00e1c ngo\u00e0i nh\u1eefng h\u1ea1n ch\u1ebf \u0111\u00e3 \u0111\u1ec1 c\u1eadp \u1edf tr\u00ean v\u00e0 c\u00f3 th\u1ec3 thay \u0111\u1ed5i m\u00e0 kh\u00f4ng c\u1ea7n th\u00f4ng b\u00e1o tr\u01b0\u1edbc.<br>\u30fbN\u1ebfu b\u1ea1n c\u1ea7n h\u1ed7 tr\u1ee3 v\u1ec1 c\u00e1ch s\u1eed d\u1ee5ng d\u1ecbch v\u1ee5 ho\u1eb7c c\u00e1c th\u1eafc m\u1eafc kh\u00e1c, vui l\u00f2ng ch\u1ecdn g\u00f3i tr\u1ea3 ph\u00ed.<br>\u30fbPhi\u00ean b\u1ea3n tr\u1ea3 ph\u00ed y\u00eau c\u1ea7u 10 ng\u01b0\u1eddi d\u00f9ng tr\u1edf l\u00ean v\u00e0 h\u1ee3p \u0111\u1ed3ng h\u00e0ng n\u0103m.<\/p>","protected":false},"excerpt":{"rendered":"<p>Ti\u00eau chu\u1ea9n mi\u1ec5n ph\u00ed Enterprise Ultimate H\u01b0\u1edbng d\u1eabn \u0111\u01a1n gi\u00e1 h\u00e0ng th\u00e1ng cho 1 ng\u01b0\u1eddi d\u00f9ng \u00a5 0 \u00a5 300 [\u2026]<\/p>","protected":false},"author":1,"featured_media":0,"parent":37,"menu_order":0,"comment_status":"closed","ping_status":"closed","template":"","meta":{"swell_btn_cv_data":""},"_links":{"self":[{"href":"https:\/\/chat-messenger.com\/vi\/wp-json\/wp\/v2\/pages\/8301"}],"collection":[{"href":"https:\/\/chat-messenger.com\/vi\/wp-json\/wp\/v2\/pages"}],"about":[{"href":"https:\/\/chat-messenger.com\/vi\/wp-json\/wp\/v2\/types\/page"}],"author":[{"embeddable":true,"href":"https:\/\/chat-messenger.com\/vi\/wp-json\/wp\/v2\/users\/1"}],"replies":[{"embeddable":true,"href":"https:\/\/chat-messenger.com\/vi\/wp-json\/wp\/v2\/comments?post=8301"}],"version-history":[{"count":10,"href":"https:\/\/chat-messenger.com\/vi\/wp-json\/wp\/v2\/pages\/8301\/revisions"}],"predecessor-version":[{"id":12393,"href":"https:\/\/chat-messenger.com\/vi\/wp-json\/wp\/v2\/pages\/8301\/revisions\/12393"}],"up":[{"embeddable":true,"href":"https:\/\/chat-messenger.com\/vi\/wp-json\/wp\/v2\/pages\/37"}],"wp:attachment":[{"href":"https:\/\/chat-messenger.com\/vi\/wp-json\/wp\/v2\/media?parent=8301"}],"curies":[{"name":"wp","href":"https:\/\/api.w.org\/{rel}","templated":true}]}}