{"id":8269,"date":"2023-10-14T12:50:07","date_gmt":"2023-10-14T03:50:07","guid":{"rendered":"https:\/\/chat-messenger.com\/?page_id=8269"},"modified":"2026-03-11T01:02:14","modified_gmt":"2026-03-10T16:02:14","slug":"camserver-plan","status":"publish","type":"page","link":"https:\/\/chat-messenger.com\/vi\/lien-he-chung-toi\/ke-hoach-may-quay","title":{"rendered":"S\u1ef1 kh\u00e1c bi\u1ec7t gi\u1eefa c\u00e1c g\u00f3i CAMServer"},"content":{"rendered":"<style><!-- \n.custom-tbl {\n width: 100%;\n text-align: center;\n border-collapse: collapse;\n border-spacing: 0;\n}\n.custom-tbl th {\n padding: 10px;\n background: #778ca3;\n border: solid 1px #666666;\n color: #ffffff;\n}\n.custom-tbl tr:nth-child(2n+1) {\n background: #F5F5F5;\n}\n.custom-tbl td {\n text-align: center;\n padding: 4px;\n border: solid 1px #666666;\n}\n.custom-tbl td:first-child {\n background: #e9faf9;\n}\n--><br \/>\n<\/style>\n<div style=\"width: 760px;\">\n<table class=\"custom-tbl\" cellspacing=\"0\" cellpadding=\"0\" style=\"width: 759px;\">\n<tbody>\n<tr style=\"height: 30px;\">\n<th style=\"width: 399px;\"><\/th>\n<th class=\"notrans\" width=\"120\" style=\"width: 120px;\" data-no-translation=\"\">Standard<\/th>\n<th class=\"notrans\" width=\"120\" style=\"width: 120px;\" data-no-translation=\"\">Enterprise<\/th>\n<th class=\"notrans\" width=\"120\" style=\"width: 120px;\" data-no-translation=\"\">Ultimate<\/th>\n<\/tr>\n<tr>\n<td style=\"width: 399px;\">\u0110\u01a1n gi\u00e1 \u01b0\u1edbc t\u00ednh h\u00e0ng th\u00e1ng cho 1 ng\u01b0\u1eddi d\u00f9ng<\/td>\n<td style=\"width: 120px;\">\u00a5200<\/td>\n<td style=\"width: 120px;\">\u00a5300<\/td>\n<td style=\"width: 120px;\">\u00a5600<\/td>\n<\/tr>\n<tr>\n<td style=\"width: 399px;\">Chi ph\u00ed h\u00e0ng n\u0103m cho 20 ng\u01b0\u1eddi d\u00f9ng<\/td>\n<td class=\"notrans\" style=\"width: 120px;\" data-no-translation=\"\">\u00a5 48,000<\/td>\n<td class=\"notrans\" style=\"width: 120px;\" data-no-translation=\"\">\u00a5 72,000<\/td>\n<td class=\"notrans\" style=\"width: 120px;\" data-no-translation=\"\">\u00a5 144,000<\/td>\n<\/tr>\n<tr>\n<td style=\"width: 399px;\">Qu\u1ea3n l\u00fd tr\u00f2 chuy\u1ec7n, l\u1ecbch tr\u00ecnh v\u00e0 c\u00f4ng vi\u1ec7c<\/td>\n<td class=\"notrans\" style=\"width: 120px;\" data-no-translation=\"\">\u25cb<\/td>\n<td class=\"notrans\" style=\"width: 120px;\" data-no-translation=\"\">\u25cb<\/td>\n<td class=\"notrans\" style=\"width: 120px;\" data-no-translation=\"\">\u25cb<\/td>\n<\/tr>\n<tr>\n<td style=\"width: 399px;\"><a href=\"https:\/\/chat-messenger.com\/vi\/thu-cong\/videoconference_voicecall\/chuan-bi_of_headset_may-anh\/\" target=\"_blank\" rel=\"noopener\">Cu\u1ed9c g\u1ecdi video cho m\u1ea1ng LAN<\/a><\/td>\n<td style=\"width: 120px;\">v\u00f4 h\u1ea1n<\/td>\n<td style=\"width: 120px;\">v\u00f4 h\u1ea1n<\/td>\n<td style=\"width: 120px;\">v\u00f4 h\u1ea1n<\/td>\n<\/tr>\n<tr>\n<td style=\"width: 399px;\"><a href=\"https:\/\/chat-messenger.com\/vi\/thu-cong\/videoconference_voicecall\/su-dung-hoi-nghi-web\/\" target=\"_blank\" rel=\"noopener\">H\u1ed9i th\u1ea3o tr\u00ean web<\/a><\/td>\n<td class=\"notrans\" style=\"width: 120px;\" data-no-translation=\"\">&#8211;<\/td>\n<td style=\"width: 120px;\">v\u00f4 h\u1ea1n<\/td>\n<td style=\"width: 120px;\">v\u00f4 h\u1ea1n<\/td>\n<\/tr>\n<tr>\n<td style=\"width: 399px;\"><a href=\"https:\/\/chat-messenger.com\/vi\/thu-cong\/document_management\/tai-lieu_file_sharing\/\" target=\"_blank\" rel=\"noopener\">qu\u1ea3n l\u00fd t\u00e0i li\u1ec7u<\/a>,<a href=\"https:\/\/chat-messenger.com\/vi\/thu-cong\/schedule_calendar\/cuoc-hop_room_facility_reservation\/\" target=\"_blank\" rel=\"noopener\">\u0110\u1eb7t ch\u1ed7 c\u01a1 s\u1edf<\/a><\/td>\n<td class=\"notrans\" style=\"width: 120px;\" data-no-translation=\"\">&#8211;<\/td>\n<td class=\"notrans\" style=\"width: 120px;\" data-no-translation=\"\">\u25cb<\/td>\n<td class=\"notrans\" style=\"width: 120px;\" data-no-translation=\"\">\u25cb<\/td>\n<\/tr>\n<tr>\n<td style=\"width: 399px;\"><a href=\"https:\/\/chat-messenger.com\/vi\/thu-cong\/cloud_mobile\/muc-su-dung-cloud_mobile\/\" target=\"_blank\" rel=\"noopener\">Phi\u00ean b\u1ea3n tr\u00ecnh duy\u1ec7t<\/a>,<a href=\"https:\/\/chat-messenger.com\/images\/cam_mobile.png\" target=\"_blank\" rel=\"noopener\">H\u1ee3p t\u00e1c di \u0111\u1ed9ng<\/a><\/td>\n<td class=\"notrans\" style=\"width: 120px;\" data-no-translation=\"\">&#8211;<\/td>\n<td class=\"notrans\" style=\"width: 120px;\" data-no-translation=\"\">\u25cb<\/td>\n<td class=\"notrans\" style=\"width: 120px;\" data-no-translation=\"\">\u25cb<\/td>\n<\/tr>\n<tr style=\"height: 30px;\">\n<td style=\"width: 399px;\"><a href=\"https:\/\/chat-messenger.com\/vi\/thu-cong\/camserver\/du-lieu-sao-luu\/\" target=\"_blank\" rel=\"noopener\">Sao l\u01b0u vi sai t\u1ed1c \u0111\u1ed9 cao<\/a><\/td>\n<td class=\"notrans\" style=\"width: 120px;\" data-no-translation=\"\">&#8211;<\/td>\n<td class=\"notrans\" style=\"width: 120px;\" data-no-translation=\"\">\u25cb<\/td>\n<td class=\"notrans\" style=\"width: 120px;\" data-no-translation=\"\">\u25cb<\/td>\n<\/tr>\n<tr>\n<td style=\"width: 399px;\"><a href=\"https:\/\/chat-messenger.com\/vi\/thu-cong\/camserver\/message_log_server_management\/\" target=\"_blank\" rel=\"noopener\">\u0110\u0103ng nh\u1eadp qu\u1ea3n l\u00fd m\u00e1y ch\u1ee7<\/a><\/td>\n<td class=\"notrans\" style=\"width: 120px;\" data-no-translation=\"\">&#8211;<\/td>\n<td class=\"notrans\" style=\"width: 120px;\" data-no-translation=\"\">\u25cb<\/td>\n<td class=\"notrans\" style=\"width: 120px;\" data-no-translation=\"\">\u25cb<\/td>\n<\/tr>\n<tr>\n<td style=\"width: 399px;\"><a href=\"https:\/\/chat-messenger.com\/vi\/thu-cong\/camserver\/thu-muc-hoat-dong-ldap\/\" target=\"_blank\" rel=\"noopener\">Li\u00ean k\u1ebft Active Directory<\/a><\/td>\n<td class=\"notrans\" style=\"width: 120px;\" data-no-translation=\"\">&#8211;<\/td>\n<td class=\"notrans\" style=\"width: 120px;\" data-no-translation=\"\">\u25cb<\/td>\n<td class=\"notrans\" style=\"width: 120px;\" data-no-translation=\"\">\u25cb<\/td>\n<\/tr>\n<tr>\n<td style=\"width: 399px;\"><a href=\"https:\/\/chat-messenger.com\/vi\/thu-cong\/cloud_mobile\/su-tham-du\/\" target=\"_blank\" rel=\"noopener\">Qu\u1ea3n l\u00fd ch\u1ea5m c\u00f4ng<\/a> \/ <a href=\"https:\/\/chat-messenger.com\/vi\/thu-cong\/cloud_mobile\/quy-trinh-lam-viec\/\">quy tr\u00ecnh l\u00e0m vi\u1ec7c<\/a><\/td>\n<td class=\"notrans\" style=\"width: 120px;\" data-no-translation=\"\">&#8211;<\/td>\n<td class=\"notrans\" style=\"width: 120px;\" data-no-translation=\"\">\u25b3<\/td>\n<td class=\"notrans\" style=\"width: 120px;\" data-no-translation=\"\">\u25cb<\/td>\n<\/tr>\n<tr>\n<td style=\"width: 399px;\"><a href=\"https:\/\/chat-messenger.com\/vi\/thu-cong\/cloud_mobile\/api\/\" target=\"_blank\" rel=\"noopener\">H\u1ee3p t\u00e1c API<\/a><a href=\"https:\/\/chat-messenger.com\/vi\/thu-cong\/cloud_mobile\/su-tham-du\/\" target=\"_blank\" rel=\"noopener\"><\/a><\/td>\n<td class=\"notrans\" style=\"width: 120px;\" data-no-translation=\"\">&#8211;<\/td>\n<td class=\"notrans\" style=\"width: 120px;\" data-no-translation=\"\">&#8211;<\/td>\n<td class=\"notrans\" style=\"width: 120px;\" data-no-translation=\"\">\u25cb<\/td>\n<\/tr>\n<tr>\n<td style=\"width: 399px;\">trong m\u1ed9t h\u1ed9i ngh\u1ecb tr\u00ean web<a href=\"https:\/\/chat-messenger.com\/vi\/thu-cong\/videoconference_voicecall\/su-dung-hoi-nghi-web\/#recognition\/\" target=\"_blank\" rel=\"noopener\">Bi\u00ean b\u1ea3n, d\u1ecbch \u0111a ng\u00f4n ng\u1eef<\/a>,<a href=\"https:\/\/chat-messenger.com\/vi\/thu-cong\/videoconference_voicecall\/su-dung-hoi-nghi-web\/#recognition\/\" target=\"_blank\" rel=\"noopener\">Ch\u1ee9c n\u0103ng s\u01a1n<\/a><\/td>\n<td class=\"notrans\" style=\"width: 120px;\" data-no-translation=\"\">&#8211;<\/td>\n<td class=\"notrans\" style=\"width: 120px;\" data-no-translation=\"\">&#8211;<\/td>\n<td class=\"notrans\" style=\"width: 120px;\" data-no-translation=\"\">\u25cb<\/td>\n<\/tr>\n<tr>\n<td style=\"width: 399px;\"><a href=\"\/vi\/manual\/camserver_load-balancing\/\" target=\"_blank\" rel=\"noopener\">D\u1ef1 ph\u00f2ng\/c\u00e2n b\u1eb1ng t\u1ea3i<\/a> \/ <a href=\"https:\/\/chat-messenger.com\/vi\/thu-cong\/camserver\/windows-auth\/\" target=\"_blank\" rel=\"noopener\" data-wplink-edit=\"true\">SSO<\/a> \/ M\u00f4i tr\u01b0\u1eddng Linux<\/td>\n<td class=\"notrans\" style=\"width: 120px;\" data-no-translation=\"\">&#8211;<\/td>\n<td class=\"notrans\" style=\"width: 120px;\" data-no-translation=\"\">&#8211;<\/td>\n<td class=\"notrans\" style=\"width: 120px;\" data-no-translation=\"\">\u25cb<\/td>\n<\/tr>\n<\/tbody>\n<\/table>\n<ul style=\"list-style: none;\">\n<li>*Trong n\u0103m \u0111\u1ea7u ti\u00ean, s\u1ebd ph\u1ea3i tr\u1ea3 kho\u1ea3n ph\u00ed ban \u0111\u1ea7u l\u00e0 20.000 y\u00ean \u0111\u1ec3 h\u1ed7 tr\u1ee3 qua email v\u1ec1 c\u00e1ch c\u00e0i \u0111\u1eb7t v\u00e0 s\u1eed d\u1ee5ng s\u1ea3n ph\u1ea9m.<\/li>\n<li>*Y\u00eau c\u1ea7u h\u1ee3p \u0111\u1ed3ng h\u00e0ng n\u0103m cho 20 ng\u01b0\u1eddi d\u00f9ng tr\u1edf l\u00ean. Ng\u01b0\u1eddi d\u00f9ng b\u1ed5 sung s\u1ebd \u0111\u01b0\u1ee3c t\u00ednh h\u00e0ng ng\u00e0y theo \u0111\u01a1n v\u1ecb 10 ng\u01b0\u1eddi d\u00f9ng.<\/li>\n<li>*Ti\u00eau chu\u1ea9n l\u00e0 <a href=\"https:\/\/chat-messenger.com\/vi\/thu-cong\/cach-su-dung\/\" target=\"_blank\" rel=\"noopener\">Desktop for LAN<\/a> Ch\u1ec9 c\u00f3 s\u1eb5n.<\/li>\n<li>* H\u1ed9i ngh\u1ecb tr\u00ean web c\u00f3 kh\u1ea3 n\u0103ng ho\u1ea1t \u0111\u1ed9ng v\u00e0 ch\u1ea5t l\u01b0\u1ee3ng t\u1ed1t h\u01a1n cu\u1ed9c g\u1ecdi video.<\/li>\n<li>* Li\u00ean k\u1ebft di \u0111\u1ed9ng ch\u1ec9 kh\u1ea3 d\u1ee5ng cho c\u00e1c h\u1ed9i ngh\u1ecb tr\u00ean web.<\/li>\n<li>*<a href=\"https:\/\/chat-messenger.com\/vi\/thu-cong\/videoconference_voicecall\/video_conference_voice_call\/\" target=\"_blank\" rel=\"noopener\">S\u1ef1 kh\u00e1c bi\u1ec7t gi\u1eefa cu\u1ed9c g\u1ecdi video v\u00e0 h\u1ed9i ngh\u1ecb tr\u00ean web<\/a><\/li>\n<\/ul>\n<\/div>","protected":false},"excerpt":{"rendered":"<p>Ti\u00eau chu\u1ea9n Enterprise Ultimate H\u01b0\u1edbng d\u1eabn \u0111\u01a1n gi\u00e1 h\u00e0ng th\u00e1ng cho 1 ng\u01b0\u1eddi d\u00f9ng \u00a5 200 \u00a5 300 \u00a5 [\u2026]<\/p>","protected":false},"author":1,"featured_media":0,"parent":37,"menu_order":0,"comment_status":"closed","ping_status":"closed","template":"","meta":{"swell_btn_cv_data":""},"_links":{"self":[{"href":"https:\/\/chat-messenger.com\/vi\/wp-json\/wp\/v2\/pages\/8269"}],"collection":[{"href":"https:\/\/chat-messenger.com\/vi\/wp-json\/wp\/v2\/pages"}],"about":[{"href":"https:\/\/chat-messenger.com\/vi\/wp-json\/wp\/v2\/types\/page"}],"author":[{"embeddable":true,"href":"https:\/\/chat-messenger.com\/vi\/wp-json\/wp\/v2\/users\/1"}],"replies":[{"embeddable":true,"href":"https:\/\/chat-messenger.com\/vi\/wp-json\/wp\/v2\/comments?post=8269"}],"version-history":[{"count":10,"href":"https:\/\/chat-messenger.com\/vi\/wp-json\/wp\/v2\/pages\/8269\/revisions"}],"predecessor-version":[{"id":12666,"href":"https:\/\/chat-messenger.com\/vi\/wp-json\/wp\/v2\/pages\/8269\/revisions\/12666"}],"up":[{"embeddable":true,"href":"https:\/\/chat-messenger.com\/vi\/wp-json\/wp\/v2\/pages\/37"}],"wp:attachment":[{"href":"https:\/\/chat-messenger.com\/vi\/wp-json\/wp\/v2\/media?parent=8269"}],"curies":[{"name":"wp","href":"https:\/\/api.w.org\/{rel}","templated":true}]}}