{"id":8098,"date":"2022-10-21T15:31:00","date_gmt":"2022-10-21T06:31:00","guid":{"rendered":"https:\/\/chat-messenger.com\/?page_id=8098"},"modified":"2023-06-26T02:18:55","modified_gmt":"2023-06-25T17:18:55","slug":"software-license-agreement","status":"publish","type":"page","link":"https:\/\/chat-messenger.com\/vi\/cong-ty\/thoa-thuan-cap-phep-phan-mem","title":{"rendered":"Tho\u1ea3 thu\u1eadn c\u1ea5p ph\u00e9p ph\u1ea7n m\u1ec1m"},"content":{"rendered":"<p>Chat&amp;Messenger Co., Ltd. (sau \u0111\u00e2y g\u1ecdi l\u00e0 &quot;B&quot;) cung c\u1ea5p cho kh\u00e1ch h\u00e0ng (sau \u0111\u00e2y g\u1ecdi l\u00e0 &quot;B&quot;) c\u00e1c \u0111i\u1ec1u kho\u1ea3n v\u00e0 \u0111i\u1ec1u ki\u1ec7n c\u1ee7a th\u1ecfa thu\u1eadn c\u1ea5p ph\u00e9p ph\u1ea7n m\u1ec1m n\u00e0y (sau \u0111\u00e2y g\u1ecdi l\u00e0 &quot;th\u1ecfa thu\u1eadn n\u00e0y&quot;). Ch\u00fang t\u00f4i c\u00f3 \u0111\u00e3 c\u1ea5p quy\u1ec1n s\u1eed d\u1ee5ng kh\u00f4ng \u0111\u1ed9c quy\u1ec1n v\u00e0 kh\u00f4ng th\u1ec3 chuy\u1ec3n nh\u01b0\u1ee3ng \u1edf Nh\u1eadt B\u1ea3n cho ph\u1ea7n m\u1ec1m \u0111\u00f3ng g\u00f3i &quot;Chat&amp;Messenger&quot; v\u00e0 &quot;CAMServer&quot; do t\u00f4i ph\u00e1t tri\u1ec3n.<\/p>\n<h2>\u0110i\u1ec1u 1 (Th\u1ecfa thu\u1eadn\/Gi\u1ea5y ph\u00e9p)<\/h2>\n<p>N\u1ebfu B\u00ean A s\u1eed d\u1ee5ng ph\u1ea7n m\u1ec1m n\u00e0y, d\u00f9 b\u1eb1ng c\u00e1ch c\u00e0i \u0111\u1eb7t ph\u1ea7n m\u1ec1m n\u00e0y hay b\u1eb1ng b\u1ea5t k\u1ef3 ph\u01b0\u01a1ng ti\u1ec7n n\u00e0o kh\u00e1c, B\u00ean A s\u1ebd \u0111\u01b0\u1ee3c coi l\u00e0 \u0111\u00e3 \u0111\u1ed3ng \u00fd v\u1edbi c\u00e1c \u0111i\u1ec1u kho\u1ea3n c\u1ee7a th\u1ecfa thu\u1eadn n\u00e0y. N\u1ebfu B\u00ean B kh\u00f4ng \u0111\u1ed3ng \u00fd v\u1edbi c\u00e1c \u0111i\u1ec1u kho\u1ea3n c\u1ee7a th\u1ecfa thu\u1eadn n\u00e0y, B\u00ean B s\u1ebd kh\u00f4ng c\u1ea5p cho B\u00ean A b\u1ea5t k\u1ef3 quy\u1ec1n s\u1eed d\u1ee5ng ph\u1ea7n m\u1ec1m n\u00e0y.<\/p>\n<h2>\u0110i\u1ec1u 2 (C\u1ea5m chuy\u1ec3n nh\u01b0\u1ee3ng, v.v.)<\/h2>\n<p>B\u00ean A kh\u00f4ng \u0111\u01b0\u1ee3c chuy\u1ec3n nh\u01b0\u1ee3ng quy\u1ec1n s\u1eed d\u1ee5ng quy \u0111\u1ecbnh t\u1ea1i \u0111i\u1ec1u tr\u01b0\u1edbc cho b\u00ean th\u1ee9 ba ho\u1eb7c cho ph\u00e9p h\u1ecd s\u1eed d\u1ee5ng d\u01b0\u1edbi b\u1ea5t k\u1ef3 h\u00ecnh th\u1ee9c n\u00e0o kh\u00e1c m\u00e0 kh\u00f4ng c\u00f3 s\u1ef1 \u0111\u1ed3ng \u00fd tr\u01b0\u1edbc b\u1eb1ng v\u0103n b\u1ea3n c\u1ee7a B\u00ean B.<\/p>\n<h2>\u0110i\u1ec1u 3 (Quy\u1ec1n c\u1ee7a ph\u1ea7n m\u1ec1m n\u00e0y)<\/h2>\n<ol>\n<li>Quy\u1ec1n s\u1edf h\u1eefu, b\u1ea3n quy\u1ec1n v\u00e0 t\u1ea5t c\u1ea3 c\u00e1c quy\u1ec1n s\u1edf h\u1eefu tr\u00ed tu\u1ec7 kh\u00e1c li\u00ean quan \u0111\u1ebfn ph\u1ea7n m\u1ec1m n\u00e0y (bao g\u1ed3m c\u1ea3 b\u1ea3n sao c\u1ee7a ph\u1ea7n m\u1ec1m n\u00e0y) thu\u1ed9c v\u1ec1 B\u00ean B v\u00e0 B\u00ean A c\u00f3 quy\u1ec1n s\u1eed d\u1ee5ng ph\u1ea7n m\u1ec1m n\u00e0y c\u0169ng nh\u01b0 c\u00e1c t\u00e0i li\u1ec7u li\u00ean quan \u0111\u01b0\u1ee3c c\u1ea5p d\u1ef1a tr\u00ean c\u00e1c \u0111i\u1ec1u kho\u1ea3n v\u00e0 \u0111i\u1ec1u ki\u1ec7n n\u00e0y. kh\u00f4ng c\u00f3 quy\u1ec1n n\u00e0o kh\u00e1c.<\/li>\n<li>B\u1ea3n quy\u1ec1n v\u00e0 b\u1ea5t k\u1ef3 quy\u1ec1n s\u1edf h\u1eefu tr\u00ed tu\u1ec7 n\u00e0o kh\u00e1c ph\u00e1t sinh khi B\u00ean B t\u00f9y ch\u1ec9nh ph\u1ea7n m\u1ec1m n\u00e0y (bao g\u1ed3m nh\u01b0ng kh\u00f4ng gi\u1edbi h\u1ea1n \u1edf FIT &amp; GAP, x\u00e1c \u0111\u1ecbnh y\u00eau c\u1ea7u, thi\u1ebft k\u1ebf ph\u00e1c th\u1ea3o, thi\u1ebft k\u1ebf chi ti\u1ebft, m\u00e3 h\u00f3a, th\u1eed nghi\u1ec7m, v.v.) d\u1ef1a tr\u00ean hoa h\u1ed3ng t\u1eeb B\u00ean A. Quy\u1ec1n t\u00e0i s\u1ea3n c\u0169ng thu\u1ed9c v\u1ec1 B\u00ean B nh\u01b0 t\u1ea1i kho\u1ea3n tr\u01b0\u1edbc.<\/li>\n<li>B\u00ean A kh\u00f4ng \u0111\u01b0\u1ee3c c\u1ea5p ph\u00e9p l\u1ea1i ph\u1ea7n m\u1ec1m n\u00e0y cho b\u00ean th\u1ee9 ba.<\/li>\n<\/ol>\n<h2>\u0110i\u1ec1u 4 (Tuy\u00ean b\u1ed1 t\u1eeb ch\u1ed1i tr\u00e1ch nhi\u1ec7m)<\/h2>\n<p>B\u00ean B s\u1ebd kh\u00f4ng ch\u1ecbu tr\u00e1ch nhi\u1ec7m v\u1ec1 b\u1ea5t k\u1ef3 thi\u1ec7t h\u1ea1i n\u00e0o do B\u00ean A (ho\u1eb7c b\u00ean th\u1ee9 ba) g\u00e2y ra li\u00ean quan \u0111\u1ebfn vi\u1ec7c s\u1eed d\u1ee5ng ph\u1ea7n m\u1ec1m n\u00e0y, b\u1ea5t k\u1ec3 nguy\u00ean nh\u00e2n l\u00e0 g\u00ec, tr\u1eeb khi B\u00ean B b\u1ecb ph\u00e1t hi\u1ec7n l\u00e0 c\u00f3 h\u00e0nh vi c\u1ed1 \u00fd ho\u1eb7c s\u01a1 su\u1ea5t nghi\u00eam tr\u1ecdng.<\/p>\n<h2>\u0110i\u1ec1u 5 (B\u1ea3o h\u00e0nh)<\/h2>\n<p>V\u1ec1 ph\u1ea7n m\u1ec1m n\u00e0y, B\u00ean B s\u1ebd n\u1ed7 l\u1ef1c h\u1ebft s\u1ee9c \u0111\u1ec3 cung c\u1ea5p d\u1ecbch v\u1ee5, bao g\u1ed3m \u0111\u1ea3m b\u1ea3o kh\u00f4ng c\u00f3 khi\u1ebfm khuy\u1ebft, \u0111\u00e1p \u1ee9ng y\u00eau c\u1ea7u v\u00e0 m\u1ee5c \u0111\u00edch s\u1eed d\u1ee5ng c\u1ee7a B\u00ean A v\u00e0 ho\u1ea1t \u0111\u1ed9ng b\u00ecnh th\u01b0\u1eddng trong m\u00f4i tr\u01b0\u1eddng s\u1eed d\u1ee5ng thi\u1ebft b\u1ecb \u0111\u1ea7u cu\u1ed1i c\u1ee7a B\u00ean A. Ch\u00fang t\u00f4i kh\u00f4ng th\u1ef1c hi\u1ec7n vi\u1ec7c n\u00e0y. \u0111\u01b0a ra b\u1ea5t k\u1ef3 \u0111\u1ea3m b\u1ea3o n\u00e0o v\u1ec1 ch\u1ea5t l\u01b0\u1ee3ng ho\u1eb7c ch\u1ee9c n\u0103ng c\u1ee7a n\u00f3.<\/p>\n<h2>\u0110i\u1ec1u 6 (Ph\u00ed s\u1eed d\u1ee5ng ph\u1ea7n m\u1ec1m)<\/h2>\n<ol>\n<li>Khi s\u1eed d\u1ee5ng ph\u1ea7n m\u1ec1m n\u00e0y, B\u00ean A s\u1ebd thanh to\u00e1n ph\u00ed s\u1eed d\u1ee5ng do B\u00ean B quy \u0111\u1ecbnh ri\u00eang (sau \u0111\u00e2y g\u1ecdi l\u00e0 \u201cPh\u00ed s\u1eed d\u1ee5ng ph\u1ea7n m\u1ec1m\u201d).<\/li>\n<li>B\u00ean A th\u1ef1c hi\u1ec7n theo ph\u01b0\u01a1ng th\u1ee9c do B\u00ean B quy \u0111\u1ecbnh v\u1ec1 th\u1eddi h\u1ea1n thanh to\u00e1n v\u00e0 ph\u01b0\u01a1ng th\u1ee9c thanh to\u00e1n ph\u00ed s\u1eed d\u1ee5ng ph\u1ea7n m\u1ec1m. Ngo\u00e0i ra, B\u00ean A s\u1ebd n\u1ed9p thu\u1ebf ti\u00eau th\u1ee5 v\u00e0 thu\u1ebf ti\u00eau th\u1ee5 n\u1ed9i \u0111\u1ecba theo m\u1ee9c thu\u1ebf su\u1ea5t c\u00f3 hi\u1ec7u l\u1ef1c t\u1ea1i th\u1eddi \u0111i\u1ec3m t\u00ednh to\u00e1n.<\/li>\n<li>Ph\u00ed chuy\u1ec3n nh\u01b0\u1ee3ng do B\u00ean A ch\u1ecbu. Tuy nhi\u00ean, n\u1ebfu k\u00fd k\u1ebft h\u1ee3p \u0111\u1ed3ng ri\u00eang v\u1ec1 ph\u01b0\u01a1ng th\u1ee9c thanh to\u00e1n v\u1edbi B\u00ean B th\u00ec c\u00e1c quy \u0111\u1ecbnh c\u1ee7a h\u1ee3p \u0111\u1ed3ng \u0111\u00f3 s\u1ebd \u0111\u01b0\u1ee3c \u00e1p d\u1ee5ng.<\/li>\n<\/ol>\n<h2>\u0110i\u1ec1u 7 (Thay \u0111\u1ed5i th\u00f4ng s\u1ed1 k\u1ef9 thu\u1eadt)<\/h2>\n<ol>\n<li>B\u00ean B c\u00f3 th\u1ec3 thay \u0111\u1ed5i th\u00f4ng s\u1ed1 k\u1ef9 thu\u1eadt c\u1ee7a ph\u1ea7n m\u1ec1m n\u00e0y b\u1ea5t c\u1ee9 l\u00fac n\u00e0o m\u00e0 kh\u00f4ng c\u1ea7n s\u1ef1 \u0111\u1ed3ng \u00fd c\u1ee7a B\u00ean A.<\/li>\n<li>N\u1ebfu B\u00ean B thay \u0111\u1ed5i th\u00f4ng s\u1ed1 k\u1ef9 thu\u1eadt d\u1ef1a tr\u00ean quy \u0111\u1ecbnh t\u1ea1i kho\u1ea3n tr\u00ean, B\u00ean B s\u1ebd kh\u00f4ng ch\u1ecbu tr\u00e1ch nhi\u1ec7m v\u1ec1 b\u1ea5t k\u1ef3 thi\u1ec7t h\u1ea1i, t\u1ed5n th\u1ea5t ho\u1eb7c v\u1ea5n \u0111\u1ec1 n\u00e0o kh\u00e1c g\u00e2y ra cho B\u00ean A n\u1ebfu nh\u1eefng thay \u0111\u1ed5i \u0111\u00f3 kh\u00f4ng ph\u00f9 h\u1ee3p v\u1edbi m\u1ee5c \u0111\u00edch s\u1eed d\u1ee5ng c\u1ee7a B\u00ean A. I \u0111\u1eebng n\u1ee3 n\u00f3.<\/li>\n<\/ol>\n<h2>\u0110i\u1ec1u 8 (T\u1ea1m d\u1eebng gi\u1ea5y ph\u00e9p)<\/h2>\n<p>N\u1ebfu B\u00ean A mua gi\u1ea5y ph\u00e9p ph\u1ea7n m\u1ec1m n\u00e0y v\u00e0 kh\u00f4ng thanh to\u00e1n ph\u00ed s\u1eed d\u1ee5ng ph\u1ea7n m\u1ec1m \u0111\u00fang th\u1eddi h\u1ea1n thanh to\u00e1n, B\u00ean B c\u00f3 th\u1ec3 t\u1ea1m d\u1eebng vi\u1ec7c s\u1eed d\u1ee5ng ph\u1ea7n m\u1ec1m n\u00e0y m\u00e0 kh\u00f4ng c\u1ea7n c\u00f3 s\u1ef1 \u0111\u1ed3ng \u00fd tr\u01b0\u1edbc c\u1ee7a B\u00ean A (sau \u0111\u00e2y g\u1ecdi l\u00e0 &quot;T\u1ea1m d\u1eebng gi\u1ea5y ph\u00e9p&quot;).<br \/>\nSau khi gi\u1ea5y ph\u00e9p b\u1ecb ch\u1ea5m d\u1ee9t, B\u00ean A kh\u00f4ng \u0111\u01b0\u1ee3c s\u1eed d\u1ee5ng Ph\u1ea7n m\u1ec1m. B\u00ean B s\u1ebd kh\u00f4ng ch\u1ecbu tr\u00e1ch nhi\u1ec7m v\u1ec1 m\u1ecdi thi\u1ec7t h\u1ea1i g\u00e2y ra cho B\u00ean A ho\u1eb7c b\u00ean th\u1ee9 ba do b\u1ecb \u0111\u00ecnh ch\u1ec9 gi\u1ea5y ph\u00e9p.<\/p>\n<h2>\u0110i\u1ec1u 9 (H\u1ee7y b\u1ecf gi\u1ea5y ph\u00e9p)<\/h2>\n<p>N\u1ebfu B\u00ean A thu\u1ed9c m\u1ed9t trong c\u00e1c tr\u01b0\u1eddng h\u1ee3p sau \u0111\u00e2y, B\u00ean B c\u00f3 th\u1ec3 h\u1ee7y to\u00e0n b\u1ed9 ho\u1eb7c m\u1ed9t ph\u1ea7n gi\u1ea5y ph\u00e9p s\u1eed d\u1ee5ng ph\u1ea7n m\u1ec1m n\u00e0y m\u00e0 kh\u00f4ng c\u1ea7n th\u00f4ng b\u00e1o tr\u01b0\u1edbc ho\u1eb7c y\u00eau c\u1ea7u B\u00ean A.<br \/>\nTrong tr\u01b0\u1eddng h\u1ee3p n\u00e0y, B\u00ean A s\u1ebd m\u1ea5t quy\u1ec1n l\u1ee3i v\u1ec1 th\u1eddi h\u1ea1n \u0111\u1ed1i v\u1edbi t\u1ea5t c\u1ea3 c\u00e1c kho\u1ea3n n\u1ee3 ph\u00e1t sinh li\u00ean quan \u0111\u1ebfn vi\u1ec7c s\u1eed d\u1ee5ng ph\u1ea7n m\u1ec1m n\u00e0y v\u00e0 B\u00ean A s\u1ebd thanh to\u00e1n ngay c\u00e1c kho\u1ea3n n\u1ee3 \u0111\u00f3 cho B\u00ean B m\u1ed9t l\u1ea7n. Ngo\u00e0i ra, B\u00ean A ph\u1ea3i nhanh ch\u00f3ng tr\u1ea3 l\u1ea1i ph\u1ea7n m\u1ec1m n\u00e0y v\u00e0 to\u00e0n b\u1ed9 b\u1ea3n sao c\u1ee7a n\u00f3 cho B\u00ean B.<\/p>\n<ol class=\"bracket\">\n<li>H\u00e0nh vi s\u1eed d\u1ee5ng tr\u00e1i ph\u00e9p th\u00f4ng tin t\u00e0i kho\u1ea3n<\/li>\n<li>H\u00e0nh vi s\u1eed d\u1ee5ng ph\u1ea7n m\u1ec1m n\u00e0y kh\u00f4ng \u0111\u00fang m\u1ee5c \u0111\u00edch kinh doanh c\u1ee7a B\u00ean A.<\/li>\n<li>H\u00e0nh vi g\u00e2y thi\u1ec7t h\u1ea1i cho B\u00ean B ho\u1eb7c b\u00ean th\u1ee9 ba<\/li>\n<li>C\u00e1c h\u00e0nh vi x\u00e2m ph\u1ea1m quy\u1ec1n s\u1edf h\u1eefu, quy\u1ec1n t\u00e1c gi\u1ea3, quy\u1ec1n s\u00e1ng ch\u1ebf, c\u00e1c quy\u1ec1n s\u1edf h\u1eefu tr\u00ed tu\u1ec7 kh\u00e1c v\u00e0 c\u00e1c l\u1ee3i \u00edch \u0111\u01b0\u1ee3c ph\u00e1p lu\u1eadt b\u1ea3o v\u1ec7 kh\u00e1c m\u00e0 B\u00ean B v\u00e0 B\u00ean B s\u1eed d\u1ee5ng v\u1edbi t\u01b0 c\u00e1ch h\u1ee3p ph\u00e1p.<\/li>\n<li>H\u00e0nh vi vu kh\u1ed1ng B\u00ean B<\/li>\n<li>C\u00e1c h\u00e0nh vi c\u1ea3n tr\u1edf ho\u1ea1t \u0111\u1ed9ng c\u1ee7a B\u00ean B li\u00ean quan \u0111\u1ebfn ph\u1ea7n m\u1ec1m n\u00e0y<\/li>\n<li>Trong tr\u01b0\u1eddng h\u1ee3p vi ph\u1ea1m b\u1ea5t k\u1ef3 quy \u0111\u1ecbnh n\u00e0o c\u1ee7a c\u00e1c \u0110i\u1ec1u kho\u1ea3n v\u00e0 \u0110i\u1ec1u ki\u1ec7n n\u00e0y.<\/li>\n<li>Trong c\u00e1c tr\u01b0\u1eddng h\u1ee3p kh\u00e1c m\u00e0 B\u00ean B x\u00e9t th\u1ea5y kh\u00f4ng ph\u00f9 h\u1ee3p.<\/li>\n<\/ol>\n<h2>\u0110i\u1ec1u 10 (Tuy\u00ean b\u1ed1 v\u1ec1 lo\u1ea1i tr\u1eeb c\u00e1c l\u1ef1c l\u01b0\u1ee3ng ch\u1ed1ng \u0111\u1ed1i x\u00e3 h\u1ed9i)<\/h2>\n<ol>\n<li>T\u1ea1i th\u1eddi \u0111i\u1ec3m k\u00fd k\u1ebft th\u1ecfa thu\u1eadn n\u00e0y, B\u00ean A s\u1ebd cung c\u1ea5p cho B\u00ean B m\u1ed9t nh\u00f3m t\u1ed9i ph\u1ea1m c\u00f3 t\u1ed5 ch\u1ee9c, m\u1ed9t th\u00e0nh vi\u00ean c\u1ee7a nh\u00f3m t\u1ed9i ph\u1ea1m c\u00f3 t\u1ed5 ch\u1ee9c, m\u1ed9t ng\u01b0\u1eddi \u0111\u00e3 kh\u00f4ng c\u00f2n l\u00e0 th\u00e0nh vi\u00ean c\u1ee7a nh\u00f3m t\u1ed9i ph\u1ea1m c\u00f3 t\u1ed5 ch\u1ee9c d\u01b0\u1edbi 5 n\u0103m, g\u1ea7n nh\u01b0 -th\u00e0nh vi\u00ean c\u1ee7a m\u1ed9t nh\u00f3m t\u1ed9i ph\u1ea1m c\u00f3 t\u1ed5 ch\u1ee9c, m\u1ed9t c\u00f4ng ty li\u00ean k\u1ebft v\u1edbi m\u1ed9t nh\u00f3m t\u1ed9i ph\u1ea1m c\u00f3 t\u1ed5 ch\u1ee9c, m\u1ed9t nh\u00f3m t\u1ed9i ph\u1ea1m g\u1ea7n nh\u01b0 c\u00f3 t\u1ed5 ch\u1ee9c, m\u1ed9t ng\u01b0\u1eddi thu\u1ed9c nh\u00f3m t\u1ed9i ph\u1ea1m g\u1ea7n nh\u01b0 c\u00f3 t\u1ed5 ch\u1ee9c, m\u1ed9t cu\u1ed9c h\u1ecdp chung c\u1ee7a c\u1eeda h\u00e0ng, v.v.<br \/>\nCh\u00fang t\u00f4i tuy\u00ean b\u1ed1 r\u1eb1ng ch\u00fang t\u00f4i kh\u00f4ng thu\u1ed9c nh\u00f3m phong tr\u00e0o x\u00e3 h\u1ed9i, v.v., ho\u1eb7c nh\u1eefng ng\u01b0\u1eddi t\u01b0\u01a1ng \u0111\u01b0\u01a1ng v\u1edbi c\u00e1c nh\u00f3m nh\u01b0 nh\u00f3m b\u1ea1o l\u1ef1c t\u00ecnh b\u00e1o \u0111\u1eb7c bi\u1ec7t (sau \u0111\u00e2y g\u1ecdi l\u00e0 &quot;th\u00e0nh vi\u00ean nh\u00f3m t\u1ed9i ph\u1ea1m c\u00f3 t\u1ed5 ch\u1ee9c, v.v.&quot;) v\u00e0 ch\u00fang t\u00f4i \u0111\u1ea3m b\u1ea3o r\u1eb1ng ch\u00fang t\u00f4i s\u1ebd kh\u00f4ng thu\u1ed9c c\u00e1c lo\u1ea1i nh\u01b0 v\u1eady trong t\u01b0\u01a1ng lai.<br \/>\nNgo\u00e0i ra, n\u1ebfu B\u00ean A l\u00e0 m\u1ed9t c\u00f4ng ty, \u0111\u1ea1i di\u1ec7n, c\u00e1n b\u1ed9 ho\u1eb7c nh\u1eefng ng\u01b0\u1eddi ki\u1ec3m so\u00e1t c\u01a1 b\u1ea3n vi\u1ec7c qu\u1ea3n l\u00fd c\u1ee7a c\u00f4ng ty c\u0169ng \u0111\u01b0\u1ee3c b\u1ea3o h\u00e0nh trong ph\u1ea7n n\u00e0y.<\/li>\n<li>N\u1ebfu B\u00ean A x\u00e1c \u0111\u1ecbnh r\u1eb1ng B\u00ean B y\u00eau c\u1ea7u \u0111i\u1ec1u tra \u0111\u1ec3 x\u00e1c \u0111\u1ecbnh xem \u0111o\u1ea1n tr\u00ean c\u00f3 \u00e1p d\u1ee5ng hay kh\u00f4ng, B\u00ean A s\u1ebd h\u1ee3p t\u00e1c v\u1edbi cu\u1ed9c \u0111i\u1ec1u tra v\u00e0 n\u1ed9p c\u00e1c t\u00e0i li\u1ec7u \u0111\u01b0\u1ee3c cho l\u00e0 c\u1ea7n thi\u1ebft cho vi\u1ec7c \u0111i\u1ec1u tra.<\/li>\n<li>N\u1ebfu B\u00ean B ph\u00e1t hi\u1ec7n B\u00ean A thu\u1ed9c nh\u00f3m t\u1ed9i ph\u1ea1m c\u00f3 t\u1ed5 ch\u1ee9c\u2026, B\u00ean B c\u00f3 th\u1ec3 h\u1ee7y b\u1ecf ngay th\u1ecfa thu\u1eadn n\u00e0y m\u00e0 kh\u00f4ng c\u1ea7n th\u00f4ng b\u00e1o hay th\u1ee7 t\u1ee5c n\u00e0o kh\u00e1c.<\/li>\n<li>B\u00ean B s\u1ebd kh\u00f4ng ch\u1ecbu b\u1ea5t k\u1ef3 ngh\u0129a v\u1ee5 ho\u1eb7c tr\u00e1ch nhi\u1ec7m n\u00e0o ngay c\u1ea3 khi B\u00ean A b\u1ecb thi\u1ec7t h\u1ea1i do vi\u1ec7c h\u1ee7y b\u1ecf theo kho\u1ea3n tr\u01b0\u1edbc.<\/li>\n<\/ol>\n<h2>\u0110i\u1ec1u 11 (Tham v\u1ea5n)<\/h2>\n<p>N\u1ebfu c\u00f3 b\u1ea5t k\u1ef3 nghi ng\u1edd n\u00e0o li\u00ean quan \u0111\u1ebfn c\u00e1c v\u1ea5n \u0111\u1ec1 kh\u00f4ng \u0111\u01b0\u1ee3c quy \u0111\u1ecbnh trong c\u00e1c \u0111i\u1ec1u kho\u1ea3n v\u00e0 \u0111i\u1ec1u ki\u1ec7n n\u00e0y ho\u1eb7c c\u00e1ch gi\u1ea3i th\u00edch ch\u00fang, B\u00ean A v\u00e0 B\u00ean B s\u1ebd th\u1ea3o lu\u1eadn m\u1ed9t c\u00e1ch thi\u1ec7n ch\u00ed v\u00e0 gi\u1ea3i quy\u1ebft v\u1ea5n \u0111\u1ec1.<\/p>\n<p><!--\n\n\n<h2>\u7b2c11\u6761(\u672c\u7d04\u6b3e\u306e\u5909\u66f4)<\/h2>\n\n\n\u4e59\u306f\u3001\u4e8b\u524d\u306b\u3001\u672c\u7d04\u6b3e\u5909\u66f4\u306e\u52b9\u529b\u767a\u751f\u65e5\u304b\u308930\u65e5\u4ee5\u4e0a\u306e\u4e88\u544a\u671f\u9593\u3092\u8a2d\u3051\u305f\u4e0a\u3067\u672c\u7d04\u6b3e\u3092\u5909\u66f4\u3059\u308b\u3053\u3068\u304c\u3067\u304d\u308b\u3082\u306e\u3068\u3059\u308b\u3002\n\u3053\u306e\u5834\u5408\u3001\u7532\u304c\u672c\u7d04\u6b3e\u5909\u66f4\u306e\u52b9\u529b\u767a\u751f\u65e5\u4ee5\u964d\u306b\u672c\u30bd\u30d5\u30c8\u30a6\u30a7\u30a2\u3092\u4f7f\u7528\u3057\u305f\u5834\u5408\u306b\u306f\u3001\u5f53\u8a72\u5909\u66f4\u306b\u3064\u304d\u7532\u306e\u627f\u8afe\u304c\u3042\u3063\u305f\u3082\u306e\u3068\u307f\u306a\u3057\u3001\u4ee5\u964d\u3001\u7532\u306b\u5bfe\u3057\u3066\u5909\u66f4\u5f8c\u306e\u7d04\u6b3e\u304c\u9069\u7528\u3055\u308c\u308b\u3082\u306e\u3068\u3059\u308b\u3002\n\n\n<h2>\u7b2c6\u6761(\u60c5\u5831\u306e\u5229\u7528)<\/h2>\n\n\n\n\n<ol>\n \t\n\n<li>\u4e59\u306f\u7532\u304c\u672c\u30bd\u30d5\u30c8\u30a6\u30a7\u30a2\u3092\u30a4\u30f3\u30b9\u30c8\u30fc\u30eb\u3059\u308b\u7aef\u672b\u306e\u540d\u79f0\u3001OS\u306e\u7a2e\u985e\u53ca\u3073\u30d0\u30fc\u30b8\u30e7\u30f3\u3001\u30d6\u30e9\u30a6\u30b6\u306e\u7a2e\u985e\u53ca\u3073\u30d0\u30fc\u30b8\u30e7\u30f3\u3001\u63a5\u7d9a\u3059\u308b\u30c7\u30fc\u30bf\u30d9\u30fc\u30b9\u306e\u7a2e\u985e\u53ca\u3073\u30d0\u30fc\u30b8\u30e7\u30f3\u3001\u30a4\u30f3\u30bf\u30fc\u30cd\u30c3\u30c8\u63a5\u7d9a\u72b6\u614b\u4e26\u3073\u306b\u7532\u304c\u672c\u30bd\u30d5\u30c8\u30a6\u30a7\u30a2\u306e\u4f7f\u7528\u306b\u95a2\u3057\u3066\u767b\u9332\u3057\u305f\u60c5\u5831\u3092\u30a4\u30f3\u30bf\u30fc\u30cd\u30c3\u30c8\u3092\u901a\u3058\u3066\u53d6\u5f97\u3059\u308b\u3053\u3068\u304c\u3042\u308a\u3001\u7532\u306f\u3053\u306e\u6a5f\u80fd\u306e\u52d5\u4f5c\u306b\u540c\u610f\u3059\u308b\u3082\u306e\u3068\u3059\u308b\u3002<\/li>\n\n\n \t\n\n<li>\n                    \u4e59\u306b\u3088\u308b\u524d\u9805\u306e\u60c5\u5831\u53d6\u5f97\u306f\u3001\u672c\u30bd\u30d5\u30c8\u30a6\u30a7\u30a2\u306b\u95a2\u3059\u308b\u7532\u3078\u306e\u901a\u77e5\u3001\u6709\u511f\u30fb\u7121\u511f\u30b5\u30dd\u30fc\u30c8\u30b5\u30fc\u30d3\u30b9\u306e\u63d0\u4f9b\u3001\u30aa\u30f3\u30e9\u30a4\u30f3\u30a2\u30c3\u30d7\u30c7\u30fc\u30c8\u30b5\u30fc\u30d3\u30b9\u306e\u63d0\u4f9b\u7b49\u306e\u672c\u30bd\u30d5\u30c8\u30a6\u30a7\u30a2\u306e\u6b63\u5e38\u306a\u904b\u7528\u307e\u305f\u306f\u6539\u5584\u3092\u76ee\u7684\u3068\u3057\u3066\u306a\u3055\u308c\u308b\u3082\u306e\u3067\u3042\u308a\u3001\n\u4e59\u306f\u53d6\u5f97\u3057\u305f\u60c5\u5831\u3092\u7532\u306e\u627f\u8afe\u3092\u5f97\u308b\u3053\u3068\u306a\u304f\u5f53\u8a72\u76ee\u7684\u4ee5\u5916\u306e\u7528\u9014\u3067\u4f7f\u7528\u3057\u306a\u3044\u3002\u306a\u304a\u3001\u7532\u306e\u500b\u4eba\u60c5\u5831\u306b\u95a2\u3059\u308b\u53d6\u6271\u3044\u306f\u3001\u4e59\u304c\u5225\u9014\u5b9a\u3081\u308b\u30d7\u30e9\u30a4\u30d0\u30b7\u30fc\u30dd\u30ea\u30b7\u30fc\u306b\u3088\u308b\u3082\u306e\u3068\u3059\u308b\u3002<\/li>\n\n\n<\/ol>\n\n\n\n\n<h2>\u7b2c15\u6761(\u5229\u7528\u5b9f\u7e3e\u306e\u516c\u958b)<\/h2>\n\n\n\n\n<ol>\n \t\n\n<li>\u7532\u306f\u3001\u4e59\u304c\u7532\u306e\u4e8b\u696d\u8005\u540d\u3001\u30ed\u30b4\u30de\u30fc\u30af\u3001\u305d\u306e\u4ed6\u7532\u3092\u7279\u5b9a\u3057\u3046\u308b\u60c5\u5831\uff08\u4ee5\u4e0b\u3001\u300c\u7532\u3092\u7279\u5b9a\u3057\u3046\u308b\u60c5\u5831\u300d\u3068\u3044\u3044\u307e\u3059\uff09\u3092\u672c\u30b5\u30fc\u30d3\u30b9\u306e\u5229\u7528\u5b9f\u7e3e\u3092\u793a\u3059\u76ee\u7684\u3067\u4e59\u30db\u30fc\u30e0\u30da\u30fc\u30b8\u3084SNS\u306a\u3069\u306e\u5a92\u4f53\u3067\u516c\u958b\u3059\u308b\u3053\u3068\u3092\u8a31\u8afe\u3059\u308b\u3002\n\u306a\u304a\u3001\u4e59\u306f\u3001\u3053\u308c\u306b\u3042\u305f\u308a\u3001\u7532\u306e\u540d\u8a89\u3084\u4fe1\u7528\u3092\u6bc0\u640d\u3057\u306a\u3044\u3088\u3046\u9069\u5207\u306b\u53d6\u308a\u6271\u3046\u3082\u306e\u3068\u3059\u308b\u3002<\/li>\n\n\n \t\n\n<li>\u7532\u306f\uff64\u4e59\u306b\u5bfe\u3057\u3001\u7532\u3092\u7279\u5b9a\u3057\u3046\u308b\u60c5\u5831\u3092\u516c\u958b\u3057\u306a\u3044\u65e8\u306e\u7533\u3057\u5165\u308c\u3092\u3059\u308b\u3053\u3068\u304c\u3067\u304d\uff64\u3053\u306e\u5834\u5408\u3001\u4e59\u306f\u5f53\u8a72\u60c5\u5831\u3092\u516c\u958b\u305b\u305a\u3001\u307e\u305f\u306f\u901f\u3084\u304b\u306b\u60c5\u5831\u3092\u516c\u958b\u3057\u3066\u3044\u308b\u5a92\u4f53\u304b\u3089\u5f53\u8a72\u60c5\u5831\u3092\u524a\u9664\u3059\u308b\u3082\u306e\u3068\u3059\u308b\u3002<\/li>\n\n\n<\/ol>\n\n\n\u6539\u8a02\u65e5\uff1a2022\/10\/21\n--><\/p>","protected":false},"excerpt":{"rendered":"<p>Chat &amp; Messenger Co., Ltd. (sau \u0111\u00e2y g\u1ecdi l\u00e0 \u201cPh\u1ea7n 2\u201d) cung c\u1ea5p cho kh\u00e1ch h\u00e0ng (sau \u0111\u00e2y g\u1ecdi l\u00e0 \u201cPh\u1ea7n 2\u201d) c\u00e1c [\u2026]<\/p>","protected":false},"author":1,"featured_media":0,"parent":36,"menu_order":5,"comment_status":"closed","ping_status":"closed","template":"","meta":{"swell_btn_cv_data":""},"_links":{"self":[{"href":"https:\/\/chat-messenger.com\/vi\/wp-json\/wp\/v2\/pages\/8098"}],"collection":[{"href":"https:\/\/chat-messenger.com\/vi\/wp-json\/wp\/v2\/pages"}],"about":[{"href":"https:\/\/chat-messenger.com\/vi\/wp-json\/wp\/v2\/types\/page"}],"author":[{"embeddable":true,"href":"https:\/\/chat-messenger.com\/vi\/wp-json\/wp\/v2\/users\/1"}],"replies":[{"embeddable":true,"href":"https:\/\/chat-messenger.com\/vi\/wp-json\/wp\/v2\/comments?post=8098"}],"version-history":[{"count":20,"href":"https:\/\/chat-messenger.com\/vi\/wp-json\/wp\/v2\/pages\/8098\/revisions"}],"predecessor-version":[{"id":8131,"href":"https:\/\/chat-messenger.com\/vi\/wp-json\/wp\/v2\/pages\/8098\/revisions\/8131"}],"up":[{"embeddable":true,"href":"https:\/\/chat-messenger.com\/vi\/wp-json\/wp\/v2\/pages\/36"}],"wp:attachment":[{"href":"https:\/\/chat-messenger.com\/vi\/wp-json\/wp\/v2\/media?parent=8098"}],"curies":[{"name":"wp","href":"https:\/\/api.w.org\/{rel}","templated":true}]}}