{"id":549,"date":"2018-09-14T23:33:26","date_gmt":"2018-09-14T14:33:26","guid":{"rendered":"https:\/\/chat-messenger.com\/?page_id=549"},"modified":"2025-02-27T13:22:04","modified_gmt":"2025-02-27T04:22:04","slug":"plan_overview","status":"publish","type":"page","link":"https:\/\/chat-messenger.com\/vi\/ke-hoach_tong-quan","title":{"rendered":"C\u00e1c g\u00f3i v\u00e0 gi\u00e1 c\u1ea3 c\u1ee7a Chat&amp;Messenger"},"content":{"rendered":"<style>\n  <!-- \n  .custom-tbl {\n    width: 100%;\n    text-align: center;\n    border-collapse: collapse;\n    border-spacing: 0;\n  }\n\n  .custom-tbl th {\n    position: relative;\n    padding: 6px;\n    background: #cde0f4;\n    border: solid 1px #666666 !important;\n    font-size: 1.0em;\n    font: bold;\n    text-align: center;\n  }\n\n  .custom-tbl tr:nth-child(2n+1) {\n    background: #F5F5F5;\n  }\n\n  .custom-tbl td {\n    position: relative;\n    width: 150px;\n    height: 24px;\n    border: solid 1px #666666 !important;\n    text-align: center;\n  }\n\n  .custom-tbl td:first-child {\n    background: #e9faf9;\n    width: 260px;\n  }\n\n  .custom-tbl tr:last-child {\n    background: #cde0f4;\n    border-top: double 3px #666666;\n    font-weight: bold;\n  }  \n  a.apply-btn {\n\tdisplay: block;\n\ttext-align: center;\n\tvertical-align: middle;\n\ttext-decoration: none;\n\twidth: 130px;\n\tmargin: auto;\n\tfont-weight: bold;\n\tborder: 2px solid #27acd9;\n\tbackground: #27acd9;\n\tcolor: #333333 !important;\n\tborder-radius: 100vh;\n\ttransition: 0.5s;\n   }\n   a.apply-btn:hover {\n\tcolor: #27acd9;\n\tbackground: #fff;\n   }\n  .note {\n    font-size: xx-small;\n    position: absolute; bottom: 8px; right: 8px;\n  }  \n  .th-desc {\n    position: absolute; bottom: 2px; left: 28px;font-size: 0.6em; color:gray;\n  }  \n  --><br \/>\n<\/style>\n<div class=\"plan-desc\"><b>Gi\u1ea3m gi\u00e1 \u00e1p d\u1ee5ng cho h\u1ee3p \u0111\u1ed3ng nhi\u1ec1u n\u0103m v\u00e0 500 ng\u01b0\u1eddi d\u00f9ng tr\u1edf l\u00ean tr\u00ean t\u1ea5t c\u1ea3 c\u00e1c g\u00f3i.<\/b><\/div>\n<div style=\"width: 100%; overflow-x: auto;\">\n<table class=\"custom-tbl\" style=\"width: 960px;\">\n<tbody>\n<tr style=\"height: 56px;\">\n<th style=\"width: 260px;\">T\u00ednh n\u0103ng\/G\u00f3i<\/th>\n<th style=\"width: 100px;\">Free<\/p>\n<p><span class=\"note\">*1<\/span><\/th>\n<th style=\"width: 150px;\"><a target=\"_blank\" rel=\"noreferrer noopener\" href=\"https:\/\/chat-messenger.com\/vi\/thu-cong\/etc\/phien-ban-cao-cap\/\">Premium<\/a><\/p>\n<div class=\"th-desc\">Desktop for LAN<\/div>\n<\/th>\n<th style=\"width: 150px;\"><a target=\"_blank\" rel=\"noreferrer noopener\" href=\"https:\/\/chat-messenger.com\/vi\/thu-cong\/etc\/phien-ban-cao-cap\/\">Business<\/a><\/p>\n<div class=\"th-desc\">Desktop for LAN<\/div>\n<\/th>\n<th style=\"width: 150px;\"><a target=\"_blank\" rel=\"noreferrer noopener\" href=\"https:\/\/chat-messenger.com\/vi\/thu-cong\/camserver\/camserver_overview\/\">On-premise<\/a><\/p>\n<div class=\"th-desc\">M\u00e1y ch\u1ee7 CAM<\/div>\n<\/th>\n<th style=\"width: 150px;\"><a target=\"_blank\" rel=\"noreferrer noopener\" href=\"https:\/\/chat-messenger.com\/vi\/thu-cong\/cloud_mobile\/chat_messenger_cloud_mobile\/\">Cloud<\/a><\/th>\n<\/tr>\n<tr>\n<td style=\"width: 260px;\"><a href=\"https:\/\/chat-messenger.com\/vi\/thu-cong\/cloud_mobile\/tro-chuyen-nhom\/\" target=\"_blank\" rel=\"noopener\">tr\u00f2 chuy\u1ec7n kinh doanh<\/a><\/td>\n<td class=\"notrans\" style=\"width: 100px;\" data-no-translation=\"\">\u25cb<\/td>\n<td class=\"notrans\" style=\"width: 150px;\" data-no-translation=\"\">\u25cb<\/td>\n<td class=\"notrans\" style=\"width: 150px;\" data-no-translation=\"\">\u25cb<\/td>\n<td class=\"notrans\" style=\"width: 150px;\" data-no-translation=\"\">\u25cb<\/td>\n<td class=\"notrans\" style=\"width: 150px;\" data-no-translation=\"\">\u25cb<\/td>\n<\/tr>\n<tr>\n<td style=\"width: 260px;\"><a href=\"https:\/\/chat-messenger.com\/vi\/thu-cong\/videoconference_voicecall\/video_conference_voice_call\/\" target=\"_blank\" rel=\"noopener\">H\u1ed9i ngh\u1ecb tr\u00ean web\/cu\u1ed9c g\u1ecdi video<\/a><\/td>\n<td class=\"notrans\" style=\"width: 100px;\" data-no-translation=\"\">\u25cb<\/td>\n<td class=\"notrans\" style=\"width: 150px;\" data-no-translation=\"\">\u25cb<span class=\"note\">\uff0a1<\/span><\/td>\n<td class=\"notrans\" style=\"width: 150px;\" data-no-translation=\"\">\u25cb<span class=\"note\">\uff0a1<\/span><\/td>\n<td class=\"notrans\" style=\"width: 150px;\" data-no-translation=\"\">\u25cb<\/td>\n<td class=\"notrans\" style=\"width: 150px;\" data-no-translation=\"\">\u25cb<\/td>\n<\/tr>\n<tr>\n<td style=\"width: 260px;\"><a href=\"https:\/\/chat-messenger.com\/vi\/thu-cong\/cloud_mobile\/lich-trinh\/\" target=\"_blank\" rel=\"noopener\">Qu\u1ea3n l\u00fd l\u1ecbch tr\u00ecnh\/c\u00f4ng vi\u1ec7c<\/a><\/td>\n<td class=\"notrans\" style=\"width: 100px;\" data-no-translation=\"\">\u25cb<\/td>\n<td class=\"notrans\" style=\"width: 150px;\" data-no-translation=\"\">\u25cb<\/td>\n<td class=\"notrans\" style=\"width: 150px;\" data-no-translation=\"\">\u25cb<\/td>\n<td class=\"notrans\" style=\"width: 150px;\" data-no-translation=\"\">\u25cb<\/td>\n<td class=\"notrans\" style=\"width: 150px;\" data-no-translation=\"\">\u25cb<\/td>\n<\/tr>\n<tr>\n<td style=\"width: 260px;\"><a href=\"https:\/\/chat-messenger.com\/vi\/thu-cong\/cloud_mobile\/quan-ly-tai-lieu\/\" target=\"_blank\" rel=\"noopener\">c\u00e1c t\u00e0i li\u1ec7u<\/a> \/&nbsp;<a href=\"https:\/\/chat-messenger.com\/vi\/thu-cong\/cloud_mobile\/quy-trinh-lam-viec\/\" target=\"_blank\" rel=\"noopener\">quy tr\u00ecnh l\u00e0m vi\u1ec7c<\/a> \/ <a href=\"https:\/\/chat-messenger.com\/vi\/thu-cong\/cloud_mobile\/su-tham-du\/\">S\u1ef1 tham d\u1ef1<\/a>&nbsp;\/ <a href=\"https:\/\/chat-messenger.com\/vi\/thu-cong\/schedule_calendar\/cuoc-hop_room_facility_reservation\/\" target=\"_blank\" rel=\"noopener\">\u0110\u1eb7t ch\u1ed7 c\u01a1 s\u1edf<\/a> \/ <a href=\"https:\/\/chat-messenger.com\/vi\/thu-cong\/cloud_mobile\/chat_messenger_cloud_mobile\/\">di \u0111\u1ed9ng<\/a> \/&nbsp;<a href=\"https:\/\/chat-messenger.com\/vi\/thu-cong\/cloud_mobile\/dam-dong_admin_menu\/\">Ch\u01b0c n\u0103ng qua\u0309n ly<\/a><\/td>\n<td class=\"notrans\" style=\"width: 100px;\" data-no-translation=\"\">\u25cb<\/td>\n<td class=\"notrans\" style=\"width: 150px;\" data-no-translation=\"\">&#8211;<\/td>\n<td class=\"notrans\" style=\"width: 150px;\" data-no-translation=\"\">&#8211;<\/td>\n<td class=\"notrans\" style=\"width: 150px;\" data-no-translation=\"\">\u25cb<\/td>\n<td class=\"notrans\" style=\"width: 150px;\" data-no-translation=\"\">\u25cb<\/td>\n<\/tr>\n<tr>\n<td style=\"width: 260px;\">Th\u1eddi h\u1ea1n h\u1ee3p \u0111\u1ed3ng<\/td>\n<td style=\"width: 100px;\">&#8211;<\/td>\n<td style=\"width: 150px;\">h\u1ee3p \u0111\u1ed3ng h\u00e0ng n\u0103m<\/td>\n<td style=\"width: 150px;\">V\u0129nh vi\u1ec5n<\/td>\n<td style=\"width: 150px;\">h\u1ee3p \u0111\u1ed3ng h\u00e0ng n\u0103m<\/td>\n<td style=\"width: 150px;\">h\u1ee3p \u0111\u1ed3ng h\u00e0ng n\u0103m<\/td>\n<\/tr>\n<tr>\n<td style=\"width: 260px;\">\u1ee9ng d\u1ee5ng<\/td>\n<td style=\"width: 100px;\">&#8211;<\/td>\n<td style=\"width: 150px;\"><a href=\"https:\/\/chat-messenger.com\/vi\/lien-he-chung-toi\/giay-phep-cao-cap\/\" target=\"_blank\" class=\"apply-btn\" rel=\"noopener\"><b>\u1ee9ng d\u1ee5ng<\/b><\/a><\/td>\n<td style=\"width: 150px;\"><a href=\"https:\/\/chat-messenger.com\/vi\/lien-he-chung-toi\/businesspremium_license\/\" target=\"_blank\" class=\"apply-btn\" rel=\"noopener\"><b>\u1ee9ng d\u1ee5ng<\/b><\/a><\/td>\n<td style=\"width: 150px;\"><a href=\"https:\/\/chat-messenger.com\/vi\/lien-he-chung-toi\/camserver_license\/\" target=\"_blank\" class=\"apply-btn\" rel=\"noopener\"><b>\u1ee9ng d\u1ee5ng<\/b><\/a><\/td>\n<td style=\"width: 150px;\"><a href=\"https:\/\/chat-messenger.com\/vi\/lien-he-chung-toi\/dam-dong_giay-phep\/\" target=\"_blank\" class=\"apply-btn\" rel=\"noopener\"><b>\u1ee9ng d\u1ee5ng<\/b><\/a><\/td>\n<\/tr>\n<tr style=\"height: 65px;\">\n<td style=\"width: 260px;\">1 ph\u00ed ng\u01b0\u1eddi d\u00f9ng<\/td>\n<td style=\"width: 100px;\">\n<div class=\"notrans\" data-no-translation=\"\">\u00a50<\/div>\n<\/td>\n<td style=\"width: 150px;\">\n<div class=\"notrans\" data-no-translation=\"\">\u00a5200<\/div>\n<div style=\"font-size: 9pt; font-weight: normal;\">*Ph\u00ed h\u00e0ng th\u00e1ng \u01b0\u1edbc t\u00ednh<\/div>\n<\/td>\n<td style=\"width: 150px;\">\n<div>\n<div class=\"notrans\" data-no-translation=\"\">\u00a510,000<\/div>\n<div style=\"font-size: 9pt; font-weight: normal;\">*V\u0129nh vi\u1ec5n<\/div>\n<\/div>\n<\/td>\n<td style=\"width: 150px;\">\n<div class=\"notrans\" data-no-translation=\"\">\u00a5200\uff5e<\/div>\n<div style=\"font-size: 9pt; font-weight: normal;\">*Ph\u00ed h\u00e0ng th\u00e1ng \u01b0\u1edbc t\u00ednh<\/div>\n<\/td>\n<td style=\"width: 150px;\">\n<div class=\"notrans\" data-no-translation=\"\">\u00a50\uff5e<\/div>\n<div style=\"font-size: 9pt; font-weight: normal;\">*Ph\u00ed h\u00e0ng th\u00e1ng \u01b0\u1edbc t\u00ednh<\/div>\n<\/td>\n<\/tr>\n<\/tbody>\n<\/table>\n<\/div>\n<ul style=\"list-style: none;\">\n<li>*Phi\u00ean b\u1ea3n tr\u1ea3 ph\u00ed y\u00eau c\u1ea7u h\u1ee3p \u0111\u1ed3ng h\u00e0ng n\u0103m cho 20 ng\u01b0\u1eddi d\u00f9ng t\u1ea1i ch\u1ed7 tr\u1edf l\u00ean v\u00e0 10 ng\u01b0\u1eddi d\u00f9ng \u0111\u00e1m m\u00e2y tr\u1edf l\u00ean.<\/li>\n<li>* <a href=\"https:\/\/chat-messenger.com\/vi\/lien-he-chung-toi\/ke-hoach-may-quay\/\" target=\"_blank\" rel=\"noopener\">S\u1ef1 kh\u00e1c bi\u1ec7t gi\u1eefa c\u00e1c g\u00f3i CAMServer t\u1ea1i ch\u1ed7<\/a><\/li>\n<li>* <a href=\"https:\/\/chat-messenger.com\/vi\/lien-he-chung-toi\/ke-hoach-dam-dong\/\" target=\"_blank\" rel=\"noopener\">S\u1ef1 kh\u00e1c bi\u1ec7t gi\u1eefa c\u00e1c g\u00f3i \u0111\u00e1m m\u00e2y Tr\u00f2 chuy\u1ec7n &amp; Messenger<\/a><\/li>\n<li><span class=\"notrans\" data-no-translation=\"\">\uff0a \u30d7\u30ec\u30df\u30a2\u30e0\u6a5f\u80fd\u3044\u3064\u3044\u3066\u3001\u30af\u30e9\u30a6\u30c9\u30fb\u30aa\u30f3\u30d7\u30ec\u30df\u30b9\u306f\u30d7\u30e9\u30f3\u306e\u9055\u3044\u53c2\u7167\u3002LAN\u7528\u30c7\u30b9\u30af\u30c8\u30c3\u30d7\u7248\u306f<a href=\"\/manual\/etc\/premium_edition\" target=\"_blank\" rel=\"noopener\">\u30d7\u30ec\u30df\u30a2\u30e0\u6a5f\u80fd<\/a>&nbsp;\u3092\u53c2\u7167\u3002&nbsp;<\/span><\/li>\n<li><span class=\"notrans\" data-no-translation=\"\">\uff0a1 \u2026&nbsp;<\/span>C\u00f3 nh\u1eefng h\u1ea1n ch\u1ebf. Ho\u1eb7c b\u1ea1n c\u00f3 th\u1ec3 s\u1eed d\u1ee5ng g\u00f3i kh\u00f4ng c\u00f3 \u0111\u00e1m m\u00e2y.<\/li>\n<li>*Gi\u1ea3m gi\u00e1 nhi\u1ec1u n\u0103m v\u00e0 gi\u1ea3m gi\u00e1 theo s\u1ed1 l\u01b0\u1ee3ng ch\u1ec9 \u00e1p d\u1ee5ng khi mua t\u1eeb trang web c\u1ee7a ch\u00fang t\u00f4i.<\/li>\n<li><\/li>\n<li><\/li>\n<\/ul>","protected":false},"excerpt":{"rendered":"<p>Gi\u1ea3m gi\u00e1 \u00e1p d\u1ee5ng cho h\u1ee3p \u0111\u1ed3ng nhi\u1ec1u n\u0103m v\u00e0 500 ng\u01b0\u1eddi d\u00f9ng tr\u1edf l\u00ean tr\u00ean t\u1ea5t c\u1ea3 c\u00e1c g\u00f3i. T\u00ednh n\u0103ng\/G\u00f3i mi\u1ec5n ph\u00ed *1 Premium L [\u2026]<\/p>","protected":false},"author":1,"featured_media":0,"parent":0,"menu_order":0,"comment_status":"closed","ping_status":"closed","template":"","meta":{"swell_btn_cv_data":""},"_links":{"self":[{"href":"https:\/\/chat-messenger.com\/vi\/wp-json\/wp\/v2\/pages\/549"}],"collection":[{"href":"https:\/\/chat-messenger.com\/vi\/wp-json\/wp\/v2\/pages"}],"about":[{"href":"https:\/\/chat-messenger.com\/vi\/wp-json\/wp\/v2\/types\/page"}],"author":[{"embeddable":true,"href":"https:\/\/chat-messenger.com\/vi\/wp-json\/wp\/v2\/users\/1"}],"replies":[{"embeddable":true,"href":"https:\/\/chat-messenger.com\/vi\/wp-json\/wp\/v2\/comments?post=549"}],"version-history":[{"count":10,"href":"https:\/\/chat-messenger.com\/vi\/wp-json\/wp\/v2\/pages\/549\/revisions"}],"predecessor-version":[{"id":11599,"href":"https:\/\/chat-messenger.com\/vi\/wp-json\/wp\/v2\/pages\/549\/revisions\/11599"}],"wp:attachment":[{"href":"https:\/\/chat-messenger.com\/vi\/wp-json\/wp\/v2\/media?parent=549"}],"curies":[{"name":"wp","href":"https:\/\/api.w.org\/{rel}","templated":true}]}}