{"id":4811,"date":"2020-01-16T00:49:34","date_gmt":"2020-01-15T15:49:34","guid":{"rendered":"https:\/\/chat-messenger.com\/?page_id=4811"},"modified":"2022-04-26T10:51:19","modified_gmt":"2022-04-26T01:51:19","slug":"recruit","status":"publish","type":"page","link":"https:\/\/chat-messenger.com\/vi\/cong-ty\/tuyen-dung","title":{"rendered":"Th\u00f4ng tin tuy\u1ec3n d\u1ee5ng"},"content":{"rendered":"<div style=\"max-width:700px\">\n<p>\nC\u00f4ng ty ch\u00fang t\u00f4i \u0111ang ph\u00e1t tri\u1ec3n m\u1ed9t d\u1ecbch v\u1ee5 c\u00f3 t\u00ean Chat &amp; Messenger v\u00e0 ho\u1ea1t \u0111\u1ed9ng kinh doanh c\u1ee7a ch\u00fang t\u00f4i \u0111ang d\u1ea7n m\u1edf r\u1ed9ng, v\u1edbi nhi\u1ec1u ho\u1ea1t \u0111\u1ed9ng tri\u1ec3n khai tr\u00ean to\u00e0n c\u00f4ng ty \u1edf c\u00e1c b\u1ed9 ch\u00ednh ph\u1ee7, t\u1eadp \u0111o\u00e0n ng\u00e2n h\u00e0ng t\u1eadp \u0111o\u00e0n, c\u00e1c c\u00f4ng ty l\u1edbn, CNTT, v\u0103n ph\u00f2ng t\u1ec9nh, t\u1ed5 ch\u1ee9c c\u00f4ng, tr\u01b0\u1eddng \u0111\u1ea1i h\u1ecdc, b\u1ec7nh vi\u1ec7n, v.v.\n<\/p>\n<p>\nG\u1ea7n \u0111\u00e2y, ch\u00fang t\u00f4i \u0111\u00e3 ch\u1ee9ng ki\u1ebfn s\u1ef1 gia t\u0103ng trong vi\u1ec7c tri\u1ec3n khai v\u1edbi h\u00e0ng ch\u1ee5c ngh\u00ecn ng\u01b0\u1eddi d\u00f9ng v\u00e0 ho\u1ea1t \u0111\u1ed9ng ph\u00e1t tri\u1ec3n OEM ph\u00f9 h\u1ee3p v\u1edbi kh\u00e1ch h\u00e0ng, \u0111\u1ed3ng th\u1eddi ch\u00fang t\u00f4i \u0111\u00e3 ph\u00e1t tri\u1ec3n nhi\u1ec1u li\u00ean minh v\u1edbi c\u00e1c c\u00f4ng ty l\u1edbn c\u00f3 doanh thu v\u01b0\u1ee3t qu\u00e1 1 ngh\u00ecn t\u1ef7 y\u00ean.\n<\/p>\n<p>\nN\u1ebfu b\u1ea1n c\u00f3 th\u1ec3 \u0111\u1ed3ng c\u1ea3m v\u1edbi mong mu\u1ed1n h\u1ee3p t\u00e1c c\u1ee7a ch\u00fang t\u00f4i \u0111\u1ec3 c\u1ea3i ti\u1ebfn d\u1ecbch v\u1ee5 c\u1ee7a ch\u00fang t\u00f4i trong c\u00e1c l\u0129nh v\u1ef1c t\u0103ng tr\u01b0\u1edfng m\u1edbi v\u00e0 ph\u00e1t tri\u1ec3n c\u00e1c d\u1ecbch v\u1ee5 truy\u1ec1n th\u00f4ng kinh doanh m\u00e0 Nh\u1eadt B\u1ea3n c\u00f3 th\u1ec3 t\u1ef1 h\u00e0o tr\u00ean quy m\u00f4 to\u00e0n c\u1ea7u, vui l\u00f2ng \u0111\u0103ng k\u00fd!\n<\/p>\n<p><a href=\"\" class=\"engage-recruit-widget\" data-height=\"300\" data-width=\"700\" data-url=\"https:\/\/en-gage.net\/chat-messenger_jobs\/widget\/\" target=\"_blank\"><\/a><script src=\"https:\/\/en-gage.net\/common\/company_script\/recruit\/widget.js\"><\/script><\/p>\n<\/div>","protected":false},"excerpt":{"rendered":"<p>C\u00f4ng ty ch\u00fang t\u00f4i cung c\u1ea5p d\u1ecbch v\u1ee5 c\u00f3 t\u00ean Chat&amp;Messenger, \u0111\u01b0\u1ee3c s\u1eed d\u1ee5ng b\u1edfi c\u00e1c b\u1ed9 c\u1ee7a ch\u00ednh ph\u1ee7, t\u1eadp \u0111o\u00e0n ng\u00e2n h\u00e0ng, t\u1eadp \u0111o\u00e0n l\u1edbn, [\u2026]<\/p>","protected":false},"author":1,"featured_media":0,"parent":36,"menu_order":0,"comment_status":"closed","ping_status":"closed","template":"","meta":{"swell_btn_cv_data":""},"_links":{"self":[{"href":"https:\/\/chat-messenger.com\/vi\/wp-json\/wp\/v2\/pages\/4811"}],"collection":[{"href":"https:\/\/chat-messenger.com\/vi\/wp-json\/wp\/v2\/pages"}],"about":[{"href":"https:\/\/chat-messenger.com\/vi\/wp-json\/wp\/v2\/types\/page"}],"author":[{"embeddable":true,"href":"https:\/\/chat-messenger.com\/vi\/wp-json\/wp\/v2\/users\/1"}],"replies":[{"embeddable":true,"href":"https:\/\/chat-messenger.com\/vi\/wp-json\/wp\/v2\/comments?post=4811"}],"version-history":[{"count":11,"href":"https:\/\/chat-messenger.com\/vi\/wp-json\/wp\/v2\/pages\/4811\/revisions"}],"predecessor-version":[{"id":7248,"href":"https:\/\/chat-messenger.com\/vi\/wp-json\/wp\/v2\/pages\/4811\/revisions\/7248"}],"up":[{"embeddable":true,"href":"https:\/\/chat-messenger.com\/vi\/wp-json\/wp\/v2\/pages\/36"}],"wp:attachment":[{"href":"https:\/\/chat-messenger.com\/vi\/wp-json\/wp\/v2\/media?parent=4811"}],"curies":[{"name":"wp","href":"https:\/\/api.w.org\/{rel}","templated":true}]}}