{"id":37,"date":"2018-08-13T12:25:06","date_gmt":"2018-08-13T03:25:06","guid":{"rendered":"https:\/\/chat-messenger.com\/test\/?page_id=37"},"modified":"2023-12-27T13:21:10","modified_gmt":"2023-12-27T04:21:10","slug":"contactus","status":"publish","type":"page","link":"https:\/\/chat-messenger.com\/vi\/lien-he-chung-toi","title":{"rendered":"cu\u1ed9c \u0111i\u1ec1u tra"},"content":{"rendered":"<div style=\"max-width: 780px;\">\n<p class=\"form-info d-none point\" style=\"max-width: 610px\"><b>N\u1ebfu th\u00f4ng tin b\u00ean d\u01b0\u1edbi l\u00e0 ch\u00ednh x\u00e1c, vui l\u00f2ng nh\u1ea5n n\u00fat &quot;G\u1eedi&quot;.<\/b><\/p>\n<form id=\"request_form\" method=\"post\" action=\"\/vi\/cgi-bin\/request.php\/\" class=\"form-contact form-confirm\" data-trp-original-action=\"\/cgi-bin\/request.php\">\n<table class=\"table table-bordered\">\n<tbody>\n<tr>\n<th width=\"200\" class=\"bg-light\">T\u00ean t\u1ed5 ch\u1ee9c <span class=\"badge badge-danger required\">Y\u00eau c\u1ea7u<\/span><\/th>\n<td><input size=\"30\" type=\"text\" name=\"\u4f1a\u793e\u540d\/\u56e3\u4f53\u540d\" placeholder=\"T\u00ean ch\u00ednh th\u1ee9c c\u1ee7a c\u00f4ng ty ho\u1eb7c t\u1ed5 ch\u1ee9c\" class=\"form-control w-50\" data-validation-engine=\"validate[required]\" required=\"\"><\/td>\n<\/tr>\n<tr>\n<th width=\"170\" class=\"bg-light\">t\u00ean <span class=\"badge badge-danger required\">Y\u00eau c\u1ea7u<\/span><\/th>\n<td><input size=\"20\" type=\"text\" name=\"\u304a\u540d\u524d\" class=\"form-control w-50\" data-validation-engine=\"validate[required]\" required=\"\"><\/td>\n<\/tr>\n<tr>\n<th class=\"bg-light\">E-mail <span class=\"badge badge-danger required\">Y\u00eau c\u1ea7u<\/span><\/th>\n<td><input size=\"30\" placeholder=\"Email c\u00f4ng ty c\u1ee7a b\u1ea1n\" type=\"text\" name=\"Email\" class=\"form-control w-50\" data-validation-engine=\"validate[required, custom[email]]\" required=\"\"><\/td>\n<\/tr>\n<tr>\n<th class=\"bg-light\">T\u00ean b\u1ed9 ph\u1eadn<\/th>\n<td>\n     <input size=\"20\" type=\"text\" name=\"\u90e8\u7f72\u540d\" class=\"form-control w-50\"><\/td>\n<\/tr>\n<tr>\n<th class=\"bg-light\">s\u1ed1 \u0111i\u1ec7n tho\u1ea1i<\/th>\n<td>\n     <input size=\"20\" type=\"text\" name=\"\u96fb\u8a71\u756a\u53f7\" class=\"form-control w-50\"><\/td>\n<\/tr>\n<tr>\n<th class=\"bg-light\">H\u1ecfi \u0111\u00e1p s\u1ea3n ph\u1ea9m<span class=\"badge badge-danger required\">Y\u00eau c\u1ea7u<\/span><\/th>\n<td>\n<div style=\"display: flex;gap:10px;\">\n<input type=\"checkbox\" name=\"\u554f\u5408\u305b\u88fd\u54c1[]\" value=\"\u30af\u30e9\u30a6\u30c9\"> <label>Cloud<\/label>&nbsp;&nbsp;<br \/>\n<input type=\"checkbox\" name=\"\u554f\u5408\u305b\u88fd\u54c1[]\" value=\"\u30aa\u30f3\u30d7\u30ec\u30df\u30b9\"> <label>On-premise<\/label>&nbsp;&nbsp;<br \/>\n<input type=\"checkbox\" name=\"\u554f\u5408\u305b\u88fd\u54c1[]\" value=\"LAN\u7528\u30c7\u30b9\u30af\u30c8\u30c3\u30d7\"> <label>M\u00e1y t\u00ednh \u0111\u1ec3 b\u00e0n m\u1ea1ng LAN<\/label><\/div>\n<\/td>\n<\/tr>\n<tr>\n<th class=\"bg-light\">N\u1ed9i dung <span class=\"badge badge-danger required\">Y\u00eau c\u1ea7u<\/span><\/th>\n<td><textarea name=\"\u304a\u554f\u3044\u5408\u308f\u305b\u5185\u5bb9\" cols=\"40\" rows=\"3\" class=\"form-control\" data-validation-engine=\"validate[required]\" required=\"\"><\/textarea><\/td>\n<\/tr>\n<tr>\n<th class=\"bg-light\">Y\u00eau c\u1ea7u t\u00e0i li\u1ec7u<\/th>\n<td><input type=\"checkbox\" name=\"\u8cc7\u6599\u8acb\u6c42\" value=\"Chat&amp;Messenge\u306e\u8cc7\u6599\u8acb\u6c42\" id=\"docs\"> <label for=\"docs\">Y\u00eau c\u1ea7u th\u00f4ng tin cho Tr\u00f2 chuy\u1ec7n &amp; Tin nh\u1eafn<\/label><\/td>\n<\/tr>\n<tr>\n<th class=\"bg-light\">Tr\u00f2 chuy\u1ec7n &amp; Nh\u1eafn tin<br \/>\nT\u00f4i \u0111\u00e3 h\u1ecdc v\u1ec1 nh\u01b0 th\u1ebf n\u00e0o <span class=\"badge badge-danger required\">Y\u00eau c\u1ea7u<\/span><\/th>\n<td>\n<div style=\"display: flex;gap:10px;\">\n<input type=\"checkbox\" name=\"\u7d4c\u8def[]\" value=\"\u65e2\u306b\u5229\u7528\u3057\u3066\u3044\u305f\"> <label>\u0111\u00e3 s\u1eed d\u1ee5ng<\/label>&nbsp;&nbsp;<br \/>\n<input type=\"checkbox\" name=\"\u7d4c\u8def[]\" value=\"\u691c\u7d22\u5e83\u544a\"> <label>qu\u1ea3ng c\u00e1o t\u00ecm ki\u1ebfm<\/label>&nbsp;&nbsp;<br \/>\n<input type=\"checkbox\" name=\"\u7d4c\u8def[]\" value=\"Facebook\u5e83\u544a\"> <label>Qu\u1ea3ng c\u00e1o tr\u00ean Facebook<\/label><\/div>\n<p><input size=\"20\" type=\"text\" name=\"\u7d4c\u8def\u305d\u306e\u4ed6\" placeholder=\"Tr\u01b0\u1eddng h\u1ee3p kh\u00e1c vui l\u00f2ng ghi v\u00e0o \u0111\u00e2y\" class=\"form-control w-50\"><\/td>\n<\/tr>\n<\/tbody>\n<\/table>\n<div class=\"text-center\" style=\"display: flex; justify-content: center; gap: 10px; height: 50px\">\n<input style=\"width: 140px;\" type=\"submit\" value=\"x\u00e1c nh\u1eadn\" class=\"btn btn-info btn-confirm\"><br \/>\n<input style=\"width: 120px;\" type=\"reset\" value=\"c\u00e0i l\u1ea1i\" class=\"btn btn-reset\"><br \/>\n<input style=\"width: 140px;\" type=\"button\" onclick=\"submitForm()\" value=\"g\u1eedi\" class=\"btn btn-info btn-submit d-none\"><br \/>\n<input style=\"width: 120px;\" type=\"button\" value=\"tr\u1edf l\u1ea1i\" class=\"btn btn-back d-none\"><\/div>\n<input type=\"hidden\" name=\"trp-form-language\" value=\"vi\"\/><\/form>\n<\/div>\n<link href=\"https:\/\/chat-messenger.com\/css\/bootstrap.min.css?ver=1.2.5\" rel=\"stylesheet\">\n<script src=\"\/js\/form\/validation\/jquery.validationEngine.js\"><\/script><br \/>\n<script src=\"\/js\/form\/validation\/jquery.validationEngine-ja.js\"><\/script>\n \t \t \t \t \t \t \t \t \t \t \t \t \t \t \t \t \t \t \t \t \t \t \t \t \t \t \t \t \t \t \t \t \t \t \t \t \t \t \t \t \t \t \t \t \t \t \t \t \t \t \t \t \t \t<link href=\"\/js\/form\/validation\/validationEngine.jquery.css\" rel=\"stylesheet\">\n<script src=\"\/js\/form\/form.js\"><\/script><\/p>\n<p><!--\n\n\n<div class=\"point\">\n2021\/12\/08 \u73fe\u5728\u554f\u3044\u5408\u308f\u305b\u30e1\u30fc\u30eb\u304c\u5c4a\u304b\u306a\u3044\u969c\u5bb3\u304c\u767a\u751f\u3057\u3066\u304a\u308a\u307e\u3059\u3002\u660e\u65e5\u4ee5\u964d\u306b\u304a\u554f\u3044\u5408\u308f\u305b\u304f\u3060\u3055\u3044\u307e\u305b<\/div>\n\n\n--><\/p>","protected":false},"excerpt":{"rendered":"<p>N\u1ebfu th\u00f4ng tin b\u00ean d\u01b0\u1edbi l\u00e0 ch\u00ednh x\u00e1c, vui l\u00f2ng nh\u1ea5n n\u00fat &quot;G\u1eedi&quot;. T\u00ean t\u1ed5 ch\u1ee9c T\u00ean b\u1eaft bu\u1ed9c B\u1eaft bu\u1ed9c Email b\u1eaft bu\u1ed9c [\u2026]<\/p>","protected":false},"author":2,"featured_media":0,"parent":0,"menu_order":0,"comment_status":"closed","ping_status":"closed","template":"","meta":{"swell_btn_cv_data":""},"_links":{"self":[{"href":"https:\/\/chat-messenger.com\/vi\/wp-json\/wp\/v2\/pages\/37"}],"collection":[{"href":"https:\/\/chat-messenger.com\/vi\/wp-json\/wp\/v2\/pages"}],"about":[{"href":"https:\/\/chat-messenger.com\/vi\/wp-json\/wp\/v2\/types\/page"}],"author":[{"embeddable":true,"href":"https:\/\/chat-messenger.com\/vi\/wp-json\/wp\/v2\/users\/2"}],"replies":[{"embeddable":true,"href":"https:\/\/chat-messenger.com\/vi\/wp-json\/wp\/v2\/comments?post=37"}],"version-history":[{"count":9,"href":"https:\/\/chat-messenger.com\/vi\/wp-json\/wp\/v2\/pages\/37\/revisions"}],"predecessor-version":[{"id":9796,"href":"https:\/\/chat-messenger.com\/vi\/wp-json\/wp\/v2\/pages\/37\/revisions\/9796"}],"wp:attachment":[{"href":"https:\/\/chat-messenger.com\/vi\/wp-json\/wp\/v2\/media?parent=37"}],"curies":[{"name":"wp","href":"https:\/\/api.w.org\/{rel}","templated":true}]}}