{"id":36,"date":"2018-08-13T12:25:06","date_gmt":"2018-08-13T03:25:06","guid":{"rendered":"https:\/\/chat-messenger.com\/test\/?page_id=36"},"modified":"2025-04-02T02:53:49","modified_gmt":"2025-04-01T17:53:49","slug":"company","status":"publish","type":"page","link":"https:\/\/chat-messenger.com\/vi\/cong-ty","title":{"rendered":"H\u1ed3 s\u01a1 c\u00f4ng ty"},"content":{"rendered":"<table border=\"0\" cellspacing=\"1\" cellpadding=\"5\" bgcolor=\"#000000\">\n<tbody>\n<tr class=\"mfont\" bgcolor=\"#ffffff\">\n<td nowrap=\"nowrap\">T\u00ean c\u00f4ng ty<\/td>\n<td>C\u00f4ng ty TNHH Chat&amp;Messenger<\/td>\n<\/tr>\n<tr class=\"mfont\" bgcolor=\"#ffffff\">\n<td nowrap=\"nowrap\">th\u1ee7 \u0111\u00f4<\/td>\n<td>50.000.000 y\u00ean<\/td>\n<\/tr>\n<tr class=\"mfont\" bgcolor=\"#ffffff\">\n<td nowrap=\"nowrap\">\u0110\u1ecba ch\u1ec9<\/td>\n<td>\u3012107-6012<br \/>\n1-12-32 Akasaka, Minato-ku, Tokyo<\/p>\n<div>T\u00f2a nh\u00e0 Ark Mori 12F <a href=\"https:\/\/www.arkhills.com\/access\/\" rel=\"noopener\" target=\"_blank\">truy c\u1eadp<\/a><\/div>\n<\/td>\n<\/tr>\n<tr class=\"mfont\" bgcolor=\"#ffffff\">\n<td nowrap=\"nowrap\">Ng\u00e0y th\u00e0nh l\u1eadp<\/td>\n<td>th\u00e1ng 2 n\u0103m 2017<\/td>\n<\/tr>\n<tr class=\"mfont\" bgcolor=\"#ffffff\">\n<td nowrap=\"nowrap\">CEO<\/td>\n<td>Satoshi Tanabe<\/td>\n<\/tr>\n<tr class=\"mfont\" bgcolor=\"#ffffff\">\n<td nowrap=\"nowrap\">N\u1ed9i dung kinh doanh<\/td>\n<td>Ch\u00fang t\u00f4i \u0111ang t\u1eadp trung v\u00e0o vi\u1ec7c cung c\u1ea5p d\u1ecbch v\u1ee5 cho ph\u1ea7n m\u1ec1m nh\u00f3m trong n\u01b0\u1edbc &quot;Chat &amp; Messenger&quot;.<\/p>\n<p>D\u1ecbch v\u1ee5 n\u00e0y t\u00edch h\u1ee3p c\u00e1c ch\u1ee9c n\u0103ng nh\u01b0 tr\u00f2 chuy\u1ec7n kinh doanh, h\u1ed9i th\u1ea3o tr\u00ean web, qu\u1ea3n l\u00fd l\u1ecbch tr\u00ecnh, qu\u1ea3n l\u00fd t\u00e0i li\u1ec7u v\u00e0 qu\u1ea3n l\u00fd \u0111i\u1ec3m danh \u0111\u1ec3 cung c\u1ea5p cho c\u00e1c c\u00f4ng ty m\u1ed9t m\u00f4i tr\u01b0\u1eddng giao ti\u1ebfp hi\u1ec7u qu\u1ea3.<\/p>\n<p>M\u1ee5c ti\u00eau c\u1ee7a ch\u00fang t\u00f4i l\u00e0 \u0111\u01b0a ``Chat&amp;Messenger&#039;&#039; tr\u1edf th\u00e0nh m\u1ed9t d\u1ecbch v\u1ee5 c\u1ee7a Nh\u1eadt B\u1ea3n m\u00e0 ch\u00fang t\u00f4i c\u00f3 th\u1ec3 t\u1ef1 h\u00e0o tr\u00ean to\u00e0n th\u1ebf gi\u1edbi. Th\u00f4ng qua th\u1eed th\u00e1ch n\u00e0y, ch\u00fang t\u00f4i \u0111ang l\u00e0m vi\u1ec7c kh\u00f4ng m\u1ec7t m\u1ecfi \u0111\u1ec3 cung c\u1ea5p c\u00e1c d\u1ecbch v\u1ee5 \u0111\u01b0\u1ee3c \u0111\u00e1nh gi\u00e1 cao tr\u00ean th\u1ecb tr\u01b0\u1eddng to\u00e0n c\u1ea7u.<\/td>\n<\/tr>\n<tr class=\"mfont\" bgcolor=\"#ffffff\">\n<td>cu\u1ed9c \u0111i\u1ec1u tra<\/td>\n<td><a href=\"https:\/\/chat-messenger.com\/vi\/lien-he-chung-toi\/\">https:\/\/chat-messenger.com\/contactus<\/a><\/td>\n<\/tr>\n<\/tbody>\n<\/table>","protected":false},"excerpt":{"rendered":"<p>\u793e\u540d \u682a\u5f0f\u4f1a\u793e Chat&amp;Messenger \u8cc7\u672c\u91d1 50,000,000\u5186 \u4f4f\u6240 \u3012107-6012 [&hellip;]<\/p>","protected":false},"author":2,"featured_media":0,"parent":0,"menu_order":0,"comment_status":"closed","ping_status":"closed","template":"","meta":{"swell_btn_cv_data":""},"_links":{"self":[{"href":"https:\/\/chat-messenger.com\/vi\/wp-json\/wp\/v2\/pages\/36"}],"collection":[{"href":"https:\/\/chat-messenger.com\/vi\/wp-json\/wp\/v2\/pages"}],"about":[{"href":"https:\/\/chat-messenger.com\/vi\/wp-json\/wp\/v2\/types\/page"}],"author":[{"embeddable":true,"href":"https:\/\/chat-messenger.com\/vi\/wp-json\/wp\/v2\/users\/2"}],"replies":[{"embeddable":true,"href":"https:\/\/chat-messenger.com\/vi\/wp-json\/wp\/v2\/comments?post=36"}],"version-history":[{"count":8,"href":"https:\/\/chat-messenger.com\/vi\/wp-json\/wp\/v2\/pages\/36\/revisions"}],"predecessor-version":[{"id":11832,"href":"https:\/\/chat-messenger.com\/vi\/wp-json\/wp\/v2\/pages\/36\/revisions\/11832"}],"wp:attachment":[{"href":"https:\/\/chat-messenger.com\/vi\/wp-json\/wp\/v2\/media?parent=36"}],"curies":[{"name":"wp","href":"https:\/\/api.w.org\/{rel}","templated":true}]}}