{"id":305,"date":"2018-08-14T11:50:05","date_gmt":"2018-08-14T02:50:05","guid":{"rendered":"https:\/\/chat-messenger.com\/test\/?page_id=305"},"modified":"2025-04-04T00:12:56","modified_gmt":"2025-04-03T15:12:56","slug":"notation_commercial_transaction","status":"publish","type":"page","link":"https:\/\/chat-messenger.com\/vi\/cong-ty\/ky-hieu_commercial_transaction","title":{"rendered":"M\u00f4 t\u1ea3 d\u1ef1a tr\u00ean \u0110\u1ea1o lu\u1eadt v\u1ec1 c\u00e1c giao d\u1ecbch th\u01b0\u01a1ng m\u1ea1i c\u1ee5 th\u1ec3"},"content":{"rendered":"<table border=\"0\" cellspacing=\"1\" cellpadding=\"5\" bgcolor=\"#000000\">\n<tbody>\n<tr class=\"mfont\" bgcolor=\"#ffffff\">\n<td nowrap=\"nowrap\">nh\u00e0 ph\u00e2n ph\u1ed1i<\/td>\n<td>C\u00f4ng ty TNHH Chat&amp;Messenger<\/td>\n<\/tr>\n<tr class=\"mfont\" bgcolor=\"#ffffff\">\n<td nowrap=\"nowrap\">th\u1ee7 \u0111\u00f4<\/td>\n<td>50.000.000 y\u00ean<\/td>\n<\/tr>\n<tr class=\"mfont\" bgcolor=\"#ffffff\">\n<td nowrap=\"nowrap\">ti\u00eau bi\u1ec3u<\/td>\n<td>Satoshi Tanabe<\/td>\n<\/tr>\n<tr class=\"mfont\" bgcolor=\"#ffffff\">\n<td nowrap=\"nowrap\">v\u1ecb tr\u00ed<\/td>\n<td nowrap=\"nowrap\">\u3012107-6012<br \/>\nT\u00f2a nh\u00e0 Ark Mori 12F, 1-12-32 Akasaka, Minato-ku, Tokyo <a href=\"https:\/\/www.arkhills.com\/access\/\" rel=\"noopener\" target=\"_blank\">truy c\u1eadp<\/a><\/td>\n<\/tr>\n<tr class=\"mfont\" bgcolor=\"#ffffff\">\n<td>S\u1ed1 \u0111\u0103ng k\u00fd h\u00f3a \u0111\u01a1n<\/td>\n<td>T1040001098847<\/td>\n<\/tr>\n<tr class=\"mfont\" bgcolor=\"#ffffff\">\n<td>E-mail<\/td>\n<td><a href=\"https:\/\/chat-messenger.com\/vi\/lien-he-chung-toi\/\">cu\u1ed9c \u0111i\u1ec1u tra<\/a><\/td>\n<\/tr>\n<tr class=\"mfont\" bgcolor=\"#ffffff\">\n<td nowrap=\"nowrap\">C\u00e1c chi ph\u00ed c\u1ea7n thi\u1ebft kh\u00e1c ngo\u00e0i gi\u00e1 s\u1ea3n ph\u1ea9m<\/td>\n<td>Ngo\u00e0i thu\u1ebf ti\u00eau th\u1ee5 s\u1ebd c\u00f3 ph\u00ed chuy\u1ec3n kho\u1ea3n n\u1ebfu s\u1eed d\u1ee5ng chuy\u1ec3n kho\u1ea3n ng\u00e2n h\u00e0ng.<\/td>\n<\/tr>\n<tr class=\"mfont\" bgcolor=\"#ffffff\">\n<td>Th\u1eddi gian giao h\u00e0ng<\/td>\n<td>\u0110\u1ed1i v\u1edbi chuy\u1ec3n kho\u1ea3n, trong v\u00f2ng 3 ng\u00e0y l\u00e0m vi\u1ec7c k\u1ec3 t\u1eeb khi nh\u1eadn \u0111\u01b0\u1ee3c b\u00e1o c\u00e1o chuy\u1ec3n ti\u1ec1n c\u1ee7a b\u1ea1n.<br \/>\nCh\u00fang t\u00f4i s\u1ebd th\u00f4ng b\u00e1o cho b\u1ea1n v\u1ec1 m\u00e3 c\u1ea5p ph\u00e9p qua e-mail, v.v.<\/td>\n<\/tr>\n<tr class=\"mfont\" bgcolor=\"#ffffff\">\n<td>Ph\u01b0\u01a1ng th\u1ee9c thanh to\u00e1n<\/td>\n<td nowrap=\"nowrap\">T\u1eadp \u0111o\u00e0n Ng\u00e2n h\u00e0ng Sumitomo Mitsui<\/td>\n<\/tr>\n<tr class=\"mfont\" bgcolor=\"#ffffff\">\n<td>V\u1ec1 l\u1ee3i nhu\u1eadn<\/td>\n<td>Do th\u1eddi gian d\u00f9ng th\u1eed mi\u1ec5n ph\u00ed, ch\u00fang t\u00f4i kh\u00f4ng th\u1ec3 ch\u1ea5p nh\u1eadn tr\u1ea3 l\u1ea1i.<\/td>\n<\/tr>\n<\/tbody>\n<\/table>","protected":false},"excerpt":{"rendered":"<p>\u8ca9\u58f2\u696d\u8005 \u682a\u5f0f\u4f1a\u793e Chat&amp;Messenger \u8cc7\u672c\u91d1 50,000,000\u5186 \u4ee3\u8868\u8005 \u7530\u8fba\u3000\u54f2 \u6240 [&hellip;]<\/p>","protected":false},"author":1,"featured_media":0,"parent":36,"menu_order":0,"comment_status":"closed","ping_status":"closed","template":"","meta":{"swell_btn_cv_data":""},"_links":{"self":[{"href":"https:\/\/chat-messenger.com\/vi\/wp-json\/wp\/v2\/pages\/305"}],"collection":[{"href":"https:\/\/chat-messenger.com\/vi\/wp-json\/wp\/v2\/pages"}],"about":[{"href":"https:\/\/chat-messenger.com\/vi\/wp-json\/wp\/v2\/types\/page"}],"author":[{"embeddable":true,"href":"https:\/\/chat-messenger.com\/vi\/wp-json\/wp\/v2\/users\/1"}],"replies":[{"embeddable":true,"href":"https:\/\/chat-messenger.com\/vi\/wp-json\/wp\/v2\/comments?post=305"}],"version-history":[{"count":10,"href":"https:\/\/chat-messenger.com\/vi\/wp-json\/wp\/v2\/pages\/305\/revisions"}],"predecessor-version":[{"id":11857,"href":"https:\/\/chat-messenger.com\/vi\/wp-json\/wp\/v2\/pages\/305\/revisions\/11857"}],"up":[{"embeddable":true,"href":"https:\/\/chat-messenger.com\/vi\/wp-json\/wp\/v2\/pages\/36"}],"wp:attachment":[{"href":"https:\/\/chat-messenger.com\/vi\/wp-json\/wp\/v2\/media?parent=305"}],"curies":[{"name":"wp","href":"https:\/\/api.w.org\/{rel}","templated":true}]}}