{"id":3,"date":"2018-08-12T02:08:24","date_gmt":"2018-08-11T17:08:24","guid":{"rendered":"https:\/\/chat-messenger.com\/?page_id=3"},"modified":"2025-10-06T17:46:08","modified_gmt":"2025-10-06T08:46:08","slug":"privacy-policy","status":"publish","type":"page","link":"https:\/\/chat-messenger.com\/vi\/cong-ty\/chinh-sach-bao-mat","title":{"rendered":"Ch\u00ednh s\u00e1ch quy\u1ec1n ri\u00eang t\u01b0\/Ch\u00ednh s\u00e1ch b\u1ea3o v\u1ec7 th\u00f4ng tin c\u00e1 nh\u00e2n"},"content":{"rendered":"<p>Chat&amp;Messenger Co., Ltd. (sau \u0111\u00e2y g\u1ecdi l\u00e0 &#039;&#039;C\u00f4ng ty&#039;&#039;) \u0111\u00e3 thi\u1ebft l\u1eadp ch\u00ednh s\u00e1ch quy\u1ec1n ri\u00eang t\u01b0 sau (sau \u0111\u00e2y g\u1ecdi l\u00e0 &#039;&#039;C\u00f4ng ty&#039;&#039;) li\u00ean quan \u0111\u1ebfn vi\u1ec7c x\u1eed l\u00fd th\u00f4ng tin quy\u1ec1n ri\u00eang t\u01b0 trong c\u00e1c d\u1ecbch v\u1ee5 \u0111\u01b0\u1ee3c cung c\u1ea5p tr\u00ean trang web n\u00e0y ( sau \u0111\u00e2y g\u1ecdi l\u00e0 &#039;&#039;D\u1ecbch v\u1ee5&#039;&#039;) (sau \u0111\u00e2y g\u1ecdi l\u00e0 &quot;ch\u00ednh s\u00e1ch n\u00e0y&quot;).<\/p>\n\n\n\n<h2>\u0110i\u1ec1u 1 (Th\u00f4ng tin b\u1ea3o m\u1eadt)<\/h2>\n\n\n\n<ul><li>Trong s\u1ed1 th\u00f4ng tin v\u1ec1 quy\u1ec1n ri\u00eang t\u01b0, &quot;th\u00f4ng tin c\u00e1 nh\u00e2n&quot; \u0111\u1ec1 c\u1eadp \u0111\u1ebfn &quot;th\u00f4ng tin c\u00e1 nh\u00e2n&quot; nh\u01b0 \u0111\u01b0\u1ee3c \u0111\u1ecbnh ngh\u0129a trong \u0110\u1ea1o lu\u1eadt b\u1ea3o v\u1ec7 th\u00f4ng tin c\u00e1 nh\u00e2n v\u00e0 l\u00e0 th\u00f4ng tin v\u1ec1 m\u1ed9t c\u00e1 nh\u00e2n \u0111ang s\u1ed1ng, bao g\u1ed3m t\u00ean, ng\u00e0y sinh, \u0111\u1ecba ch\u1ec9 v\u00e0 s\u1ed1 \u0111i\u1ec7n tho\u1ea1i c\u00f3 trong th\u00f4ng tin. , \u0111\u1ec1 c\u1eadp \u0111\u1ebfn th\u00f4ng tin c\u00f3 th\u1ec3 nh\u1eadn d\u1ea1ng m\u1ed9t c\u00e1 nh\u00e2n c\u1ee5 th\u1ec3 th\u00f4ng qua th\u00f4ng tin li\u00ean h\u1ec7 v\u00e0 c\u00e1c m\u00f4 t\u1ea3 kh\u00e1c.<\/li><li>Trong s\u1ed1 th\u00f4ng tin v\u1ec1 quy\u1ec1n ri\u00eang t\u01b0, &quot;th\u00f4ng tin l\u1ecbch s\u1eed v\u00e0 th\u00f4ng tin \u0111\u1eb7c \u0111i\u1ec3m&quot; \u0111\u1ec1 c\u1eadp \u0111\u1ebfn th\u00f4ng tin ngo\u00e0i &quot;th\u00f4ng tin c\u00e1 nh\u00e2n&quot; \u0111\u01b0\u1ee3c x\u00e1c \u0111\u1ecbnh \u1edf tr\u00ean v\u00e0 bao g\u1ed3m c\u00e1c th\u00f4ng tin nh\u01b0 d\u1ecbch v\u1ee5 \u0111\u01b0\u1ee3c s\u1eed d\u1ee5ng, s\u1ea3n ph\u1ea9m \u0111\u00e3 mua, ng\u00e0y v\u00e0 gi\u1edd s\u1eed d\u1ee5ng, ph\u01b0\u01a1ng ph\u00e1p s\u1eed d\u1ee5ng v\u00e0 m\u00f4i tr\u01b0\u1eddng s\u1eed d\u1ee5ng. , \u0111\u1ecba ch\u1ec9 IP c\u1ee7a ng\u01b0\u1eddi d\u00f9ng, th\u00f4ng tin cookie, v.v.<\/li><\/ul>\n\n\n\n<h2>\u0110i\u1ec1u 2 (Ph\u01b0\u01a1ng ph\u00e1p thu th\u1eadp th\u00f4ng tin ri\u00eang t\u01b0)<\/h2>\n\n\n\n<ul><li>Khi ng\u01b0\u1eddi d\u00f9ng th\u1ef1c hi\u1ec7n truy v\u1ea5n t\u1edbi trang web n\u00e0y, b\u00e1o c\u00e1o s\u1ef1 c\u1ed1 ho\u1eb7c \u0111\u0103ng k\u00fd s\u1eed d\u1ee5ng d\u1ecbch v\u1ee5 \u0111\u00e1m m\u00e2y Chat&amp;Messenger, C\u00f4ng ty s\u1ebd nh\u1eadp t\u00ean c\u00f4ng ty, t\u00ean \u0111\u1ea7y \u0111\u1ee7 v\u00e0 \u0111\u1ecba ch\u1ec9 email.<\/li><li>C\u00f4ng ty ch\u00fang t\u00f4i thu th\u1eadp th\u00f4ng tin v\u1ec1 ng\u01b0\u1eddi d\u00f9ng khi h\u1ecd s\u1eed d\u1ee5ng d\u1ecbch v\u1ee5 c\u1ee7a ch\u00fang t\u00f4i, ch\u1eb3ng h\u1ea1n nh\u01b0 s\u1ea3n ph\u1ea9m \u0111\u00e3 mua, c\u00e1c trang \u0111\u00e3 xem, ng\u00e0y v\u00e0 gi\u1edd s\u1eed d\u1ee5ng, ph\u01b0\u01a1ng ph\u00e1p s\u1eed d\u1ee5ng, m\u00f4i tr\u01b0\u1eddng s\u1eed d\u1ee5ng v\u00e0 \u0111\u1ecba ch\u1ec9 IP.<\/li><\/ul>\n\n\n\n<h2>\u0110i\u1ec1u 3 (M\u1ee5c \u0111\u00edch thu th\u1eadp v\u00e0 s\u1eed d\u1ee5ng th\u00f4ng tin c\u00e1 nh\u00e2n)<\/h2>\n\n\n\n<p>M\u1ee5c \u0111\u00edch m\u00e0 c\u00f4ng ty ch\u00fang t\u00f4i thu th\u1eadp v\u00e0 s\u1eed d\u1ee5ng th\u00f4ng tin c\u00e1 nh\u00e2n nh\u01b0 sau.<\/p>\n\n\n\n<ul><li>(1) M\u1ee5c \u0111\u00edch hi\u1ec3n th\u1ecb t\u00ean v\u00e0 th\u00f4ng tin li\u00ean h\u1ec7 \u0111\u1ec3 ng\u01b0\u1eddi d\u00f9ng c\u00f3 th\u1ec3 xem, s\u1eeda \u0111\u1ed5i th\u00f4ng tin \u0111\u00e3 \u0111\u0103ng k\u00fd v\u00e0 xem tr\u1ea1ng th\u00e1i s\u1eed d\u1ee5ng<\/li><li>(2) M\u1ee5c \u0111\u00edch s\u1eed d\u1ee5ng \u0111\u1ecba ch\u1ec9 email \u0111\u1ec3 th\u00f4ng b\u00e1o, li\u00ean h\u1ec7 v\u1edbi ng\u01b0\u1eddi d\u00f9ng<\/li><li>(4) M\u1ee5c \u0111\u00edch s\u1eed d\u1ee5ng c\u00e1c th\u00f4ng tin li\u00ean quan \u0111\u1ebfn thanh to\u00e1n nh\u01b0 t\u00ean s\u1ea3n ph\u1ea9m, s\u1ed1 l\u01b0\u1ee3ng mua, lo\u1ea1i v\u00e0 th\u1eddi gian s\u1eed d\u1ee5ng d\u1ecbch v\u1ee5, s\u1ed1 l\u1ea7n, s\u1ed1 ti\u1ec1n thanh to\u00e1n, t\u00ean, \u0111\u1ecba ch\u1ec9, v.v. \u0111\u1ec3 l\u1eadp h\u00f3a \u0111\u01a1n thanh to\u00e1n cho ng\u01b0\u1eddi d\u00f9ng.<\/li><li>(6) Ch\u00fang t\u00f4i s\u1ebd t\u1eeb ch\u1ed1i vi\u1ec7c s\u1eed d\u1ee5ng c\u1ee7a b\u1ea5t k\u1ef3 ng\u01b0\u1eddi d\u00f9ng n\u00e0o vi ph\u1ea1m c\u00e1c \u0111i\u1ec1u kho\u1ea3n s\u1eed d\u1ee5ng d\u1ecbch v\u1ee5 n\u00e0y, ch\u1eb3ng h\u1ea1n nh\u01b0 tr\u00ec ho\u00e3n thanh to\u00e1n ho\u1eb7c g\u00e2y thi\u1ec7t h\u1ea1i cho b\u00ean th\u1ee9 ba ho\u1eb7c b\u1ea5t k\u1ef3 ng\u01b0\u1eddi d\u00f9ng n\u00e0o c\u1ed1 g\u1eafng s\u1eed d\u1ee5ng d\u1ecbch v\u1ee5 cho m\u1ee5c \u0111\u00edch gian l\u1eadn ho\u1eb7c kh\u00f4ng ph\u00f9 h\u1ee3p. ra l\u1ec7nh cho<\/li><li>(7) \u0110\u1ec3 tr\u1ea3 l\u1eddi c\u00e1c c\u00e2u h\u1ecfi c\u1ee7a ng\u01b0\u1eddi d\u00f9ng, ch\u00fang t\u00f4i thu th\u1eadp th\u00f4ng tin c\u1ea7n thi\u1ebft \u0111\u1ec3 c\u00f4ng ty ch\u00fang t\u00f4i cung c\u1ea5p d\u1ecbch v\u1ee5 cho ng\u01b0\u1eddi d\u00f9ng, ch\u1eb3ng h\u1ea1n nh\u01b0 th\u00f4ng tin li\u00ean quan \u0111\u1ebfn n\u1ed9i dung y\u00eau c\u1ea7u v\u00e0 thanh to\u00e1n, c\u0169ng nh\u01b0 tr\u1ea1ng th\u00e1i s\u1eed d\u1ee5ng d\u1ecbch v\u1ee5 ng\u01b0\u1eddi d\u00f9ng v\u00e0 th\u00f4ng tin li\u00ean h\u1ec7.<\/li><li>(8) C\u00e1c m\u1ee5c \u0111\u00edch li\u00ean quan \u0111\u1ebfn m\u1ee5c \u0111\u00edch s\u1eed d\u1ee5ng tr\u00ean<\/li><\/ul>\n\n\n\n<h2>\u0110i\u1ec1u 4 (Cung c\u1ea5p th\u00f4ng tin c\u00e1 nh\u00e2n cho b\u00ean th\u1ee9 ba)<\/h2>\n\n\n\n<ul><li>C\u00f4ng ty ch\u00fang t\u00f4i s\u1ebd kh\u00f4ng cung c\u1ea5p th\u00f4ng tin c\u00e1 nh\u00e2n cho b\u00ean th\u1ee9 ba m\u00e0 kh\u00f4ng c\u00f3 s\u1ef1 \u0111\u1ed3ng \u00fd tr\u01b0\u1edbc c\u1ee7a ng\u01b0\u1eddi d\u00f9ng, ngo\u1ea1i tr\u1eeb c\u00e1c tr\u01b0\u1eddng h\u1ee3p sau. Tuy nhi\u00ean, \u0111i\u1ec1u n\u00e0y kh\u00f4ng bao g\u1ed3m c\u00e1c tr\u01b0\u1eddng h\u1ee3p \u0111\u01b0\u1ee3c \u0110\u1ea1o lu\u1eadt b\u1ea3o v\u1ec7 th\u00f4ng tin c\u00e1 nh\u00e2n c\u0169ng nh\u01b0 c\u00e1c lu\u1eadt v\u00e0 quy \u0111\u1ecbnh kh\u00e1c cho ph\u00e9p.\n<ul>\n<li>(1) C\u00e1c tr\u01b0\u1eddng h\u1ee3p d\u1ef1a tr\u00ean lu\u1eadt v\u00e0 quy \u0111\u1ecbnh<\/li>\n<li>(2) Khi c\u1ea7n thi\u1ebft \u0111\u1ec3 b\u1ea3o v\u1ec7 t\u00ednh m\u1ea1ng, th\u00e2n th\u1ec3, t\u00e0i s\u1ea3n c\u1ee7a m\u1ed9t ng\u01b0\u1eddi v\u00e0 kh\u00f3 c\u00f3 \u0111\u01b0\u1ee3c s\u1ef1 \u0111\u1ed3ng \u00fd c\u1ee7a ng\u01b0\u1eddi \u0111\u00f3.<\/li>\n<li>(3) Khi vi\u1ec7c \u0111\u1eb7c bi\u1ec7t c\u1ea7n thi\u1ebft l\u00e0 c\u1ea3i thi\u1ec7n s\u1ee9c kh\u1ecfe c\u1ed9ng \u0111\u1ed3ng ho\u1eb7c th\u00fac \u0111\u1ea9y vi\u1ec7c gi\u00e1o d\u1ee5c tr\u1ebb em l\u00e0nh m\u1ea1nh v\u00e0 kh\u00f3 c\u00f3 \u0111\u01b0\u1ee3c s\u1ef1 \u0111\u1ed3ng \u00fd c\u1ee7a ng\u01b0\u1eddi li\u00ean quan.<\/li>\n<li>(4) Trong tr\u01b0\u1eddng h\u1ee3p c\u1ea7n h\u1ee3p t\u00e1c v\u1edbi c\u01a1 quan qu\u1ed1c gia, ch\u00ednh quy\u1ec1n \u0111\u1ecba ph\u01b0\u01a1ng ho\u1eb7c ng\u01b0\u1eddi \u0111\u01b0\u1ee3c h\u1ecd \u1ee7y th\u00e1c th\u1ef1c hi\u1ec7n c\u00e1c c\u00f4ng vi\u1ec7c theo quy \u0111\u1ecbnh c\u1ee7a ph\u00e1p lu\u1eadt v\u00e0 vi\u1ec7c th\u1ef1c hi\u1ec7n c\u00f4ng vi\u1ec7c ph\u1ea3i \u0111\u01b0\u1ee3c s\u1ef1 \u0111\u1ed3ng \u00fd c\u1ee7a ng\u01b0\u1eddi li\u00ean quan . Khi c\u00f3 nguy c\u01a1 b\u1ecb can thi\u1ec7p v\u00e0o<\/li>\n<li>(5) Tr\u01b0\u1eddng h\u1ee3p \u0111\u00e3 th\u00f4ng b\u00e1o ho\u1eb7c th\u00f4ng b\u00e1o tr\u01b0\u1edbc nh\u1eefng v\u1ea5n \u0111\u1ec1 sau:\n<ol>\n<li>M\u1ee5c \u0111\u00edch s\u1eed d\u1ee5ng bao g\u1ed3m vi\u1ec7c cung c\u1ea5p cho b\u00ean th\u1ee9 ba<\/li>\n<li>C\u00e1c m\u1ee5c d\u1eef li\u1ec7u \u0111\u01b0\u1ee3c cung c\u1ea5p cho b\u00ean th\u1ee9 ba<\/li>\n<li>Ph\u01b0\u01a1ng ti\u1ec7n ho\u1eb7c ph\u01b0\u01a1ng ph\u00e1p cung c\u1ea5p cho b\u00ean th\u1ee9 ba<\/li>\n<li>Ng\u1eebng cung c\u1ea5p th\u00f4ng tin c\u00e1 nh\u00e2n cho b\u00ean th\u1ee9 ba theo y\u00eau c\u1ea7u c\u1ee7a c\u00e1 nh\u00e2n<\/li>\n<\/ol>\n<\/li>\n<\/ul>\n<\/li><\/ul>\n\n\n\n<h2>\u0110i\u1ec1u 5 (Ti\u1ebft l\u1ed9 th\u00f4ng tin c\u00e1 nh\u00e2n)<\/h2>\n\n\n\n<ul><li>Khi ch\u00fang t\u00f4i \u0111\u01b0\u1ee3c m\u1ed9t ng\u01b0\u1eddi y\u00eau c\u1ea7u ti\u1ebft l\u1ed9 th\u00f4ng tin c\u00e1 nh\u00e2n, ch\u00fang t\u00f4i s\u1ebd ti\u1ebft l\u1ed9 th\u00f4ng tin n\u00e0y cho ng\u01b0\u1eddi \u0111\u00f3 ngay l\u1eadp t\u1ee9c. Tuy nhi\u00ean, n\u1ebfu vi\u1ec7c ti\u1ebft l\u1ed9 thu\u1ed9c b\u1ea5t k\u1ef3 tr\u01b0\u1eddng h\u1ee3p n\u00e0o sau \u0111\u00e2y, ch\u00fang t\u00f4i c\u00f3 th\u1ec3 kh\u00f4ng ti\u1ebft l\u1ed9 t\u1ea5t c\u1ea3 ho\u1eb7c m\u1ed9t ph\u1ea7n th\u00f4ng tin v\u00e0 n\u1ebfu ch\u00fang t\u00f4i quy\u1ebft \u0111\u1ecbnh kh\u00f4ng ti\u1ebft l\u1ed9 th\u00f4ng tin \u0111\u00f3, ch\u00fang t\u00f4i s\u1ebd th\u00f4ng b\u00e1o cho b\u1ea1n v\u1ec1 \u0111i\u1ec1u \u0111\u00f3 ngay l\u1eadp t\u1ee9c. Xin l\u01b0u \u00fd r\u1eb1ng s\u1ebd ph\u1ea3i tr\u1ea3 kho\u1ea3n ph\u00ed 1.000 y\u00ean cho m\u1ed7i l\u1ea7n ti\u1ebft l\u1ed9 th\u00f4ng tin c\u00e1 nh\u00e2n.\n<ul>\n<li>(1) Trong tr\u01b0\u1eddng h\u1ee3p c\u00f3 nguy c\u01a1 g\u00e2y t\u1ed5n h\u1ea1i \u0111\u1ebfn t\u00ednh m\u1ea1ng, th\u00e2n th\u1ec3, t\u00e0i s\u1ea3n ho\u1eb7c c\u00e1c quy\u1ec1n, l\u1ee3i \u00edch kh\u00e1c c\u1ee7a ng\u01b0\u1eddi \u0111\u00f3 ho\u1eb7c b\u00ean th\u1ee9 ba.<\/li>\n<li>(2) Trong tr\u01b0\u1eddng h\u1ee3p c\u00f3 nguy c\u01a1 c\u1ea3n tr\u1edf \u0111\u00e1ng k\u1ec3 \u0111\u1ebfn vi\u1ec7c th\u1ef1c hi\u1ec7n \u0111\u00fang ho\u1ea1t \u0111\u1ed9ng kinh doanh c\u1ee7a ch\u00fang t\u00f4i.<\/li>\n<li>(3) Trong tr\u01b0\u1eddng h\u1ee3p vi ph\u1ea1m c\u00e1c lu\u1eadt v\u00e0 quy \u0111\u1ecbnh kh\u00e1c.<\/li>\n<\/ul>\n<\/li><li>B\u1ea5t k\u1ec3 c\u00e1c quy \u0111\u1ecbnh c\u1ee7a \u0111o\u1ea1n tr\u01b0\u1edbc, theo nguy\u00ean t\u1eafc chung, th\u00f4ng tin ngo\u00e0i th\u00f4ng tin c\u00e1 nh\u00e2n, ch\u1eb3ng h\u1ea1n nh\u01b0 th\u00f4ng tin l\u1ecbch s\u1eed v\u00e0 th\u00f4ng tin \u0111\u1eb7c tr\u01b0ng, s\u1ebd kh\u00f4ng \u0111\u01b0\u1ee3c ti\u1ebft l\u1ed9.<\/li><\/ul>\n\n\n\n<h2>\u0110i\u1ec1u 6 (Ch\u1ec9nh s\u1eeda v\u00e0 x\u00f3a th\u00f4ng tin c\u00e1 nh\u00e2n)<\/h2>\n\n\n\n<ul><li>N\u1ebfu th\u00f4ng tin c\u00e1 nh\u00e2n c\u1ee7a ng\u01b0\u1eddi d\u00f9ng do C\u00f4ng ty n\u1eafm gi\u1eef kh\u00f4ng ch\u00ednh x\u00e1c, ng\u01b0\u1eddi d\u00f9ng c\u00f3 th\u1ec3 y\u00eau c\u1ea7u C\u00f4ng ty s\u1eeda ho\u1eb7c x\u00f3a th\u00f4ng tin c\u00e1 nh\u00e2n b\u1eb1ng c\u00e1ch l\u00e0m theo c\u00e1c quy tr\u00ecnh do C\u00f4ng ty thi\u1ebft l\u1eadp.<\/li><li>N\u1ebfu c\u00f4ng ty ch\u00fang t\u00f4i nh\u1eadn \u0111\u01b0\u1ee3c y\u00eau c\u1ea7u t\u1eeb ng\u01b0\u1eddi d\u00f9ng nh\u01b0 \u0111\u01b0\u1ee3c m\u00f4 t\u1ea3 trong \u0111o\u1ea1n tr\u01b0\u1edbc v\u00e0 x\u00e1c \u0111\u1ecbnh r\u1eb1ng c\u1ea7n ph\u1ea3i \u0111\u00e1p \u1ee9ng y\u00eau c\u1ea7u \u0111\u00f3, ch\u00fang t\u00f4i s\u1ebd s\u1eeda ho\u1eb7c x\u00f3a th\u00f4ng tin c\u00e1 nh\u00e2n ngay l\u1eadp t\u1ee9c v\u00e0 th\u00f4ng b\u00e1o cho ng\u01b0\u1eddi d\u00f9ng.<\/li><\/ul>\n\n\n\n<h2>\u0110i\u1ec1u 7 (T\u1ea1m d\u1eebng s\u1eed d\u1ee5ng th\u00f4ng tin c\u00e1 nh\u00e2n, v.v.)<\/h2>\n\n\n\n<p>C\u00f4ng ty ch\u00fang t\u00f4i c\u00f3 th\u1ec3 t\u1ea1m d\u1eebng ho\u1eb7c x\u00f3a vi\u1ec7c s\u1eed d\u1ee5ng th\u00f4ng tin c\u00e1 nh\u00e2n (sau \u0111\u00e2y g\u1ecdi l\u00e0 &#039;&#039;S\u1eed d\u1ee5ng th\u00f4ng tin c\u00e1 nh\u00e2n&#039;&#039;) v\u00ec l\u00fd do th\u00f4ng tin c\u00e1 nh\u00e2n \u0111\u01b0\u1ee3c x\u1eed l\u00fd ngo\u00e0i ph\u1ea1m vi m\u1ee5c \u0111\u00edch s\u1eed d\u1ee5ng ho\u1eb7c th\u00f4ng tin \u0111\u00f3 \u0111\u01b0\u1ee3c l\u1ea5y b\u1edfi N\u1ebfu ch\u00fang t\u00f4i \u0111\u01b0\u1ee3c y\u00eau c\u1ea7u l\u00e0m nh\u01b0 v\u1eady, ch\u00fang t\u00f4i s\u1ebd ti\u1ebfn h\u00e0nh \u0111i\u1ec1u tra c\u1ea7n thi\u1ebft ngay l\u1eadp t\u1ee9c v\u00e0 d\u1ef1a tr\u00ean k\u1ebft qu\u1ea3, ch\u00fang t\u00f4i s\u1ebd t\u1ea1m d\u1eebng vi\u1ec7c s\u1eed d\u1ee5ng th\u00f4ng tin c\u00e1 nh\u00e2n v\u00e0 th\u00f4ng b\u00e1o cho ng\u01b0\u1eddi \u0111\u00f3. Tuy nhi\u00ean, trong tr\u01b0\u1eddng h\u1ee3p vi\u1ec7c \u0111\u00ecnh ch\u1ec9 s\u1eed d\u1ee5ng th\u00f4ng tin c\u00e1 nh\u00e2n s\u1ebd t\u1ed1n k\u00e9m, v.v. ho\u1eb7c khi vi\u1ec7c \u0111\u00ecnh ch\u1ec9 s\u1eed d\u1ee5ng th\u00f4ng tin c\u00e1 nh\u00e2n g\u1eb7p kh\u00f3 kh\u0103n v\u00e0 c\u00f3 th\u1ec3 th\u1ef1c hi\u1ec7n c\u00e1c bi\u1ec7n ph\u00e1p thay th\u1ebf c\u1ea7n thi\u1ebft \u0111\u1ec3 b\u1ea3o v\u1ec7 quy\u1ec1n v\u00e0 l\u1ee3i \u00edch c\u1ee7a ng\u01b0\u1eddi, `H\u00e3y ch\u1ecdn gi\u1ea3i ph\u00e1p thay th\u1ebf n\u00e0y.<\/p>\n\n\n\n<h2>\u7b2c\uff18\u6761\uff08\u5150\u7ae5\u306e\u5b89\u5168\u306b\u95a2\u3059\u308b\u65b9\u91dd\uff09<\/h2>\n\n\n\n<p>\u5f53\u793e\u306f\u3001\u5150\u7ae5\u306e\u5b89\u5168\u3092\u6700\u512a\u5148\u306b\u8003\u3048\u3001\u5150\u7ae5\u306e\u6027\u7684\u643e\u53d6\u3084\u8650\u5f85\uff08CSAE: Child Sexual Abuse and Exploitation\uff09\u306b\u95a2\u3059\u308b\u3042\u3089\u3086\u308b\u884c\u70ba\u3001\u30b3\u30f3\u30c6\u30f3\u30c4\u3001\u753b\u50cf\u3001\u6620\u50cf\u3001\u767a\u8a00\u3001\u307e\u305f\u306f\u305d\u306e\u52a9\u9577\u884c\u70ba\u3092\u660e\u793a\u7684\u306b\u7981\u6b62\u3057\u307e\u3059\u3002<br>\u5f53\u793e\u30b5\u30fc\u30d3\u30b9\u4e0a\u3067\u305d\u306e\u3088\u3046\u306a\u884c\u70ba\u3084\u30b3\u30f3\u30c6\u30f3\u30c4\u304c\u78ba\u8a8d\u3055\u308c\u305f\u5834\u5408\u3001\u5f53\u793e\u306f\u76f4\u3061\u306b\u524a\u9664\u30fb\u505c\u6b62\u7b49\u306e\u63aa\u7f6e\u3092\u884c\u3044\u3001\u5fc5\u8981\u306b\u5fdc\u3058\u3066\u95a2\u4fc2\u5f53\u5c40\u3078\u901a\u5831\u3057\u307e\u3059\u3002<br>\u3053\u306e\u65b9\u91dd\u306f\u3001Chat&amp;Messenger\uff08\u682a\u5f0f\u4f1a\u793e Chat&amp;Messenger\uff09\u304c\u63d0\u4f9b\u3059\u308b\u3059\u3079\u3066\u306e\u88fd\u54c1\u304a\u3088\u3073\u30b5\u30fc\u30d3\u30b9\u306b\u9069\u7528\u3055\u308c\u307e\u3059\u3002<\/p>\n\n\n\n<h2>\u7b2c\uff19\u6761\uff08\u30d7\u30e9\u30a4\u30d0\u30b7\u30fc\u30dd\u30ea\u30b7\u30fc\u306e\u5909\u66f4\uff09<\/h2>\n\n\n\n<ul><li>N\u1ed9i dung c\u1ee7a ch\u00ednh s\u00e1ch n\u00e0y c\u00f3 th\u1ec3 \u0111\u01b0\u1ee3c thay \u0111\u1ed5i m\u00e0 kh\u00f4ng th\u00f4ng b\u00e1o cho ng\u01b0\u1eddi d\u00f9ng.<\/li><li>Tr\u1eeb khi c\u00f3 quy \u0111\u1ecbnh kh\u00e1c c\u1ee7a c\u00f4ng ty ch\u00fang t\u00f4i, ch\u00ednh s\u00e1ch quy\u1ec1n ri\u00eang t\u01b0 s\u1eeda \u0111\u1ed5i s\u1ebd c\u00f3 hi\u1ec7u l\u1ef1c k\u1ec3 t\u1eeb th\u1eddi \u0111i\u1ec3m \u0111\u01b0\u1ee3c \u0111\u0103ng tr\u00ean trang web n\u00e0y.<\/li><\/ul>\n\n\n\n<h2>\u304a\u554f\u3044\u5408\u308f\u305b\u7a93\u53e3<\/h2>\n\n\n\n<p>N\u1ebfu c\u00f3 th\u1eafc m\u1eafc v\u1ec1 ch\u00ednh s\u00e1ch n\u00e0y, vui l\u00f2ng li\u00ean h\u1ec7 v\u1edbi \u0111i\u1ec3m li\u00ean h\u1ec7 b\u00ean d\u01b0\u1edbi.<\/p>\n\n\n\n<p>C\u00f4ng ty TNHH Chat&amp;Messenger<br>Gi\u00e1m \u0111\u1ed1c \u0111\u1ea1i di\u1ec7n\/Gi\u00e1m \u0111\u1ed1c qu\u1ea3n l\u00fd th\u00f4ng tin Satoshi Tanabe<\/p>\n\n\n\n<p>cu\u1ed9c \u0111i\u1ec1u tra:<a href=\"https:\/\/chat-messenger.com\/vi\/lien-he-chung-toi\/\">https:\/\/chat-messenger.com\/contactus<\/a><\/p>\n\n\n\n<p>\u0111\u00f3 l\u00e0 t\u1ea5t c\u1ea3<\/p>","protected":false},"excerpt":{"rendered":"<p>Chat&amp;Messenger Co., Ltd. (sau \u0111\u00e2y g\u1ecdi t\u1eaft l\u00e0 `` C\u00f4ng ty &#039;&#039;) l\u00e0 d\u1ecbch v\u1ee5 \u0111\u01b0\u1ee3c cung c\u1ea5p tr\u00ean trang web n\u00e0y [\u2026]<\/p>","protected":false},"author":1,"featured_media":0,"parent":36,"menu_order":0,"comment_status":"closed","ping_status":"closed","template":"","meta":{"swell_btn_cv_data":""},"_links":{"self":[{"href":"https:\/\/chat-messenger.com\/vi\/wp-json\/wp\/v2\/pages\/3"}],"collection":[{"href":"https:\/\/chat-messenger.com\/vi\/wp-json\/wp\/v2\/pages"}],"about":[{"href":"https:\/\/chat-messenger.com\/vi\/wp-json\/wp\/v2\/types\/page"}],"author":[{"embeddable":true,"href":"https:\/\/chat-messenger.com\/vi\/wp-json\/wp\/v2\/users\/1"}],"replies":[{"embeddable":true,"href":"https:\/\/chat-messenger.com\/vi\/wp-json\/wp\/v2\/comments?post=3"}],"version-history":[{"count":10,"href":"https:\/\/chat-messenger.com\/vi\/wp-json\/wp\/v2\/pages\/3\/revisions"}],"predecessor-version":[{"id":12269,"href":"https:\/\/chat-messenger.com\/vi\/wp-json\/wp\/v2\/pages\/3\/revisions\/12269"}],"up":[{"embeddable":true,"href":"https:\/\/chat-messenger.com\/vi\/wp-json\/wp\/v2\/pages\/36"}],"wp:attachment":[{"href":"https:\/\/chat-messenger.com\/vi\/wp-json\/wp\/v2\/media?parent=3"}],"curies":[{"name":"wp","href":"https:\/\/api.w.org\/{rel}","templated":true}]}}