{"id":1786,"date":"2018-12-16T16:00:04","date_gmt":"2018-12-16T07:00:04","guid":{"rendered":"https:\/\/chat-messenger.com\/?page_id=1786"},"modified":"2025-01-31T11:47:23","modified_gmt":"2025-01-31T02:47:23","slug":"businesspremium_license","status":"publish","type":"page","link":"https:\/\/chat-messenger.com\/vi\/lien-he-chung-toi\/businesspremium_license","title":{"rendered":"\u1ee8ng d\u1ee5ng mua Chat&amp;Messenger Business Premium"},"content":{"rendered":"<p style=\"max-width: 700px;\"><b>N\u1ebfu b\u1ea1n mu\u1ed1n s\u1eed d\u1ee5ng t\u00ednh n\u0103ng g\u1ecdi video, vui l\u00f2ng ki\u1ec3m tra ch\u1ee9c n\u0103ng c\u1ee7a phi\u00ean b\u1ea3n mi\u1ec5n ph\u00ed tr\u01b0\u1edbc khi mua.<\/b><\/p>\n<p class=\"form-info d-none point\" style=\"max-width: 600px;\"><b>N\u1ebfu th\u00f4ng tin b\u00ean d\u01b0\u1edbi l\u00e0 ch\u00ednh x\u00e1c, vui l\u00f2ng nh\u1ea5n n\u00fat &quot;G\u1eedi&quot;.<\/b><\/p>\n<div style=\"max-width: 760px;\">\n<form id=\"request_form\" method=\"post\" action=\"\/vi\/cgi-bin\/request.php\/\" class=\"form-contact form-confirm\" data-trp-original-action=\"\/cgi-bin\/request.php\">\n<table class=\"table table-bordered\">\n<tbody>\n<tr>\n<th width=\"170\" class=\"bg-light\">T\u00ean t\u1ed5 ch\u1ee9c <span class=\"badge badge-danger\">Y\u00eau c\u1ea7u<\/span><\/th>\n<td><input size=\"30\" type=\"text\" name=\"\u4f1a\u793e\u540d\/\u56e3\u4f53\u540d\" placeholder=\"T\u00ean ch\u00ednh th\u1ee9c c\u1ee7a c\u00f4ng ty\/t\u1ed5 ch\u1ee9c\" class=\"form-control w-50\" required=\"\"><\/td>\n<\/tr>\n<tr>\n<th width=\"160\" class=\"bg-light\">t\u00ean <span class=\"badge badge-danger\">Y\u00eau c\u1ea7u<\/span><\/th>\n<td><input size=\"20\" type=\"text\" name=\"\u304a\u540d\u524d\" class=\"form-control w-50\" required=\"\"><\/td>\n<\/tr>\n<tr>\n<th class=\"bg-light\">E-mail <span class=\"badge badge-danger\">Y\u00eau c\u1ea7u<\/span><\/th>\n<td><input size=\"24\" type=\"text\" name=\"Email\" class=\"form-control w-50\" data-validation-engine=\"validate[required, custom[email]]\" required=\"\"><\/td>\n<\/tr>\n<tr>\n<th class=\"bg-light\">S\u1ed1 l\u01b0\u1ee3ng gi\u1ea5y ph\u00e9p<\/th>\n<td>\n     <select name=\"\u30e9\u30a4\u30bb\u30f3\u30b9\u6570\"><option>1 gi\u1ea5y ph\u00e9p 10.000 y\u00ean<\/option><option>2 gi\u1ea5y ph\u00e9p 20.000 y\u00ean<\/option><option>3 gi\u1ea5y ph\u00e9p 30.000 y\u00ean<\/option><option>4 gi\u1ea5y ph\u00e9p 40.000 y\u00ean<\/option><option>5 gi\u1ea5y ph\u00e9p 50.000 y\u00ean<\/option><option>6 gi\u1ea5y ph\u00e9p 60.000 y\u00ean<\/option><option>7 gi\u1ea5y ph\u00e9p 70.000 y\u00ean<\/option><option>8 gi\u1ea5y ph\u00e9p 80.000 y\u00ean<\/option><option>9 gi\u1ea5y ph\u00e9p 90.000 y\u00ean<\/option><option>10 gi\u1ea5y ph\u00e9p 100.000 y\u00ean<\/option><option>11 gi\u1ea5y ph\u00e9p 110.000 y\u00ean<\/option><option>12 gi\u1ea5y ph\u00e9p 120.000 y\u00ean<\/option><option>13 gi\u1ea5y ph\u00e9p 130.000 y\u00ean<\/option><option>14 gi\u1ea5y ph\u00e9p 140.000 y\u00ean<\/option><option>15 gi\u1ea5y ph\u00e9p 150.000 y\u00ean<\/option><\/select><\/p>\n<p>*S\u1ed1 ti\u1ec1n ch\u01b0a bao g\u1ed3m thu\u1ebf.<br \/>\n*Gi\u00e1 tr\u00ean c\u00f3 th\u1ec3 \u0111\u01b0\u1ee3c s\u1eed d\u1ee5ng l\u00e0m gi\u1ea5y ph\u00e9p v\u0129nh vi\u1ec5n.<\/td>\n<\/tr>\n<tr>\n<th class=\"bg-light\">tin nh\u1eafn<\/th>\n<td>\n<textarea name=\"\u305d\u306e\u4ed6\u30e1\u30c3\u30bb\u30fc\u30b8\" cols=\"43\" rows=\"3\" class=\"form-control\"><\/textarea><\/td>\n<\/tr>\n<tr>\n<th class=\"bg-light\">\u01af\u1edbc t\u00ednh\/H\u00f3a \u0111\u01a1n<\/th>\n<td>\n<input type=\"radio\" name=\"\u898b\u7a4d\u66f8\uff0f\u8acb\u6c42\u66f8\" value=\"\u898b\u7a4d\u66f8\u304c\u5fc5\u8981\" id=\"doc01\" checked=\"\"> <label for=\"doc01\">T\u00f4i c\u1ea7n m\u1ed9t b\u00e1o gi\u00e1<\/label>&nbsp;&nbsp;&nbsp;&nbsp;<input type=\"radio\" name=\"\u898b\u7a4d\u66f8\uff0f\u8acb\u6c42\u66f8\" value=\"\u8acb\u6c42\u66f8\u304c\u5fc5\u8981\" id=\"doc02\"> <label for=\"doc02\">T\u00f4i c\u1ea7n m\u1ed9t h\u00f3a \u0111\u01a1n<\/label>&nbsp;&nbsp;&nbsp;&nbsp;<\/td>\n<\/tr>\n<tr><\/tr>\n<\/tbody>\n<\/table>\n<div class=\"text-center\" style=\"display: flex; justify-content: center; gap: 10px; height: 50px\">\n<input type=\"submit\" value=\"x\u00e1c nh\u1eadn\" class=\"btn btn-info btn-confirm\"><br \/>\n<input type=\"reset\" value=\"c\u00e0i l\u1ea1i\" class=\"btn btn-reset\"><br \/>\n<input type=\"submit\" value=\"g\u1eedi\" class=\"btn btn-info btn-submit d-none\"><br \/>\n<input type=\"button\" value=\"tr\u1edf l\u1ea1i\" class=\"btn btn-back d-none\"><\/div>\n<input type=\"hidden\" name=\"trp-form-language\" value=\"vi\"\/><\/form>\n<p><script src=\"\/js\/form\/validation\/jquery.validationEngine.js\"><\/script><br \/>\n<script src=\"\/js\/form\/validation\/jquery.validationEngine-ja.js\"><\/script>\n \t \t \t \t \t \t \t \t \t \t \t \t \t \t \t \t \t \t<link href=\"\/js\/form\/validation\/validationEngine.jquery.css\" rel=\"stylesheet\">\n<script src=\"\/js\/form\/form.js\"><\/script>\n \t \t \t \t \t \t \t \t \t \t \t \t \t \t \t \t \t<link href=\"https:\/\/chat-messenger.com\/css\/bootstrap.min.css?ver=1.2.5\" rel=\"stylesheet\">\n<\/div>","protected":false},"excerpt":{"rendered":"<p>N\u1ebfu b\u1ea1n mu\u1ed1n s\u1eed d\u1ee5ng t\u00ednh n\u0103ng g\u1ecdi video, vui l\u00f2ng ki\u1ec3m tra ch\u1ee9c n\u0103ng c\u1ee7a phi\u00ean b\u1ea3n mi\u1ec5n ph\u00ed tr\u01b0\u1edbc khi mua. N\u1ebfu th\u00f4ng tin sau \u0111\u00e2y l\u00e0 \u0111\u00fang, vui l\u00f2ng \u0111\u1ecdc &quot; [...]<\/p>","protected":false},"author":1,"featured_media":0,"parent":37,"menu_order":0,"comment_status":"closed","ping_status":"closed","template":"","meta":{"swell_btn_cv_data":""},"_links":{"self":[{"href":"https:\/\/chat-messenger.com\/vi\/wp-json\/wp\/v2\/pages\/1786"}],"collection":[{"href":"https:\/\/chat-messenger.com\/vi\/wp-json\/wp\/v2\/pages"}],"about":[{"href":"https:\/\/chat-messenger.com\/vi\/wp-json\/wp\/v2\/types\/page"}],"author":[{"embeddable":true,"href":"https:\/\/chat-messenger.com\/vi\/wp-json\/wp\/v2\/users\/1"}],"replies":[{"embeddable":true,"href":"https:\/\/chat-messenger.com\/vi\/wp-json\/wp\/v2\/comments?post=1786"}],"version-history":[{"count":9,"href":"https:\/\/chat-messenger.com\/vi\/wp-json\/wp\/v2\/pages\/1786\/revisions"}],"predecessor-version":[{"id":11562,"href":"https:\/\/chat-messenger.com\/vi\/wp-json\/wp\/v2\/pages\/1786\/revisions\/11562"}],"up":[{"embeddable":true,"href":"https:\/\/chat-messenger.com\/vi\/wp-json\/wp\/v2\/pages\/37"}],"wp:attachment":[{"href":"https:\/\/chat-messenger.com\/vi\/wp-json\/wp\/v2\/media?parent=1786"}],"curies":[{"name":"wp","href":"https:\/\/api.w.org\/{rel}","templated":true}]}}