{"id":1779,"date":"2018-12-16T15:56:28","date_gmt":"2018-12-16T06:56:28","guid":{"rendered":"https:\/\/chat-messenger.com\/?page_id=1779"},"modified":"2023-10-28T11:42:40","modified_gmt":"2023-10-28T02:42:40","slug":"premium_license","status":"publish","type":"page","link":"https:\/\/chat-messenger.com\/vi\/lien-he-chung-toi\/giay-phep-cao-cap","title":{"rendered":"\u1ee8ng d\u1ee5ng mua tr\u1ea3 ph\u00ed Chat&amp;Messenger"},"content":{"rendered":"<p class=\"form-info d-none point\" style=\"max-width: 600px;\"><b>N\u1ebfu th\u00f4ng tin b\u00ean d\u01b0\u1edbi l\u00e0 ch\u00ednh x\u00e1c, vui l\u00f2ng nh\u1ea5n n\u00fat &quot;G\u1eedi&quot;.<\/b><\/p>\n<div style=\"max-width: 760px;\">\n<form id=\"request_form\" method=\"post\" action=\"\/vi\/cgi-bin\/request.php\/\" class=\"form-contact form-confirm\" data-trp-original-action=\"\/cgi-bin\/request.php\">\n<table class=\"table table-bordered\">\n<tbody>\n<tr>\n<th width=\"160\" class=\"bg-light\">t\u00ean <span class=\"badge badge-danger\">Y\u00eau c\u1ea7u<\/span><\/th>\n<td>\n<input size=\"20\" type=\"text\" name=\"\u304a\u540d\u524d\" class=\"form-control w-50\" required=\"\"><\/td>\n<\/tr>\n<tr><\/tr>\n<tr>\n<th class=\"bg-light\">E-mail <span class=\"badge badge-danger\">Y\u00eau c\u1ea7u<\/span><\/th>\n<td>\n<input size=\"24\" type=\"text\" name=\"Email\" class=\"form-control w-50\" data-validation-engine=\"validate[required, custom[email]]\" required=\"\"><\/td>\n<\/tr>\n<tr>\n<th class=\"bg-light\">S\u1ed1 l\u01b0\u1ee3ng gi\u1ea5y ph\u00e9p<\/th>\n<td>\n     <input size=\"5\" type=\"text\" name=\"\u30e9\u30a4\u30bb\u30f3\u30b9\u6570\"> (2.400 y\u00ean m\u1ed7i ng\u01b0\u1eddi d\u00f9ng m\u1ed7i n\u0103m)<\/td>\n<\/tr>\n<tr>\n<th class=\"bg-light\">Giai \u0111o\u1ea1n<\/th>\n<td>\n<select name=\"\u671f\u9593\"><option>1 n\u0103m<\/option><option>Gi\u1ea3m gi\u00e1 2 n\u0103m gi\u1ea3m 4%<\/option><option>Gi\u1ea3m gi\u00e1 3 n\u0103m gi\u1ea3m 10%<\/option><option>Gi\u1ea3m gi\u00e1 4 n\u0103m gi\u1ea3m 17%<\/option><option>Gi\u1ea3m gi\u00e1 5 n\u0103m Gi\u1ea3m 25%<\/option><\/select><\/td>\n<\/tr>\n<tr>\n<th class=\"bg-light\">tin nh\u1eafn<\/th>\n<td>\n<textarea name=\"\u305d\u306e\u4ed6\u30e1\u30c3\u30bb\u30fc\u30b8\" cols=\"43\" rows=\"3\" class=\"form-control\"><\/textarea><\/td>\n<\/tr>\n<tr>\n<th class=\"bg-light\">\u01af\u1edbc t\u00ednh\/H\u00f3a \u0111\u01a1n<\/th>\n<td>\n<input type=\"radio\" name=\"\u898b\u7a4d\u66f8\uff0f\u8acb\u6c42\u66f8\" value=\"\u898b\u7a4d\u66f8\u304c\u5fc5\u8981\" id=\"doc01\" checked=\"\"> <label for=\"doc01\">T\u00f4i c\u1ea7n m\u1ed9t b\u00e1o gi\u00e1<\/label>&nbsp;&nbsp;&nbsp;&nbsp;<input type=\"radio\" name=\"\u898b\u7a4d\u66f8\uff0f\u8acb\u6c42\u66f8\" value=\"\u8acb\u6c42\u66f8\u304c\u5fc5\u8981\" id=\"doc02\"> <label for=\"doc02\">T\u00f4i c\u1ea7n m\u1ed9t h\u00f3a \u0111\u01a1n<\/label>&nbsp;&nbsp;&nbsp;&nbsp;<input type=\"radio\" name=\"\u898b\u7a4d\u66f8\uff0f\u8acb\u6c42\u66f8\" value=\"\u4e21\u65b9\u5fc5\u8981\" id=\"doc03\"> <label for=\"doc03\">c\u1ea3 hai \u0111\u1ec1u \u0111\u01b0\u1ee3c y\u00eau c\u1ea7u<\/label>&nbsp;&nbsp;<\/td>\n<\/tr>\n<\/tbody>\n<\/table>\n<div class=\"text-center\" style=\"display: flex; justify-content: center; gap: 10px; height: 50px\">\n<input type=\"submit\" value=\"x\u00e1c nh\u1eadn\" class=\"btn btn-info btn-confirm\"><br \/>\n<input type=\"reset\" value=\"c\u00e0i l\u1ea1i\" class=\"btn btn-reset\"><br \/>\n<input type=\"submit\" value=\"g\u1eedi\" class=\"btn btn-info btn-submit d-none\"><br \/>\n<input type=\"button\" value=\"tr\u1edf l\u1ea1i\" class=\"btn btn-back d-none\"><\/div>\n<input type=\"hidden\" name=\"trp-form-language\" value=\"vi\"\/><\/form>\n<p><script src=\"\/js\/form\/validation\/jquery.validationEngine.js\"><\/script><br \/>\n<script src=\"\/js\/form\/validation\/jquery.validationEngine-ja.js\"><\/script>\n \t \t \t \t \t \t<link href=\"https:\/\/chat-messenger.com\/css\/bootstrap.min.css?ver=1.2.5\" rel=\"stylesheet\">\n \t \t \t \t \t \t \t<link href=\"\/js\/form\/validation\/validationEngine.jquery.css\" rel=\"stylesheet\">\n<script src=\"\/js\/form\/form.js\"><\/script><\/p>\n<\/div>","protected":false},"excerpt":{"rendered":"<p>N\u1ebfu th\u00f4ng tin b\u00ean d\u01b0\u1edbi l\u00e0 ch\u00ednh x\u00e1c, vui l\u00f2ng nh\u1ea5n n\u00fat &quot;G\u1eedi&quot;. T\u00ean B\u1eaft bu\u1ed9c Email b\u1eaft bu\u1ed9c S\u1ed1 l\u01b0\u1ee3ng gi\u1ea5y ph\u00e9p [\u2026]<\/p>","protected":false},"author":1,"featured_media":0,"parent":37,"menu_order":0,"comment_status":"closed","ping_status":"closed","template":"","meta":{"swell_btn_cv_data":""},"_links":{"self":[{"href":"https:\/\/chat-messenger.com\/vi\/wp-json\/wp\/v2\/pages\/1779"}],"collection":[{"href":"https:\/\/chat-messenger.com\/vi\/wp-json\/wp\/v2\/pages"}],"about":[{"href":"https:\/\/chat-messenger.com\/vi\/wp-json\/wp\/v2\/types\/page"}],"author":[{"embeddable":true,"href":"https:\/\/chat-messenger.com\/vi\/wp-json\/wp\/v2\/users\/1"}],"replies":[{"embeddable":true,"href":"https:\/\/chat-messenger.com\/vi\/wp-json\/wp\/v2\/comments?post=1779"}],"version-history":[{"count":15,"href":"https:\/\/chat-messenger.com\/vi\/wp-json\/wp\/v2\/pages\/1779\/revisions"}],"predecessor-version":[{"id":8597,"href":"https:\/\/chat-messenger.com\/vi\/wp-json\/wp\/v2\/pages\/1779\/revisions\/8597"}],"up":[{"embeddable":true,"href":"https:\/\/chat-messenger.com\/vi\/wp-json\/wp\/v2\/pages\/37"}],"wp:attachment":[{"href":"https:\/\/chat-messenger.com\/vi\/wp-json\/wp\/v2\/media?parent=1779"}],"curies":[{"name":"wp","href":"https:\/\/api.w.org\/{rel}","templated":true}]}}