{"id":1616,"date":"2018-12-03T13:05:23","date_gmt":"2018-12-03T04:05:23","guid":{"rendered":"https:\/\/chat-messenger.com\/?page_id=1616"},"modified":"2026-03-27T12:51:26","modified_gmt":"2026-03-27T03:51:26","slug":"camserver_license","status":"publish","type":"page","link":"https:\/\/chat-messenger.com\/vi\/lien-he-chung-toi\/camserver_license","title":{"rendered":"\u0110\u0103ng k\u00fd mua CAMServer t\u1ea1i ch\u1ed7"},"content":{"rendered":"<div style=\"width: 870px;\">\n<p class=\"form-info d-none point\" style=\"max-width: 610px;\"><b>N\u1ebfu th\u00f4ng tin b\u00ean d\u01b0\u1edbi l\u00e0 ch\u00ednh x\u00e1c, vui l\u00f2ng nh\u1ea5n n\u00fat &quot;G\u1eedi&quot;.<\/b><\/p>\n<form id=\"request_form\" method=\"post\" action=\"\/vi\/cgi-bin\/request.php\/\" class=\"form-contact form-confirm\" data-trp-original-action=\"\/cgi-bin\/request.php\">\n<table class=\"table table-bordered\">\n<tbody>\n<tr>\n<th width=\"210\" class=\"bg-light\">T\u00ean t\u1ed5 ch\u1ee9c <span class=\"badge badge-danger required\">Y\u00eau c\u1ea7u<\/span><\/th>\n<td><input size=\"30\" type=\"text\" name=\"\u4f1a\u793e\u540d\u3084\u56e3\u4f53\u540d\" placeholder=\"T\u00ean ch\u00ednh th\u1ee9c c\u1ee7a c\u00f4ng ty\/t\u1ed5 ch\u1ee9c\" class=\"form-control w-50\" required=\"\"><\/td>\n<\/tr>\n<tr>\n<th class=\"bg-light\">t\u00ean <span class=\"badge badge-danger required\">Y\u00eau c\u1ea7u<\/span><\/th>\n<td><input size=\"20\" type=\"text\" name=\"\u304a\u540d\u524d\" class=\"form-control w-50\" required=\"\"><\/td>\n<\/tr>\n<tr><\/tr>\n<tr>\n<th class=\"bg-light\">E-mail <span class=\"badge badge-danger required\">Y\u00eau c\u1ea7u<\/span><\/th>\n<td><input size=\"24\" placeholder=\"Email c\u00f4ng ty c\u1ee7a b\u1ea1n\" type=\"text\" name=\"Email\" class=\"form-control w-50\" data-validation-engine=\"validate[required, custom[email]]\" required=\"\"><\/td>\n<\/tr>\n<tr>\n<th class=\"bg-light\">G\u00f3i gi\u00e1<\/p>\n<ul style=\"margin-top: 10px; margin-left: 10px; padding-left: 0;\">\n<li><a href=\"https:\/\/chat-messenger.com\/vi\/thu-cong\/camserver\/camserver_overview\/\" target=\"_blank\" rel=\"noopener\">T\u1ed5ng quan v\u1ec1 m\u00e1y ch\u1ee7 CAM<\/a><\/li>\n<li><a href=\"https:\/\/chat-messenger.com\/vi\/lien-he-chung-toi\/ke-hoach-may-quay\/\" target=\"_blank\" rel=\"noopener\">S\u1ef1 kh\u00e1c bi\u1ec7t trong k\u1ebf ho\u1ea1ch<\/a><\/li>\n<li><a href=\"https:\/\/chat-messenger.com\/vi\/thu-cong\/camserver\/giay-phep_purchase\/\" target=\"_blank\" rel=\"noopener\">\u0111\u1ecbnh ngh\u0129a gi\u1ea5y ph\u00e9p<\/a><\/li>\n<\/ul>\n<\/th>\n<td>\n<table style=\"border: none !important; margin-bottom: 0px;\">\n<tbody>\n<tr>\n<td width=\"180\" style=\"vertical-align: top !important; border: none !important; border-right: 1px solid #222!important;\"><input type=\"radio\" class=\"notrans\" name=\"\u6599\u91d1\u30d7\u30e9\u30f3\" value=\"Standard\" id=\"Standard\" data-no-translation=\"\"> <label for=\"Standard\" class=\"notrans\" data-no-translation=\"\">Standard \u00a5200<\/label><\/p>\n<div style=\"font-size: xx-small;\">K\u1ebf ho\u1ea1ch gi\u00e1 th\u1ea5p<\/p>\n<ul style=\"padding-left: 14px;\">\n<li><a href=\"https:\/\/chat-messenger.com\/vi\/thu-cong\/cach-su-dung\/\" target=\"_blank\" rel=\"noopener\">S\u1eed d\u1ee5ng phi\u00ean b\u1ea3n m\u00e1y t\u00ednh \u0111\u1ec3 b\u00e0n PC cho m\u1ea1ng LAN<\/a><\/li>\n<li><a href=\"https:\/\/chat-messenger.com\/vi\/thu-cong\/etc\/phien-ban-cao-cap\/#premium_summary\/\" target=\"_blank\" rel=\"noopener\">M\u1ecdi ng\u01b0\u1eddi \u0111\u1ec1u s\u1eed d\u1ee5ng Business Premium<\/a><\/li>\n<li><a href=\"https:\/\/chat-messenger.com\/vi\/thu-cong\/camserver\/user_recognition_beyond_router\/\" target=\"_blank\" rel=\"noopener\">\u0110\u1ed1i v\u1edbi m\u1ea1ng LAN, li\u00ean k\u1ebft c\u00e1c c\u01a1 s\u1edf v\u00e0 b\u1ed9 \u0111\u1ecbnh tuy\u1ebfn v\u01b0\u1ee3t tr\u1ed9i<\/a><\/li>\n<li><a href=\"https:\/\/chat-messenger.com\/vi\/thu-cong\/videoconference_voicecall\/chuan-bi_of_headset_may-anh\/\" target=\"_blank\" rel=\"noopener\">Kh\u00f4ng c\u00f3 h\u1ea1n ch\u1ebf g\u1ecdi video cho m\u1ea1ng LAN<\/a><\/li>\n<li>L\u00ean t\u1edbi 2000 ng\u01b0\u1eddi d\u00f9ng<\/li>\n<\/ul>\n<\/div>\n<\/td>\n<td width=\"180\" style=\"border: none !important; border-right: 1px solid #222!important;\"><input type=\"radio\" name=\"\u6599\u91d1\u30d7\u30e9\u30f3\" value=\"Enterprise\" id=\"Enterprise\" checked=\"checked\"> <label for=\"Enterprise\" class=\"notrans\" data-no-translation=\"\">Enterprise \u00a5300<\/label><\/p>\n<div style=\"font-size: xx-small;\">\u30d3\u30b8\u30cd\u30b9\u5411\u3051\u30d7\u30e9\u30f3<\/p>\n<ul style=\"padding-left: 14px;\">\n<li>T\u1ea5t c\u1ea3 c\u00e1c t\u00ednh n\u0103ng ti\u00eau chu\u1ea9n c\u00f3 s\u1eb5n<\/li>\n<li><a href=\"https:\/\/chat-messenger.com\/vi\/thu-cong\/cloud_mobile\/muc-su-dung-cloud_mobile\/\" target=\"_blank\" rel=\"noopener\">S\u1eed d\u1ee5ng tr\u00ecnh duy\u1ec7t\/phi\u00ean b\u1ea3n di \u0111\u1ed9ng<\/a><\/li>\n<li><a href=\"https:\/\/chat-messenger.com\/vi\/thu-cong\/videoconference_voicecall\/su-dung-hoi-nghi-web\/\" target=\"_blank\" rel=\"noopener\">S\u1eed d\u1ee5ng h\u1ed9i th\u1ea3o tr\u00ean web<\/a><\/li>\n<li><a href=\"https:\/\/chat-messenger.com\/vi\/thu-cong\/cloud_mobile\/quan-ly-tai-lieu\/\" target=\"_blank\" rel=\"noopener\">S\u1eed d\u1ee5ng qu\u1ea3n l\u00fd t\u00e0i li\u1ec7u<\/a><\/li>\n<li><a href=\"https:\/\/chat-messenger.com\/vi\/thu-cong\/schedule_calendar\/cuoc-hop_room_facility_reservation\/\" target=\"_blank\" rel=\"noopener\">S\u1eed d\u1ee5ng ph\u00f2ng h\u1ed9i ngh\u1ecb\/\u0111\u1eb7t tr\u01b0\u1edbc thi\u1ebft b\u1ecb<\/a><\/li>\n<li><a href=\"https:\/\/chat-messenger.com\/vi\/thu-cong\/camserver\/message_log_server_management\/\" target=\"_blank\" rel=\"noopener\">\u0110\u0103ng nh\u1eadp qu\u1ea3n l\u00fd m\u00e1y ch\u1ee7<\/a><\/li>\n<li><a href=\"https:\/\/chat-messenger.com\/vi\/thu-cong\/camserver\/thu-muc-hoat-dong-ldap\/\" target=\"_blank\" rel=\"noopener\">T\u00edch h\u1ee3p Active Directory<\/a><\/li>\n<li><a href=\"https:\/\/chat-messenger.com\/vi\/thu-cong\/camserver\/du-lieu-sao-luu\/\" target=\"_blank\" rel=\"noopener\">Sao l\u01b0u vi sai t\u1ed1c \u0111\u1ed9 cao<\/a><\/li>\n<li>V\u1eadn h\u00e0nh tr\u00ean \u0111\u00e1m m\u00e2y nh\u01b0 AWS\/GCP<\/li>\n<\/ul>\n<\/div>\n<\/td>\n<td width=\"180\" style=\"vertical-align: top !important; border: none !important;\"><input type=\"radio\" name=\"\u6599\u91d1\u30d7\u30e9\u30f3\" value=\"Ultimate\" id=\"Ultimate\"> <label for=\"Enterprise\" class=\"notrans\" data-no-translation=\"\">Ultimate \u00a5600<\/label><\/p>\n<div style=\"font-size: xx-small;\">K\u1ebf ho\u1ea1ch quy m\u00f4 l\u1edbn<\/p>\n<ul style=\"padding-left: 14px;\">\n<li>T\u1ea5t c\u1ea3 c\u00e1c t\u00ednh n\u0103ng d\u00e0nh cho doanh nghi\u1ec7p \u0111\u1ec1u c\u00f3 s\u1eb5n<\/li>\n<li>H\u1ed9i th\u1ea3o tr\u00ean web <a href=\"https:\/\/chat-messenger.com\/vi\/thu-cong\/videoconference_voicecall\/su-dung-hoi-nghi-web\/#paint\/\" target=\"_blank\" rel=\"noopener\">Ch\u1ee9c n\u0103ng s\u01a1n<\/a> <a href=\"https:\/\/chat-messenger.com\/vi\/thu-cong\/videoconference_voicecall\/su-dung-hoi-nghi-web\/#recognition\/\" target=\"_blank\" rel=\"noopener\">\u8b70\u4e8b\u9332<\/a><\/li>\n<li><a href=\"https:\/\/chat-messenger.com\/vi\/thu-cong\/cloud_mobile\/ai\/\" target=\"_blank\" rel=\"noopener\">AI\u6d3b\u7528<\/a><\/li>\n<li><a href=\"https:\/\/chat-messenger.com\/vi\/thu-cong\/cloud_mobile\/quy-trinh-lam-viec\/\" target=\"_blank\" rel=\"noopener\">quy tr\u00ecnh l\u00e0m vi\u1ec7c<\/a><\/li>\n<li><a href=\"https:\/\/chat-messenger.com\/vi\/thu-cong\/cloud_mobile\/su-tham-du\/\" target=\"_blank\" rel=\"noopener\">Qu\u1ea3n l\u00fd ch\u1ea5m c\u00f4ng<\/a><\/li>\n<li><a href=\"https:\/\/chat-messenger.com\/vi\/thu-cong\/cloud_mobile\/dam-dong_admin_menu\/#filemgr\/\" target=\"_blank\" rel=\"noopener\">Qu\u1ea3n l\u00fd t\u1eadp tin b\u1edfi qu\u1ea3n tr\u1ecb vi\u00ean<\/a><\/li>\n<li><a href=\"https:\/\/chat-messenger.com\/vi\/thu-cong\/camserver\/nhat-ky-truy-cap\/\" target=\"_blank\" rel=\"noopener\">Truy c\u1eadp xem nh\u1eadt k\u00fd b\u1edfi qu\u1ea3n tr\u1ecb vi\u00ean<\/a><\/li>\n<li><a href=\"https:\/\/chat-messenger.com\/vi\/thu-cong\/camserver\/can-bang-tai\/\" target=\"_blank\" rel=\"noopener\">D\u1ef1 ph\u00f2ng\/c\u00e2n b\u1eb1ng t\u1ea3i<\/a><\/li>\n<li><a href=\"https:\/\/chat-messenger.com\/vi\/thu-cong\/camserver\/windows-auth\/\" target=\"_blank\" rel=\"noopener\">SSO<\/a><\/li>\n<li><a href=\"https:\/\/chat-messenger.com\/vi\/thu-cong\/cloud_mobile\/tro-chuyen-nhom\/#search\/\" target=\"_blank\" rel=\"noopener\">Ch\u1ee9c n\u0103ng xu\u1ea5t tin nh\u1eafn<\/a><\/li>\n<li><a href=\"https:\/\/chat-messenger.com\/vi\/thu-cong\/cloud_mobile\/api\/\" target=\"_blank\" rel=\"noopener\">H\u1ee3p t\u00e1c API<\/a><\/li>\n<li>Ch\u1ea1y tr\u00ean Linux<\/li>\n<\/ul>\n<\/div>\n<\/td>\n<\/tr>\n<\/tbody>\n<\/table>\n<\/td>\n<\/tr>\n<tr>\n<th class=\"bg-light\">Ch\u1ee9c n\u0103ng s\u1eed d\u1ee5ng<\/th>\n<td><input type=\"checkbox\" name=\"\u5229\u7528\u6a5f\u80fd[]\" value=\"\u30d3\u30b8\u30cd\u30b9\u30c1\u30e3\u30c3\u30c8\" checked=\"checked\"> <label>tr\u00f2 chuy\u1ec7n<\/label>&nbsp;&nbsp;&nbsp;&nbsp;<input type=\"checkbox\" name=\"\u5229\u7528\u6a5f\u80fd[]\" value=\"Web\u4f1a\u8b70\"> <label>H\u1ed9i th\u1ea3o tr\u00ean web<\/label>&nbsp;&nbsp;&nbsp;&nbsp;<input type=\"checkbox\" name=\"\u5229\u7528\u6a5f\u80fd[]\" value=\"AI\"> <label>AI<\/label>&nbsp;&nbsp;&nbsp;&nbsp;<input type=\"checkbox\" name=\"\u5229\u7528\u6a5f\u80fd[]\" value=\"\u6587\u66f8\"> <label>c\u00e1c t\u00e0i li\u1ec7u<\/label>&nbsp;&nbsp;&nbsp;&nbsp;<input type=\"checkbox\" name=\"\u5229\u7528\u6a5f\u80fd[]\" value=\"\u30b9\u30b1\u30b8\u30e5\u30fc\u30eb\"> <label>l\u1ecbch tr\u00ecnh<\/label><br \/>\n<input type=\"checkbox\" name=\"\u5229\u7528\u6a5f\u80fd[]\" value=\"\u30ef\u30fc\u30af\u30d5\u30ed\u30fc\"> <label>quy tr\u00ecnh l\u00e0m vi\u1ec7c<\/label>&nbsp;&nbsp;&nbsp;&nbsp;<input type=\"checkbox\" name=\"\u5229\u7528\u6a5f\u80fd[]\" value=\"\u52e4\u6020\"> <label>S\u1ef1 tham d\u1ef1<\/label><\/td>\n<\/tr>\n<tr>\n<th class=\"bg-light\">L\u1ef1a ch\u1ecdn k\u1ebf ho\u1ea1ch<\/th>\n<td style=\"display: flex; gap: 6px;\"><select style=\"height: 34px; margin: 4px;\" name=\"\u30e6\u30fc\u30b6\u6570\"><option>20 ng\u01b0\u1eddi d\u00f9ng<\/option><option>30 ng\u01b0\u1eddi d\u00f9ng<\/option><option>40 ng\u01b0\u1eddi d\u00f9ng<\/option><option>50 ng\u01b0\u1eddi d\u00f9ng<\/option><option>60 ng\u01b0\u1eddi d\u00f9ng<\/option><option>70 ng\u01b0\u1eddi d\u00f9ng<\/option><option>80 ng\u01b0\u1eddi d\u00f9ng<\/option><option>90 ng\u01b0\u1eddi d\u00f9ng<\/option><option>100 ng\u01b0\u1eddi d\u00f9ng<\/option><option>110 ng\u01b0\u1eddi d\u00f9ng<\/option><option>120 ng\u01b0\u1eddi d\u00f9ng<\/option><option>130 ng\u01b0\u1eddi d\u00f9ng<\/option><option>140 ng\u01b0\u1eddi d\u00f9ng<\/option><option>150 ng\u01b0\u1eddi d\u00f9ng<\/option><option>160 ng\u01b0\u1eddi d\u00f9ng<\/option><option>170 ng\u01b0\u1eddi d\u00f9ng<\/option><option>180 ng\u01b0\u1eddi d\u00f9ng<\/option><option>190 ng\u01b0\u1eddi d\u00f9ng<\/option><option>200 ng\u01b0\u1eddi d\u00f9ng<\/option><option>210 ng\u01b0\u1eddi d\u00f9ng<\/option><option>220 ng\u01b0\u1eddi d\u00f9ng<\/option><option>230 ng\u01b0\u1eddi d\u00f9ng<\/option><option>240 ng\u01b0\u1eddi d\u00f9ng<\/option><option>250 ng\u01b0\u1eddi d\u00f9ng<\/option><option>260 ng\u01b0\u1eddi d\u00f9ng<\/option><option>270 ng\u01b0\u1eddi d\u00f9ng<\/option><option>280 ng\u01b0\u1eddi d\u00f9ng<\/option><option>290 ng\u01b0\u1eddi d\u00f9ng<\/option><option>300 ng\u01b0\u1eddi d\u00f9ng<\/option><option>350 ng\u01b0\u1eddi d\u00f9ng<\/option><option>400 ng\u01b0\u1eddi d\u00f9ng<\/option><option>450 ng\u01b0\u1eddi d\u00f9ng<\/option><option>500 ng\u01b0\u1eddi d\u00f9ng<\/option><option>550 ng\u01b0\u1eddi d\u00f9ng<\/option><option>600 ng\u01b0\u1eddi d\u00f9ng<\/option><option>650 ng\u01b0\u1eddi d\u00f9ng<\/option><option>700 ng\u01b0\u1eddi d\u00f9ng<\/option><option>500 ng\u01b0\u1eddi d\u00f9ng<\/option><option>550 ng\u01b0\u1eddi d\u00f9ng<\/option><option>600 ng\u01b0\u1eddi d\u00f9ng<\/option><option>650 ng\u01b0\u1eddi d\u00f9ng<\/option><option>700 ng\u01b0\u1eddi d\u00f9ng<\/option><option>750 ng\u01b0\u1eddi d\u00f9ng<\/option><option>800 ng\u01b0\u1eddi d\u00f9ng<\/option><option>850 ng\u01b0\u1eddi d\u00f9ng<\/option><option>900 ng\u01b0\u1eddi d\u00f9ng<\/option><option>950 ng\u01b0\u1eddi d\u00f9ng<\/option><option>H\u01a1n 1.000 ng\u01b0\u1eddi d\u00f9ng<\/option><\/select><\/p>\n<p><select style=\"height: 34px; margin: 4px;\" name=\"\u671f\u9593\"><option>1 n\u0103m<\/option><option>Gi\u1ea3m gi\u00e1 2 n\u0103m gi\u1ea3m 5%<\/option><option>Gi\u1ea3m gi\u00e1 3 n\u0103m gi\u1ea3m 12%<\/option><option>Gi\u1ea3m gi\u00e1 4 n\u0103m gi\u1ea3m 20%<\/option><option>Gi\u1ea3m gi\u00e1 5 n\u0103m gi\u1ea3m 30%<\/option><\/select><span style=\"font-size: x-small;\">* Gi\u1ea3m gi\u00e1 khi mua tr\u1ef1c ti\u1ebfp tr\u00ean 2 n\u0103m<\/span><\/td>\n<\/tr>\n<tr>\n<th class=\"bg-light\">\u1ee7ng h\u1ed9<\/th>\n<td style=\"position: relative;\"><input type=\"checkbox\" name=\"\u30b5\u30dd\u30fc\u30c8\" value=\"\u5fc5\u8981\"> <label for=\"doc00\">Y\u00eau c\u1ea7u h\u1ed7 tr\u1ee3 tr\u1ea3 ph\u00ed<span style=\"font-size: x-small; position: absolute; bottom: 2px; left: 12px;\">*T\u01b0 v\u1ea5n n\u00e2ng cao (bao g\u1ed3m h\u1ed9i ngh\u1ecb qua \u0111i\u1ec7n tho\u1ea1i v\u00e0 web) b\u1eaft \u0111\u1ea7u t\u1eeb 20.000 y\u00ean m\u1ed7i th\u00e1ng<\/span><\/label><\/td>\n<\/tr>\n<tr>\n<th class=\"bg-light\">tin nh\u1eafn<\/th>\n<td><textarea name=\"\u305d\u306e\u4ed6\u30e1\u30c3\u30bb\u30fc\u30b8\" cols=\"43\" rows=\"2\" class=\"form-control\"><\/textarea><\/td>\n<\/tr>\n<tr>\n<th class=\"bg-light\">T\u00f4i mu\u1ed1n d\u00f9ng th\u1eed mi\u1ec5n ph\u00ed<\/th>\n<td><input type=\"radio\" name=\"\u7121\u6599\u304a\u8a66\u3057\" value=\"\u4e0d\u8981\" checked=\"checked\"> <label>kh\u00f4ng c\u1ea7n thi\u1ebft<\/label>&nbsp;&nbsp;&nbsp;&nbsp;<input type=\"radio\" name=\"\u7121\u6599\u304a\u8a66\u3057\" value=\"Windows\u7248\"> <label>Phi\u00ean b\u1ea3n CAMServer Windows<\/label>&nbsp;&nbsp;&nbsp;&nbsp;<input type=\"radio\" name=\"\u7121\u6599\u304a\u8a66\u3057\" value=\"MacOS\u7248\"> <label>Phi\u00ean b\u1ea3n CAMServer MacOS<\/label><\/td>\n<\/tr>\n<tr>\n<th class=\"bg-light\">\u01af\u1edbc t\u00ednh\/H\u00f3a \u0111\u01a1n<\/th>\n<td><input type=\"radio\" name=\"\u898b\u7a4d\u66f8\uff0f\u8acb\u6c42\u66f8\" value=\"\u4e0d\u8981\" id=\"doc00\" checked=\"checked\"> <label for=\"doc00\">kh\u00f4ng c\u1ea7n thi\u1ebft<\/label>&nbsp;&nbsp;&nbsp;&nbsp;<input type=\"radio\" name=\"\u898b\u7a4d\u66f8\uff0f\u8acb\u6c42\u66f8\" value=\"\u898b\u7a4d\u66f8\u304c\u5fc5\u8981\" id=\"doc01\"> <label for=\"doc01\">T\u00f4i c\u1ea7n m\u1ed9t b\u00e1o gi\u00e1<\/label>&nbsp;&nbsp;&nbsp;&nbsp;<input type=\"radio\" name=\"\u898b\u7a4d\u66f8\uff0f\u8acb\u6c42\u66f8\" value=\"\u8acb\u6c42\u66f8\u304c\u5fc5\u8981\" id=\"doc02\"> <label for=\"doc02\">T\u00f4i c\u1ea7n m\u1ed9t h\u00f3a \u0111\u01a1n<\/label><\/td>\n<\/tr>\n<tr>\n<th class=\"bg-light\">Tr\u00f2 chuy\u1ec7n &amp; Nh\u1eafn tin<br \/>\nT\u00f4i \u0111\u00e3 h\u1ecdc v\u1ec1 nh\u01b0 th\u1ebf n\u00e0o<\/th>\n<td><input type=\"checkbox\" name=\"\u7d4c\u8def[]\" value=\"\u65e2\u306b\u5229\u7528\u3057\u3066\u3044\u305f\"> <label>\u0111\u00e3 s\u1eed d\u1ee5ng<\/label>&nbsp;&nbsp;&nbsp;&nbsp;<input type=\"checkbox\" name=\"\u7d4c\u8def[]\" value=\"\u691c\u7d22\u5e83\u544a\"> <label>qu\u1ea3ng c\u00e1o t\u00ecm ki\u1ebfm<\/label>&nbsp;&nbsp;&nbsp;&nbsp;<input type=\"checkbox\" name=\"\u7d4c\u8def[]\" value=\"Facebook\u5e83\u544a\"> <label>Qu\u1ea3ng c\u00e1o tr\u00ean Facebook<\/label>&nbsp;&nbsp;&nbsp;&nbsp;<input size=\"20\" type=\"text\" name=\"\u7d4c\u8def\u305d\u306e\u4ed6\" placeholder=\"Tr\u01b0\u1eddng h\u1ee3p kh\u00e1c vui l\u00f2ng ghi v\u00e0o \u0111\u00e2y\" class=\"form-control w-50\"><\/td>\n<\/tr>\n<\/tbody>\n<\/table>\n<div class=\"text-center\" style=\"display: flex; justify-content: center; gap: 10px; height: 50px;\"><input style=\"width: 140px;\" type=\"submit\" value=\"x\u00e1c nh\u1eadn\" class=\"btn btn-info btn-confirm\"><br \/>\n<input style=\"width: 120px;\" type=\"reset\" value=\"c\u00e0i l\u1ea1i\" class=\"btn btn-reset\"><br \/>\n<input style=\"width: 140px;\" type=\"button\" onclick=\"submitForm()\" value=\"g\u1eedi\" class=\"btn btn-info btn-submit d-none\"><\/p>\n<p><input style=\"width: 120px;\" type=\"button\" value=\"tr\u1edf l\u1ea1i\" class=\"btn btn-back d-none\"><\/p>\n<\/div>\n<link href=\"https:\/\/chat-messenger.com\/css\/bootstrap.min.css?ver=1.2.5\" rel=\"stylesheet\">\n<script src=\"\/js\/form\/validation\/jquery.validationEngine.js\"><\/script><br \/>\n<script src=\"\/js\/form\/validation\/jquery.validationEngine-ja.js\"><\/script>\n \t \t \t \t \t \t \t \t \t \t \t \t \t \t \t \t \t \t \t \t \t \t \t \t \t \t \t \t \t \t \t \t \t \t \t \t \t \t \t \t \t \t \t \t \t \t \t \t \t \t \t \t \t \t \t \t \t \t \t \t \t \t \t \t \t \t \t \t \t \t \t \t \t \t \t \t \t \t \t \t \t \t \t \t \t \t \t \t \t \t \t \t \t \t \t \t \t \t \t<link href=\"\/js\/form\/validation\/validationEngine.jquery.css\" rel=\"stylesheet\">\n<script src=\"\/js\/form\/form.js\"><\/script><\/p>\n<input type=\"hidden\" name=\"trp-form-language\" value=\"vi\"\/><\/form>\n<\/div>","protected":false},"excerpt":{"rendered":"<p>N\u1ebfu th\u00f4ng tin b\u00ean d\u01b0\u1edbi l\u00e0 ch\u00ednh x\u00e1c, vui l\u00f2ng nh\u1ea5n n\u00fat &quot;G\u1eedi&quot;. T\u00ean t\u1ed5 ch\u1ee9c T\u00ean b\u1eaft bu\u1ed9c B\u1eaft bu\u1ed9c Email b\u1eaft bu\u1ed9c [\u2026]<\/p>","protected":false},"author":1,"featured_media":0,"parent":37,"menu_order":0,"comment_status":"closed","ping_status":"closed","template":"","meta":{"swell_btn_cv_data":""},"_links":{"self":[{"href":"https:\/\/chat-messenger.com\/vi\/wp-json\/wp\/v2\/pages\/1616"}],"collection":[{"href":"https:\/\/chat-messenger.com\/vi\/wp-json\/wp\/v2\/pages"}],"about":[{"href":"https:\/\/chat-messenger.com\/vi\/wp-json\/wp\/v2\/types\/page"}],"author":[{"embeddable":true,"href":"https:\/\/chat-messenger.com\/vi\/wp-json\/wp\/v2\/users\/1"}],"replies":[{"embeddable":true,"href":"https:\/\/chat-messenger.com\/vi\/wp-json\/wp\/v2\/comments?post=1616"}],"version-history":[{"count":9,"href":"https:\/\/chat-messenger.com\/vi\/wp-json\/wp\/v2\/pages\/1616\/revisions"}],"predecessor-version":[{"id":12792,"href":"https:\/\/chat-messenger.com\/vi\/wp-json\/wp\/v2\/pages\/1616\/revisions\/12792"}],"up":[{"embeddable":true,"href":"https:\/\/chat-messenger.com\/vi\/wp-json\/wp\/v2\/pages\/37"}],"wp:attachment":[{"href":"https:\/\/chat-messenger.com\/vi\/wp-json\/wp\/v2\/media?parent=1616"}],"curies":[{"name":"wp","href":"https:\/\/api.w.org\/{rel}","templated":true}]}}