{"id":1507,"date":"2018-11-26T16:40:40","date_gmt":"2018-11-26T07:40:40","guid":{"rendered":"https:\/\/chat-messenger.com\/?page_id=1507"},"modified":"2024-06-19T02:04:44","modified_gmt":"2024-06-18T17:04:44","slug":"crowd_license","status":"publish","type":"page","link":"https:\/\/chat-messenger.com\/vi\/lien-he-chung-toi\/dam-dong_giay-phep","title":{"rendered":"\u0110\u0103ng k\u00fd \u0110\u00e1m m\u00e2y tr\u00f2 chuy\u1ec7n &amp; Messenger"},"content":{"rendered":"<div style=\"max-width: 860px;\">\n<p class=\"form-info d-none point\" style=\"max-width: 610px;\"><b>N\u1ebfu th\u00f4ng tin b\u00ean d\u01b0\u1edbi l\u00e0 ch\u00ednh x\u00e1c, vui l\u00f2ng nh\u1ea5n n\u00fat &quot;G\u1eedi&quot;.<\/b><\/p>\n<form id=\"request_form\" method=\"post\" action=\"\/vi\/cgi-bin\/request.php\/\" class=\"form-contact form-confirm\" data-trp-original-action=\"\/cgi-bin\/request.php\">\n<table class=\"table table-bordered\">\n<tbody>\n<tr>\n<th width=\"200\" class=\"bg-light\">T\u00ean t\u1ed5 ch\u1ee9c <span class=\"badge badge-danger required\">Y\u00eau c\u1ea7u<\/span><\/th>\n<td><input size=\"30\" type=\"text\" name=\"\u4f1a\u793e\u540d\/\u56e3\u4f53\u540d\" placeholder=\"T\u00ean ch\u00ednh th\u1ee9c c\u1ee7a c\u00f4ng ty\/t\u1ed5 ch\u1ee9c\" class=\"form-control w-50\" required=\"\"><\/td>\n<\/tr>\n<tr>\n<th width=\"170\" class=\"bg-light\">t\u00ean <span class=\"badge badge-danger required\">Y\u00eau c\u1ea7u<\/span><\/th>\n<td>\n<input size=\"20\" type=\"text\" name=\"\u304a\u540d\u524d\" class=\"form-control w-50\" required=\"\"><\/td>\n<\/tr>\n<tr><\/tr>\n<tr>\n<th class=\"bg-light\">E-mail <span class=\"badge badge-danger required\">Y\u00eau c\u1ea7u<\/span><\/th>\n<td>\n<input size=\"24\" placeholder=\"Email c\u00f4ng ty c\u1ee7a b\u1ea1n\" type=\"text\" name=\"Email\" class=\"form-control w-50\" data-validation-engine=\"validate[required, custom[email]]\" required=\"\"><\/td>\n<\/tr>\n<tr>\n<th class=\"bg-light\">s\u1ed1 \u0111i\u1ec7n tho\u1ea1i <span class=\"badge badge-danger required\">Y\u00eau c\u1ea7u<\/span><\/th>\n<td>\n     <input size=\"20\" type=\"text\" name=\"\u96fb\u8a71\u756a\u53f7\" class=\"form-control w-50\" data-validation-engine=\"validate[required]\" required=\"\"><\/td>\n<\/tr>\n<tr>\n<th class=\"bg-light\">G\u00f3i gi\u00e1<\/p>\n<div style=\"mergin-top:5px;font-size: 0.8em;\">\n<a href=\"https:\/\/chat-messenger.com\/vi\/lien-he-chung-toi\/ke-hoach-dam-dong\/\">S\u1ef1 kh\u00e1c bi\u1ec7t trong k\u1ebf ho\u1ea1ch v\u00e0 \u0111i\u1ec1u kho\u1ea3n s\u1eed d\u1ee5ng<\/a><\/div>\n<\/th>\n<td>\n<table style=\"border: none !important;margin-bottom: 0px;width:400px\">\n<tbody>\n<tr>\n<td style=\"border: none !important;padding:4px\">\n<input type=\"radio\" name=\"\u6599\u91d1\u30d7\u30e9\u30f3\" value=\"Free\" id=\"Free\"> <label for=\"Free\">Mi\u1ec5n ph\u00ed \u00a50<\/label><\/td>\n<td style=\"border: none !important;padding:4px\">\n     <input type=\"radio\" name=\"\u6599\u91d1\u30d7\u30e9\u30f3\" value=\"Standard\" id=\"Standard\"> <label for=\"Standard\">Ti\u00eau chu\u1ea9n \u00a5300<\/label><\/td>\n<\/tr>\n<tr>\n<td style=\"border: none !important;padding:4px\">\n     <input type=\"radio\" name=\"\u6599\u91d1\u30d7\u30e9\u30f3\" value=\"Enterprise\" id=\"Enterprise\" checked=\"\"> <label for=\"Enterprise\">Doanh nghi\u1ec7p \u00a5600<\/label><\/td>\n<td style=\"border: none !important;padding:4px\">\n     <input type=\"radio\" name=\"\u6599\u91d1\u30d7\u30e9\u30f3\" value=\"Ultimate\" id=\"Ultimate\"> <label for=\"Ultimate\">T\u1ed1i \u0111a 1.000 y\u00ean<\/label><\/td>\n<\/tr>\n<\/tbody>\n<\/table>\n<\/td>\n<\/tr>\n<tr>\n<th class=\"bg-light\">Kho\u1ea3ng th\u1eddi gian\/s\u1ed1 l\u01b0\u1ee3ng ng\u01b0\u1eddi d\u00f9ng<\/th>\n<td style=\"display: flex; gap:10px;\">\n<select style=\"height:36px;margin:4px\" name=\"\u671f\u9593\"><option>1 n\u0103m<\/option><option>Gi\u1ea3m gi\u00e1 2 n\u0103m gi\u1ea3m 4%<\/option><option>Gi\u1ea3m gi\u00e1 3 n\u0103m gi\u1ea3m 10%<\/option><option>Gi\u1ea3m gi\u00e1 4 n\u0103m gi\u1ea3m 17%<\/option><option>Gi\u1ea3m gi\u00e1 5 n\u0103m Gi\u1ea3m 25%<\/option><\/select><\/p>\n<p><input style=\"height:36px;margin:4px; margin-left:16px;\" size=\"10\" type=\"text\" name=\"\u5229\u7528\u30e6\u30fc\u30b6\u6570\" placeholder=\"S\u1ed1 l\u01b0\u1ee3ng ng\u01b0\u1eddi d\u00f9ng\" required=\"\"><\/td>\n<\/tr>\n<tr>\n<th class=\"bg-light\">Ch\u1ee9c n\u0103ng s\u1eed d\u1ee5ng<\/th>\n<td>\n<input type=\"checkbox\" name=\"\u5229\u7528\u6a5f\u80fd[]\" value=\"\u30d3\u30b8\u30cd\u30b9\u30c1\u30e3\u30c3\u30c8\" checked=\"\"> <label>tr\u00f2 chuy\u1ec7n kinh doanh<\/label>&nbsp;&nbsp;&nbsp;&nbsp;<input type=\"checkbox\" name=\"\u5229\u7528\u6a5f\u80fd[]\" value=\"Web\u4f1a\u8b70\"> <label>H\u1ed9i th\u1ea3o tr\u00ean web<\/label>&nbsp;&nbsp;&nbsp;&nbsp;<input type=\"checkbox\" name=\"\u5229\u7528\u6a5f\u80fd[]\" value=\"\u30c9\u30ad\u30e5\u30e1\u30f3\u30c8\u5171\u6709\"> <label>qu\u1ea3n l\u00fd t\u00e0i li\u1ec7u<\/label>&nbsp;&nbsp;&nbsp;&nbsp;<input type=\"checkbox\" name=\"\u5229\u7528\u6a5f\u80fd[]\" value=\"\u30b9\u30b1\u30b8\u30e5\u30fc\u30eb\"> <label>l\u1ecbch tr\u00ecnh<\/label><br \/>\n&nbsp;&nbsp;&nbsp;&nbsp;<input type=\"checkbox\" name=\"\u5229\u7528\u6a5f\u80fd[]\" value=\"\u30ef\u30fc\u30af\u30d5\u30ed\u30fc\"> <label>quy tr\u00ecnh l\u00e0m vi\u1ec7c<\/label>&nbsp;&nbsp;&nbsp;&nbsp;<input type=\"checkbox\" name=\"\u5229\u7528\u6a5f\u80fd[]\" value=\"\u52e4\u6020\u7ba1\u7406\"> <label>Qu\u1ea3n l\u00fd ch\u1ea5m c\u00f4ng<\/label><\/td>\n<\/tr>\n<tr>\n<th class=\"bg-light\">Tr\u00f2 chuy\u1ec7n &amp; Nh\u1eafn tin<br \/>\nT\u00f4i \u0111\u00e3 h\u1ecdc v\u1ec1 nh\u01b0 th\u1ebf n\u00e0o<\/th>\n<td>\n<input type=\"checkbox\" name=\"\u7d4c\u8def[]\" value=\"\u65e2\u306b\u5229\u7528\u3057\u3066\u3044\u305f\"> <label>\u0111\u00e3 s\u1eed d\u1ee5ng<\/label>&nbsp;&nbsp;&nbsp;&nbsp;<input type=\"checkbox\" name=\"\u7d4c\u8def[]\" value=\"\u691c\u7d22\u4e0a\u90e8\u306e\u5e83\u544a\"> <label>Qu\u1ea3ng c\u00e1o \u1edf \u0111\u1ea7u t\u00ecm ki\u1ebfm<\/label>&nbsp;&nbsp;&nbsp;&nbsp;<input type=\"checkbox\" name=\"\u7d4c\u8def[]\" value=\"Facebook\u5e83\u544a\"> <label>Qu\u1ea3ng c\u00e1o tr\u00ean Facebook<\/label>&nbsp;&nbsp;&nbsp;&nbsp;<input size=\"20\" type=\"text\" name=\"\u7d4c\u8def\u305d\u306e\u4ed6\" placeholder=\"Tr\u01b0\u1eddng h\u1ee3p kh\u00e1c vui l\u00f2ng ghi v\u00e0o \u0111\u00e2y\" class=\"form-control w-50\"><\/td>\n<\/tr>\n<tr>\n<th class=\"bg-light\">\u01af\u1edbc t\u00ednh\/H\u00f3a \u0111\u01a1n<\/th>\n<td>\n<input type=\"radio\" name=\"\u898b\u7a4d\u66f8\uff0f\u8acb\u6c42\u66f8\" value=\"\u4e0d\u8981\" id=\"doc01\" checked=\"\"> <label for=\"doc01\">kh\u00f4ng c\u1ea7n thi\u1ebft<\/label>&nbsp;&nbsp;&nbsp;&nbsp;<input type=\"radio\" name=\"\u898b\u7a4d\u66f8\uff0f\u8acb\u6c42\u66f8\" value=\"\u898b\u7a4d\u66f8\u304c\u5fc5\u8981\" id=\"doc01\"> <label for=\"doc01\">T\u00f4i c\u1ea7n m\u1ed9t b\u00e1o gi\u00e1<\/label>&nbsp;&nbsp;&nbsp;&nbsp;<input type=\"radio\" name=\"\u898b\u7a4d\u66f8\uff0f\u8acb\u6c42\u66f8\" value=\"\u8acb\u6c42\u66f8\u304c\u5fc5\u8981\" id=\"doc02\"> <label for=\"doc02\">T\u00f4i c\u1ea7n m\u1ed9t h\u00f3a \u0111\u01a1n<\/label>&nbsp;&nbsp;&nbsp;&nbsp;<input type=\"radio\" name=\"\u898b\u7a4d\u66f8\uff0f\u8acb\u6c42\u66f8\" value=\"\u4e21\u65b9\u5fc5\u8981\" id=\"doc03\"> <label for=\"doc03\">c\u1ea3 hai \u0111\u1ec1u \u0111\u01b0\u1ee3c y\u00eau c\u1ea7u<\/label><\/td>\n<\/tr>\n<tr>\n<th class=\"bg-light\">tin nh\u1eafn<\/th>\n<td>\n<textarea name=\"\u305d\u306e\u4ed6\u30e1\u30c3\u30bb\u30fc\u30b8\" cols=\"43\" rows=\"2\" class=\"form-control\"><\/textarea><\/td>\n<\/tr>\n<tr><\/tr>\n<\/tbody>\n<\/table>\n<div class=\"text-center\" style=\"display: flex; justify-content: center; gap: 10px; height: 50px\">\n<input style=\"width: 140px;\" type=\"submit\" value=\"x\u00e1c nh\u1eadn\" class=\"btn btn-info btn-confirm\"><br \/>\n<input style=\"width: 120px;\" type=\"reset\" value=\"c\u00e0i l\u1ea1i\" class=\"btn btn-reset\"><br \/>\n<input style=\"width: 140px;\" type=\"button\" onclick=\"submitForm()\" value=\"g\u1eedi\" class=\"btn btn-info btn-submit d-none\"><br \/>\n<input style=\"width: 120px;\" type=\"button\" value=\"tr\u1edf l\u1ea1i\" class=\"btn btn-back d-none\"><\/div>\n<input type=\"hidden\" name=\"trp-form-language\" value=\"vi\"\/><\/form>\n<p><script src=\"\/js\/form\/validation\/jquery.validationEngine.js\"><\/script><br \/>\n<script src=\"\/js\/form\/validation\/jquery.validationEngine-ja.js\"><\/script>\n \t \t \t \t \t \t \t \t \t \t \t \t \t \t \t \t \t \t \t \t \t \t \t \t \t \t \t \t \t \t \t \t \t \t \t \t<link href=\"https:\/\/chat-messenger.com\/css\/bootstrap.min.css?ver=1.2.5\" rel=\"stylesheet\"> \t \t \t \t \t \t \t \t \t \t \t \t \t \t \t \t \t \t \t \t \t \t \t \t \t \t \t \t \t \t \t \t \t \t \t \t \t \t \t \t \t \t \t \t \t \t \t \t \t \t \t \t \t \t \t \t \t \t \t \t<link href=\"\/js\/form\/validation\/validationEngine.jquery.css\" rel=\"stylesheet\">\n<script src=\"\/js\/form\/form.js\"><\/script><\/p>\n<\/div>\n<p><!--\n\n\n<div class=\"point\">\n2021\/12\/08 \u73fe\u5728\u554f\u3044\u5408\u308f\u305b\u30e1\u30fc\u30eb\u304c\u5c4a\u304b\u306a\u3044\u969c\u5bb3\u304c\u767a\u751f\u3057\u3066\u304a\u308a\u307e\u3059\u3002\u660e\u65e5\u4ee5\u964d\u306b\u304a\u554f\u3044\u5408\u308f\u305b\u304f\u3060\u3055\u3044\u307e\u305b<\/div>\n\n\n--><\/p>","protected":false},"excerpt":{"rendered":"<p>N\u1ebfu th\u00f4ng tin b\u00ean d\u01b0\u1edbi l\u00e0 ch\u00ednh x\u00e1c, vui l\u00f2ng nh\u1ea5n n\u00fat &quot;G\u1eedi&quot;. T\u00ean t\u1ed5 ch\u1ee9c T\u00ean b\u1eaft bu\u1ed9c B\u1eaft bu\u1ed9c Email b\u1eaft bu\u1ed9c [\u2026]<\/p>","protected":false},"author":2,"featured_media":0,"parent":37,"menu_order":0,"comment_status":"closed","ping_status":"closed","template":"","meta":{"swell_btn_cv_data":""},"_links":{"self":[{"href":"https:\/\/chat-messenger.com\/vi\/wp-json\/wp\/v2\/pages\/1507"}],"collection":[{"href":"https:\/\/chat-messenger.com\/vi\/wp-json\/wp\/v2\/pages"}],"about":[{"href":"https:\/\/chat-messenger.com\/vi\/wp-json\/wp\/v2\/types\/page"}],"author":[{"embeddable":true,"href":"https:\/\/chat-messenger.com\/vi\/wp-json\/wp\/v2\/users\/2"}],"replies":[{"embeddable":true,"href":"https:\/\/chat-messenger.com\/vi\/wp-json\/wp\/v2\/comments?post=1507"}],"version-history":[{"count":9,"href":"https:\/\/chat-messenger.com\/vi\/wp-json\/wp\/v2\/pages\/1507\/revisions"}],"predecessor-version":[{"id":11078,"href":"https:\/\/chat-messenger.com\/vi\/wp-json\/wp\/v2\/pages\/1507\/revisions\/11078"}],"up":[{"embeddable":true,"href":"https:\/\/chat-messenger.com\/vi\/wp-json\/wp\/v2\/pages\/37"}],"wp:attachment":[{"href":"https:\/\/chat-messenger.com\/vi\/wp-json\/wp\/v2\/media?parent=1507"}],"curies":[{"name":"wp","href":"https:\/\/api.w.org\/{rel}","templated":true}]}}