{"id":9584,"date":"2023-12-15T14:56:18","date_gmt":"2023-12-15T05:56:18","guid":{"rendered":"https:\/\/chat-messenger.com\/?page_id=9584"},"modified":"2023-12-15T14:56:30","modified_gmt":"2023-12-15T05:56:30","slug":"info","status":"publish","type":"page","link":"https:\/\/chat-messenger.com\/fr\/info","title":{"rendered":"Avis."},"content":{"rendered":"<div class=\"wp-block-columns\">\n<div class=\"wp-block-column\" style=\"flex-basis:100%\"><div class=\"p-postListWrap\"><ul class=\"p-postList -type-card -pc-col3 -sp-col1\"><li class=\"p-postList__item\">\n\t<a href=\"https:\/\/chat-messenger.com\/fr\/info\/camserver_history\" class=\"p-postList__link\">\n\t\t<div class=\"p-postList__thumb c-postThumb noimg_\">\n\t<figure class=\"c-postThumb__figure\">\n\t\t<img loading=\"lazy\" src=\"https:\/\/chat-messenger.com\/wp-content\/themes\/swell\/assets\/img\/no_img.png\" alt=\"\" class=\"c-postThumb__img u-obf-cover\">\t<\/figure>\n\t\t\t<span class=\"c-postThumb__cat icon-folder\" data-cat-id=\"5\">Annonce du produit<\/span>\n\t<\/div>\n\t\t\t\t\t<div class=\"p-postList__body\">\n\t\t\t\t<h2 class=\"p-postList__title\">\u3010\u30aa\u30f3\u30d7\u30ec\u30df\u30b9\u3011\u793e\u5185\u30c7\u30fc\u30bf\u3092\u5b66\u7fd2\u3057\u3001\u8cea\u554f\u306b\u7b54\u3048\u308b\u30aa\u30f3\u30d7\u30ec\u30df\u30b9AI<\/h2>\t\t\t\t\t\t\t\t<div class=\"p-postList__meta\">\n\t\t\t\t\t<div class=\"p-postList__times c-postTimes u-thin\">\n\t<time class=\"c-postTimes__posted icon-posted\" datetime=\"2026-04-08\" aria-label=\"date de sortie\">2026\u5e744\u67088\u65e5<\/time><\/div>\n\t\t\t\t<\/div>\n\t\t\t<\/div>\n\t\t\t<\/a>\n<\/li>\n<li class=\"p-postList__item\">\n\t<a href=\"https:\/\/chat-messenger.com\/fr\/info\/historique-des-applications-web\" class=\"p-postList__link\">\n\t\t<div class=\"p-postList__thumb c-postThumb noimg_\">\n\t<figure class=\"c-postThumb__figure\">\n\t\t<img loading=\"lazy\" src=\"https:\/\/chat-messenger.com\/wp-content\/themes\/swell\/assets\/img\/no_img.png\" alt=\"\" class=\"c-postThumb__img u-obf-cover\">\t<\/figure>\n\t\t\t<span class=\"c-postThumb__cat icon-folder\" data-cat-id=\"5\">Annonce du produit<\/span>\n\t<\/div>\n\t\t\t\t\t<div class=\"p-postList__body\">\n\t\t\t\t<h2 class=\"p-postList__title\">\u3010\u30af\u30e9\u30a6\u30c9\u3011\u30c8\u30fc\u30afUI\u306e\u30a4\u30f3\u30bf\u30fc\u30d5\u30a7\u30fc\u30b9\u6539\u826f<\/h2>\t\t\t\t\t\t\t\t<div class=\"p-postList__meta\">\n\t\t\t\t\t<div class=\"p-postList__times c-postTimes u-thin\">\n\t<time class=\"c-postTimes__posted icon-posted\" datetime=\"2026-02-15\" aria-label=\"date de sortie\">2026\u5e742\u670815\u65e5<\/time><\/div>\n\t\t\t\t<\/div>\n\t\t\t<\/div>\n\t\t\t<\/a>\n<\/li>\n<li class=\"p-postList__item\">\n\t<a href=\"https:\/\/chat-messenger.com\/fr\/medias\/mh-tec\" class=\"p-postList__link\">\n\t\t<div class=\"p-postList__thumb c-postThumb\">\n\t<figure class=\"c-postThumb__figure\">\n\t\t<img width=\"1024\" height=\"580\"  src=\"https:\/\/chat-messenger.com\/wp-content\/uploads\/2026\/01\/image-1.png\" alt=\"\" class=\"c-postThumb__img u-obf-cover\" sizes=\"(min-width: 960px) 400px, 100vw\" loading=\"lazy\" >\t<\/figure>\n\t\t\t<span class=\"c-postThumb__cat icon-folder\" data-cat-id=\"32\">publication<\/span>\n\t<\/div>\n\t\t\t\t\t<div class=\"p-postList__body\">\n\t\t\t\t<h2 class=\"p-postList__title\">\u682a\u5f0f\u4f1a\u793e\u30e1\u30f3\u30bf\u30eb\u30d8\u30eb\u30b9\u30c6\u30af\u30ce\u30ed\u30b8\u30fc\u30ba\u69d8\u306e\u904b\u55b6\u3059\u308b\u30e1\u30c7\u30a3\u30a2\u300c\u7523\u696d\u533b\u30ca\u30d3\u300d\u5185\u306e\u8a18\u4e8b\u306b\u5f53\u793e\u304c\u63b2\u8f09\u3055\u308c\u307e\u3057\u305f\u3002<\/h2>\t\t\t\t\t\t\t\t<div class=\"p-postList__meta\">\n\t\t\t\t\t<div class=\"p-postList__times c-postTimes u-thin\">\n\t<time class=\"c-postTimes__posted icon-posted\" datetime=\"2026-01-27\" aria-label=\"date de sortie\">2026\u5e741\u670827\u65e5<\/time><\/div>\n\t\t\t\t<\/div>\n\t\t\t<\/div>\n\t\t\t<\/a>\n<\/li>\n<li class=\"p-postList__item\">\n\t<a href=\"https:\/\/chat-messenger.com\/fr\/medias\/oooh\" class=\"p-postList__link\">\n\t\t<div class=\"p-postList__thumb c-postThumb\">\n\t<figure class=\"c-postThumb__figure\">\n\t\t<img width=\"1024\" height=\"572\"  src=\"https:\/\/chat-messenger.com\/wp-content\/uploads\/2025\/12\/image-4.png\" alt=\"\" class=\"c-postThumb__img u-obf-cover\" sizes=\"(min-width: 960px) 400px, 100vw\" loading=\"lazy\" >\t<\/figure>\n\t\t\t<span class=\"c-postThumb__cat icon-folder\" data-cat-id=\"32\">publication<\/span>\n\t<\/div>\n\t\t\t\t\t<div class=\"p-postList__body\">\n\t\t\t\t<h2 class=\"p-postList__title\">Oooh Magazine\u306e\u8a18\u4e8b\u300c\u3010\u65c5\u884c\u30fb\u89b3\u5149\u30d3\u30b8\u30cd\u30b9\u5411\u3051\u306b\u3082\u3011\u30b7\u30b9\u30c6\u30e0\u958b\u767a\u30fbDX\/IT\u30b5\u30fc\u30d3\u30b9\u4f1a\u793e\u3092\u53b3\u9078\u7d39\u4ecb\u300d\u306b\u5f53\u793e\u304c\u63b2\u8f09\u3055\u308c\u307e\u3057\u305f\u3002<\/h2>\t\t\t\t\t\t\t\t<div class=\"p-postList__meta\">\n\t\t\t\t\t<div class=\"p-postList__times c-postTimes u-thin\">\n\t<time class=\"c-postTimes__posted icon-posted\" datetime=\"2025-12-15\" aria-label=\"date de sortie\">2025\u5e7412\u670815\u65e5<\/time><\/div>\n\t\t\t\t<\/div>\n\t\t\t<\/div>\n\t\t\t<\/a>\n<\/li>\n<li class=\"p-postList__item\">\n\t<a href=\"https:\/\/chat-messenger.com\/fr\/medias\/fms\" class=\"p-postList__link\">\n\t\t<div class=\"p-postList__thumb c-postThumb\">\n\t<figure class=\"c-postThumb__figure\">\n\t\t<img width=\"1024\" height=\"567\"  src=\"https:\/\/chat-messenger.com\/wp-content\/uploads\/2025\/10\/image.png\" alt=\"\" class=\"c-postThumb__img u-obf-cover\" sizes=\"(min-width: 960px) 400px, 100vw\" loading=\"lazy\" >\t<\/figure>\n\t\t\t<span class=\"c-postThumb__cat icon-folder\" data-cat-id=\"32\">publication<\/span>\n\t<\/div>\n\t\t\t\t\t<div class=\"p-postList__body\">\n\t\t\t\t<h2 class=\"p-postList__title\">\u682a\u5f0f\u4f1a\u793e\u30d5\u30a3\u30fc\u30eb\u30c9\u30de\u30fc\u30b1\u30c6\u30a3\u30f3\u30b0\u30b7\u30b9\u30c6\u30e0\u30ba \u306e\u300c \u304a\u30b9\u30b9\u30e1\u306eDX\u95a2\u9023\u30b5\u30fc\u30d3\u30b9\u63d0\u4f9b\u4f1a\u793e\u307e\u3068\u3081\u300d\u306b\u5f53\u793e\u304c\u7d39\u4ecb\u3055\u308c\u307e\u3057\u305f\u3002<\/h2>\t\t\t\t\t\t\t\t<div class=\"p-postList__meta\">\n\t\t\t\t\t<div class=\"p-postList__times c-postTimes u-thin\">\n\t<time class=\"c-postTimes__posted icon-posted\" datetime=\"2025-10-28\" aria-label=\"date de sortie\">2025\u5e7410\u670828\u65e5<\/time><\/div>\n\t\t\t\t<\/div>\n\t\t\t<\/div>\n\t\t\t<\/a>\n<\/li>\n<li class=\"p-postList__item\">\n\t<a href=\"https:\/\/chat-messenger.com\/fr\/medias\/axiamark\" class=\"p-postList__link\">\n\t\t<div class=\"p-postList__thumb c-postThumb\">\n\t<figure class=\"c-postThumb__figure\">\n\t\t<img width=\"1024\" height=\"509\"  src=\"https:\/\/chat-messenger.com\/wp-content\/uploads\/2025\/09\/image-5.png\" alt=\"\" class=\"c-postThumb__img u-obf-cover\" sizes=\"(min-width: 960px) 400px, 100vw\" loading=\"lazy\" >\t<\/figure>\n\t\t\t<span class=\"c-postThumb__cat icon-folder\" data-cat-id=\"32\">publication<\/span>\n\t<\/div>\n\t\t\t\t\t<div class=\"p-postList__body\">\n\t\t\t\t<h2 class=\"p-postList__title\">Nous avons \u00e9t\u00e9 mis en avant dans la rubrique Marketing d&#039;AXIA\u00a0: \u00ab\u00a0Forts en digitalisation et efficacit\u00e9 commerciale\u00a0! Un aper\u00e7u des prestataires de services fiables li\u00e9s \u00e0 la transformation num\u00e9rique.\u00a0\u00bb<\/h2>\t\t\t\t\t\t\t\t<div class=\"p-postList__meta\">\n\t\t\t\t\t<div class=\"p-postList__times c-postTimes u-thin\">\n\t<time class=\"c-postTimes__posted icon-posted\" datetime=\"2025-09-24\" aria-label=\"date de sortie\">24 septembre 2025<\/time><\/div>\n\t\t\t\t<\/div>\n\t\t\t<\/div>\n\t\t\t<\/a>\n<\/li>\n<li class=\"p-postList__item\">\n\t<a href=\"https:\/\/chat-messenger.com\/fr\/info\/desktop-cloud-connection-end\" class=\"p-postList__link\">\n\t\t<div class=\"p-postList__thumb c-postThumb noimg_\">\n\t<figure class=\"c-postThumb__figure\">\n\t\t<img loading=\"lazy\" src=\"https:\/\/chat-messenger.com\/wp-content\/themes\/swell\/assets\/img\/no_img.png\" alt=\"\" class=\"c-postThumb__img u-obf-cover\">\t<\/figure>\n\t\t\t<span class=\"c-postThumb__cat icon-folder\" data-cat-id=\"5\">Annonce du produit<\/span>\n\t<\/div>\n\t\t\t\t\t<div class=\"p-postList__body\">\n\t\t\t\t<h2 class=\"p-postList__title\">[Bureau] La fonctionnalit\u00e9 de connexion au cloud pour la version de bureau de Chat &amp; Messenger sera supprim\u00e9e<\/h2>\t\t\t\t\t\t\t\t<div class=\"p-postList__meta\">\n\t\t\t\t\t<div class=\"p-postList__times c-postTimes u-thin\">\n\t<time class=\"c-postTimes__posted icon-posted\" datetime=\"2025-09-05\" aria-label=\"date de sortie\">5 septembre 2025<\/time><\/div>\n\t\t\t\t<\/div>\n\t\t\t<\/div>\n\t\t\t<\/a>\n<\/li>\n<li class=\"p-postList__item\">\n\t<a href=\"https:\/\/chat-messenger.com\/fr\/medias\/carecon\" class=\"p-postList__link\">\n\t\t<div class=\"p-postList__thumb c-postThumb\">\n\t<figure class=\"c-postThumb__figure\">\n\t\t<img width=\"1024\" height=\"537\"  src=\"https:\/\/chat-messenger.com\/wp-content\/uploads\/2025\/08\/image.png\" alt=\"\" class=\"c-postThumb__img u-obf-cover\" sizes=\"(min-width: 960px) 400px, 100vw\" loading=\"lazy\" >\t<\/figure>\n\t\t\t<span class=\"c-postThumb__cat icon-folder\" data-cat-id=\"32\">publication<\/span>\n\t<\/div>\n\t\t\t\t\t<div class=\"p-postList__body\">\n\t\t\t\t<h2 class=\"p-postList__title\">Notre soci\u00e9t\u00e9 a \u00e9t\u00e9 pr\u00e9sent\u00e9e dans un article sp\u00e9cial sur les entreprises qui ont introduit DX par domaine sur \u00ab\u00a0CAREECON\u00a0\u00bb, un service de mise en relation pour le secteur de la construction exploit\u00e9 par BRANU Co., Ltd.<\/h2>\t\t\t\t\t\t\t\t<div class=\"p-postList__meta\">\n\t\t\t\t\t<div class=\"p-postList__times c-postTimes u-thin\">\n\t<time class=\"c-postTimes__posted icon-posted\" datetime=\"2025-08-04\" aria-label=\"date de sortie\">4 ao\u00fbt 2025<\/time><\/div>\n\t\t\t\t<\/div>\n\t\t\t<\/div>\n\t\t\t<\/a>\n<\/li>\n<li class=\"p-postList__item\">\n\t<a href=\"https:\/\/chat-messenger.com\/fr\/medias\/voit\" class=\"p-postList__link\">\n\t\t<div class=\"p-postList__thumb c-postThumb\">\n\t<figure class=\"c-postThumb__figure\">\n\t\t<img width=\"1024\" height=\"426\"  src=\"https:\/\/chat-messenger.com\/wp-content\/uploads\/2025\/07\/image-7.png\" alt=\"\" class=\"c-postThumb__img u-obf-cover\" sizes=\"(min-width: 960px) 400px, 100vw\" loading=\"lazy\" >\t<\/figure>\n\t\t\t<span class=\"c-postThumb__cat icon-folder\" data-cat-id=\"32\">publication<\/span>\n\t<\/div>\n\t\t\t\t\t<div class=\"p-postList__body\">\n\t\t\t\t<h2 class=\"p-postList__title\">Notre entreprise a \u00e9t\u00e9 pr\u00e9sent\u00e9e dans les services DX recommand\u00e9s g\u00e9r\u00e9s par Miraie Co., Ltd.<\/h2>\t\t\t\t\t\t\t\t<div class=\"p-postList__meta\">\n\t\t\t\t\t<div class=\"p-postList__times c-postTimes u-thin\">\n\t<time class=\"c-postTimes__posted icon-posted\" datetime=\"2025-07-28\" aria-label=\"date de sortie\">28 juillet 2025<\/time><\/div>\n\t\t\t\t<\/div>\n\t\t\t<\/div>\n\t\t\t<\/a>\n<\/li>\n<li class=\"p-postList__item\">\n\t<a href=\"https:\/\/chat-messenger.com\/fr\/medias\/tokuty\" class=\"p-postList__link\">\n\t\t<div class=\"p-postList__thumb c-postThumb\">\n\t<figure class=\"c-postThumb__figure\">\n\t\t<img width=\"1024\" height=\"629\"  src=\"https:\/\/chat-messenger.com\/wp-content\/uploads\/2025\/04\/image-3.png\" alt=\"\" class=\"c-postThumb__img u-obf-cover\" sizes=\"(min-width: 960px) 400px, 100vw\" loading=\"lazy\" >\t<\/figure>\n\t\t\t<span class=\"c-postThumb__cat icon-folder\" data-cat-id=\"32\">publication<\/span>\n\t<\/div>\n\t\t\t\t\t<div class=\"p-postList__body\">\n\t\t\t\t<h2 class=\"p-postList__title\">Notre entreprise a \u00e9t\u00e9 pr\u00e9sent\u00e9e dans un article de blog de Tokutee Co., Ltd.<\/h2>\t\t\t\t\t\t\t\t<div class=\"p-postList__meta\">\n\t\t\t\t\t<div class=\"p-postList__times c-postTimes u-thin\">\n\t<time class=\"c-postTimes__posted icon-posted\" datetime=\"2025-04-13\" aria-label=\"date de sortie\">13 avril 2025<\/time><\/div>\n\t\t\t\t<\/div>\n\t\t\t<\/div>\n\t\t\t<\/a>\n<\/li>\n<li class=\"p-postList__item\">\n\t<a href=\"https:\/\/chat-messenger.com\/fr\/medias\/nss-iso\" class=\"p-postList__link\">\n\t\t<div class=\"p-postList__thumb c-postThumb\">\n\t<figure class=\"c-postThumb__figure\">\n\t\t<img width=\"1024\" height=\"423\"  src=\"https:\/\/chat-messenger.com\/wp-content\/uploads\/2025\/03\/image-6.png\" alt=\"\" class=\"c-postThumb__img u-obf-cover\" sizes=\"(min-width: 960px) 400px, 100vw\" loading=\"lazy\" >\t<\/figure>\n\t\t\t<span class=\"c-postThumb__cat icon-folder\" data-cat-id=\"32\">publication<\/span>\n\t<\/div>\n\t\t\t\t\t<div class=\"p-postList__body\">\n\t\t\t\t<h2 class=\"p-postList__title\">Notre entreprise a \u00e9t\u00e9 pr\u00e9sent\u00e9e dans la \u00ab Liste des services DX recommand\u00e9s\/soci\u00e9t\u00e9s li\u00e9es \u00bb de NSS Holdings Co., Ltd.<\/h2>\t\t\t\t\t\t\t\t<div class=\"p-postList__meta\">\n\t\t\t\t\t<div class=\"p-postList__times c-postTimes u-thin\">\n\t<time class=\"c-postTimes__posted icon-posted\" datetime=\"2025-03-18\" aria-label=\"date de sortie\">18 mars 2025<\/time><\/div>\n\t\t\t\t<\/div>\n\t\t\t<\/div>\n\t\t\t<\/a>\n<\/li>\n<li class=\"p-postList__item\">\n\t<a href=\"https:\/\/chat-messenger.com\/fr\/medias\/verification-du-bureau\" class=\"p-postList__link\">\n\t\t<div class=\"p-postList__thumb c-postThumb\">\n\t<figure class=\"c-postThumb__figure\">\n\t\t<img width=\"1024\" height=\"540\"  src=\"https:\/\/chat-messenger.com\/wp-content\/uploads\/2025\/02\/image.png\" alt=\"\" class=\"c-postThumb__img u-obf-cover\" sizes=\"(min-width: 960px) 400px, 100vw\" loading=\"lazy\" >\t<\/figure>\n\t\t\t<span class=\"c-postThumb__cat icon-folder\" data-cat-id=\"32\">publication<\/span>\n\t<\/div>\n\t\t\t\t\t<div class=\"p-postList__body\">\n\t\t\t\t<h2 class=\"p-postList__title\">Nos produits ont \u00e9t\u00e9 pr\u00e9sent\u00e9s sur le blog de Tokyo Office Check.<\/h2>\t\t\t\t\t\t\t\t<div class=\"p-postList__meta\">\n\t\t\t\t\t<div class=\"p-postList__times c-postTimes u-thin\">\n\t<time class=\"c-postTimes__posted icon-posted\" datetime=\"2025-03-03\" aria-label=\"date de sortie\">3 mars 2025<\/time><\/div>\n\t\t\t\t<\/div>\n\t\t\t<\/div>\n\t\t\t<\/a>\n<\/li>\n<\/ul><\/div><\/div>\n<\/div>","protected":false},"excerpt":{"rendered":"","protected":false},"author":1,"featured_media":0,"parent":0,"menu_order":0,"comment_status":"closed","ping_status":"closed","template":"","meta":{"swell_btn_cv_data":""},"_links":{"self":[{"href":"https:\/\/chat-messenger.com\/fr\/wp-json\/wp\/v2\/pages\/9584"}],"collection":[{"href":"https:\/\/chat-messenger.com\/fr\/wp-json\/wp\/v2\/pages"}],"about":[{"href":"https:\/\/chat-messenger.com\/fr\/wp-json\/wp\/v2\/types\/page"}],"author":[{"embeddable":true,"href":"https:\/\/chat-messenger.com\/fr\/wp-json\/wp\/v2\/users\/1"}],"replies":[{"embeddable":true,"href":"https:\/\/chat-messenger.com\/fr\/wp-json\/wp\/v2\/comments?post=9584"}],"version-history":[{"count":1,"href":"https:\/\/chat-messenger.com\/fr\/wp-json\/wp\/v2\/pages\/9584\/revisions"}],"predecessor-version":[{"id":9585,"href":"https:\/\/chat-messenger.com\/fr\/wp-json\/wp\/v2\/pages\/9584\/revisions\/9585"}],"wp:attachment":[{"href":"https:\/\/chat-messenger.com\/fr\/wp-json\/wp\/v2\/media?parent=9584"}],"curies":[{"name":"wp","href":"https:\/\/api.w.org\/{rel}","templated":true}]}}