{"id":8301,"date":"2023-10-16T02:40:32","date_gmt":"2023-10-15T17:40:32","guid":{"rendered":"https:\/\/chat-messenger.com\/?page_id=8301"},"modified":"2025-12-06T00:13:34","modified_gmt":"2025-12-05T15:13:34","slug":"crowd-plan","status":"publish","type":"page","link":"https:\/\/chat-messenger.com\/fr\/contactez-nous\/plan-de-foule","title":{"rendered":"Chat&amp;Messenger Cloud Diff\u00e9rences entre chaque forfait"},"content":{"rendered":"<figure class=\"wp-block-table is-style-regular\"><table><thead><tr><th><\/th><th>Gratuit<\/th><th>Standard<\/th><th>Entreprise<\/th><th>Ultime<\/th><\/tr><\/thead><tbody><tr><td>Prix unitaire mensuel estim\u00e9 pour 1 utilisateur<\/td><td>0\u00a0\u00a5<\/td><td>300 \u00a5<\/td><td>600 \u00a5<\/td><td>1 000 \u00a5<\/td><\/tr><tr><td>Co\u00fbt annuel pour 20 utilisateurs<\/td><td>0\u00a0\u00a5<\/td><td>72 000 \u00a5<\/td><td>144 000 \u00a5<\/td><td>240 000 \u00a5<\/td><\/tr><tr><td><a href=\"https:\/\/chat-messenger.com\/fr\/manuel\/videoconference_voicecall\/utilisation-des-conferences-web\/\" target=\"_blank\" rel=\"noopener\">Nombre d&#039;utilisateurs participant \u00e0 la conf\u00e9rence Web<\/a>\n\n<p>(Limite de temps)<\/p>\n<\/td><td>4 utilisateurs\n\n<p>(60 minutes)<\/p>\n<\/td><td>10 utilisateurs\n\n<p>(illimit\u00e9)<\/p>\n<\/td><td>illimit\u00e9<\/td><td>illimit\u00e9<\/td><\/tr><tr><td>Capacit\u00e9 du disque (par utilisateur)<\/td><td>1 Go<\/td><td>10 Go<\/td><td>50 Go<\/td><td>200 Go<\/td><\/tr><tr><td>Visualisation des messages\/calendriers\/documents  <p>Date limite de t\u00e9l\u00e9chargement du fichier de messages<\/p><p><a rel=\"noopener\" href=\"https:\/\/chat-messenger.com\/fr\/manuel\/cloud_mobile\/presence\/\" target=\"_blank\">Pr\u00e9sence<\/a> \/ <a href=\"https:\/\/chat-messenger.com\/fr\/manuel\/cloud_mobile\/flux-de-travail\/\">flux de travail<\/a>Dur\u00e9e de conservation<\/p><\/td><td>200 jours  <p>1 mois<\/p><p>Le 31<\/p> <\/td><td>P\u00e9riode ind\u00e9finie  <p>1 an<\/p><p>Le 31<\/p> <\/td><td>P\u00e9riode ind\u00e9finie  <p>3 ann\u00e9es<\/p><p>3 ann\u00e9es<\/p> <\/td><td>P\u00e9riode ind\u00e9finie<\/td><\/tr><tr><td>T\u00e9l\u00e9chargement maximal de fichiers<\/td><td>5 Mo<\/td><td>30 Mo<\/td><td>200 Mo<\/td><td>500 Mo<\/td><\/tr><tr><td><a href=\"https:\/\/chat-messenger.com\/fr\/manuel\/cloud_mobile\/crowd_admin_menu\/#user-admin\/\" target=\"_blank\" rel=\"noopener\">Fonction de gestion des utilisateurs<\/a><\/td><td>\u25cb<\/td><td>\u25cb<\/td><td>\u25cb<\/td><td>\u25cb<\/td><\/tr><tr><td><span class=\"swl-marker mark_yellow\">Assistance aux demandes de renseignements<\/span><br>Notification par courrier \u00e9lectronique des messages<br>R\u00e9servation de salle\/mat\u00e9riel de conf\u00e9rence<br><a rel=\"noreferrer noopener\" href=\"https:\/\/chat-messenger.com\/fr\/manuel\/cloud_mobile\/crowd_admin_menu\/#index_id3\" target=\"_blank\">\u00c9cran de gestion<\/a><br><a rel=\"noreferrer noopener\" href=\"https:\/\/chat-messenger.com\/fr\/manuel\/videoconference_voicecall\/utilisation-des-conferences-web\/#web-conference-recording\" target=\"_blank\">Enregistrement de conf\u00e9rence Web<\/a><br>authentification multifacteur<br>Environnement o\u00f9 il n&#039;y a pas de messagerie d\u00e9di\u00e9e pour l&#039;organisation<br>sauvegarde de donn\u00e9es<\/td><td>&#8211;<\/td><td>\u25cb<\/td><td>\u25cb<\/td><td>\u25cb<\/td><\/tr><tr><td><a rel=\"noopener\" href=\"https:\/\/chat-messenger.com\/fr\/manuel\/videoconference_voicecall\/utilisation-des-conferences-web\/#recognition\/\" target=\"_blank\">Web\u4f1a\u8b70\u3067\u8b70\u4e8b\u9332\u3001\u591a\u8a00\u8a9e\u7ffb\u8a33<\/a> \/ <a rel=\"noreferrer noopener\" href=\"https:\/\/chat-messenger.com\/fr\/manuel\/videoconference_voicecall\/utilisation-des-conferences-web\/#paint\" target=\"_blank\">Fonction de peinture<\/a><\/td><td>&#8211;<\/td><td>&#8211;<\/td><td>\u25cb<\/td><td>\u25cb<\/td><\/tr><tr><td><a rel=\"noreferrer noopener\" href=\"https:\/\/chat-messenger.com\/fr\/manuel\/cloud_mobile\/crowd_admin_menu\/#admin_msg_mgr\/\" target=\"_blank\">gestion des messages<\/a> \/ <a href=\"https:\/\/chat-messenger.com\/fr\/manuel\/cloud_mobile\/crowd_admin_menu\/#access-log\/\">journal d&#039;acc\u00e8s<\/a> \/ <a href=\"https:\/\/chat-messenger.com\/fr\/manuel\/cloud_mobile\/crowd_admin_menu\/#index_id12\/\">gestion de fichiers<\/a> \/<br><a rel=\"noopener\" href=\"https:\/\/chat-messenger.com\/fr\/manuel\/cloud_mobile\/parametres-des-invites\/\" target=\"_blank\">Connexion invit\u00e9<\/a> \/ <a rel=\"noreferrer noopener\" href=\"https:\/\/chat-messenger.com\/fr\/manuel\/cloud_mobile\/api\/\" target=\"_blank\">Coop\u00e9ration API<\/a> \/ <a rel=\"noreferrer noopener\" href=\"https:\/\/chat-messenger.com\/fr\/manuel\/cloud_mobile\/businesschat_entreprises\/\" target=\"_blank\">\u4f01\u696d\u9023\u643a<\/a><\/td><td>&#8211;<\/td><td>&#8211;<\/td><td>\u25cb<\/td><td>\u25cb<\/td><\/tr><\/tbody><\/table><\/figure>\n\n\n\n<p class=\"is-style-big_icon_check\">-La version gratuite peut \u00eatre utilis\u00e9e par un minimum de 5 utilisateurs et un maximum de 50 utilisateurs.<br>*Le service sera temporairement arr\u00eat\u00e9 lorsque personne ne l&#039;utilisera.<br>\u30fbLa version gratuite pr\u00e9sente d&#039;autres limitations de fonctionnalit\u00e9s en plus de celles mentionn\u00e9es ci-dessus, et celles-ci peuvent \u00eatre sujettes \u00e0 modification sans pr\u00e9avis.<br>\u30fbSi vous avez besoin d&#039;aide sur l&#039;utilisation du service ou pour d&#039;autres questions, veuillez s\u00e9lectionner un forfait payant.<br>\u30fbLa version payante n\u00e9cessite 10 utilisateurs ou plus et un contrat annuel.<\/p>","protected":false},"excerpt":{"rendered":"<p>Prix unitaire mensuel gratuit Standard Enterprise Ultimate 1 utilisateur \u00a5 0 \u00a5 300 [\u2026]<\/p>","protected":false},"author":1,"featured_media":0,"parent":37,"menu_order":0,"comment_status":"closed","ping_status":"closed","template":"","meta":{"swell_btn_cv_data":""},"_links":{"self":[{"href":"https:\/\/chat-messenger.com\/fr\/wp-json\/wp\/v2\/pages\/8301"}],"collection":[{"href":"https:\/\/chat-messenger.com\/fr\/wp-json\/wp\/v2\/pages"}],"about":[{"href":"https:\/\/chat-messenger.com\/fr\/wp-json\/wp\/v2\/types\/page"}],"author":[{"embeddable":true,"href":"https:\/\/chat-messenger.com\/fr\/wp-json\/wp\/v2\/users\/1"}],"replies":[{"embeddable":true,"href":"https:\/\/chat-messenger.com\/fr\/wp-json\/wp\/v2\/comments?post=8301"}],"version-history":[{"count":10,"href":"https:\/\/chat-messenger.com\/fr\/wp-json\/wp\/v2\/pages\/8301\/revisions"}],"predecessor-version":[{"id":12393,"href":"https:\/\/chat-messenger.com\/fr\/wp-json\/wp\/v2\/pages\/8301\/revisions\/12393"}],"up":[{"embeddable":true,"href":"https:\/\/chat-messenger.com\/fr\/wp-json\/wp\/v2\/pages\/37"}],"wp:attachment":[{"href":"https:\/\/chat-messenger.com\/fr\/wp-json\/wp\/v2\/media?parent=8301"}],"curies":[{"name":"wp","href":"https:\/\/api.w.org\/{rel}","templated":true}]}}