{"id":8269,"date":"2023-10-14T12:50:07","date_gmt":"2023-10-14T03:50:07","guid":{"rendered":"https:\/\/chat-messenger.com\/?page_id=8269"},"modified":"2026-03-11T01:02:14","modified_gmt":"2026-03-10T16:02:14","slug":"camserver-plan","status":"publish","type":"page","link":"https:\/\/chat-messenger.com\/fr\/contactez-nous\/plan-de-serveur-de-webcams","title":{"rendered":"Diff\u00e9rences entre les forfaits CAMServer"},"content":{"rendered":"<style><!-- \n.custom-tbl {\n width: 100%;\n text-align: center;\n border-collapse: collapse;\n border-spacing: 0;\n}\n.custom-tbl th {\n padding: 10px;\n background: #778ca3;\n border: solid 1px #666666;\n color: #ffffff;\n}\n.custom-tbl tr:nth-child(2n+1) {\n background: #F5F5F5;\n}\n.custom-tbl td {\n text-align: center;\n padding: 4px;\n border: solid 1px #666666;\n}\n.custom-tbl td:first-child {\n background: #e9faf9;\n}\n--><br \/>\n<\/style>\n<div style=\"width: 760px;\">\n<table class=\"custom-tbl\" cellspacing=\"0\" cellpadding=\"0\" style=\"width: 759px;\">\n<tbody>\n<tr style=\"height: 30px;\">\n<th style=\"width: 399px;\"><\/th>\n<th class=\"notrans\" width=\"120\" style=\"width: 120px;\" data-no-translation=\"\">Standard<\/th>\n<th class=\"notrans\" width=\"120\" style=\"width: 120px;\" data-no-translation=\"\">Enterprise<\/th>\n<th class=\"notrans\" width=\"120\" style=\"width: 120px;\" data-no-translation=\"\">Ultimate<\/th>\n<\/tr>\n<tr>\n<td style=\"width: 399px;\">Prix unitaire mensuel estim\u00e9 pour 1 utilisateur<\/td>\n<td style=\"width: 120px;\">200 \u00a5<\/td>\n<td style=\"width: 120px;\">300 \u00a5<\/td>\n<td style=\"width: 120px;\">600 \u00a5<\/td>\n<\/tr>\n<tr>\n<td style=\"width: 399px;\">Co\u00fbt annuel pour 20 utilisateurs<\/td>\n<td class=\"notrans\" style=\"width: 120px;\" data-no-translation=\"\">\u00a5 48,000<\/td>\n<td class=\"notrans\" style=\"width: 120px;\" data-no-translation=\"\">\u00a5 72,000<\/td>\n<td class=\"notrans\" style=\"width: 120px;\" data-no-translation=\"\">\u00a5 144,000<\/td>\n<\/tr>\n<tr>\n<td style=\"width: 399px;\">Gestion du chat, du planning et des t\u00e2ches<\/td>\n<td class=\"notrans\" style=\"width: 120px;\" data-no-translation=\"\">\u25cb<\/td>\n<td class=\"notrans\" style=\"width: 120px;\" data-no-translation=\"\">\u25cb<\/td>\n<td class=\"notrans\" style=\"width: 120px;\" data-no-translation=\"\">\u25cb<\/td>\n<\/tr>\n<tr>\n<td style=\"width: 399px;\"><a href=\"https:\/\/chat-messenger.com\/fr\/manuel\/videoconference_voicecall\/preparation_of_headset_camera\/\" target=\"_blank\" rel=\"noopener\">Appel vid\u00e9o pour LAN<\/a><\/td>\n<td style=\"width: 120px;\">illimit\u00e9<\/td>\n<td style=\"width: 120px;\">illimit\u00e9<\/td>\n<td style=\"width: 120px;\">illimit\u00e9<\/td>\n<\/tr>\n<tr>\n<td style=\"width: 399px;\"><a href=\"https:\/\/chat-messenger.com\/fr\/manuel\/videoconference_voicecall\/utilisation-des-conferences-web\/\" target=\"_blank\" rel=\"noopener\">conf\u00e9rence en ligne<\/a><\/td>\n<td class=\"notrans\" style=\"width: 120px;\" data-no-translation=\"\">&#8211;<\/td>\n<td style=\"width: 120px;\">illimit\u00e9<\/td>\n<td style=\"width: 120px;\">illimit\u00e9<\/td>\n<\/tr>\n<tr>\n<td style=\"width: 399px;\"><a href=\"https:\/\/chat-messenger.com\/fr\/manuel\/document_management\/document_file_sharing\/\" target=\"_blank\" rel=\"noopener\">gestion de documents<\/a>,,<a href=\"https:\/\/chat-messenger.com\/fr\/manuel\/schedule_calendar\/meeting_room_facility_reservation\/\" target=\"_blank\" rel=\"noopener\">R\u00e9servation d'installations<\/a><\/td>\n<td class=\"notrans\" style=\"width: 120px;\" data-no-translation=\"\">&#8211;<\/td>\n<td class=\"notrans\" style=\"width: 120px;\" data-no-translation=\"\">\u25cb<\/td>\n<td class=\"notrans\" style=\"width: 120px;\" data-no-translation=\"\">\u25cb<\/td>\n<\/tr>\n<tr>\n<td style=\"width: 399px;\"><a href=\"https:\/\/chat-messenger.com\/fr\/manuel\/cloud_mobile\/utilisation-cloud_mobile\/\" target=\"_blank\" rel=\"noopener\">Version du navigateur<\/a>,,<a href=\"https:\/\/chat-messenger.com\/images\/cam_mobile.png\" target=\"_blank\" rel=\"noopener\">Coop\u00e9ration mobile<\/a><\/td>\n<td class=\"notrans\" style=\"width: 120px;\" data-no-translation=\"\">&#8211;<\/td>\n<td class=\"notrans\" style=\"width: 120px;\" data-no-translation=\"\">\u25cb<\/td>\n<td class=\"notrans\" style=\"width: 120px;\" data-no-translation=\"\">\u25cb<\/td>\n<\/tr>\n<tr style=\"height: 30px;\">\n<td style=\"width: 399px;\"><a href=\"https:\/\/chat-messenger.com\/fr\/manuel\/camserver\/donnees_de_sauvegarde\/\" target=\"_blank\" rel=\"noopener\">Sauvegarde diff\u00e9rentielle \u00e0 grande vitesse<\/a><\/td>\n<td class=\"notrans\" style=\"width: 120px;\" data-no-translation=\"\">&#8211;<\/td>\n<td class=\"notrans\" style=\"width: 120px;\" data-no-translation=\"\">\u25cb<\/td>\n<td class=\"notrans\" style=\"width: 120px;\" data-no-translation=\"\">\u25cb<\/td>\n<\/tr>\n<tr>\n<td style=\"width: 399px;\"><a href=\"https:\/\/chat-messenger.com\/fr\/manuel\/camserver\/message_log_server_management\/\" target=\"_blank\" rel=\"noopener\">Gestion du serveur de journaux<\/a><\/td>\n<td class=\"notrans\" style=\"width: 120px;\" data-no-translation=\"\">&#8211;<\/td>\n<td class=\"notrans\" style=\"width: 120px;\" data-no-translation=\"\">\u25cb<\/td>\n<td class=\"notrans\" style=\"width: 120px;\" data-no-translation=\"\">\u25cb<\/td>\n<\/tr>\n<tr>\n<td style=\"width: 399px;\"><a href=\"https:\/\/chat-messenger.com\/fr\/manuel\/camserver\/repertoire-actif-ldap\/\" target=\"_blank\" rel=\"noopener\">Lien avec Active Directory<\/a><\/td>\n<td class=\"notrans\" style=\"width: 120px;\" data-no-translation=\"\">&#8211;<\/td>\n<td class=\"notrans\" style=\"width: 120px;\" data-no-translation=\"\">\u25cb<\/td>\n<td class=\"notrans\" style=\"width: 120px;\" data-no-translation=\"\">\u25cb<\/td>\n<\/tr>\n<tr>\n<td style=\"width: 399px;\"><a href=\"https:\/\/chat-messenger.com\/fr\/manuel\/cloud_mobile\/presence\/\" target=\"_blank\" rel=\"noopener\">gestion des pr\u00e9sences<\/a> \/ <a href=\"https:\/\/chat-messenger.com\/fr\/manuel\/cloud_mobile\/flux-de-travail\/\">flux de travail<\/a><\/td>\n<td class=\"notrans\" style=\"width: 120px;\" data-no-translation=\"\">&#8211;<\/td>\n<td class=\"notrans\" style=\"width: 120px;\" data-no-translation=\"\">\u25b3<\/td>\n<td class=\"notrans\" style=\"width: 120px;\" data-no-translation=\"\">\u25cb<\/td>\n<\/tr>\n<tr>\n<td style=\"width: 399px;\"><a href=\"https:\/\/chat-messenger.com\/fr\/manuel\/cloud_mobile\/api\/\" target=\"_blank\" rel=\"noopener\">Coop\u00e9ration API<\/a><a href=\"https:\/\/chat-messenger.com\/fr\/manuel\/cloud_mobile\/presence\/\" target=\"_blank\" rel=\"noopener\"><\/a><\/td>\n<td class=\"notrans\" style=\"width: 120px;\" data-no-translation=\"\">&#8211;<\/td>\n<td class=\"notrans\" style=\"width: 120px;\" data-no-translation=\"\">&#8211;<\/td>\n<td class=\"notrans\" style=\"width: 120px;\" data-no-translation=\"\">\u25cb<\/td>\n<\/tr>\n<tr>\n<td style=\"width: 399px;\">lors d&#039;une webconf\u00e9rence<a href=\"https:\/\/chat-messenger.com\/fr\/manuel\/videoconference_voicecall\/utilisation-des-conferences-web\/#recognition\/\" target=\"_blank\" rel=\"noopener\">Proc\u00e8s-verbal, traduction multilingue<\/a>,,<a href=\"https:\/\/chat-messenger.com\/fr\/manuel\/videoconference_voicecall\/utilisation-des-conferences-web\/#recognition\/\" target=\"_blank\" rel=\"noopener\">Fonction de peinture<\/a><\/td>\n<td class=\"notrans\" style=\"width: 120px;\" data-no-translation=\"\">&#8211;<\/td>\n<td class=\"notrans\" style=\"width: 120px;\" data-no-translation=\"\">&#8211;<\/td>\n<td class=\"notrans\" style=\"width: 120px;\" data-no-translation=\"\">\u25cb<\/td>\n<\/tr>\n<tr>\n<td style=\"width: 399px;\"><a href=\"\/fr\/manual\/camserver_load-balancing\/\" target=\"_blank\" rel=\"noopener\">Redondance\/\u00e9quilibrage de charge<\/a> \/ <a href=\"https:\/\/chat-messenger.com\/fr\/manuel\/camserver\/windows-auth\/\" target=\"_blank\" rel=\"noopener\" data-wplink-edit=\"true\">SSO<\/a> \/ Environnement Linux<\/td>\n<td class=\"notrans\" style=\"width: 120px;\" data-no-translation=\"\">&#8211;<\/td>\n<td class=\"notrans\" style=\"width: 120px;\" data-no-translation=\"\">&#8211;<\/td>\n<td class=\"notrans\" style=\"width: 120px;\" data-no-translation=\"\">\u25cb<\/td>\n<\/tr>\n<\/tbody>\n<\/table>\n<ul style=\"list-style: none;\">\n<li>*La premi\u00e8re ann\u00e9e, des frais initiaux de 20 000 yens seront factur\u00e9s pour fournir une assistance par courrier \u00e9lectronique sur la fa\u00e7on d&#039;installer et d&#039;utiliser le produit.<\/li>\n<li>*Contrat annuel requis pour 20 utilisateurs et plus. Les utilisateurs suppl\u00e9mentaires seront calcul\u00e9s quotidiennement par unit\u00e9s de 10 utilisateurs.<\/li>\n<li>*La norme est <a href=\"https:\/\/chat-messenger.com\/fr\/manuel\/usage\/\" target=\"_blank\" rel=\"noopener\">Desktop for LAN<\/a> Disponible uniquement.<\/li>\n<li>* Les conf\u00e9rences Web offrent une meilleure op\u00e9rabilit\u00e9 et une meilleure qualit\u00e9 que les appels vid\u00e9o.<\/li>\n<li>* La liaison mobile n&#039;est disponible que pour les conf\u00e9rences Web.<\/li>\n<li>*<a href=\"https:\/\/chat-messenger.com\/fr\/manuel\/videoconference_voicecall\/video_conference_voice_call\/\" target=\"_blank\" rel=\"noopener\">Diff\u00e9rence entre les appels vid\u00e9o et les conf\u00e9rences Web<\/a><\/li>\n<\/ul>\n<\/div>","protected":false},"excerpt":{"rendered":"<p>Standard Enterprise Ultimate Prix mensuel estim\u00e9 pour 1 utilisateur \u00a5 200 \u00a5 300 \u00a5 [\u2026]<\/p>","protected":false},"author":1,"featured_media":0,"parent":37,"menu_order":0,"comment_status":"closed","ping_status":"closed","template":"","meta":{"swell_btn_cv_data":""},"_links":{"self":[{"href":"https:\/\/chat-messenger.com\/fr\/wp-json\/wp\/v2\/pages\/8269"}],"collection":[{"href":"https:\/\/chat-messenger.com\/fr\/wp-json\/wp\/v2\/pages"}],"about":[{"href":"https:\/\/chat-messenger.com\/fr\/wp-json\/wp\/v2\/types\/page"}],"author":[{"embeddable":true,"href":"https:\/\/chat-messenger.com\/fr\/wp-json\/wp\/v2\/users\/1"}],"replies":[{"embeddable":true,"href":"https:\/\/chat-messenger.com\/fr\/wp-json\/wp\/v2\/comments?post=8269"}],"version-history":[{"count":10,"href":"https:\/\/chat-messenger.com\/fr\/wp-json\/wp\/v2\/pages\/8269\/revisions"}],"predecessor-version":[{"id":12666,"href":"https:\/\/chat-messenger.com\/fr\/wp-json\/wp\/v2\/pages\/8269\/revisions\/12666"}],"up":[{"embeddable":true,"href":"https:\/\/chat-messenger.com\/fr\/wp-json\/wp\/v2\/pages\/37"}],"wp:attachment":[{"href":"https:\/\/chat-messenger.com\/fr\/wp-json\/wp\/v2\/media?parent=8269"}],"curies":[{"name":"wp","href":"https:\/\/api.w.org\/{rel}","templated":true}]}}