{"id":8098,"date":"2022-10-21T15:31:00","date_gmt":"2022-10-21T06:31:00","guid":{"rendered":"https:\/\/chat-messenger.com\/?page_id=8098"},"modified":"2023-06-26T02:18:55","modified_gmt":"2023-06-25T17:18:55","slug":"software-license-agreement","status":"publish","type":"page","link":"https:\/\/chat-messenger.com\/fr\/entreprise\/contrat-de-licence-logicielle","title":{"rendered":"Contrat de licence logicielle"},"content":{"rendered":"<p>Chat &amp; Messenger Co., Ltd. (ci-apr\u00e8s d\u00e9nomm\u00e9e \u00ab Partie 2 \u00bb) fournit au client (ci-apr\u00e8s d\u00e9nomm\u00e9e \u00ab Partie 2 \u00bb) en ce qui concerne Nous avons accord\u00e9 des droits d&#039;utilisation non exclusifs et non transf\u00e9rables au Japon au logiciels packag\u00e9s &quot;Chat&amp;Messenger&quot; et &quot;CAMServer&quot; d\u00e9velopp\u00e9s par J&#039;autorise<\/p>\n<h2>Article 1 (Contrat\/Licence)<\/h2>\n<p>Si la partie A utilise ce logiciel, que ce soit en installant ce logiciel ou par tout autre moyen, la partie A sera r\u00e9put\u00e9e avoir accept\u00e9 les termes de cet accord. Si la partie B n&#039;accepte pas les termes de cet accord, la partie B n&#039;accordera \u00e0 la partie A aucune utilisation de ce logiciel.<\/p>\n<h2>Article 2 (Interdiction de transfert, etc.)<\/h2>\n<p>La Partie A ne c\u00e9dera pas les droits d&#039;utilisation stipul\u00e9s \u00e0 l&#039;article pr\u00e9c\u00e9dent \u00e0 un tiers ni ne lui permettra de les utiliser de toute autre mani\u00e8re sans l&#039;accord \u00e9crit pr\u00e9alable de la Partie B.<\/p>\n<h2>Article 3 (Droits de ce logiciel)<\/h2>\n<ol>\n<li>Le titre, le droit d&#039;auteur et tous les autres droits de propri\u00e9t\u00e9 intellectuelle concernant ce logiciel (y compris les copies de ce logiciel) appartiennent \u00e0 la partie B, et la partie A a le droit d&#039;utiliser ce logiciel et ses documents associ\u00e9s accord\u00e9s sur la base des pr\u00e9sents termes et conditions. aucun autre droit.<\/li>\n<li>Droits d&#039;auteur et tout autre droit de propri\u00e9t\u00e9 intellectuelle d\u00e9coulant de la personnalisation de ce logiciel par la partie B (y compris, mais sans s&#039;y limiter, FIT &amp; GAP, d\u00e9finition des exigences, conception g\u00e9n\u00e9rale, conception d\u00e9taill\u00e9e, codage, tests, etc.) sur la base de la commission de la partie A. Les droits de propri\u00e9t\u00e9 appartiennent \u00e9galement \u00e0 la partie B comme dans le paragraphe pr\u00e9c\u00e9dent.<\/li>\n<li>La partie A ne peut pas conc\u00e9der sous-licence ce logiciel \u00e0 un tiers.<\/li>\n<\/ol>\n<h2>Article 4 (Avis de non-responsabilit\u00e9)<\/h2>\n<p>La partie B ne sera pas responsable de tout dommage caus\u00e9 par la partie A (ou un tiers) en relation avec l&#039;utilisation de ce logiciel, quelle qu&#039;en soit la cause, \u00e0 moins qu&#039;il ne soit \u00e9tabli que la partie B a fait preuve d&#039;une n\u00e9gligence intentionnelle ou grave.<\/p>\n<h2>Article 5 (Garantie)<\/h2>\n<p>Concernant ce logiciel, la Partie B fera ses meilleurs efforts pour fournir le service, notamment en s&#039;assurant qu&#039;il ne pr\u00e9sente aucun d\u00e9faut, qu&#039;il r\u00e9pond aux exigences et \u00e0 l&#039;objectif d&#039;utilisation de la Partie A, et qu&#039;il fonctionne normalement dans l&#039;environnement d&#039;utilisation du terminal de la Partie A. Nous ne faisons pas aucune garantie concernant sa qualit\u00e9 ou sa fonctionnalit\u00e9.<\/p>\n<h2>Article 6 (Frais d&#039;utilisation du logiciel)<\/h2>\n<ol>\n<li>Lors de l&#039;utilisation de ce logiciel, la partie A paiera des frais d&#039;utilisation d\u00e9termin\u00e9s s\u00e9par\u00e9ment par la partie B (ci-apr\u00e8s d\u00e9nomm\u00e9s les \u00ab\u00a0frais d&#039;utilisation du logiciel\u00a0\u00bb).<\/li>\n<li>La partie A suivra la m\u00e9thode sp\u00e9cifi\u00e9e par la partie B concernant le d\u00e9lai de paiement et le mode de paiement des frais d&#039;utilisation du logiciel. En outre, la Partie A paiera la taxe \u00e0 la consommation et la taxe locale \u00e0 la consommation sur la base du taux d&#039;imposition en vigueur au moment de ce calcul.<\/li>\n<li>Les frais de transfert seront \u00e0 la charge de la partie A. Toutefois, si un contrat distinct concernant les m\u00e9thodes de paiement est conclu avec la partie B, les dispositions de ce contrat s&#039;appliqueront.<\/li>\n<\/ol>\n<h2>Article 7 (Modifications des sp\u00e9cifications)<\/h2>\n<ol>\n<li>La partie B peut modifier les sp\u00e9cifications de ce logiciel \u00e0 tout moment sans le consentement de la partie A.<\/li>\n<li>Si la Partie B modifie les sp\u00e9cifications sur la base des dispositions du paragraphe pr\u00e9c\u00e9dent, la Partie B ne sera pas tenue responsable des dommages, pertes ou autres probl\u00e8mes caus\u00e9s \u00e0 la Partie A si les modifications ne correspondent pas \u00e0 l&#039;objectif d&#039;utilisation de la Partie A. je ne le dois pas.<\/li>\n<\/ol>\n<h2>Article 8 (Suspension de Licence)<\/h2>\n<p>Si la partie B ach\u00e8te cette licence logicielle et ne paie pas les frais d&#039;utilisation du logiciel avant la date limite de paiement, la partie B peut suspendre l&#039;utilisation de ce logiciel sans le consentement pr\u00e9alable de la partie A (ci-apr\u00e8s d\u00e9nomm\u00e9e \u00ab\u00a0Suspension de licence\u00a0\u00bb).<br \/>\nUne fois la licence r\u00e9sili\u00e9e, la partie A ne peut plus utiliser le logiciel. La partie B ne sera pas responsable de tout dommage caus\u00e9 \u00e0 la partie A ou \u00e0 un tiers en raison de la suspension de la licence.<\/p>\n<h2>Article 9 (Annulation de licence)<\/h2>\n<p>Si la Partie A rel\u00e8ve de l&#039;un des \u00e9l\u00e9ments suivants, la Partie B peut annuler tout ou partie de la licence de ce logiciel sans pr\u00e9avis ni demande \u00e0 la Partie A.<br \/>\nDans ce cas, la Partie A perdra le b\u00e9n\u00e9fice du d\u00e9lai pour toutes les dettes contract\u00e9es dans le cadre de l&#039;utilisation de ce logiciel, et la Partie A paiera imm\u00e9diatement ces dettes \u00e0 la Partie B en une seule fois. De plus, la partie A doit restituer dans les plus brefs d\u00e9lais ce logiciel et toutes ses copies \u00e0 la partie B.<\/p>\n<ol class=\"bracket\">\n<li>Actes d\u2019utilisation ill\u00e9gale des informations de compte<\/li>\n<li>Actes d&#039;utilisation de ce logiciel \u00e0 des fins autres que les fins commerciales de la partie A.<\/li>\n<li>Actes causant un dommage \u00e0 la partie B ou \u00e0 un tiers<\/li>\n<li>Actes qui portent atteinte aux droits de propri\u00e9t\u00e9, aux droits d&#039;auteur, aux droits de brevet, \u00e0 d&#039;autres droits de propri\u00e9t\u00e9 intellectuelle et \u00e0 d&#039;autres int\u00e9r\u00eats l\u00e9galement prot\u00e9g\u00e9s que la partie B et la partie B utilisent avec un titre l\u00e9gitime.<\/li>\n<li>Actes qui calomnient le Parti B<\/li>\n<li>Actes qui interf\u00e8rent avec le fonctionnement de la partie B concernant ce logiciel<\/li>\n<li>En cas de violation de l\u2019une des dispositions des pr\u00e9sentes Conditions G\u00e9n\u00e9rales.<\/li>\n<li>Dans d&#039;autres cas, la partie B le juge inappropri\u00e9.<\/li>\n<\/ol>\n<h2>Article 10 (D\u00e9claration concernant l&#039;exclusion des forces antisociales)<\/h2>\n<ol>\n<li>La partie A doit, au moment de la conclusion du pr\u00e9sent accord, fournir \u00e0 la partie B un groupe du crime organis\u00e9, un membre d&#039;un groupe du crime organis\u00e9, une personne qui a cess\u00e9 d&#039;\u00eatre membre d&#039;un groupe du crime organis\u00e9 depuis moins de cinq ans, un quasi- -membre d&#039;un groupe du crime organis\u00e9, d&#039;une entreprise affili\u00e9e \u00e0 un groupe du crime organis\u00e9, d&#039;un groupe du crime quasi organis\u00e9, d&#039;une personne appartenant \u00e0 un groupe du crime quasi organis\u00e9, d&#039;une assembl\u00e9e g\u00e9n\u00e9rale de magasin, etc.<br \/>\nNous d\u00e9clarons que nous ne relevons pas de la cat\u00e9gorie des mouvements sociaux, etc., ou des personnes \u00e9quivalentes \u00e0 des groupes tels que les groupes violents des services de renseignement sp\u00e9ciaux (ci-apr\u00e8s d\u00e9nomm\u00e9s \u00ab membres de groupes criminels organis\u00e9s, etc. \u00bb), et nous garantissons que nous le ferons. ne rel\u00e8veront plus de ces cat\u00e9gories \u00e0 l\u2019avenir.<br \/>\nDe plus, si la partie A est une soci\u00e9t\u00e9, ses repr\u00e9sentants, dirigeants ou personnes qui contr\u00f4lent substantiellement sa gestion sont \u00e9galement couverts par la garantie de cette section.<\/li>\n<li>Si la Partie A d\u00e9termine que la Partie B exige une enqu\u00eate pour d\u00e9terminer si le paragraphe pr\u00e9c\u00e9dent s&#039;applique, la Partie A coop\u00e9rera \u00e0 l&#039;enqu\u00eate et soumettra les documents jug\u00e9s n\u00e9cessaires \u00e0 l&#039;enqu\u00eate.<\/li>\n<li>Si la partie B d\u00e9couvre que la partie A appartient \u00e0 un groupe du crime organis\u00e9, etc., la partie B peut imm\u00e9diatement annuler cet accord sans avoir besoin d&#039;un avis ou d&#039;autres proc\u00e9dures.<\/li>\n<li>La partie B n&#039;assume aucune obligation ou responsabilit\u00e9 m\u00eame si la partie A subit des dommages du fait de l&#039;annulation conform\u00e9ment au paragraphe pr\u00e9c\u00e9dent.<\/li>\n<\/ol>\n<h2>Article 11 (Consultations)<\/h2>\n<p>En cas de doute concernant des questions non stipul\u00e9es dans les pr\u00e9sentes conditions g\u00e9n\u00e9rales ou leur interpr\u00e9tation, la partie A et la partie B discuteront de bonne foi et r\u00e9soudront le probl\u00e8me.<\/p>\n<p><!--\n\n\n<h2>\u7b2c11\u6761(\u672c\u7d04\u6b3e\u306e\u5909\u66f4)<\/h2>\n\n\n\u4e59\u306f\u3001\u4e8b\u524d\u306b\u3001\u672c\u7d04\u6b3e\u5909\u66f4\u306e\u52b9\u529b\u767a\u751f\u65e5\u304b\u308930\u65e5\u4ee5\u4e0a\u306e\u4e88\u544a\u671f\u9593\u3092\u8a2d\u3051\u305f\u4e0a\u3067\u672c\u7d04\u6b3e\u3092\u5909\u66f4\u3059\u308b\u3053\u3068\u304c\u3067\u304d\u308b\u3082\u306e\u3068\u3059\u308b\u3002\n\u3053\u306e\u5834\u5408\u3001\u7532\u304c\u672c\u7d04\u6b3e\u5909\u66f4\u306e\u52b9\u529b\u767a\u751f\u65e5\u4ee5\u964d\u306b\u672c\u30bd\u30d5\u30c8\u30a6\u30a7\u30a2\u3092\u4f7f\u7528\u3057\u305f\u5834\u5408\u306b\u306f\u3001\u5f53\u8a72\u5909\u66f4\u306b\u3064\u304d\u7532\u306e\u627f\u8afe\u304c\u3042\u3063\u305f\u3082\u306e\u3068\u307f\u306a\u3057\u3001\u4ee5\u964d\u3001\u7532\u306b\u5bfe\u3057\u3066\u5909\u66f4\u5f8c\u306e\u7d04\u6b3e\u304c\u9069\u7528\u3055\u308c\u308b\u3082\u306e\u3068\u3059\u308b\u3002\n\n\n<h2>\u7b2c6\u6761(\u60c5\u5831\u306e\u5229\u7528)<\/h2>\n\n\n\n\n<ol>\n \t\n\n<li>\u4e59\u306f\u7532\u304c\u672c\u30bd\u30d5\u30c8\u30a6\u30a7\u30a2\u3092\u30a4\u30f3\u30b9\u30c8\u30fc\u30eb\u3059\u308b\u7aef\u672b\u306e\u540d\u79f0\u3001OS\u306e\u7a2e\u985e\u53ca\u3073\u30d0\u30fc\u30b8\u30e7\u30f3\u3001\u30d6\u30e9\u30a6\u30b6\u306e\u7a2e\u985e\u53ca\u3073\u30d0\u30fc\u30b8\u30e7\u30f3\u3001\u63a5\u7d9a\u3059\u308b\u30c7\u30fc\u30bf\u30d9\u30fc\u30b9\u306e\u7a2e\u985e\u53ca\u3073\u30d0\u30fc\u30b8\u30e7\u30f3\u3001\u30a4\u30f3\u30bf\u30fc\u30cd\u30c3\u30c8\u63a5\u7d9a\u72b6\u614b\u4e26\u3073\u306b\u7532\u304c\u672c\u30bd\u30d5\u30c8\u30a6\u30a7\u30a2\u306e\u4f7f\u7528\u306b\u95a2\u3057\u3066\u767b\u9332\u3057\u305f\u60c5\u5831\u3092\u30a4\u30f3\u30bf\u30fc\u30cd\u30c3\u30c8\u3092\u901a\u3058\u3066\u53d6\u5f97\u3059\u308b\u3053\u3068\u304c\u3042\u308a\u3001\u7532\u306f\u3053\u306e\u6a5f\u80fd\u306e\u52d5\u4f5c\u306b\u540c\u610f\u3059\u308b\u3082\u306e\u3068\u3059\u308b\u3002<\/li>\n\n\n \t\n\n<li>\n                    \u4e59\u306b\u3088\u308b\u524d\u9805\u306e\u60c5\u5831\u53d6\u5f97\u306f\u3001\u672c\u30bd\u30d5\u30c8\u30a6\u30a7\u30a2\u306b\u95a2\u3059\u308b\u7532\u3078\u306e\u901a\u77e5\u3001\u6709\u511f\u30fb\u7121\u511f\u30b5\u30dd\u30fc\u30c8\u30b5\u30fc\u30d3\u30b9\u306e\u63d0\u4f9b\u3001\u30aa\u30f3\u30e9\u30a4\u30f3\u30a2\u30c3\u30d7\u30c7\u30fc\u30c8\u30b5\u30fc\u30d3\u30b9\u306e\u63d0\u4f9b\u7b49\u306e\u672c\u30bd\u30d5\u30c8\u30a6\u30a7\u30a2\u306e\u6b63\u5e38\u306a\u904b\u7528\u307e\u305f\u306f\u6539\u5584\u3092\u76ee\u7684\u3068\u3057\u3066\u306a\u3055\u308c\u308b\u3082\u306e\u3067\u3042\u308a\u3001\n\u4e59\u306f\u53d6\u5f97\u3057\u305f\u60c5\u5831\u3092\u7532\u306e\u627f\u8afe\u3092\u5f97\u308b\u3053\u3068\u306a\u304f\u5f53\u8a72\u76ee\u7684\u4ee5\u5916\u306e\u7528\u9014\u3067\u4f7f\u7528\u3057\u306a\u3044\u3002\u306a\u304a\u3001\u7532\u306e\u500b\u4eba\u60c5\u5831\u306b\u95a2\u3059\u308b\u53d6\u6271\u3044\u306f\u3001\u4e59\u304c\u5225\u9014\u5b9a\u3081\u308b\u30d7\u30e9\u30a4\u30d0\u30b7\u30fc\u30dd\u30ea\u30b7\u30fc\u306b\u3088\u308b\u3082\u306e\u3068\u3059\u308b\u3002<\/li>\n\n\n<\/ol>\n\n\n\n\n<h2>\u7b2c15\u6761(\u5229\u7528\u5b9f\u7e3e\u306e\u516c\u958b)<\/h2>\n\n\n\n\n<ol>\n \t\n\n<li>\u7532\u306f\u3001\u4e59\u304c\u7532\u306e\u4e8b\u696d\u8005\u540d\u3001\u30ed\u30b4\u30de\u30fc\u30af\u3001\u305d\u306e\u4ed6\u7532\u3092\u7279\u5b9a\u3057\u3046\u308b\u60c5\u5831\uff08\u4ee5\u4e0b\u3001\u300c\u7532\u3092\u7279\u5b9a\u3057\u3046\u308b\u60c5\u5831\u300d\u3068\u3044\u3044\u307e\u3059\uff09\u3092\u672c\u30b5\u30fc\u30d3\u30b9\u306e\u5229\u7528\u5b9f\u7e3e\u3092\u793a\u3059\u76ee\u7684\u3067\u4e59\u30db\u30fc\u30e0\u30da\u30fc\u30b8\u3084SNS\u306a\u3069\u306e\u5a92\u4f53\u3067\u516c\u958b\u3059\u308b\u3053\u3068\u3092\u8a31\u8afe\u3059\u308b\u3002\n\u306a\u304a\u3001\u4e59\u306f\u3001\u3053\u308c\u306b\u3042\u305f\u308a\u3001\u7532\u306e\u540d\u8a89\u3084\u4fe1\u7528\u3092\u6bc0\u640d\u3057\u306a\u3044\u3088\u3046\u9069\u5207\u306b\u53d6\u308a\u6271\u3046\u3082\u306e\u3068\u3059\u308b\u3002<\/li>\n\n\n \t\n\n<li>\u7532\u306f\uff64\u4e59\u306b\u5bfe\u3057\u3001\u7532\u3092\u7279\u5b9a\u3057\u3046\u308b\u60c5\u5831\u3092\u516c\u958b\u3057\u306a\u3044\u65e8\u306e\u7533\u3057\u5165\u308c\u3092\u3059\u308b\u3053\u3068\u304c\u3067\u304d\uff64\u3053\u306e\u5834\u5408\u3001\u4e59\u306f\u5f53\u8a72\u60c5\u5831\u3092\u516c\u958b\u305b\u305a\u3001\u307e\u305f\u306f\u901f\u3084\u304b\u306b\u60c5\u5831\u3092\u516c\u958b\u3057\u3066\u3044\u308b\u5a92\u4f53\u304b\u3089\u5f53\u8a72\u60c5\u5831\u3092\u524a\u9664\u3059\u308b\u3082\u306e\u3068\u3059\u308b\u3002<\/li>\n\n\n<\/ol>\n\n\n\u6539\u8a02\u65e5\uff1a2022\/10\/21\n--><\/p>","protected":false},"excerpt":{"rendered":"<p>Chat &amp; Messenger Co., Ltd. (ci-apr\u00e8s d\u00e9nomm\u00e9e \u00ab\u00a0Partie 2\u00a0\u00bb) fournit au client (ci-apr\u00e8s d\u00e9nomm\u00e9e \u00ab\u00a0Partie 2\u00a0\u00bb) [\u2026]<\/p>","protected":false},"author":1,"featured_media":0,"parent":36,"menu_order":5,"comment_status":"closed","ping_status":"closed","template":"","meta":{"swell_btn_cv_data":""},"_links":{"self":[{"href":"https:\/\/chat-messenger.com\/fr\/wp-json\/wp\/v2\/pages\/8098"}],"collection":[{"href":"https:\/\/chat-messenger.com\/fr\/wp-json\/wp\/v2\/pages"}],"about":[{"href":"https:\/\/chat-messenger.com\/fr\/wp-json\/wp\/v2\/types\/page"}],"author":[{"embeddable":true,"href":"https:\/\/chat-messenger.com\/fr\/wp-json\/wp\/v2\/users\/1"}],"replies":[{"embeddable":true,"href":"https:\/\/chat-messenger.com\/fr\/wp-json\/wp\/v2\/comments?post=8098"}],"version-history":[{"count":20,"href":"https:\/\/chat-messenger.com\/fr\/wp-json\/wp\/v2\/pages\/8098\/revisions"}],"predecessor-version":[{"id":8131,"href":"https:\/\/chat-messenger.com\/fr\/wp-json\/wp\/v2\/pages\/8098\/revisions\/8131"}],"up":[{"embeddable":true,"href":"https:\/\/chat-messenger.com\/fr\/wp-json\/wp\/v2\/pages\/36"}],"wp:attachment":[{"href":"https:\/\/chat-messenger.com\/fr\/wp-json\/wp\/v2\/media?parent=8098"}],"curies":[{"name":"wp","href":"https:\/\/api.w.org\/{rel}","templated":true}]}}