{"id":4811,"date":"2020-01-16T00:49:34","date_gmt":"2020-01-15T15:49:34","guid":{"rendered":"https:\/\/chat-messenger.com\/?page_id=4811"},"modified":"2022-04-26T10:51:19","modified_gmt":"2022-04-26T01:51:19","slug":"recruit","status":"publish","type":"page","link":"https:\/\/chat-messenger.com\/fr\/entreprise\/recruter","title":{"rendered":"Carri\u00e8res"},"content":{"rendered":"<div style=\"max-width:700px\">\n<p>\nNotre soci\u00e9t\u00e9 d\u00e9veloppe un service appel\u00e9 Chat &amp; Messenger, et notre activit\u00e9 est en constante expansion, avec de nombreuses impl\u00e9mentations \u00e0 l&#039;\u00e9chelle de l&#039;entreprise dans les minist\u00e8res, les groupes bancaires conglom\u00e9rats, les grandes entreprises, l&#039;informatique, les pr\u00e9fectures, les institutions publiques, les universit\u00e9s, les h\u00f4pitaux, etc.\n<\/p>\n<p>\nR\u00e9cemment, nous avons constat\u00e9 une augmentation des d\u00e9ploiements avec des dizaines de milliers d&#039;utilisateurs et des d\u00e9veloppements OEM adapt\u00e9s aux clients, et nous avons d\u00e9velopp\u00e9 de multiples alliances avec de grandes entreprises dont les ventes d\u00e9passent 1\u00a0000 milliards de yens.\n<\/p>\n<p>\nSi vous comprenez notre d\u00e9sir de travailler ensemble pour affiner nos services dans de nouveaux domaines de croissance et d\u00e9velopper des services de communication d&#039;entreprise dont le Japon peut \u00eatre fier \u00e0 l&#039;\u00e9chelle mondiale, veuillez postuler\u00a0!\n<\/p>\n<p><a href=\"\" class=\"engage-recruit-widget\" data-height=\"300\" data-width=\"700\" data-url=\"https:\/\/en-gage.net\/chat-messenger_jobs\/widget\/\" target=\"_blank\"><\/a><script src=\"https:\/\/en-gage.net\/common\/company_script\/recruit\/widget.js\"><\/script><\/p>\n<\/div>","protected":false},"excerpt":{"rendered":"<p>Notre soci\u00e9t\u00e9 fournit un service appel\u00e9 Chat&amp;Messenger, qui est utilis\u00e9 par les minist\u00e8res gouvernementaux, les groupes bancaires conglom\u00e9rats, les grandes entreprises, [\u2026]<\/p>","protected":false},"author":1,"featured_media":0,"parent":36,"menu_order":0,"comment_status":"closed","ping_status":"closed","template":"","meta":{"swell_btn_cv_data":""},"_links":{"self":[{"href":"https:\/\/chat-messenger.com\/fr\/wp-json\/wp\/v2\/pages\/4811"}],"collection":[{"href":"https:\/\/chat-messenger.com\/fr\/wp-json\/wp\/v2\/pages"}],"about":[{"href":"https:\/\/chat-messenger.com\/fr\/wp-json\/wp\/v2\/types\/page"}],"author":[{"embeddable":true,"href":"https:\/\/chat-messenger.com\/fr\/wp-json\/wp\/v2\/users\/1"}],"replies":[{"embeddable":true,"href":"https:\/\/chat-messenger.com\/fr\/wp-json\/wp\/v2\/comments?post=4811"}],"version-history":[{"count":11,"href":"https:\/\/chat-messenger.com\/fr\/wp-json\/wp\/v2\/pages\/4811\/revisions"}],"predecessor-version":[{"id":7248,"href":"https:\/\/chat-messenger.com\/fr\/wp-json\/wp\/v2\/pages\/4811\/revisions\/7248"}],"up":[{"embeddable":true,"href":"https:\/\/chat-messenger.com\/fr\/wp-json\/wp\/v2\/pages\/36"}],"wp:attachment":[{"href":"https:\/\/chat-messenger.com\/fr\/wp-json\/wp\/v2\/media?parent=4811"}],"curies":[{"name":"wp","href":"https:\/\/api.w.org\/{rel}","templated":true}]}}