{"id":36,"date":"2018-08-13T12:25:06","date_gmt":"2018-08-13T03:25:06","guid":{"rendered":"https:\/\/chat-messenger.com\/test\/?page_id=36"},"modified":"2025-04-02T02:53:49","modified_gmt":"2025-04-01T17:53:49","slug":"company","status":"publish","type":"page","link":"https:\/\/chat-messenger.com\/fr\/entreprise","title":{"rendered":"Profil de l'entreprise"},"content":{"rendered":"<table border=\"0\" cellspacing=\"1\" cellpadding=\"5\" bgcolor=\"#000000\">\n<tbody>\n<tr class=\"mfont\" bgcolor=\"#ffffff\">\n<td nowrap=\"nowrap\">Nom de l&#039;entreprise<\/td>\n<td>Chat&amp;Messenger Co., Ltd.<\/td>\n<\/tr>\n<tr class=\"mfont\" bgcolor=\"#ffffff\">\n<td nowrap=\"nowrap\">capital<\/td>\n<td>50 000 000 yens<\/td>\n<\/tr>\n<tr class=\"mfont\" bgcolor=\"#ffffff\">\n<td nowrap=\"nowrap\">adresse<\/td>\n<td>\u3012107-6012<br \/>\n1-12-32 Akasaka, Minato-ku, Tokyo<\/p>\n<div>B\u00e2timent Arche Mori 12F <a href=\"https:\/\/www.arkhills.com\/access\/\" rel=\"noopener\" target=\"_blank\">acc\u00e9der<\/a><\/div>\n<\/td>\n<\/tr>\n<tr class=\"mfont\" bgcolor=\"#ffffff\">\n<td nowrap=\"nowrap\">Date de cr\u00e9ation<\/td>\n<td>F\u00e9vrier 2017<\/td>\n<\/tr>\n<tr class=\"mfont\" bgcolor=\"#ffffff\">\n<td nowrap=\"nowrap\">PDG<\/td>\n<td>Satoshi Tanab\u00e9<\/td>\n<\/tr>\n<tr class=\"mfont\" bgcolor=\"#ffffff\">\n<td nowrap=\"nowrap\">Contenu professionnel<\/td>\n<td>Nous nous concentrons sur la fourniture de services pour le logiciel de groupe national \u00ab\u00a0Chat &amp; Messenger\u00a0\u00bb.<\/p>\n<p>Ce service int\u00e8gre des fonctions telles que le chat professionnel, la conf\u00e9rence Web, la gestion des horaires, la gestion des documents et la gestion des pr\u00e9sences pour offrir aux entreprises un environnement de communication efficace.<\/p>\n<p>Notre objectif est de positionner \u00ab Chat&amp;Messenger \u00bb comme un service japonais dont nous pouvons \u00eatre fiers dans le monde entier. Gr\u00e2ce \u00e0 ce d\u00e9fi, nous travaillons sans rel\u00e2che pour fournir des services tr\u00e8s appr\u00e9ci\u00e9s sur le march\u00e9 mondial.<\/td>\n<\/tr>\n<tr class=\"mfont\" bgcolor=\"#ffffff\">\n<td>enqu\u00eate<\/td>\n<td><a href=\"https:\/\/chat-messenger.com\/fr\/contactez-nous\/\">https:\/\/chat-messenger.com\/contactus<\/a><\/td>\n<\/tr>\n<\/tbody>\n<\/table>","protected":false},"excerpt":{"rendered":"<p>Nom de l&#039;entreprise : Chat&amp;Messenger Co., Ltd. Capital : 50 000 000 yens Adresse : 107-6012 [\u2026]<\/p>","protected":false},"author":2,"featured_media":0,"parent":0,"menu_order":0,"comment_status":"closed","ping_status":"closed","template":"","meta":{"swell_btn_cv_data":""},"_links":{"self":[{"href":"https:\/\/chat-messenger.com\/fr\/wp-json\/wp\/v2\/pages\/36"}],"collection":[{"href":"https:\/\/chat-messenger.com\/fr\/wp-json\/wp\/v2\/pages"}],"about":[{"href":"https:\/\/chat-messenger.com\/fr\/wp-json\/wp\/v2\/types\/page"}],"author":[{"embeddable":true,"href":"https:\/\/chat-messenger.com\/fr\/wp-json\/wp\/v2\/users\/2"}],"replies":[{"embeddable":true,"href":"https:\/\/chat-messenger.com\/fr\/wp-json\/wp\/v2\/comments?post=36"}],"version-history":[{"count":8,"href":"https:\/\/chat-messenger.com\/fr\/wp-json\/wp\/v2\/pages\/36\/revisions"}],"predecessor-version":[{"id":11832,"href":"https:\/\/chat-messenger.com\/fr\/wp-json\/wp\/v2\/pages\/36\/revisions\/11832"}],"wp:attachment":[{"href":"https:\/\/chat-messenger.com\/fr\/wp-json\/wp\/v2\/media?parent=36"}],"curies":[{"name":"wp","href":"https:\/\/api.w.org\/{rel}","templated":true}]}}