{"id":305,"date":"2018-08-14T11:50:05","date_gmt":"2018-08-14T02:50:05","guid":{"rendered":"https:\/\/chat-messenger.com\/test\/?page_id=305"},"modified":"2025-04-04T00:12:56","modified_gmt":"2025-04-03T15:12:56","slug":"notation_commercial_transaction","status":"publish","type":"page","link":"https:\/\/chat-messenger.com\/fr\/entreprise\/notation_commercial_transaction","title":{"rendered":"Notation conform\u00e9ment \u00e0 la loi sur les transactions commerciales sp\u00e9cifi\u00e9es"},"content":{"rendered":"<table border=\"0\" cellspacing=\"1\" cellpadding=\"5\" bgcolor=\"#000000\">\n<tbody>\n<tr class=\"mfont\" bgcolor=\"#ffffff\">\n<td nowrap=\"nowrap\">distributeur<\/td>\n<td>Chat&amp;Messenger Co., Ltd.<\/td>\n<\/tr>\n<tr class=\"mfont\" bgcolor=\"#ffffff\">\n<td nowrap=\"nowrap\">capital<\/td>\n<td>50 000 000 yens<\/td>\n<\/tr>\n<tr class=\"mfont\" bgcolor=\"#ffffff\">\n<td nowrap=\"nowrap\">repr\u00e9sentant<\/td>\n<td>Satoshi Tanab\u00e9<\/td>\n<\/tr>\n<tr class=\"mfont\" bgcolor=\"#ffffff\">\n<td nowrap=\"nowrap\">emplacement<\/td>\n<td nowrap=\"nowrap\">\u3012107-6012<br \/>\n12F Ark Mori Building, 1-12-32 Akasaka, Minato-ku, Tokyo <a href=\"https:\/\/www.arkhills.com\/access\/\" rel=\"noopener\" target=\"_blank\">acc\u00e9der<\/a><\/td>\n<\/tr>\n<tr class=\"mfont\" bgcolor=\"#ffffff\">\n<td>Num\u00e9ro d&#039;enregistrement de la facture<\/td>\n<td>T1040001098847<\/td>\n<\/tr>\n<tr class=\"mfont\" bgcolor=\"#ffffff\">\n<td>Mail<\/td>\n<td><a href=\"https:\/\/chat-messenger.com\/fr\/contactez-nous\/\">enqu\u00eate<\/a><\/td>\n<\/tr>\n<tr class=\"mfont\" bgcolor=\"#ffffff\">\n<td nowrap=\"nowrap\">Frais n\u00e9cessaires autres que le prix du produit<\/td>\n<td>En plus de la taxe \u00e0 la consommation, des frais de transfert seront factur\u00e9s en cas d&#039;utilisation d&#039;un virement bancaire.<\/td>\n<\/tr>\n<tr class=\"mfont\" bgcolor=\"#ffffff\">\n<td>D\u00e9lai de livraison<\/td>\n<td>Pour les virements, dans les 3 jours ouvrables suivant la r\u00e9ception de votre rapport de versement.<br \/>\nNous vous informerons de la cl\u00e9 de licence par e-mail, etc.<\/td>\n<\/tr>\n<tr class=\"mfont\" bgcolor=\"#ffffff\">\n<td>Mode de paiement<\/td>\n<td nowrap=\"nowrap\">Soci\u00e9t\u00e9 bancaire Sumitomo Mitsui<\/td>\n<\/tr>\n<tr class=\"mfont\" bgcolor=\"#ffffff\">\n<td>\u00c0 propos des retours<\/td>\n<td>En raison de la p\u00e9riode d&#039;essai gratuite, nous ne pouvons pas accepter les retours.<\/td>\n<\/tr>\n<\/tbody>\n<\/table>","protected":false},"excerpt":{"rendered":"<p>Distributeur : Chat&amp;Messenger Co., Ltd. Capital : 50 000 000 yens Repr\u00e9sentant : Tetsu Tanabe [\u2026]<\/p>","protected":false},"author":1,"featured_media":0,"parent":36,"menu_order":0,"comment_status":"closed","ping_status":"closed","template":"","meta":{"swell_btn_cv_data":""},"_links":{"self":[{"href":"https:\/\/chat-messenger.com\/fr\/wp-json\/wp\/v2\/pages\/305"}],"collection":[{"href":"https:\/\/chat-messenger.com\/fr\/wp-json\/wp\/v2\/pages"}],"about":[{"href":"https:\/\/chat-messenger.com\/fr\/wp-json\/wp\/v2\/types\/page"}],"author":[{"embeddable":true,"href":"https:\/\/chat-messenger.com\/fr\/wp-json\/wp\/v2\/users\/1"}],"replies":[{"embeddable":true,"href":"https:\/\/chat-messenger.com\/fr\/wp-json\/wp\/v2\/comments?post=305"}],"version-history":[{"count":10,"href":"https:\/\/chat-messenger.com\/fr\/wp-json\/wp\/v2\/pages\/305\/revisions"}],"predecessor-version":[{"id":11857,"href":"https:\/\/chat-messenger.com\/fr\/wp-json\/wp\/v2\/pages\/305\/revisions\/11857"}],"up":[{"embeddable":true,"href":"https:\/\/chat-messenger.com\/fr\/wp-json\/wp\/v2\/pages\/36"}],"wp:attachment":[{"href":"https:\/\/chat-messenger.com\/fr\/wp-json\/wp\/v2\/media?parent=305"}],"curies":[{"name":"wp","href":"https:\/\/api.w.org\/{rel}","templated":true}]}}