{"id":3,"date":"2018-08-12T02:08:24","date_gmt":"2018-08-11T17:08:24","guid":{"rendered":"https:\/\/chat-messenger.com\/?page_id=3"},"modified":"2025-10-06T17:46:08","modified_gmt":"2025-10-06T08:46:08","slug":"privacy-policy","status":"publish","type":"page","link":"https:\/\/chat-messenger.com\/fr\/entreprise\/politique-de-confidentialite","title":{"rendered":"Politique de confidentialit\u00e9\/Politique de protection des informations personnelles"},"content":{"rendered":"<p>Chat&amp;Messenger Co., Ltd. (ci-apr\u00e8s d\u00e9nomm\u00e9e \u00ab la Soci\u00e9t\u00e9 \u00bb) a \u00e9tabli la politique de confidentialit\u00e9 suivante (ci-apr\u00e8s d\u00e9nomm\u00e9e \u00ab la Soci\u00e9t\u00e9 \u00bb) concernant le traitement des informations confidentielles dans les services fournis sur ce site Web ( ci-apr\u00e8s d\u00e9nomm\u00e9 \u00ab le Service \u00bb) (ci-apr\u00e8s d\u00e9nomm\u00e9 \u00ab la pr\u00e9sente politique \u00bb).<\/p>\n\n\n\n<h2>Article 1 (Informations sur la confidentialit\u00e9)<\/h2>\n\n\n\n<ul><li>Parmi les informations sur la confidentialit\u00e9, les \u00ab informations personnelles \u00bb font r\u00e9f\u00e9rence aux \u00ab informations personnelles \u00bb telles que d\u00e9finies dans la Loi sur la protection des informations personnelles et d\u00e9signent les informations sur une personne vivante, y compris le nom, la date de naissance, l&#039;adresse et le num\u00e9ro de t\u00e9l\u00e9phone inclus dans les informations. \u00e0 des informations permettant d&#039;identifier une personne sp\u00e9cifique gr\u00e2ce \u00e0 ses coordonn\u00e9es et \u00e0 d&#039;autres descriptions.<\/li><li>Parmi les informations de confidentialit\u00e9, les \u00ab informations historiques et informations caract\u00e9ristiques \u00bb font r\u00e9f\u00e9rence \u00e0 des informations autres que les \u00ab informations personnelles \u00bb d\u00e9finies ci-dessus et incluent des informations telles que les services utilis\u00e9s, les produits achet\u00e9s, la date et l&#039;heure d&#039;utilisation, la m\u00e9thode d&#039;utilisation et l&#039;environnement d&#039;utilisation. , l&#039;adresse IP de l&#039;utilisateur, les informations sur les cookies, etc.<\/li><\/ul>\n\n\n\n<h2>Article 2 (M\u00e9thode de collecte des informations relatives \u00e0 la vie priv\u00e9e)<\/h2>\n\n\n\n<ul><li>Lorsqu&#039;un utilisateur pose une question sur ce site, signale un probl\u00e8me ou s&#039;inscrit pour utiliser le service cloud Chat&amp;Messenger, la soci\u00e9t\u00e9 saisit le nom de l&#039;entreprise, son nom complet et son adresse e-mail.<\/li><li>Notre soci\u00e9t\u00e9 collecte des informations sur les utilisateurs lorsqu&#039;ils utilisent nos services, telles que les produits achet\u00e9s, les pages consult\u00e9es, la date et l&#039;heure d&#039;utilisation, la m\u00e9thode d&#039;utilisation, l&#039;environnement d&#039;utilisation et l&#039;adresse IP.<\/li><\/ul>\n\n\n\n<h2>Article 3 (Finalit\u00e9 de la collecte et de l&#039;utilisation des informations personnelles)<\/h2>\n\n\n\n<p>Les finalit\u00e9s pour lesquelles notre soci\u00e9t\u00e9 collecte et utilise des informations personnelles sont les suivantes.<\/p>\n\n\n\n<ul><li>(1) Objectif d&#039;affichage du nom et des informations de contact afin que les utilisateurs puissent afficher et modifier leurs informations enregistr\u00e9es et afficher l&#039;\u00e9tat d&#039;utilisation<\/li><li>(2) Objectif de l&#039;utilisation des adresses e-mail pour informer et contacter les utilisateurs<\/li><li>(4) Objectif d&#039;utiliser des informations relatives au paiement telles que le nom du produit et la quantit\u00e9 achet\u00e9e, le type et la p\u00e9riode de service utilis\u00e9, le nombre de fois, le montant factur\u00e9, le nom, l&#039;adresse, etc. afin de facturer le paiement aux utilisateurs.<\/li><li>(6) Nous refuserons l&#039;utilisation d&#039;utilisateurs qui enfreignent les conditions d&#039;utilisation de ce service, par exemple en retardant le paiement ou en causant des dommages \u00e0 des tiers, ou d&#039;utilisateurs qui tentent d&#039;utiliser le service \u00e0 des fins frauduleuses ou inappropri\u00e9es.<\/li><li>(7) Afin de r\u00e9pondre aux demandes des utilisateurs, nous collectons les informations n\u00e9cessaires \u00e0 notre soci\u00e9t\u00e9 pour fournir des services aux utilisateurs, telles que des informations concernant le contenu des demandes et la facturation, ainsi que l&#039;\u00e9tat d&#039;utilisation du service utilisateur et les informations de contact.<\/li><li>(8) Finalit\u00e9s accessoires aux finalit\u00e9s d\u2019utilisation ci-dessus<\/li><\/ul>\n\n\n\n<h2>Article 4 (Fourniture d&#039;informations personnelles \u00e0 des tiers)<\/h2>\n\n\n\n<ul><li>Notre soci\u00e9t\u00e9 ne communiquera pas d&#039;informations personnelles \u00e0 des tiers sans obtenir au pr\u00e9alable le consentement de l&#039;utilisateur, sauf dans les cas suivants. Cependant, cela exclut les cas autoris\u00e9s par la loi sur la protection des informations personnelles et d&#039;autres lois et r\u00e9glementations.\n<ul>\n<li>(1) Cas fond\u00e9s sur les lois et r\u00e8glements<\/li>\n<li>(2) Lorsqu&#039;il est n\u00e9cessaire de prot\u00e9ger la vie, le corps ou les biens d&#039;une personne et qu&#039;il est difficile d&#039;obtenir le consentement de la personne.<\/li>\n<li>(3) Lorsqu&#039;il est particuli\u00e8rement n\u00e9cessaire d&#039;am\u00e9liorer la sant\u00e9 publique ou de promouvoir l&#039;\u00e9ducation saine des enfants et qu&#039;il est difficile d&#039;obtenir le consentement de la personne concern\u00e9e.<\/li>\n<li>(4) Dans les cas o\u00f9 il est n\u00e9cessaire de coop\u00e9rer avec une agence nationale, une administration locale ou une personne charg\u00e9e par eux de mener \u00e0 bien les affaires pr\u00e9vues par la loi, et que l&#039;ex\u00e9cution des affaires est obtenue en obtenant le consentement de la personne concern\u00e9e. Lorsqu&#039;il existe un risque d&#039;interf\u00e9rence avec<\/li>\n<li>(5) Si les questions suivantes ont \u00e9t\u00e9 annonc\u00e9es ou annonc\u00e9es \u00e0 l&#039;avance\u00a0:\n<ol>\n<li>Le but d&#039;utilisation inclut la fourniture \u00e0 un tiers<\/li>\n<li>Donn\u00e9es fournies \u00e0 des tiers<\/li>\n<li>Moyens ou m\u00e9thodes de mise \u00e0 disposition \u00e0 des tiers<\/li>\n<li>Cesser de fournir des informations personnelles \u00e0 des tiers \u00e0 la demande de l&#039;individu<\/li>\n<\/ol>\n<\/li>\n<\/ul>\n<\/li><\/ul>\n\n\n\n<h2>Article 5 (Divulgation des informations personnelles)<\/h2>\n\n\n\n<ul><li>Lorsqu&#039;une personne nous demande de divulguer des informations personnelles, nous les divulguerons \u00e0 cette personne sans d\u00e9lai. Toutefois, si la divulgation rel\u00e8ve de l\u2019une des situations suivantes, nous ne pouvons pas divulguer tout ou partie des informations, et si nous d\u00e9cidons de ne pas les divulguer, nous vous en informerons sans d\u00e9lai. Veuillez noter que des frais de 1 000 yens seront factur\u00e9s pour chaque divulgation d&#039;informations personnelles.\n<ul>\n<li>(1) Dans les cas o\u00f9 il existe un risque de porter atteinte \u00e0 la vie, au corps, aux biens ou \u00e0 d&#039;autres droits et int\u00e9r\u00eats de la personne ou d&#039;un tiers.<\/li>\n<li>(2) Dans les cas o\u00f9 il existe un risque d&#039;entrave significative \u00e0 la bonne ex\u00e9cution de nos activit\u00e9s.<\/li>\n<li>(3) Dans les cas o\u00f9 cela violerait d\u2019autres lois et r\u00e9glementations.<\/li>\n<\/ul>\n<\/li><li>Nonobstant les dispositions du paragraphe pr\u00e9c\u00e9dent, en r\u00e8gle g\u00e9n\u00e9rale, les informations autres que les informations personnelles, telles que les informations historiques et les informations caract\u00e9ristiques, ne seront pas divulgu\u00e9es.<\/li><\/ul>\n\n\n\n<h2>Article 6 (Correction et suppression des informations personnelles)<\/h2>\n\n\n\n<ul><li>Si les informations personnelles de l&#039;utilisateur d\u00e9tenues par la Soci\u00e9t\u00e9 sont incorrectes, l&#039;utilisateur peut demander \u00e0 la Soci\u00e9t\u00e9 de corriger ou de supprimer les informations personnelles en suivant les proc\u00e9dures \u00e9tablies par la Soci\u00e9t\u00e9.<\/li><li>Si notre soci\u00e9t\u00e9 re\u00e7oit une demande d&#039;un utilisateur dans le paragraphe pr\u00e9c\u00e9dent et d\u00e9termine qu&#039;il est n\u00e9cessaire de r\u00e9pondre \u00e0 la demande, nous corrigerons ou supprimerons les informations personnelles sans d\u00e9lai et en informerons l&#039;utilisateur en cons\u00e9quence.<\/li><\/ul>\n\n\n\n<h2>Article 7 (Suspension de l&#039;utilisation des informations personnelles, etc.)<\/h2>\n\n\n\n<p>Notre soci\u00e9t\u00e9 peut suspendre ou effacer l&#039;utilisation des informations personnelles (ci-apr\u00e8s d\u00e9nomm\u00e9e \u00ab\u00a0Utilisation des informations personnelles\u00a0\u00bb) au motif que les informations personnelles sont trait\u00e9es au-del\u00e0 de la port\u00e9e de l&#039;objectif d&#039;utilisation ou qu&#039;elles ont \u00e9t\u00e9 obtenues par moyens ill\u00e9gaux. Si cela nous est demand\u00e9, nous m\u00e8nerons sans d\u00e9lai l\u2019enqu\u00eate n\u00e9cessaire et, sur la base des r\u00e9sultats, nous suspendrons l\u2019utilisation des informations personnelles et en informerons la personne en cons\u00e9quence. Cependant, dans les cas o\u00f9 il serait co\u00fbteux de suspendre l&#039;utilisation des informations personnelles, etc., ou lorsqu&#039;il est difficile de suspendre l&#039;utilisation des informations personnelles, et qu&#039;il est possible de prendre des mesures alternatives n\u00e9cessaires pour prot\u00e9ger les droits et les int\u00e9r\u00eats du personne, \uff0cPrenez cette alternative.<\/p>\n\n\n\n<h2>\u7b2c\uff18\u6761\uff08\u5150\u7ae5\u306e\u5b89\u5168\u306b\u95a2\u3059\u308b\u65b9\u91dd\uff09<\/h2>\n\n\n\n<p>\u5f53\u793e\u306f\u3001\u5150\u7ae5\u306e\u5b89\u5168\u3092\u6700\u512a\u5148\u306b\u8003\u3048\u3001\u5150\u7ae5\u306e\u6027\u7684\u643e\u53d6\u3084\u8650\u5f85\uff08CSAE: Child Sexual Abuse and Exploitation\uff09\u306b\u95a2\u3059\u308b\u3042\u3089\u3086\u308b\u884c\u70ba\u3001\u30b3\u30f3\u30c6\u30f3\u30c4\u3001\u753b\u50cf\u3001\u6620\u50cf\u3001\u767a\u8a00\u3001\u307e\u305f\u306f\u305d\u306e\u52a9\u9577\u884c\u70ba\u3092\u660e\u793a\u7684\u306b\u7981\u6b62\u3057\u307e\u3059\u3002<br>\u5f53\u793e\u30b5\u30fc\u30d3\u30b9\u4e0a\u3067\u305d\u306e\u3088\u3046\u306a\u884c\u70ba\u3084\u30b3\u30f3\u30c6\u30f3\u30c4\u304c\u78ba\u8a8d\u3055\u308c\u305f\u5834\u5408\u3001\u5f53\u793e\u306f\u76f4\u3061\u306b\u524a\u9664\u30fb\u505c\u6b62\u7b49\u306e\u63aa\u7f6e\u3092\u884c\u3044\u3001\u5fc5\u8981\u306b\u5fdc\u3058\u3066\u95a2\u4fc2\u5f53\u5c40\u3078\u901a\u5831\u3057\u307e\u3059\u3002<br>\u3053\u306e\u65b9\u91dd\u306f\u3001Chat&amp;Messenger\uff08\u682a\u5f0f\u4f1a\u793e Chat&amp;Messenger\uff09\u304c\u63d0\u4f9b\u3059\u308b\u3059\u3079\u3066\u306e\u88fd\u54c1\u304a\u3088\u3073\u30b5\u30fc\u30d3\u30b9\u306b\u9069\u7528\u3055\u308c\u307e\u3059\u3002<\/p>\n\n\n\n<h2>\u7b2c\uff19\u6761\uff08\u30d7\u30e9\u30a4\u30d0\u30b7\u30fc\u30dd\u30ea\u30b7\u30fc\u306e\u5909\u66f4\uff09<\/h2>\n\n\n\n<ul><li>Le contenu de cette politique peut \u00eatre modifi\u00e9 sans en informer les utilisateurs.<\/li><li>Sauf indication contraire de notre soci\u00e9t\u00e9, la politique de confidentialit\u00e9 r\u00e9vis\u00e9e entrera en vigueur \u00e0 compter de sa publication sur ce site Web.<\/li><\/ul>\n\n\n\n<h2>\u304a\u554f\u3044\u5408\u308f\u305b\u7a93\u53e3<\/h2>\n\n\n\n<p>Pour toute demande concernant cette politique, veuillez contacter le point de contact ci-dessous.<\/p>\n\n\n\n<p>Chat&amp;Messenger Co., Ltd.<br>Directeur repr\u00e9sentatif\/agent de gestion de l&#039;information Satoshi Tanabe<\/p>\n\n\n\n<p>enqu\u00eate:<a href=\"https:\/\/chat-messenger.com\/fr\/contactez-nous\/\">https:\/\/chat-messenger.com\/contactus<\/a><\/p>\n\n\n\n<p>c&#039;est tout<\/p>","protected":false},"excerpt":{"rendered":"<p>Chat&amp;Messenger Co., Ltd. (ci-apr\u00e8s d\u00e9nomm\u00e9 \u00ab la Soci\u00e9t\u00e9 \u00bb) est le service fourni sur ce site Web [\u2026]<\/p>","protected":false},"author":1,"featured_media":0,"parent":36,"menu_order":0,"comment_status":"closed","ping_status":"closed","template":"","meta":{"swell_btn_cv_data":""},"_links":{"self":[{"href":"https:\/\/chat-messenger.com\/fr\/wp-json\/wp\/v2\/pages\/3"}],"collection":[{"href":"https:\/\/chat-messenger.com\/fr\/wp-json\/wp\/v2\/pages"}],"about":[{"href":"https:\/\/chat-messenger.com\/fr\/wp-json\/wp\/v2\/types\/page"}],"author":[{"embeddable":true,"href":"https:\/\/chat-messenger.com\/fr\/wp-json\/wp\/v2\/users\/1"}],"replies":[{"embeddable":true,"href":"https:\/\/chat-messenger.com\/fr\/wp-json\/wp\/v2\/comments?post=3"}],"version-history":[{"count":10,"href":"https:\/\/chat-messenger.com\/fr\/wp-json\/wp\/v2\/pages\/3\/revisions"}],"predecessor-version":[{"id":12269,"href":"https:\/\/chat-messenger.com\/fr\/wp-json\/wp\/v2\/pages\/3\/revisions\/12269"}],"up":[{"embeddable":true,"href":"https:\/\/chat-messenger.com\/fr\/wp-json\/wp\/v2\/pages\/36"}],"wp:attachment":[{"href":"https:\/\/chat-messenger.com\/fr\/wp-json\/wp\/v2\/media?parent=3"}],"curies":[{"name":"wp","href":"https:\/\/api.w.org\/{rel}","templated":true}]}}