{"id":1786,"date":"2018-12-16T16:00:04","date_gmt":"2018-12-16T07:00:04","guid":{"rendered":"https:\/\/chat-messenger.com\/?page_id=1786"},"modified":"2025-01-31T11:47:23","modified_gmt":"2025-01-31T02:47:23","slug":"businesspremium_license","status":"publish","type":"page","link":"https:\/\/chat-messenger.com\/fr\/contactez-nous\/licence_businesspremium","title":{"rendered":"Application d&#039;achat Chat&amp;Messenger Business Premium"},"content":{"rendered":"<p style=\"max-width: 700px;\"><b>Si vous souhaitez utiliser la fonction d&#039;appel vid\u00e9o, veuillez d&#039;abord v\u00e9rifier la fonctionnalit\u00e9 avec la version gratuite avant d&#039;acheter.<\/b><\/p>\n<p class=\"form-info d-none point\" style=\"max-width: 600px;\"><b>Si les informations ci-dessous sont correctes, veuillez appuyer sur le bouton \u00ab\u00a0Envoyer\u00a0\u00bb.<\/b><\/p>\n<div style=\"max-width: 760px;\">\n<form id=\"request_form\" method=\"post\" action=\"\/fr\/cgi-bin\/request.php\/\" class=\"form-contact form-confirm\" data-trp-original-action=\"\/cgi-bin\/request.php\">\n<table class=\"table table-bordered\">\n<tbody>\n<tr>\n<th width=\"170\" class=\"bg-light\">Nom de l&#039;organisation <span class=\"badge badge-danger\">Requis<\/span><\/th>\n<td><input size=\"30\" type=\"text\" name=\"\u4f1a\u793e\u540d\/\u56e3\u4f53\u540d\" placeholder=\"Nom officiel de l&#039;entreprise\/de l&#039;organisation\" class=\"form-control w-50\" required=\"\"><\/td>\n<\/tr>\n<tr>\n<th width=\"160\" class=\"bg-light\">nom <span class=\"badge badge-danger\">Requis<\/span><\/th>\n<td><input size=\"20\" type=\"text\" name=\"\u304a\u540d\u524d\" class=\"form-control w-50\" required=\"\"><\/td>\n<\/tr>\n<tr>\n<th class=\"bg-light\">E-mail <span class=\"badge badge-danger\">Requis<\/span><\/th>\n<td><input size=\"24\" type=\"text\" name=\"Email\" class=\"form-control w-50\" data-validation-engine=\"validate[required, custom[email]]\" required=\"\"><\/td>\n<\/tr>\n<tr>\n<th class=\"bg-light\">Nombre de licences<\/th>\n<td>\n     <select name=\"\u30e9\u30a4\u30bb\u30f3\u30b9\u6570\"><option>1 licence 10 000 yens<\/option><option>2 licences 20 000 yens<\/option><option>3 licences 30 000 yens<\/option><option>4 licences 40 000 yens<\/option><option>5 licences 50 000 yens<\/option><option>6 licences 60 000 yens<\/option><option>7 licence 70 000 yens<\/option><option>8 licences 80 000 yens<\/option><option>9 licences 90 000 yens<\/option><option>10 licences 100 000 yens<\/option><option>11 licence 110 000 yens<\/option><option>12 licences 120 000 yens<\/option><option>13 licence 130 000 yens<\/option><option>14 licences 140 000 yens<\/option><option>15 licences 150 000 yens<\/option><\/select><\/p>\n<p>*Montants hors taxes.<br \/>\n*Le prix ci-dessus peut \u00eatre utilis\u00e9 comme licence permanente.<\/td>\n<\/tr>\n<tr>\n<th class=\"bg-light\">message<\/th>\n<td>\n<textarea name=\"\u305d\u306e\u4ed6\u30e1\u30c3\u30bb\u30fc\u30b8\" cols=\"43\" rows=\"3\" class=\"form-control\"><\/textarea><\/td>\n<\/tr>\n<tr>\n<th class=\"bg-light\">Devis\/Facture<\/th>\n<td>\n<input type=\"radio\" name=\"\u898b\u7a4d\u66f8\uff0f\u8acb\u6c42\u66f8\" value=\"\u898b\u7a4d\u66f8\u304c\u5fc5\u8981\" id=\"doc01\" checked=\"\"> <label for=\"doc01\">j&#039;ai besoin d&#039;un devis<\/label>&nbsp;&nbsp;&nbsp;&nbsp;<input type=\"radio\" name=\"\u898b\u7a4d\u66f8\uff0f\u8acb\u6c42\u66f8\" value=\"\u8acb\u6c42\u66f8\u304c\u5fc5\u8981\" id=\"doc02\"> <label for=\"doc02\">J&#039;ai besoin d&#039;une facture<\/label>&nbsp;&nbsp;&nbsp;&nbsp;<\/td>\n<\/tr>\n<tr><\/tr>\n<\/tbody>\n<\/table>\n<div class=\"text-center\" style=\"display: flex; justify-content: center; gap: 10px; height: 50px\">\n<input type=\"submit\" value=\"confirmation\" class=\"btn btn-info btn-confirm\"><br \/>\n<input type=\"reset\" value=\"r\u00e9initialiser\" class=\"btn btn-reset\"><br \/>\n<input type=\"submit\" value=\"envoyer\" class=\"btn btn-info btn-submit d-none\"><br \/>\n<input type=\"button\" value=\"retour\" class=\"btn btn-back d-none\"><\/div>\n<input type=\"hidden\" name=\"trp-form-language\" value=\"fr\"\/><\/form>\n<p><script src=\"\/js\/form\/validation\/jquery.validationEngine.js\"><\/script><br \/>\n<script src=\"\/js\/form\/validation\/jquery.validationEngine-ja.js\"><\/script>\n \t \t \t \t \t \t \t \t \t \t \t \t \t \t \t \t \t \t<link href=\"\/js\/form\/validation\/validationEngine.jquery.css\" rel=\"stylesheet\">\n<script src=\"\/js\/form\/form.js\"><\/script>\n \t \t \t \t \t \t \t \t \t \t \t \t \t \t \t \t \t<link href=\"https:\/\/chat-messenger.com\/css\/bootstrap.min.css?ver=1.2.5\" rel=\"stylesheet\">\n<\/div>","protected":false},"excerpt":{"rendered":"<p>Si vous souhaitez utiliser la fonction d&#039;appel vid\u00e9o, veuillez d&#039;abord v\u00e9rifier la fonctionnalit\u00e9 avec la version gratuite avant d&#039;acheter. Si les informations suivantes sont correctes, veuillez lire \u00ab [...]<\/p>","protected":false},"author":1,"featured_media":0,"parent":37,"menu_order":0,"comment_status":"closed","ping_status":"closed","template":"","meta":{"swell_btn_cv_data":""},"_links":{"self":[{"href":"https:\/\/chat-messenger.com\/fr\/wp-json\/wp\/v2\/pages\/1786"}],"collection":[{"href":"https:\/\/chat-messenger.com\/fr\/wp-json\/wp\/v2\/pages"}],"about":[{"href":"https:\/\/chat-messenger.com\/fr\/wp-json\/wp\/v2\/types\/page"}],"author":[{"embeddable":true,"href":"https:\/\/chat-messenger.com\/fr\/wp-json\/wp\/v2\/users\/1"}],"replies":[{"embeddable":true,"href":"https:\/\/chat-messenger.com\/fr\/wp-json\/wp\/v2\/comments?post=1786"}],"version-history":[{"count":9,"href":"https:\/\/chat-messenger.com\/fr\/wp-json\/wp\/v2\/pages\/1786\/revisions"}],"predecessor-version":[{"id":11562,"href":"https:\/\/chat-messenger.com\/fr\/wp-json\/wp\/v2\/pages\/1786\/revisions\/11562"}],"up":[{"embeddable":true,"href":"https:\/\/chat-messenger.com\/fr\/wp-json\/wp\/v2\/pages\/37"}],"wp:attachment":[{"href":"https:\/\/chat-messenger.com\/fr\/wp-json\/wp\/v2\/media?parent=1786"}],"curies":[{"name":"wp","href":"https:\/\/api.w.org\/{rel}","templated":true}]}}