{"id":1616,"date":"2018-12-03T13:05:23","date_gmt":"2018-12-03T04:05:23","guid":{"rendered":"https:\/\/chat-messenger.com\/?page_id=1616"},"modified":"2026-03-27T12:51:26","modified_gmt":"2026-03-27T03:51:26","slug":"camserver_license","status":"publish","type":"page","link":"https:\/\/chat-messenger.com\/fr\/contactez-nous\/licence_camserver","title":{"rendered":"Demande d&#039;achat d&#039;un CAMServer sur site"},"content":{"rendered":"<div style=\"width: 870px;\">\n<p class=\"form-info d-none point\" style=\"max-width: 610px;\"><b>Si les informations ci-dessous sont correctes, veuillez appuyer sur le bouton \u00ab\u00a0Envoyer\u00a0\u00bb.<\/b><\/p>\n<form id=\"request_form\" method=\"post\" action=\"\/fr\/cgi-bin\/request.php\/\" class=\"form-contact form-confirm\" data-trp-original-action=\"\/cgi-bin\/request.php\">\n<table class=\"table table-bordered\">\n<tbody>\n<tr>\n<th width=\"210\" class=\"bg-light\">Nom de l&#039;organisation <span class=\"badge badge-danger required\">Requis<\/span><\/th>\n<td><input size=\"30\" type=\"text\" name=\"\u4f1a\u793e\u540d\u3084\u56e3\u4f53\u540d\" placeholder=\"Nom officiel de l&#039;entreprise\/de l&#039;organisation\" class=\"form-control w-50\" required=\"\"><\/td>\n<\/tr>\n<tr>\n<th class=\"bg-light\">nom <span class=\"badge badge-danger required\">Requis<\/span><\/th>\n<td><input size=\"20\" type=\"text\" name=\"\u304a\u540d\u524d\" class=\"form-control w-50\" required=\"\"><\/td>\n<\/tr>\n<tr><\/tr>\n<tr>\n<th class=\"bg-light\">E-mail <span class=\"badge badge-danger required\">Requis<\/span><\/th>\n<td><input size=\"24\" placeholder=\"L&#039;e-mail de votre entreprise\" type=\"text\" name=\"Email\" class=\"form-control w-50\" data-validation-engine=\"validate[required, custom[email]]\" required=\"\"><\/td>\n<\/tr>\n<tr>\n<th class=\"bg-light\">Plans tarifaires<\/p>\n<ul style=\"margin-top: 10px; margin-left: 10px; padding-left: 0;\">\n<li><a href=\"https:\/\/chat-messenger.com\/fr\/manuel\/camserver\/camserver_overview\/\" target=\"_blank\" rel=\"noopener\">Pr\u00e9sentation du serveur CAM<\/a><\/li>\n<li><a href=\"https:\/\/chat-messenger.com\/fr\/contactez-nous\/plan-de-serveur-de-webcams\/\" target=\"_blank\" rel=\"noopener\">Diff\u00e9rences de plans<\/a><\/li>\n<li><a href=\"https:\/\/chat-messenger.com\/fr\/manuel\/camserver\/licence_achat\/\" target=\"_blank\" rel=\"noopener\">D\u00e9finition de la licence<\/a><\/li>\n<\/ul>\n<\/th>\n<td>\n<table style=\"border: none !important; margin-bottom: 0px;\">\n<tbody>\n<tr>\n<td width=\"180\" style=\"vertical-align: top !important; border: none !important; border-right: 1px solid #222!important;\"><input type=\"radio\" class=\"notrans\" name=\"\u6599\u91d1\u30d7\u30e9\u30f3\" value=\"Standard\" id=\"Standard\" data-no-translation=\"\"> <label for=\"Standard\" class=\"notrans\" data-no-translation=\"\">Standard \u00a5200<\/label><\/p>\n<div style=\"font-size: xx-small;\">Plan \u00e0 bas prix<\/p>\n<ul style=\"padding-left: 14px;\">\n<li><a href=\"https:\/\/chat-messenger.com\/fr\/manuel\/usage\/\" target=\"_blank\" rel=\"noopener\">Utilisation de la version PC de bureau pour LAN<\/a><\/li>\n<li><a href=\"https:\/\/chat-messenger.com\/fr\/manuel\/etc\/edition_premium\/#premium_summary\/\" target=\"_blank\" rel=\"noopener\">Tout le monde utilise Business Premium<\/a><\/li>\n<li><a href=\"https:\/\/chat-messenger.com\/fr\/manuel\/camserver\/user_recognition_beyond_router\/\" target=\"_blank\" rel=\"noopener\">Pour LAN, liaison de bases et d\u00e9passement de routeurs<\/a><\/li>\n<li><a href=\"https:\/\/chat-messenger.com\/fr\/manuel\/videoconference_voicecall\/preparation_of_headset_camera\/\" target=\"_blank\" rel=\"noopener\">Aucune restriction d&#039;appel vid\u00e9o pour le r\u00e9seau local<\/a><\/li>\n<li>Jusqu&#039;\u00e0 2000 utilisateurs<\/li>\n<\/ul>\n<\/div>\n<\/td>\n<td width=\"180\" style=\"border: none !important; border-right: 1px solid #222!important;\"><input type=\"radio\" name=\"\u6599\u91d1\u30d7\u30e9\u30f3\" value=\"Enterprise\" id=\"Enterprise\" checked=\"checked\"> <label for=\"Enterprise\" class=\"notrans\" data-no-translation=\"\">Enterprise \u00a5300<\/label><\/p>\n<div style=\"font-size: xx-small;\">\u30d3\u30b8\u30cd\u30b9\u5411\u3051\u30d7\u30e9\u30f3<\/p>\n<ul style=\"padding-left: 14px;\">\n<li>Toutes les fonctionnalit\u00e9s standard disponibles<\/li>\n<li><a href=\"https:\/\/chat-messenger.com\/fr\/manuel\/cloud_mobile\/utilisation-cloud_mobile\/\" target=\"_blank\" rel=\"noopener\">Utilisation du navigateur\/version mobile<\/a><\/li>\n<li><a href=\"https:\/\/chat-messenger.com\/fr\/manuel\/videoconference_voicecall\/utilisation-des-conferences-web\/\" target=\"_blank\" rel=\"noopener\">Utilisation de la conf\u00e9rence Web<\/a><\/li>\n<li><a href=\"https:\/\/chat-messenger.com\/fr\/manuel\/cloud_mobile\/gestion-de-documents\/\" target=\"_blank\" rel=\"noopener\">Utiliser la gestion documentaire<\/a><\/li>\n<li><a href=\"https:\/\/chat-messenger.com\/fr\/manuel\/schedule_calendar\/meeting_room_facility_reservation\/\" target=\"_blank\" rel=\"noopener\">Utilisation de la salle de conf\u00e9rence\/r\u00e9servations de mat\u00e9riel<\/a><\/li>\n<li><a href=\"https:\/\/chat-messenger.com\/fr\/manuel\/camserver\/message_log_server_management\/\" target=\"_blank\" rel=\"noopener\">Gestion du serveur de journaux<\/a><\/li>\n<li><a href=\"https:\/\/chat-messenger.com\/fr\/manuel\/camserver\/repertoire-actif-ldap\/\" target=\"_blank\" rel=\"noopener\">Int\u00e9gration d&#039;Active Directory<\/a><\/li>\n<li><a href=\"https:\/\/chat-messenger.com\/fr\/manuel\/camserver\/donnees_de_sauvegarde\/\" target=\"_blank\" rel=\"noopener\">Sauvegarde diff\u00e9rentielle \u00e0 grande vitesse<\/a><\/li>\n<li>Op\u00e9rez sur un cloud tel qu&#039;AWS\/GCP<\/li>\n<\/ul>\n<\/div>\n<\/td>\n<td width=\"180\" style=\"vertical-align: top !important; border: none !important;\"><input type=\"radio\" name=\"\u6599\u91d1\u30d7\u30e9\u30f3\" value=\"Ultimate\" id=\"Ultimate\"> <label for=\"Enterprise\" class=\"notrans\" data-no-translation=\"\">Ultimate \u00a5600<\/label><\/p>\n<div style=\"font-size: xx-small;\">Plan \u00e0 grande \u00e9chelle<\/p>\n<ul style=\"padding-left: 14px;\">\n<li>Toutes les fonctionnalit\u00e9s Entreprise disponibles<\/li>\n<li>conf\u00e9rence en ligne <a href=\"https:\/\/chat-messenger.com\/fr\/manuel\/videoconference_voicecall\/utilisation-des-conferences-web\/#paint\/\" target=\"_blank\" rel=\"noopener\">Fonction de peinture<\/a> <a href=\"https:\/\/chat-messenger.com\/fr\/manuel\/videoconference_voicecall\/utilisation-des-conferences-web\/#recognition\/\" target=\"_blank\" rel=\"noopener\">\u8b70\u4e8b\u9332<\/a><\/li>\n<li><a href=\"https:\/\/chat-messenger.com\/fr\/manuel\/cloud_mobile\/ai\/\" target=\"_blank\" rel=\"noopener\">AI\u6d3b\u7528<\/a><\/li>\n<li><a href=\"https:\/\/chat-messenger.com\/fr\/manuel\/cloud_mobile\/flux-de-travail\/\" target=\"_blank\" rel=\"noopener\">flux de travail<\/a><\/li>\n<li><a href=\"https:\/\/chat-messenger.com\/fr\/manuel\/cloud_mobile\/presence\/\" target=\"_blank\" rel=\"noopener\">gestion des pr\u00e9sences<\/a><\/li>\n<li><a href=\"https:\/\/chat-messenger.com\/fr\/manuel\/cloud_mobile\/crowd_admin_menu\/#filemgr\/\" target=\"_blank\" rel=\"noopener\">Gestion des fichiers par l&#039;administrateur<\/a><\/li>\n<li><a href=\"https:\/\/chat-messenger.com\/fr\/manuel\/camserver\/journal-dacces\/\" target=\"_blank\" rel=\"noopener\">Visualisation du journal d&#039;acc\u00e8s par l&#039;administrateur<\/a><\/li>\n<li><a href=\"https:\/\/chat-messenger.com\/fr\/manuel\/camserver\/lequilibrage-de-charge\/\" target=\"_blank\" rel=\"noopener\">Redondance\/\u00e9quilibrage de charge<\/a><\/li>\n<li><a href=\"https:\/\/chat-messenger.com\/fr\/manuel\/camserver\/windows-auth\/\" target=\"_blank\" rel=\"noopener\">SSO<\/a><\/li>\n<li><a href=\"https:\/\/chat-messenger.com\/fr\/manuel\/cloud_mobile\/discussion-de-groupe\/#search\/\" target=\"_blank\" rel=\"noopener\">Fonction d&#039;exportation de messages<\/a><\/li>\n<li><a href=\"https:\/\/chat-messenger.com\/fr\/manuel\/cloud_mobile\/api\/\" target=\"_blank\" rel=\"noopener\">Coop\u00e9ration API<\/a><\/li>\n<li>Fonctionne sous Linux<\/li>\n<\/ul>\n<\/div>\n<\/td>\n<\/tr>\n<\/tbody>\n<\/table>\n<\/td>\n<\/tr>\n<tr>\n<th class=\"bg-light\">Fonctions utilis\u00e9es<\/th>\n<td><input type=\"checkbox\" name=\"\u5229\u7528\u6a5f\u80fd[]\" value=\"\u30d3\u30b8\u30cd\u30b9\u30c1\u30e3\u30c3\u30c8\" checked=\"checked\"> <label>chat<\/label>&nbsp;&nbsp;&nbsp;&nbsp;<input type=\"checkbox\" name=\"\u5229\u7528\u6a5f\u80fd[]\" value=\"Web\u4f1a\u8b70\"> <label>conf\u00e9rence en ligne<\/label>&nbsp;&nbsp;&nbsp;&nbsp;<input type=\"checkbox\" name=\"\u5229\u7528\u6a5f\u80fd[]\" value=\"AI\"> <label>AI<\/label>&nbsp;&nbsp;&nbsp;&nbsp;<input type=\"checkbox\" name=\"\u5229\u7528\u6a5f\u80fd[]\" value=\"\u6587\u66f8\"> <label>documents<\/label>&nbsp;&nbsp;&nbsp;&nbsp;<input type=\"checkbox\" name=\"\u5229\u7528\u6a5f\u80fd[]\" value=\"\u30b9\u30b1\u30b8\u30e5\u30fc\u30eb\"> <label>Calendrier<\/label><br \/>\n<input type=\"checkbox\" name=\"\u5229\u7528\u6a5f\u80fd[]\" value=\"\u30ef\u30fc\u30af\u30d5\u30ed\u30fc\"> <label>flux de travail<\/label>&nbsp;&nbsp;&nbsp;&nbsp;<input type=\"checkbox\" name=\"\u5229\u7528\u6a5f\u80fd[]\" value=\"\u52e4\u6020\"> <label>Pr\u00e9sence<\/label><\/td>\n<\/tr>\n<tr>\n<th class=\"bg-light\">S\u00e9lection de forfaits<\/th>\n<td style=\"display: flex; gap: 6px;\"><select style=\"height: 34px; margin: 4px;\" name=\"\u30e6\u30fc\u30b6\u6570\"><option>20 utilisateurs<\/option><option>30 utilisateurs<\/option><option>40 utilisateurs<\/option><option>50 utilisateurs<\/option><option>60 utilisateurs<\/option><option>70 utilisateurs<\/option><option>80 utilisateurs<\/option><option>90 utilisateurs<\/option><option>100 utilisateurs<\/option><option>110 utilisateurs<\/option><option>120 utilisateurs<\/option><option>130 utilisateurs<\/option><option>140 utilisateurs<\/option><option>150 utilisateurs<\/option><option>160 utilisateurs<\/option><option>170 utilisateurs<\/option><option>180 utilisateurs<\/option><option>190 utilisateurs<\/option><option>200 utilisateurs<\/option><option>210 utilisateurs<\/option><option>220 utilisateurs<\/option><option>230 utilisateurs<\/option><option>240 utilisateurs<\/option><option>250 utilisateurs<\/option><option>260 utilisateurs<\/option><option>270 utilisateurs<\/option><option>280 utilisateurs<\/option><option>290 utilisateurs<\/option><option>300 utilisateurs<\/option><option>350 utilisateurs<\/option><option>400 utilisateurs<\/option><option>450 utilisateurs<\/option><option>500 utilisateurs<\/option><option>550 utilisateurs<\/option><option>600 utilisateurs<\/option><option>650 utilisateurs<\/option><option>700 utilisateurs<\/option><option>500 utilisateurs<\/option><option>550 utilisateurs<\/option><option>600 utilisateurs<\/option><option>650 utilisateurs<\/option><option>700 utilisateurs<\/option><option>750 utilisateurs<\/option><option>800 utilisateurs<\/option><option>850 utilisateurs<\/option><option>900 utilisateurs<\/option><option>950 utilisateurs<\/option><option>Plus de 1 000 utilisateurs<\/option><\/select><\/p>\n<p><select style=\"height: 34px; margin: 4px;\" name=\"\u671f\u9593\"><option>1 an<\/option><option>2 ans de r\u00e9duction 5%<\/option><option>3 ans de r\u00e9duction 12% de r\u00e9duction<\/option><option>4 ans de r\u00e9duction 20%<\/option><option>5 ans de r\u00e9duction sur 30%<\/option><\/select><span style=\"font-size: x-small;\">*Remise pour les achats directs sur 2 ans<\/span><\/td>\n<\/tr>\n<tr>\n<th class=\"bg-light\">soutien<\/th>\n<td style=\"position: relative;\"><input type=\"checkbox\" name=\"\u30b5\u30dd\u30fc\u30c8\" value=\"\u5fc5\u8981\"> <label for=\"doc00\">Demander une assistance payante<span style=\"font-size: x-small; position: absolute; bottom: 2px; left: 12px;\">*Les consultations avanc\u00e9es (y compris les conf\u00e9rences t\u00e9l\u00e9phoniques et Web) commencent \u00e0 partir de 20 000 yens par mois<\/span><\/label><\/td>\n<\/tr>\n<tr>\n<th class=\"bg-light\">message<\/th>\n<td><textarea name=\"\u305d\u306e\u4ed6\u30e1\u30c3\u30bb\u30fc\u30b8\" cols=\"43\" rows=\"2\" class=\"form-control\"><\/textarea><\/td>\n<\/tr>\n<tr>\n<th class=\"bg-light\">Je souhaite un essai gratuit<\/th>\n<td><input type=\"radio\" name=\"\u7121\u6599\u304a\u8a66\u3057\" value=\"\u4e0d\u8981\" checked=\"checked\"> <label>Inutile<\/label>&nbsp;&nbsp;&nbsp;&nbsp;<input type=\"radio\" name=\"\u7121\u6599\u304a\u8a66\u3057\" value=\"Windows\u7248\"> <label>Version Windows du serveur CAM<\/label>&nbsp;&nbsp;&nbsp;&nbsp;<input type=\"radio\" name=\"\u7121\u6599\u304a\u8a66\u3057\" value=\"MacOS\u7248\"> <label>Version MacOS du serveur CAM<\/label><\/td>\n<\/tr>\n<tr>\n<th class=\"bg-light\">Devis\/Facture<\/th>\n<td><input type=\"radio\" name=\"\u898b\u7a4d\u66f8\uff0f\u8acb\u6c42\u66f8\" value=\"\u4e0d\u8981\" id=\"doc00\" checked=\"checked\"> <label for=\"doc00\">Inutile<\/label>&nbsp;&nbsp;&nbsp;&nbsp;<input type=\"radio\" name=\"\u898b\u7a4d\u66f8\uff0f\u8acb\u6c42\u66f8\" value=\"\u898b\u7a4d\u66f8\u304c\u5fc5\u8981\" id=\"doc01\"> <label for=\"doc01\">j&#039;ai besoin d&#039;un devis<\/label>&nbsp;&nbsp;&nbsp;&nbsp;<input type=\"radio\" name=\"\u898b\u7a4d\u66f8\uff0f\u8acb\u6c42\u66f8\" value=\"\u8acb\u6c42\u66f8\u304c\u5fc5\u8981\" id=\"doc02\"> <label for=\"doc02\">J&#039;ai besoin d&#039;une facture<\/label><\/td>\n<\/tr>\n<tr>\n<th class=\"bg-light\">Chat et messagerie<br \/>\nComment j&#039;ai appris<\/th>\n<td><input type=\"checkbox\" name=\"\u7d4c\u8def[]\" value=\"\u65e2\u306b\u5229\u7528\u3057\u3066\u3044\u305f\"> <label>utilisait d\u00e9j\u00e0<\/label>&nbsp;&nbsp;&nbsp;&nbsp;<input type=\"checkbox\" name=\"\u7d4c\u8def[]\" value=\"\u691c\u7d22\u5e83\u544a\"> <label>Rechercher des publicit\u00e9s<\/label>&nbsp;&nbsp;&nbsp;&nbsp;<input type=\"checkbox\" name=\"\u7d4c\u8def[]\" value=\"Facebook\u5e83\u544a\"> <label>Publicit\u00e9s Facebook<\/label>&nbsp;&nbsp;&nbsp;&nbsp;<input size=\"20\" type=\"text\" name=\"\u7d4c\u8def\u305d\u306e\u4ed6\" placeholder=\"Dans les autres cas, veuillez \u00e9crire ici\" class=\"form-control w-50\"><\/td>\n<\/tr>\n<\/tbody>\n<\/table>\n<div class=\"text-center\" style=\"display: flex; justify-content: center; gap: 10px; height: 50px;\"><input style=\"width: 140px;\" type=\"submit\" value=\"confirmation\" class=\"btn btn-info btn-confirm\"><br \/>\n<input style=\"width: 120px;\" type=\"reset\" value=\"r\u00e9initialiser\" class=\"btn btn-reset\"><br \/>\n<input style=\"width: 140px;\" type=\"button\" onclick=\"submitForm()\" value=\"envoyer\" class=\"btn btn-info btn-submit d-none\"><\/p>\n<p><input style=\"width: 120px;\" type=\"button\" value=\"retour\" class=\"btn btn-back d-none\"><\/p>\n<\/div>\n<link href=\"https:\/\/chat-messenger.com\/css\/bootstrap.min.css?ver=1.2.5\" rel=\"stylesheet\">\n<script src=\"\/js\/form\/validation\/jquery.validationEngine.js\"><\/script><br \/>\n<script src=\"\/js\/form\/validation\/jquery.validationEngine-ja.js\"><\/script>\n \t \t \t \t \t \t \t \t \t \t \t \t \t \t \t \t \t \t \t \t \t \t \t \t \t \t \t \t \t \t \t \t \t \t \t \t \t \t \t \t \t \t \t \t \t \t \t \t \t \t \t \t \t \t \t \t \t \t \t \t \t \t \t \t \t \t \t \t \t \t \t \t \t \t \t \t \t \t \t \t \t \t \t \t \t \t \t \t \t \t \t \t \t \t \t \t \t \t \t<link href=\"\/js\/form\/validation\/validationEngine.jquery.css\" rel=\"stylesheet\">\n<script src=\"\/js\/form\/form.js\"><\/script><\/p>\n<input type=\"hidden\" name=\"trp-form-language\" value=\"fr\"\/><\/form>\n<\/div>","protected":false},"excerpt":{"rendered":"<p>Si les informations ci-dessous sont correctes, veuillez appuyer sur le bouton \u00ab\u00a0Envoyer\u00a0\u00bb. Nom de l&#039;organisation Nom requis Nom requis Email requis [\u2026]<\/p>","protected":false},"author":1,"featured_media":0,"parent":37,"menu_order":0,"comment_status":"closed","ping_status":"closed","template":"","meta":{"swell_btn_cv_data":""},"_links":{"self":[{"href":"https:\/\/chat-messenger.com\/fr\/wp-json\/wp\/v2\/pages\/1616"}],"collection":[{"href":"https:\/\/chat-messenger.com\/fr\/wp-json\/wp\/v2\/pages"}],"about":[{"href":"https:\/\/chat-messenger.com\/fr\/wp-json\/wp\/v2\/types\/page"}],"author":[{"embeddable":true,"href":"https:\/\/chat-messenger.com\/fr\/wp-json\/wp\/v2\/users\/1"}],"replies":[{"embeddable":true,"href":"https:\/\/chat-messenger.com\/fr\/wp-json\/wp\/v2\/comments?post=1616"}],"version-history":[{"count":9,"href":"https:\/\/chat-messenger.com\/fr\/wp-json\/wp\/v2\/pages\/1616\/revisions"}],"predecessor-version":[{"id":12792,"href":"https:\/\/chat-messenger.com\/fr\/wp-json\/wp\/v2\/pages\/1616\/revisions\/12792"}],"up":[{"embeddable":true,"href":"https:\/\/chat-messenger.com\/fr\/wp-json\/wp\/v2\/pages\/37"}],"wp:attachment":[{"href":"https:\/\/chat-messenger.com\/fr\/wp-json\/wp\/v2\/media?parent=1616"}],"curies":[{"name":"wp","href":"https:\/\/api.w.org\/{rel}","templated":true}]}}