{"id":1507,"date":"2018-11-26T16:40:40","date_gmt":"2018-11-26T07:40:40","guid":{"rendered":"https:\/\/chat-messenger.com\/?page_id=1507"},"modified":"2024-06-19T02:04:44","modified_gmt":"2024-06-18T17:04:44","slug":"crowd_license","status":"publish","type":"page","link":"https:\/\/chat-messenger.com\/fr\/contactez-nous\/crowd_license","title":{"rendered":"Postuler pour Chat&amp;Messenger Cloud"},"content":{"rendered":"<div style=\"max-width: 860px;\">\n<p class=\"form-info d-none point\" style=\"max-width: 610px;\"><b>Si les informations ci-dessous sont correctes, veuillez appuyer sur le bouton \u00ab\u00a0Envoyer\u00a0\u00bb.<\/b><\/p>\n<form id=\"request_form\" method=\"post\" action=\"\/fr\/cgi-bin\/request.php\/\" class=\"form-contact form-confirm\" data-trp-original-action=\"\/cgi-bin\/request.php\">\n<table class=\"table table-bordered\">\n<tbody>\n<tr>\n<th width=\"200\" class=\"bg-light\">Nom de l&#039;organisation <span class=\"badge badge-danger required\">Requis<\/span><\/th>\n<td><input size=\"30\" type=\"text\" name=\"\u4f1a\u793e\u540d\/\u56e3\u4f53\u540d\" placeholder=\"Nom officiel de l&#039;entreprise\/de l&#039;organisation\" class=\"form-control w-50\" required=\"\"><\/td>\n<\/tr>\n<tr>\n<th width=\"170\" class=\"bg-light\">nom <span class=\"badge badge-danger required\">Requis<\/span><\/th>\n<td>\n<input size=\"20\" type=\"text\" name=\"\u304a\u540d\u524d\" class=\"form-control w-50\" required=\"\"><\/td>\n<\/tr>\n<tr><\/tr>\n<tr>\n<th class=\"bg-light\">E-mail <span class=\"badge badge-danger required\">Requis<\/span><\/th>\n<td>\n<input size=\"24\" placeholder=\"L&#039;e-mail de votre entreprise\" type=\"text\" name=\"Email\" class=\"form-control w-50\" data-validation-engine=\"validate[required, custom[email]]\" required=\"\"><\/td>\n<\/tr>\n<tr>\n<th class=\"bg-light\">num\u00e9ro de t\u00e9l\u00e9phone <span class=\"badge badge-danger required\">Requis<\/span><\/th>\n<td>\n     <input size=\"20\" type=\"text\" name=\"\u96fb\u8a71\u756a\u53f7\" class=\"form-control w-50\" data-validation-engine=\"validate[required]\" required=\"\"><\/td>\n<\/tr>\n<tr>\n<th class=\"bg-light\">Plans tarifaires<\/p>\n<div style=\"mergin-top:5px;font-size: 0.8em;\">\n<a href=\"https:\/\/chat-messenger.com\/fr\/contactez-nous\/plan-de-foule\/\">Diff\u00e9rences de forfaits et de conditions d\u2019utilisation<\/a><\/div>\n<\/th>\n<td>\n<table style=\"border: none !important;margin-bottom: 0px;width:400px\">\n<tbody>\n<tr>\n<td style=\"border: none !important;padding:4px\">\n<input type=\"radio\" name=\"\u6599\u91d1\u30d7\u30e9\u30f3\" value=\"Free\" id=\"Free\"> <label for=\"Free\">Gratuit 0 \u00a5<\/label><\/td>\n<td style=\"border: none !important;padding:4px\">\n     <input type=\"radio\" name=\"\u6599\u91d1\u30d7\u30e9\u30f3\" value=\"Standard\" id=\"Standard\"> <label for=\"Standard\">Norme 300 \u00a5<\/label><\/td>\n<\/tr>\n<tr>\n<td style=\"border: none !important;padding:4px\">\n     <input type=\"radio\" name=\"\u6599\u91d1\u30d7\u30e9\u30f3\" value=\"Enterprise\" id=\"Enterprise\" checked=\"\"> <label for=\"Enterprise\">Entreprise 600 \u00a5<\/label><\/td>\n<td style=\"border: none !important;padding:4px\">\n     <input type=\"radio\" name=\"\u6599\u91d1\u30d7\u30e9\u30f3\" value=\"Ultimate\" id=\"Ultimate\"> <label for=\"Ultimate\">Ultime 1 000 \u00a5<\/label><\/td>\n<\/tr>\n<\/tbody>\n<\/table>\n<\/td>\n<\/tr>\n<tr>\n<th class=\"bg-light\">P\u00e9riode\/nombre d&#039;utilisateurs<\/th>\n<td style=\"display: flex; gap:10px;\">\n<select style=\"height:36px;margin:4px\" name=\"\u671f\u9593\"><option>1 an<\/option><option>2 ans de r\u00e9duction 4%<\/option><option>3 ans de r\u00e9duction 10%<\/option><option>4 ans de r\u00e9duction 17%<\/option><option>5 ans de r\u00e9duction 25%<\/option><\/select><\/p>\n<p><input style=\"height:36px;margin:4px; margin-left:16px;\" size=\"10\" type=\"text\" name=\"\u5229\u7528\u30e6\u30fc\u30b6\u6570\" placeholder=\"nombre d&#039;utilisateurs\" required=\"\"><\/td>\n<\/tr>\n<tr>\n<th class=\"bg-light\">Fonctions utilis\u00e9es<\/th>\n<td>\n<input type=\"checkbox\" name=\"\u5229\u7528\u6a5f\u80fd[]\" value=\"\u30d3\u30b8\u30cd\u30b9\u30c1\u30e3\u30c3\u30c8\" checked=\"\"> <label>Chat d'affaires<\/label>&nbsp;&nbsp;&nbsp;&nbsp;<input type=\"checkbox\" name=\"\u5229\u7528\u6a5f\u80fd[]\" value=\"Web\u4f1a\u8b70\"> <label>conf\u00e9rence en ligne<\/label>&nbsp;&nbsp;&nbsp;&nbsp;<input type=\"checkbox\" name=\"\u5229\u7528\u6a5f\u80fd[]\" value=\"\u30c9\u30ad\u30e5\u30e1\u30f3\u30c8\u5171\u6709\"> <label>gestion de documents<\/label>&nbsp;&nbsp;&nbsp;&nbsp;<input type=\"checkbox\" name=\"\u5229\u7528\u6a5f\u80fd[]\" value=\"\u30b9\u30b1\u30b8\u30e5\u30fc\u30eb\"> <label>Calendrier<\/label><br \/>\n&nbsp;&nbsp;&nbsp;&nbsp;<input type=\"checkbox\" name=\"\u5229\u7528\u6a5f\u80fd[]\" value=\"\u30ef\u30fc\u30af\u30d5\u30ed\u30fc\"> <label>flux de travail<\/label>&nbsp;&nbsp;&nbsp;&nbsp;<input type=\"checkbox\" name=\"\u5229\u7528\u6a5f\u80fd[]\" value=\"\u52e4\u6020\u7ba1\u7406\"> <label>gestion des pr\u00e9sences<\/label><\/td>\n<\/tr>\n<tr>\n<th class=\"bg-light\">Chat et messagerie<br \/>\nComment j&#039;ai appris<\/th>\n<td>\n<input type=\"checkbox\" name=\"\u7d4c\u8def[]\" value=\"\u65e2\u306b\u5229\u7528\u3057\u3066\u3044\u305f\"> <label>utilisait d\u00e9j\u00e0<\/label>&nbsp;&nbsp;&nbsp;&nbsp;<input type=\"checkbox\" name=\"\u7d4c\u8def[]\" value=\"\u691c\u7d22\u4e0a\u90e8\u306e\u5e83\u544a\"> <label>Annonces en haut de la recherche<\/label>&nbsp;&nbsp;&nbsp;&nbsp;<input type=\"checkbox\" name=\"\u7d4c\u8def[]\" value=\"Facebook\u5e83\u544a\"> <label>Publicit\u00e9s Facebook<\/label>&nbsp;&nbsp;&nbsp;&nbsp;<input size=\"20\" type=\"text\" name=\"\u7d4c\u8def\u305d\u306e\u4ed6\" placeholder=\"Dans les autres cas, veuillez \u00e9crire ici\" class=\"form-control w-50\"><\/td>\n<\/tr>\n<tr>\n<th class=\"bg-light\">Devis\/Facture<\/th>\n<td>\n<input type=\"radio\" name=\"\u898b\u7a4d\u66f8\uff0f\u8acb\u6c42\u66f8\" value=\"\u4e0d\u8981\" id=\"doc01\" checked=\"\"> <label for=\"doc01\">Inutile<\/label>&nbsp;&nbsp;&nbsp;&nbsp;<input type=\"radio\" name=\"\u898b\u7a4d\u66f8\uff0f\u8acb\u6c42\u66f8\" value=\"\u898b\u7a4d\u66f8\u304c\u5fc5\u8981\" id=\"doc01\"> <label for=\"doc01\">j&#039;ai besoin d&#039;un devis<\/label>&nbsp;&nbsp;&nbsp;&nbsp;<input type=\"radio\" name=\"\u898b\u7a4d\u66f8\uff0f\u8acb\u6c42\u66f8\" value=\"\u8acb\u6c42\u66f8\u304c\u5fc5\u8981\" id=\"doc02\"> <label for=\"doc02\">J&#039;ai besoin d&#039;une facture<\/label>&nbsp;&nbsp;&nbsp;&nbsp;<input type=\"radio\" name=\"\u898b\u7a4d\u66f8\uff0f\u8acb\u6c42\u66f8\" value=\"\u4e21\u65b9\u5fc5\u8981\" id=\"doc03\"> <label for=\"doc03\">les deux sont requis<\/label><\/td>\n<\/tr>\n<tr>\n<th class=\"bg-light\">message<\/th>\n<td>\n<textarea name=\"\u305d\u306e\u4ed6\u30e1\u30c3\u30bb\u30fc\u30b8\" cols=\"43\" rows=\"2\" class=\"form-control\"><\/textarea><\/td>\n<\/tr>\n<tr><\/tr>\n<\/tbody>\n<\/table>\n<div class=\"text-center\" style=\"display: flex; justify-content: center; gap: 10px; height: 50px\">\n<input style=\"width: 140px;\" type=\"submit\" value=\"confirmation\" class=\"btn btn-info btn-confirm\"><br \/>\n<input style=\"width: 120px;\" type=\"reset\" value=\"r\u00e9initialiser\" class=\"btn btn-reset\"><br \/>\n<input style=\"width: 140px;\" type=\"button\" onclick=\"submitForm()\" value=\"envoyer\" class=\"btn btn-info btn-submit d-none\"><br \/>\n<input style=\"width: 120px;\" type=\"button\" value=\"retour\" class=\"btn btn-back d-none\"><\/div>\n<input type=\"hidden\" name=\"trp-form-language\" value=\"fr\"\/><\/form>\n<p><script src=\"\/js\/form\/validation\/jquery.validationEngine.js\"><\/script><br \/>\n<script src=\"\/js\/form\/validation\/jquery.validationEngine-ja.js\"><\/script>\n \t \t \t \t \t \t \t \t \t \t \t \t \t \t \t \t \t \t \t \t \t \t \t \t \t \t \t \t \t \t \t \t \t \t \t \t<link href=\"https:\/\/chat-messenger.com\/css\/bootstrap.min.css?ver=1.2.5\" rel=\"stylesheet\"> \t \t \t \t \t \t \t \t \t \t \t \t \t \t \t \t \t \t \t \t \t \t \t \t \t \t \t \t \t \t \t \t \t \t \t \t \t \t \t \t \t \t \t \t \t \t \t \t \t \t \t \t \t \t \t \t \t \t \t \t<link href=\"\/js\/form\/validation\/validationEngine.jquery.css\" rel=\"stylesheet\">\n<script src=\"\/js\/form\/form.js\"><\/script><\/p>\n<\/div>\n<p><!--\n\n\n<div class=\"point\">\n2021\/12\/08 \u73fe\u5728\u554f\u3044\u5408\u308f\u305b\u30e1\u30fc\u30eb\u304c\u5c4a\u304b\u306a\u3044\u969c\u5bb3\u304c\u767a\u751f\u3057\u3066\u304a\u308a\u307e\u3059\u3002\u660e\u65e5\u4ee5\u964d\u306b\u304a\u554f\u3044\u5408\u308f\u305b\u304f\u3060\u3055\u3044\u307e\u305b<\/div>\n\n\n--><\/p>","protected":false},"excerpt":{"rendered":"<p>Si les informations ci-dessous sont correctes, veuillez appuyer sur le bouton \u00ab\u00a0Envoyer\u00a0\u00bb. Nom de l&#039;organisation Nom requis Nom requis Email requis [\u2026]<\/p>","protected":false},"author":2,"featured_media":0,"parent":37,"menu_order":0,"comment_status":"closed","ping_status":"closed","template":"","meta":{"swell_btn_cv_data":""},"_links":{"self":[{"href":"https:\/\/chat-messenger.com\/fr\/wp-json\/wp\/v2\/pages\/1507"}],"collection":[{"href":"https:\/\/chat-messenger.com\/fr\/wp-json\/wp\/v2\/pages"}],"about":[{"href":"https:\/\/chat-messenger.com\/fr\/wp-json\/wp\/v2\/types\/page"}],"author":[{"embeddable":true,"href":"https:\/\/chat-messenger.com\/fr\/wp-json\/wp\/v2\/users\/2"}],"replies":[{"embeddable":true,"href":"https:\/\/chat-messenger.com\/fr\/wp-json\/wp\/v2\/comments?post=1507"}],"version-history":[{"count":9,"href":"https:\/\/chat-messenger.com\/fr\/wp-json\/wp\/v2\/pages\/1507\/revisions"}],"predecessor-version":[{"id":11078,"href":"https:\/\/chat-messenger.com\/fr\/wp-json\/wp\/v2\/pages\/1507\/revisions\/11078"}],"up":[{"embeddable":true,"href":"https:\/\/chat-messenger.com\/fr\/wp-json\/wp\/v2\/pages\/37"}],"wp:attachment":[{"href":"https:\/\/chat-messenger.com\/fr\/wp-json\/wp\/v2\/media?parent=1507"}],"curies":[{"name":"wp","href":"https:\/\/api.w.org\/{rel}","templated":true}]}}