{"id":8301,"date":"2023-10-16T02:40:32","date_gmt":"2023-10-15T17:40:32","guid":{"rendered":"https:\/\/chat-messenger.com\/?page_id=8301"},"modified":"2025-12-06T00:13:34","modified_gmt":"2025-12-05T15:13:34","slug":"crowd-plan","status":"publish","type":"page","link":"https:\/\/chat-messenger.com\/de\/kontaktiere-uns\/crowd-plan","title":{"rendered":"Chat&amp;Messenger Cloud Unterschiede zwischen den einzelnen Pl\u00e4nen"},"content":{"rendered":"<figure class=\"wp-block-table is-style-regular\"><table><thead><tr><th><\/th><th>Frei<\/th><th>Standard<\/th><th>Unternehmen<\/th><th>Ultimativ<\/th><\/tr><\/thead><tbody><tr><td>Gesch\u00e4tzter monatlicher Einheitspreis f\u00fcr 1 Benutzer<\/td><td>\u00a50<\/td><td>\u00a5300<\/td><td>\u00a5600<\/td><td>1.000 Yen<\/td><\/tr><tr><td>J\u00e4hrliche Kosten f\u00fcr 20 Benutzer<\/td><td>\u00a50<\/td><td>\u00a572.000<\/td><td>144.000 Yen<\/td><td>\u00a5240.000<\/td><\/tr><tr><td><a href=\"https:\/\/chat-messenger.com\/de\/handbuch\/videoconference_voicecall\/nutzung-von-webkonferenzen\/\" target=\"_blank\" rel=\"noopener\">Anzahl der Benutzer, die an der Webkonferenz teilnehmen<\/a>\n\n<p>(Zeitlimit)<\/p>\n<\/td><td>4 Benutzer\n\n<p>(60 Minuten)<\/p>\n<\/td><td>10 Benutzer\n\n<p>(unbegrenzt)<\/p>\n<\/td><td>unbegrenzt<\/td><td>unbegrenzt<\/td><\/tr><tr><td>Festplattenkapazit\u00e4t (pro Benutzer)<\/td><td>1 GB<\/td><td>10 GB<\/td><td>50 GB<\/td><td>200 GB<\/td><\/tr><tr><td>Anzeigen von Nachrichten\/Zeitpl\u00e4nen\/Dokumenten  <p>Frist f\u00fcr den Download der Nachrichtendatei<\/p><p><a rel=\"noopener\" href=\"https:\/\/chat-messenger.com\/de\/handbuch\/cloud_mobile\/teilnahme\/\" target=\"_blank\">Teilnahme<\/a> \/ <a href=\"https:\/\/chat-messenger.com\/de\/handbuch\/cloud_mobile\/arbeitsablauf\/\">Arbeitsablauf<\/a>Aufbewahrungsfrist<\/p><\/td><td>200 Tage  <p>1 Monat<\/p><p>Der 31<\/p> <\/td><td>Unbestimmte Dauer  <p>1 Jahr<\/p><p>Der 31<\/p> <\/td><td>Unbestimmte Dauer  <p>3 Jahre<\/p><p>3 Jahre<\/p> <\/td><td>Unbestimmte Dauer<\/td><\/tr><tr><td>Maximaler Datei-Upload<\/td><td>5 MB<\/td><td>30 MB<\/td><td>200 MB<\/td><td>500 MB<\/td><\/tr><tr><td><a href=\"https:\/\/chat-messenger.com\/de\/handbuch\/cloud_mobile\/crowd_admin_menu\/#user-admin\/\" target=\"_blank\" rel=\"noopener\">Benutzerverwaltungsfunktion<\/a><\/td><td>\u25cb<\/td><td>\u25cb<\/td><td>\u25cb<\/td><td>\u25cb<\/td><\/tr><tr><td><span class=\"swl-marker mark_yellow\">Anfrageunterst\u00fctzung<\/span><br>E-Mail-Benachrichtigung \u00fcber Nachrichten<br>Reservierung von Konferenzraum\/-ausr\u00fcstung<br><a rel=\"noreferrer noopener\" href=\"https:\/\/chat-messenger.com\/de\/handbuch\/cloud_mobile\/crowd_admin_menu\/#index_id3\" target=\"_blank\">Verwaltungsbildschirm<\/a><br><a rel=\"noreferrer noopener\" href=\"https:\/\/chat-messenger.com\/de\/handbuch\/videoconference_voicecall\/nutzung-von-webkonferenzen\/#web-conference-recording\" target=\"_blank\">Aufzeichnung einer Webkonferenz<\/a><br>Multi-Faktor-Authentifizierung<br>Umgebung, in der es keine eigene E-Mail-Adresse f\u00fcr die Organisation gibt<br>Datensicherung<\/td><td>&#8211;<\/td><td>\u25cb<\/td><td>\u25cb<\/td><td>\u25cb<\/td><\/tr><tr><td><a rel=\"noopener\" href=\"https:\/\/chat-messenger.com\/de\/handbuch\/videoconference_voicecall\/nutzung-von-webkonferenzen\/#recognition\/\" target=\"_blank\">Web\u4f1a\u8b70\u3067\u8b70\u4e8b\u9332\u3001\u591a\u8a00\u8a9e\u7ffb\u8a33<\/a> \/ <a rel=\"noreferrer noopener\" href=\"https:\/\/chat-messenger.com\/de\/handbuch\/videoconference_voicecall\/nutzung-von-webkonferenzen\/#paint\" target=\"_blank\">Malfunktion<\/a><\/td><td>&#8211;<\/td><td>&#8211;<\/td><td>\u25cb<\/td><td>\u25cb<\/td><\/tr><tr><td><a rel=\"noreferrer noopener\" href=\"https:\/\/chat-messenger.com\/de\/handbuch\/cloud_mobile\/crowd_admin_menu\/#admin_msg_mgr\/\" target=\"_blank\">Nachrichtenverwaltung<\/a> \/ <a href=\"https:\/\/chat-messenger.com\/de\/handbuch\/cloud_mobile\/crowd_admin_menu\/#access-log\/\">Zugriffsprotokoll<\/a> \/ <a href=\"https:\/\/chat-messenger.com\/de\/handbuch\/cloud_mobile\/crowd_admin_menu\/#index_id12\/\">Dokumentenverwaltung<\/a> \/<br><a rel=\"noopener\" href=\"https:\/\/chat-messenger.com\/de\/handbuch\/cloud_mobile\/gasteinstellungen\/\" target=\"_blank\">Gast-Login<\/a> \/ <a rel=\"noreferrer noopener\" href=\"https:\/\/chat-messenger.com\/de\/handbuch\/cloud_mobile\/api\/\" target=\"_blank\">API-Kooperation<\/a> \/ <a rel=\"noreferrer noopener\" href=\"https:\/\/chat-messenger.com\/de\/handbuch\/cloud_mobile\/businesschat_companies\/\" target=\"_blank\">\u4f01\u696d\u9023\u643a<\/a><\/td><td>&#8211;<\/td><td>&#8211;<\/td><td>\u25cb<\/td><td>\u25cb<\/td><\/tr><\/tbody><\/table><\/figure>\n\n\n\n<p class=\"is-style-big_icon_check\">-Die kostenlose Version kann von mindestens 5 Benutzern und maximal 50 Benutzern verwendet werden.<br>*Der Dienst wird vor\u00fcbergehend gestoppt, wenn ihn niemand nutzt.<br>\u30fbDie kostenlose Version weist neben den oben genannten weitere Funktionseinschr\u00e4nkungen auf, die sich ohne vorherige Ank\u00fcndigung \u00e4ndern k\u00f6nnen.<br>\u30fbWenn Sie Unterst\u00fctzung bei der Nutzung des Dienstes oder andere Fragen ben\u00f6tigen, w\u00e4hlen Sie bitte einen kostenpflichtigen Plan.<br>\u30fbDie kostenpflichtige Version erfordert 10 oder mehr Benutzer und einen Jahresvertrag.<\/p>","protected":false},"excerpt":{"rendered":"<p>Kostenloser monatlicher Einheitspreis f\u00fcr Standard Enterprise Ultimate 1 Benutzer \u00a5 0 \u00a5 300 [\u2026]<\/p>","protected":false},"author":1,"featured_media":0,"parent":37,"menu_order":0,"comment_status":"closed","ping_status":"closed","template":"","meta":{"swell_btn_cv_data":""},"_links":{"self":[{"href":"https:\/\/chat-messenger.com\/de\/wp-json\/wp\/v2\/pages\/8301"}],"collection":[{"href":"https:\/\/chat-messenger.com\/de\/wp-json\/wp\/v2\/pages"}],"about":[{"href":"https:\/\/chat-messenger.com\/de\/wp-json\/wp\/v2\/types\/page"}],"author":[{"embeddable":true,"href":"https:\/\/chat-messenger.com\/de\/wp-json\/wp\/v2\/users\/1"}],"replies":[{"embeddable":true,"href":"https:\/\/chat-messenger.com\/de\/wp-json\/wp\/v2\/comments?post=8301"}],"version-history":[{"count":10,"href":"https:\/\/chat-messenger.com\/de\/wp-json\/wp\/v2\/pages\/8301\/revisions"}],"predecessor-version":[{"id":12393,"href":"https:\/\/chat-messenger.com\/de\/wp-json\/wp\/v2\/pages\/8301\/revisions\/12393"}],"up":[{"embeddable":true,"href":"https:\/\/chat-messenger.com\/de\/wp-json\/wp\/v2\/pages\/37"}],"wp:attachment":[{"href":"https:\/\/chat-messenger.com\/de\/wp-json\/wp\/v2\/media?parent=8301"}],"curies":[{"name":"wp","href":"https:\/\/api.w.org\/{rel}","templated":true}]}}