{"id":8269,"date":"2023-10-14T12:50:07","date_gmt":"2023-10-14T03:50:07","guid":{"rendered":"https:\/\/chat-messenger.com\/?page_id=8269"},"modified":"2026-03-11T01:02:14","modified_gmt":"2026-03-10T16:02:14","slug":"camserver-plan","status":"publish","type":"page","link":"https:\/\/chat-messenger.com\/de\/kontaktiere-uns\/camserver-plan","title":{"rendered":"Unterschiede zwischen CAMServer-Pl\u00e4nen"},"content":{"rendered":"<style><!-- \n.custom-tbl {\n width: 100%;\n text-align: center;\n border-collapse: collapse;\n border-spacing: 0;\n}\n.custom-tbl th {\n padding: 10px;\n background: #778ca3;\n border: solid 1px #666666;\n color: #ffffff;\n}\n.custom-tbl tr:nth-child(2n+1) {\n background: #F5F5F5;\n}\n.custom-tbl td {\n text-align: center;\n padding: 4px;\n border: solid 1px #666666;\n}\n.custom-tbl td:first-child {\n background: #e9faf9;\n}\n--><br \/>\n<\/style>\n<div style=\"width: 760px;\">\n<table class=\"custom-tbl\" cellspacing=\"0\" cellpadding=\"0\" style=\"width: 759px;\">\n<tbody>\n<tr style=\"height: 30px;\">\n<th style=\"width: 399px;\"><\/th>\n<th class=\"notrans\" width=\"120\" style=\"width: 120px;\" data-no-translation=\"\">Standard<\/th>\n<th class=\"notrans\" width=\"120\" style=\"width: 120px;\" data-no-translation=\"\">Enterprise<\/th>\n<th class=\"notrans\" width=\"120\" style=\"width: 120px;\" data-no-translation=\"\">Ultimate<\/th>\n<\/tr>\n<tr>\n<td style=\"width: 399px;\">Gesch\u00e4tzter monatlicher Einheitspreis f\u00fcr 1 Benutzer<\/td>\n<td style=\"width: 120px;\">\u00a5200<\/td>\n<td style=\"width: 120px;\">\u00a5300<\/td>\n<td style=\"width: 120px;\">\u00a5600<\/td>\n<\/tr>\n<tr>\n<td style=\"width: 399px;\">J\u00e4hrliche Kosten f\u00fcr 20 Benutzer<\/td>\n<td class=\"notrans\" style=\"width: 120px;\" data-no-translation=\"\">\u00a5 48,000<\/td>\n<td class=\"notrans\" style=\"width: 120px;\" data-no-translation=\"\">\u00a5 72,000<\/td>\n<td class=\"notrans\" style=\"width: 120px;\" data-no-translation=\"\">\u00a5 144,000<\/td>\n<\/tr>\n<tr>\n<td style=\"width: 399px;\">Chat-, Termin- und Aufgabenverwaltung<\/td>\n<td class=\"notrans\" style=\"width: 120px;\" data-no-translation=\"\">\u25cb<\/td>\n<td class=\"notrans\" style=\"width: 120px;\" data-no-translation=\"\">\u25cb<\/td>\n<td class=\"notrans\" style=\"width: 120px;\" data-no-translation=\"\">\u25cb<\/td>\n<\/tr>\n<tr>\n<td style=\"width: 399px;\"><a href=\"https:\/\/chat-messenger.com\/de\/handbuch\/videoconference_voicecall\/vorbereitung_der_headset_kamera\/\" target=\"_blank\" rel=\"noopener\">Videoanruf f\u00fcr LAN<\/a><\/td>\n<td style=\"width: 120px;\">unbegrenzt<\/td>\n<td style=\"width: 120px;\">unbegrenzt<\/td>\n<td style=\"width: 120px;\">unbegrenzt<\/td>\n<\/tr>\n<tr>\n<td style=\"width: 399px;\"><a href=\"https:\/\/chat-messenger.com\/de\/handbuch\/videoconference_voicecall\/nutzung-von-webkonferenzen\/\" target=\"_blank\" rel=\"noopener\">Webkonferenz<\/a><\/td>\n<td class=\"notrans\" style=\"width: 120px;\" data-no-translation=\"\">&#8211;<\/td>\n<td style=\"width: 120px;\">unbegrenzt<\/td>\n<td style=\"width: 120px;\">unbegrenzt<\/td>\n<\/tr>\n<tr>\n<td style=\"width: 399px;\"><a href=\"https:\/\/chat-messenger.com\/de\/handbuch\/document_management\/document_file_sharing\/\" target=\"_blank\" rel=\"noopener\">Dokumenten-Management<\/a>,,<a href=\"https:\/\/chat-messenger.com\/de\/handbuch\/schedule_calendar\/meeting_room_facility_reservation\/\" target=\"_blank\" rel=\"noopener\">Buchung der Einrichtung<\/a><\/td>\n<td class=\"notrans\" style=\"width: 120px;\" data-no-translation=\"\">&#8211;<\/td>\n<td class=\"notrans\" style=\"width: 120px;\" data-no-translation=\"\">\u25cb<\/td>\n<td class=\"notrans\" style=\"width: 120px;\" data-no-translation=\"\">\u25cb<\/td>\n<\/tr>\n<tr>\n<td style=\"width: 399px;\"><a href=\"https:\/\/chat-messenger.com\/de\/handbuch\/cloud_mobile\/nutzung-cloud_mobile\/\" target=\"_blank\" rel=\"noopener\">Browserversion<\/a>,,<a href=\"https:\/\/chat-messenger.com\/images\/cam_mobile.png\" target=\"_blank\" rel=\"noopener\">Mobile Zusammenarbeit<\/a><\/td>\n<td class=\"notrans\" style=\"width: 120px;\" data-no-translation=\"\">&#8211;<\/td>\n<td class=\"notrans\" style=\"width: 120px;\" data-no-translation=\"\">\u25cb<\/td>\n<td class=\"notrans\" style=\"width: 120px;\" data-no-translation=\"\">\u25cb<\/td>\n<\/tr>\n<tr style=\"height: 30px;\">\n<td style=\"width: 399px;\"><a href=\"https:\/\/chat-messenger.com\/de\/handbuch\/camserver\/backup-daten\/\" target=\"_blank\" rel=\"noopener\">Hochgeschwindigkeits-Differenzial-Backup<\/a><\/td>\n<td class=\"notrans\" style=\"width: 120px;\" data-no-translation=\"\">&#8211;<\/td>\n<td class=\"notrans\" style=\"width: 120px;\" data-no-translation=\"\">\u25cb<\/td>\n<td class=\"notrans\" style=\"width: 120px;\" data-no-translation=\"\">\u25cb<\/td>\n<\/tr>\n<tr>\n<td style=\"width: 399px;\"><a href=\"https:\/\/chat-messenger.com\/de\/handbuch\/camserver\/message_log_server_management\/\" target=\"_blank\" rel=\"noopener\">Protokollserververwaltung<\/a><\/td>\n<td class=\"notrans\" style=\"width: 120px;\" data-no-translation=\"\">&#8211;<\/td>\n<td class=\"notrans\" style=\"width: 120px;\" data-no-translation=\"\">\u25cb<\/td>\n<td class=\"notrans\" style=\"width: 120px;\" data-no-translation=\"\">\u25cb<\/td>\n<\/tr>\n<tr>\n<td style=\"width: 399px;\"><a href=\"https:\/\/chat-messenger.com\/de\/handbuch\/camserver\/active-directory-ldap\/\" target=\"_blank\" rel=\"noopener\">Active Directory-Verkn\u00fcpfung<\/a><\/td>\n<td class=\"notrans\" style=\"width: 120px;\" data-no-translation=\"\">&#8211;<\/td>\n<td class=\"notrans\" style=\"width: 120px;\" data-no-translation=\"\">\u25cb<\/td>\n<td class=\"notrans\" style=\"width: 120px;\" data-no-translation=\"\">\u25cb<\/td>\n<\/tr>\n<tr>\n<td style=\"width: 399px;\"><a href=\"https:\/\/chat-messenger.com\/de\/handbuch\/cloud_mobile\/teilnahme\/\" target=\"_blank\" rel=\"noopener\">Anwesenheitsmanagement<\/a> \/ <a href=\"https:\/\/chat-messenger.com\/de\/handbuch\/cloud_mobile\/arbeitsablauf\/\">Arbeitsablauf<\/a><\/td>\n<td class=\"notrans\" style=\"width: 120px;\" data-no-translation=\"\">&#8211;<\/td>\n<td class=\"notrans\" style=\"width: 120px;\" data-no-translation=\"\">\u25b3<\/td>\n<td class=\"notrans\" style=\"width: 120px;\" data-no-translation=\"\">\u25cb<\/td>\n<\/tr>\n<tr>\n<td style=\"width: 399px;\"><a href=\"https:\/\/chat-messenger.com\/de\/handbuch\/cloud_mobile\/api\/\" target=\"_blank\" rel=\"noopener\">API-Kooperation<\/a><a href=\"https:\/\/chat-messenger.com\/de\/handbuch\/cloud_mobile\/teilnahme\/\" target=\"_blank\" rel=\"noopener\"><\/a><\/td>\n<td class=\"notrans\" style=\"width: 120px;\" data-no-translation=\"\">&#8211;<\/td>\n<td class=\"notrans\" style=\"width: 120px;\" data-no-translation=\"\">&#8211;<\/td>\n<td class=\"notrans\" style=\"width: 120px;\" data-no-translation=\"\">\u25cb<\/td>\n<\/tr>\n<tr>\n<td style=\"width: 399px;\">in einer Webkonferenz<a href=\"https:\/\/chat-messenger.com\/de\/handbuch\/videoconference_voicecall\/nutzung-von-webkonferenzen\/#recognition\/\" target=\"_blank\" rel=\"noopener\">Protokoll, mehrsprachige \u00dcbersetzung<\/a>,,<a href=\"https:\/\/chat-messenger.com\/de\/handbuch\/videoconference_voicecall\/nutzung-von-webkonferenzen\/#recognition\/\" target=\"_blank\" rel=\"noopener\">Malfunktion<\/a><\/td>\n<td class=\"notrans\" style=\"width: 120px;\" data-no-translation=\"\">&#8211;<\/td>\n<td class=\"notrans\" style=\"width: 120px;\" data-no-translation=\"\">&#8211;<\/td>\n<td class=\"notrans\" style=\"width: 120px;\" data-no-translation=\"\">\u25cb<\/td>\n<\/tr>\n<tr>\n<td style=\"width: 399px;\"><a href=\"\/de\/manual\/camserver_load-balancing\/\" target=\"_blank\" rel=\"noopener\">Redundanz und Lastausgleich<\/a> \/ <a href=\"https:\/\/chat-messenger.com\/de\/handbuch\/camserver\/windows-auth\/\" target=\"_blank\" rel=\"noopener\" data-wplink-edit=\"true\">SSO<\/a> \/ Linux-Umgebung<\/td>\n<td class=\"notrans\" style=\"width: 120px;\" data-no-translation=\"\">&#8211;<\/td>\n<td class=\"notrans\" style=\"width: 120px;\" data-no-translation=\"\">&#8211;<\/td>\n<td class=\"notrans\" style=\"width: 120px;\" data-no-translation=\"\">\u25cb<\/td>\n<\/tr>\n<\/tbody>\n<\/table>\n<ul style=\"list-style: none;\">\n<li>*Im ersten Jahr f\u00e4llt eine Anfangsgeb\u00fchr von 20.000 Yen f\u00fcr die Bereitstellung von E-Mail-Support bei der Installation und Verwendung des Produkts an.<\/li>\n<li>*Ab 20 Benutzern ist ein Jahresvertrag erforderlich. Zus\u00e4tzliche Benutzer werden t\u00e4glich in Einheiten von 10 Benutzern berechnet.<\/li>\n<li>*Standard ist <a href=\"https:\/\/chat-messenger.com\/de\/handbuch\/verwendung\/\" target=\"_blank\" rel=\"noopener\">Desktop-Version f\u00fcr LAN<\/a> Nur verf\u00fcgbar.<\/li>\n<li>* Webkonferenzen bieten eine bessere Bedienbarkeit und Qualit\u00e4t als Videoanrufe.<\/li>\n<li>* Die mobile Anbindung ist nur f\u00fcr Webkonferenzen verf\u00fcgbar.<\/li>\n<li>*<a href=\"https:\/\/chat-messenger.com\/de\/handbuch\/videoconference_voicecall\/video_conference_voice_call\/\" target=\"_blank\" rel=\"noopener\">Unterschied zwischen Videoanrufen und Webkonferenzen<\/a><\/li>\n<\/ul>\n<\/div>","protected":false},"excerpt":{"rendered":"<p>Richtwert f\u00fcr den monatlichen Einheitspreis f\u00fcr Standard Enterprise Ultimate 1 Benutzer \u00a5 200 \u00a5 300 \u00a5 [\u2026]<\/p>","protected":false},"author":1,"featured_media":0,"parent":37,"menu_order":0,"comment_status":"closed","ping_status":"closed","template":"","meta":{"swell_btn_cv_data":""},"_links":{"self":[{"href":"https:\/\/chat-messenger.com\/de\/wp-json\/wp\/v2\/pages\/8269"}],"collection":[{"href":"https:\/\/chat-messenger.com\/de\/wp-json\/wp\/v2\/pages"}],"about":[{"href":"https:\/\/chat-messenger.com\/de\/wp-json\/wp\/v2\/types\/page"}],"author":[{"embeddable":true,"href":"https:\/\/chat-messenger.com\/de\/wp-json\/wp\/v2\/users\/1"}],"replies":[{"embeddable":true,"href":"https:\/\/chat-messenger.com\/de\/wp-json\/wp\/v2\/comments?post=8269"}],"version-history":[{"count":10,"href":"https:\/\/chat-messenger.com\/de\/wp-json\/wp\/v2\/pages\/8269\/revisions"}],"predecessor-version":[{"id":12666,"href":"https:\/\/chat-messenger.com\/de\/wp-json\/wp\/v2\/pages\/8269\/revisions\/12666"}],"up":[{"embeddable":true,"href":"https:\/\/chat-messenger.com\/de\/wp-json\/wp\/v2\/pages\/37"}],"wp:attachment":[{"href":"https:\/\/chat-messenger.com\/de\/wp-json\/wp\/v2\/media?parent=8269"}],"curies":[{"name":"wp","href":"https:\/\/api.w.org\/{rel}","templated":true}]}}