{"id":8098,"date":"2022-10-21T15:31:00","date_gmt":"2022-10-21T06:31:00","guid":{"rendered":"https:\/\/chat-messenger.com\/?page_id=8098"},"modified":"2023-06-26T02:18:55","modified_gmt":"2023-06-25T17:18:55","slug":"software-license-agreement","status":"publish","type":"page","link":"https:\/\/chat-messenger.com\/de\/unternehmen\/softwarelizenzvertrag","title":{"rendered":"Softwarelizenzvertrag"},"content":{"rendered":"<p>Chat &amp; Messenger Co., Ltd. (im Folgenden als \u201eTeil 2\u201c bezeichnet) stellt dem Kunden (im Folgenden als \u201eTeil 2\u201c bezeichnet) in Bezug auf Folgendes zur Verf\u00fcgung: Wir haben dem Kunden in Japan nicht ausschlie\u00dfliche und nicht \u00fcbertragbare Nutzungsrechte gew\u00e4hrt Ich erteile die von mir entwickelte Softwarepakete \u201eChat&amp;Messenger\u201c und \u201eCAMServer\u201c.<\/p>\n<h2>Artikel 1 (Vereinbarung\/Lizenz)<\/h2>\n<p>Wenn Partei A diese Software nutzt, sei es durch die Installation dieser Software oder auf andere Weise, wird davon ausgegangen, dass Partei A den Bedingungen dieser Vereinbarung zustimmt. Wenn Partei B den Bedingungen dieser Vereinbarung nicht zustimmt, gew\u00e4hrt Partei B Partei A keine Nutzung dieser Software.<\/p>\n<h2>Artikel 2 (\u00dcbertragungsverbot usw.)<\/h2>\n<p>Ohne vorherige schriftliche Zustimmung von Partei B ist es der Partei A nicht gestattet, die im vorstehenden Artikel genannten Nutzungsrechte an einen Dritten zu \u00fcbertragen oder diesen in sonstiger Weise nutzen zu lassen.<\/p>\n<h2>Artikel 3 (Rechte dieser Software)<\/h2>\n<ol>\n<li>Der Titel, das Urheberrecht und alle anderen geistigen Eigentumsrechte an dieser Software (einschlie\u00dflich Kopien dieser Software) geh\u00f6ren Partei B, und Partei A hat das Recht, diese Software und die zugeh\u00f6rigen Dokumente auf der Grundlage dieser Gesch\u00e4ftsbedingungen zu nutzen keine weiteren Rechte.<\/li>\n<li>Urheberrechte und alle anderen geistigen Eigentumsrechte, die entstehen, wenn Partei B diese Software im Auftrag von Partei A anpasst (einschlie\u00dflich, aber nicht beschr\u00e4nkt auf FIT &amp; GAP, Anforderungsdefinition, Entwurfsentwurf, detailliertes Design, Codierung, Tests usw.). Eigentumsrechte geh\u00f6ren ebenfalls der Partei B wie im vorherigen Absatz.<\/li>\n<li>Partei A darf diese Software nicht an Dritte unterlizenzieren.<\/li>\n<\/ol>\n<h2>Artikel 4 (Haftungsausschluss)<\/h2>\n<p>Partei B haftet nicht f\u00fcr Sch\u00e4den, die Partei A (oder ein Dritter) im Zusammenhang mit der Nutzung dieser Software verursacht, unabh\u00e4ngig von der Ursache, es sei denn, Partei B hat vors\u00e4tzlich oder grob fahrl\u00e4ssig gehandelt.<\/p>\n<h2>Artikel 5 (Garantie)<\/h2>\n<p>Hinsichtlich dieser Software wird Partei B ihr Bestes tun, um den Dienst bereitzustellen, einschlie\u00dflich der Sicherstellung, dass keine M\u00e4ngel vorliegen, dass sie den Anforderungen und dem Verwendungszweck von Partei A entspricht und dass sie in der Terminal-Nutzungsumgebung von Partei A normal funktioniert. Wir tun dies nicht keine Garantien hinsichtlich der Qualit\u00e4t oder Funktionalit\u00e4t \u00fcbernehmen.<\/p>\n<h2>Artikel 6 (Softwarenutzungsgeb\u00fchr)<\/h2>\n<ol>\n<li>Bei der Nutzung dieser Software zahlt Partei A ein von Partei B gesondert festgelegtes Nutzungsentgelt (nachfolgend \u201eSoftware-Nutzungsentgelt\u201c genannt).<\/li>\n<li>Partei A folgt hinsichtlich der Zahlungsfrist und Zahlungsmethode f\u00fcr Softwarenutzungsgeb\u00fchren der von Partei B festgelegten Methode. Dar\u00fcber hinaus hat Partei A die Verbrauchssteuer und die \u00f6rtliche Verbrauchssteuer auf der Grundlage des zum Zeitpunkt der Berechnung geltenden Steuersatzes zu entrichten.<\/li>\n<li>Die Abl\u00f6sesumme tr\u00e4gt Partei A. Sofern jedoch mit Partei B ein gesonderter Vertrag \u00fcber Zahlungsarten geschlossen wird, gelten die Bestimmungen dieses Vertrages.<\/li>\n<\/ol>\n<h2>Artikel 7 (Spezifikations\u00e4nderungen)<\/h2>\n<ol>\n<li>Partei B kann die Spezifikationen dieser Software jederzeit ohne Zustimmung von Partei A \u00e4ndern.<\/li>\n<li>Wenn Partei B die Spezifikationen auf der Grundlage der Bestimmungen des vorstehenden Absatzes \u00e4ndert, haftet Partei B nicht f\u00fcr Sch\u00e4den, Verluste oder andere Probleme, die Partei A entstehen, wenn die \u00c4nderungen nicht dem Verwendungszweck von Partei A entsprechen. I sei es nicht schuldig.<\/li>\n<\/ol>\n<h2>Artikel 8 (Aussetzung der Lizenz)<\/h2>\n<p>Wenn Partei A diese Softwarelizenz erwirbt und die Softwarenutzungsgeb\u00fchr nicht bis zum Zahlungstermin bezahlt, kann Partei B die Nutzung dieser Software ohne vorherige Zustimmung von Partei A aussetzen (im Folgenden als \u201eLizenzaussetzung\u201c bezeichnet).<br \/>\nNach Beendigung der Lizenz darf Partei A die Software nicht mehr nutzen. Partei B haftet nicht f\u00fcr Sch\u00e4den, die Partei A oder einem Dritten durch die Aussetzung der Lizenz entstehen.<\/p>\n<h2>Artikel 9 (Entzug der Lizenz)<\/h2>\n<p>Wenn Partei A unter einen der folgenden Punkte f\u00e4llt, kann Partei B die Lizenz zur Nutzung dieser Software ohne vorherige Ank\u00fcndigung oder Aufforderung an Partei A ganz oder teilweise k\u00fcndigen.<br \/>\nIn diesem Fall verliert Partei A den Anspruch auf die Verj\u00e4hrung aller Schulden, die im Zusammenhang mit der Nutzung dieser Software entstanden sind, und Partei A muss diese Schulden sofort in einer Summe an Partei B begleichen. Dar\u00fcber hinaus muss Partei A diese Software und alle Kopien davon unverz\u00fcglich an Partei B zur\u00fcckgeben.<\/p>\n<ol class=\"bracket\">\n<li>Handlungen der illegalen Nutzung von Kontoinformationen<\/li>\n<li>Handlungen der Nutzung dieser Software f\u00fcr andere Zwecke als die Gesch\u00e4ftszwecke von Partei A.<\/li>\n<li>Handlungen, die Partei B oder einem Dritten Schaden zuf\u00fcgen<\/li>\n<li>Handlungen, die Eigentumsrechte, Urheberrechte, Patentrechte, andere Rechte an geistigem Eigentum und andere gesetzlich gesch\u00fctzte Interessen verletzen, die Partei B und Partei B mit rechtm\u00e4\u00dfigem Titel nutzen.<\/li>\n<li>Handlungen, die Partei B verleumden<\/li>\n<li>Handlungen, die den Betrieb von Partei B in Bezug auf diese Software beeintr\u00e4chtigen<\/li>\n<li>Im Falle eines Versto\u00dfes gegen eine der Bestimmungen dieser Allgemeinen Gesch\u00e4ftsbedingungen.<\/li>\n<li>In anderen F\u00e4llen, die Partei B f\u00fcr unangemessen h\u00e4lt.<\/li>\n<\/ol>\n<h2>Artikel 10 (Erkl\u00e4rung zum Ausschluss asozialer Kr\u00e4fte)<\/h2>\n<ol>\n<li>Partei A stellt zum Zeitpunkt dieser Vereinbarung Partei B eine Gruppe organisierter Kriminalit\u00e4t, ein Mitglied einer Gruppe organisierter Kriminalit\u00e4t, eine Person, die seit weniger als f\u00fcnf Jahren nicht mehr Mitglied einer Gruppe organisierter Kriminalit\u00e4t ist, eine Quasi-Leistung zur Verf\u00fcgung -Mitglied einer organisierten Kriminalit\u00e4tsgruppe, eines mit einer organisierten Kriminalit\u00e4tsgruppe verbundenen Unternehmens, einer quasi-organisierten Kriminalit\u00e4tsgruppe, einer Person, die einer quasi-organisierten Kriminalit\u00e4tsgruppe angeh\u00f6rt, einer Hauptversammlung, einem Gesch\u00e4ft usw.<br \/>\nWir erkl\u00e4ren, dass wir nicht in die Kategorie der sozialen Bewegung usw. fallen oder Personen sind, die solchen Gruppen wie speziellen nachrichtendienstlichen Gewaltgruppen (im Folgenden als \u201eMitglieder einer organisierten Kriminalit\u00e4tsgruppe usw.\u201c bezeichnet) gleichgestellt sind, und wir garantieren, dass dies der Fall sein wird in Zukunft nicht mehr in diese Kategorien fallen.<br \/>\nWenn es sich bei Partei A um ein Unternehmen handelt, fallen dar\u00fcber hinaus auch deren Vertreter, leitende Angestellte oder Personen, die die Gesch\u00e4ftsf\u00fchrung im Wesentlichen kontrollieren, unter die Garantie in diesem Abschnitt.<\/li>\n<li>Wenn Partei A feststellt, dass Partei B eine Untersuchung ben\u00f6tigt, um festzustellen, ob der vorstehende Absatz anwendbar ist, kooperiert Partei A bei der Untersuchung und legt Materialien vor, die sie f\u00fcr die Untersuchung als notwendig erachtet.<\/li>\n<li>Wenn Partei B herausfindet, dass Partei A einer organisierten Kriminalit\u00e4tsgruppe usw. angeh\u00f6rt, kann Partei B diese Vereinbarung sofort k\u00fcndigen, ohne dass eine Benachrichtigung oder andere Verfahren erforderlich sind.<\/li>\n<li>Partei B \u00fcbernimmt keinerlei Verpflichtung oder Verantwortung, auch wenn Partei A durch die Stornierung gem\u00e4\u00df dem vorstehenden Absatz ein Schaden entsteht.<\/li>\n<\/ol>\n<h2>Artikel 11 (Konsultation)<\/h2>\n<p>Sollten Zweifel an Angelegenheiten entstehen, die nicht in diesen Allgemeinen Gesch\u00e4ftsbedingungen oder deren Auslegung geregelt sind, werden Partei A und Partei B die Angelegenheit nach Treu und Glauben besprechen und l\u00f6sen.<\/p>\n<p><!--\n\n\n<h2>\u7b2c11\u6761(\u672c\u7d04\u6b3e\u306e\u5909\u66f4)<\/h2>\n\n\n\u4e59\u306f\u3001\u4e8b\u524d\u306b\u3001\u672c\u7d04\u6b3e\u5909\u66f4\u306e\u52b9\u529b\u767a\u751f\u65e5\u304b\u308930\u65e5\u4ee5\u4e0a\u306e\u4e88\u544a\u671f\u9593\u3092\u8a2d\u3051\u305f\u4e0a\u3067\u672c\u7d04\u6b3e\u3092\u5909\u66f4\u3059\u308b\u3053\u3068\u304c\u3067\u304d\u308b\u3082\u306e\u3068\u3059\u308b\u3002\n\u3053\u306e\u5834\u5408\u3001\u7532\u304c\u672c\u7d04\u6b3e\u5909\u66f4\u306e\u52b9\u529b\u767a\u751f\u65e5\u4ee5\u964d\u306b\u672c\u30bd\u30d5\u30c8\u30a6\u30a7\u30a2\u3092\u4f7f\u7528\u3057\u305f\u5834\u5408\u306b\u306f\u3001\u5f53\u8a72\u5909\u66f4\u306b\u3064\u304d\u7532\u306e\u627f\u8afe\u304c\u3042\u3063\u305f\u3082\u306e\u3068\u307f\u306a\u3057\u3001\u4ee5\u964d\u3001\u7532\u306b\u5bfe\u3057\u3066\u5909\u66f4\u5f8c\u306e\u7d04\u6b3e\u304c\u9069\u7528\u3055\u308c\u308b\u3082\u306e\u3068\u3059\u308b\u3002\n\n\n<h2>\u7b2c6\u6761(\u60c5\u5831\u306e\u5229\u7528)<\/h2>\n\n\n\n\n<ol>\n \t\n\n<li>\u4e59\u306f\u7532\u304c\u672c\u30bd\u30d5\u30c8\u30a6\u30a7\u30a2\u3092\u30a4\u30f3\u30b9\u30c8\u30fc\u30eb\u3059\u308b\u7aef\u672b\u306e\u540d\u79f0\u3001OS\u306e\u7a2e\u985e\u53ca\u3073\u30d0\u30fc\u30b8\u30e7\u30f3\u3001\u30d6\u30e9\u30a6\u30b6\u306e\u7a2e\u985e\u53ca\u3073\u30d0\u30fc\u30b8\u30e7\u30f3\u3001\u63a5\u7d9a\u3059\u308b\u30c7\u30fc\u30bf\u30d9\u30fc\u30b9\u306e\u7a2e\u985e\u53ca\u3073\u30d0\u30fc\u30b8\u30e7\u30f3\u3001\u30a4\u30f3\u30bf\u30fc\u30cd\u30c3\u30c8\u63a5\u7d9a\u72b6\u614b\u4e26\u3073\u306b\u7532\u304c\u672c\u30bd\u30d5\u30c8\u30a6\u30a7\u30a2\u306e\u4f7f\u7528\u306b\u95a2\u3057\u3066\u767b\u9332\u3057\u305f\u60c5\u5831\u3092\u30a4\u30f3\u30bf\u30fc\u30cd\u30c3\u30c8\u3092\u901a\u3058\u3066\u53d6\u5f97\u3059\u308b\u3053\u3068\u304c\u3042\u308a\u3001\u7532\u306f\u3053\u306e\u6a5f\u80fd\u306e\u52d5\u4f5c\u306b\u540c\u610f\u3059\u308b\u3082\u306e\u3068\u3059\u308b\u3002<\/li>\n\n\n \t\n\n<li>\n                    \u4e59\u306b\u3088\u308b\u524d\u9805\u306e\u60c5\u5831\u53d6\u5f97\u306f\u3001\u672c\u30bd\u30d5\u30c8\u30a6\u30a7\u30a2\u306b\u95a2\u3059\u308b\u7532\u3078\u306e\u901a\u77e5\u3001\u6709\u511f\u30fb\u7121\u511f\u30b5\u30dd\u30fc\u30c8\u30b5\u30fc\u30d3\u30b9\u306e\u63d0\u4f9b\u3001\u30aa\u30f3\u30e9\u30a4\u30f3\u30a2\u30c3\u30d7\u30c7\u30fc\u30c8\u30b5\u30fc\u30d3\u30b9\u306e\u63d0\u4f9b\u7b49\u306e\u672c\u30bd\u30d5\u30c8\u30a6\u30a7\u30a2\u306e\u6b63\u5e38\u306a\u904b\u7528\u307e\u305f\u306f\u6539\u5584\u3092\u76ee\u7684\u3068\u3057\u3066\u306a\u3055\u308c\u308b\u3082\u306e\u3067\u3042\u308a\u3001\n\u4e59\u306f\u53d6\u5f97\u3057\u305f\u60c5\u5831\u3092\u7532\u306e\u627f\u8afe\u3092\u5f97\u308b\u3053\u3068\u306a\u304f\u5f53\u8a72\u76ee\u7684\u4ee5\u5916\u306e\u7528\u9014\u3067\u4f7f\u7528\u3057\u306a\u3044\u3002\u306a\u304a\u3001\u7532\u306e\u500b\u4eba\u60c5\u5831\u306b\u95a2\u3059\u308b\u53d6\u6271\u3044\u306f\u3001\u4e59\u304c\u5225\u9014\u5b9a\u3081\u308b\u30d7\u30e9\u30a4\u30d0\u30b7\u30fc\u30dd\u30ea\u30b7\u30fc\u306b\u3088\u308b\u3082\u306e\u3068\u3059\u308b\u3002<\/li>\n\n\n<\/ol>\n\n\n\n\n<h2>\u7b2c15\u6761(\u5229\u7528\u5b9f\u7e3e\u306e\u516c\u958b)<\/h2>\n\n\n\n\n<ol>\n \t\n\n<li>\u7532\u306f\u3001\u4e59\u304c\u7532\u306e\u4e8b\u696d\u8005\u540d\u3001\u30ed\u30b4\u30de\u30fc\u30af\u3001\u305d\u306e\u4ed6\u7532\u3092\u7279\u5b9a\u3057\u3046\u308b\u60c5\u5831\uff08\u4ee5\u4e0b\u3001\u300c\u7532\u3092\u7279\u5b9a\u3057\u3046\u308b\u60c5\u5831\u300d\u3068\u3044\u3044\u307e\u3059\uff09\u3092\u672c\u30b5\u30fc\u30d3\u30b9\u306e\u5229\u7528\u5b9f\u7e3e\u3092\u793a\u3059\u76ee\u7684\u3067\u4e59\u30db\u30fc\u30e0\u30da\u30fc\u30b8\u3084SNS\u306a\u3069\u306e\u5a92\u4f53\u3067\u516c\u958b\u3059\u308b\u3053\u3068\u3092\u8a31\u8afe\u3059\u308b\u3002\n\u306a\u304a\u3001\u4e59\u306f\u3001\u3053\u308c\u306b\u3042\u305f\u308a\u3001\u7532\u306e\u540d\u8a89\u3084\u4fe1\u7528\u3092\u6bc0\u640d\u3057\u306a\u3044\u3088\u3046\u9069\u5207\u306b\u53d6\u308a\u6271\u3046\u3082\u306e\u3068\u3059\u308b\u3002<\/li>\n\n\n \t\n\n<li>\u7532\u306f\uff64\u4e59\u306b\u5bfe\u3057\u3001\u7532\u3092\u7279\u5b9a\u3057\u3046\u308b\u60c5\u5831\u3092\u516c\u958b\u3057\u306a\u3044\u65e8\u306e\u7533\u3057\u5165\u308c\u3092\u3059\u308b\u3053\u3068\u304c\u3067\u304d\uff64\u3053\u306e\u5834\u5408\u3001\u4e59\u306f\u5f53\u8a72\u60c5\u5831\u3092\u516c\u958b\u305b\u305a\u3001\u307e\u305f\u306f\u901f\u3084\u304b\u306b\u60c5\u5831\u3092\u516c\u958b\u3057\u3066\u3044\u308b\u5a92\u4f53\u304b\u3089\u5f53\u8a72\u60c5\u5831\u3092\u524a\u9664\u3059\u308b\u3082\u306e\u3068\u3059\u308b\u3002<\/li>\n\n\n<\/ol>\n\n\n\u6539\u8a02\u65e5\uff1a2022\/10\/21\n--><\/p>","protected":false},"excerpt":{"rendered":"<p>Chat &amp; Messenger Co., Ltd. (im Folgenden \u201eTeil 2\u201c genannt) stellt dem Kunden (im Folgenden \u201eTeil 2\u201c genannt) [\u2026] zur Verf\u00fcgung.<\/p>","protected":false},"author":1,"featured_media":0,"parent":36,"menu_order":5,"comment_status":"closed","ping_status":"closed","template":"","meta":{"swell_btn_cv_data":""},"_links":{"self":[{"href":"https:\/\/chat-messenger.com\/de\/wp-json\/wp\/v2\/pages\/8098"}],"collection":[{"href":"https:\/\/chat-messenger.com\/de\/wp-json\/wp\/v2\/pages"}],"about":[{"href":"https:\/\/chat-messenger.com\/de\/wp-json\/wp\/v2\/types\/page"}],"author":[{"embeddable":true,"href":"https:\/\/chat-messenger.com\/de\/wp-json\/wp\/v2\/users\/1"}],"replies":[{"embeddable":true,"href":"https:\/\/chat-messenger.com\/de\/wp-json\/wp\/v2\/comments?post=8098"}],"version-history":[{"count":20,"href":"https:\/\/chat-messenger.com\/de\/wp-json\/wp\/v2\/pages\/8098\/revisions"}],"predecessor-version":[{"id":8131,"href":"https:\/\/chat-messenger.com\/de\/wp-json\/wp\/v2\/pages\/8098\/revisions\/8131"}],"up":[{"embeddable":true,"href":"https:\/\/chat-messenger.com\/de\/wp-json\/wp\/v2\/pages\/36"}],"wp:attachment":[{"href":"https:\/\/chat-messenger.com\/de\/wp-json\/wp\/v2\/media?parent=8098"}],"curies":[{"name":"wp","href":"https:\/\/api.w.org\/{rel}","templated":true}]}}