{"id":549,"date":"2018-09-14T23:33:26","date_gmt":"2018-09-14T14:33:26","guid":{"rendered":"https:\/\/chat-messenger.com\/?page_id=549"},"modified":"2025-02-27T13:22:04","modified_gmt":"2025-02-27T04:22:04","slug":"plan_overview","status":"publish","type":"page","link":"https:\/\/chat-messenger.com\/de\/plan_overview","title":{"rendered":"Chat&amp;Messenger-Pl\u00e4ne und Preise"},"content":{"rendered":"<style>\n  <!-- \n  .custom-tbl {\n    width: 100%;\n    text-align: center;\n    border-collapse: collapse;\n    border-spacing: 0;\n  }\n\n  .custom-tbl th {\n    position: relative;\n    padding: 6px;\n    background: #cde0f4;\n    border: solid 1px #666666 !important;\n    font-size: 1.0em;\n    font: bold;\n    text-align: center;\n  }\n\n  .custom-tbl tr:nth-child(2n+1) {\n    background: #F5F5F5;\n  }\n\n  .custom-tbl td {\n    position: relative;\n    width: 150px;\n    height: 24px;\n    border: solid 1px #666666 !important;\n    text-align: center;\n  }\n\n  .custom-tbl td:first-child {\n    background: #e9faf9;\n    width: 260px;\n  }\n\n  .custom-tbl tr:last-child {\n    background: #cde0f4;\n    border-top: double 3px #666666;\n    font-weight: bold;\n  }  \n  a.apply-btn {\n\tdisplay: block;\n\ttext-align: center;\n\tvertical-align: middle;\n\ttext-decoration: none;\n\twidth: 130px;\n\tmargin: auto;\n\tfont-weight: bold;\n\tborder: 2px solid #27acd9;\n\tbackground: #27acd9;\n\tcolor: #333333 !important;\n\tborder-radius: 100vh;\n\ttransition: 0.5s;\n   }\n   a.apply-btn:hover {\n\tcolor: #27acd9;\n\tbackground: #fff;\n   }\n  .note {\n    font-size: xx-small;\n    position: absolute; bottom: 8px; right: 8px;\n  }  \n  .th-desc {\n    position: absolute; bottom: 2px; left: 28px;font-size: 0.6em; color:gray;\n  }  \n  --><br \/>\n<\/style>\n<div class=\"plan-desc\"><b>Rabatte gelten f\u00fcr Mehrjahresvertr\u00e4ge und 500 Benutzer oder mehr auf alle Pl\u00e4ne.<\/b><\/div>\n<div style=\"width: 100%; overflow-x: auto;\">\n<table class=\"custom-tbl\" style=\"width: 960px;\">\n<tbody>\n<tr style=\"height: 56px;\">\n<th style=\"width: 260px;\">Funktionen\/Pl\u00e4ne<\/th>\n<th style=\"width: 100px;\">Free<\/p>\n<p><span class=\"note\">*1<\/span><\/th>\n<th style=\"width: 150px;\"><a target=\"_blank\" rel=\"noreferrer noopener\" href=\"https:\/\/chat-messenger.com\/de\/handbuch\/etc\/premium-edition\/\">Pr\u00e4mie<\/a><\/p>\n<div class=\"th-desc\">Desktop-Version f\u00fcr LAN<\/div>\n<\/th>\n<th style=\"width: 150px;\"><a target=\"_blank\" rel=\"noreferrer noopener\" href=\"https:\/\/chat-messenger.com\/de\/handbuch\/etc\/premium-edition\/\">Business<\/a><\/p>\n<div class=\"th-desc\">Desktop-Version f\u00fcr LAN<\/div>\n<\/th>\n<th style=\"width: 150px;\"><a target=\"_blank\" rel=\"noreferrer noopener\" href=\"https:\/\/chat-messenger.com\/de\/handbuch\/camserver\/camserver_overview\/\">On-premise<\/a><\/p>\n<div class=\"th-desc\">CAMServer<\/div>\n<\/th>\n<th style=\"width: 150px;\"><a target=\"_blank\" rel=\"noreferrer noopener\" href=\"https:\/\/chat-messenger.com\/de\/handbuch\/cloud_mobile\/chat_messenger_cloud_mobile\/\">Cloud<\/a><\/th>\n<\/tr>\n<tr>\n<td style=\"width: 260px;\"><a href=\"https:\/\/chat-messenger.com\/de\/handbuch\/cloud_mobile\/gruppenchat\/\" target=\"_blank\" rel=\"noopener\">Business-Chat<\/a><\/td>\n<td class=\"notrans\" style=\"width: 100px;\" data-no-translation=\"\">\u25cb<\/td>\n<td class=\"notrans\" style=\"width: 150px;\" data-no-translation=\"\">\u25cb<\/td>\n<td class=\"notrans\" style=\"width: 150px;\" data-no-translation=\"\">\u25cb<\/td>\n<td class=\"notrans\" style=\"width: 150px;\" data-no-translation=\"\">\u25cb<\/td>\n<td class=\"notrans\" style=\"width: 150px;\" data-no-translation=\"\">\u25cb<\/td>\n<\/tr>\n<tr>\n<td style=\"width: 260px;\"><a href=\"https:\/\/chat-messenger.com\/de\/handbuch\/videoconference_voicecall\/video_conference_voice_call\/\" target=\"_blank\" rel=\"noopener\">Webkonferenzen und Videoanrufe<\/a><\/td>\n<td class=\"notrans\" style=\"width: 100px;\" data-no-translation=\"\">\u25cb<\/td>\n<td class=\"notrans\" style=\"width: 150px;\" data-no-translation=\"\">\u25cb<span class=\"note\">\uff0a1<\/span><\/td>\n<td class=\"notrans\" style=\"width: 150px;\" data-no-translation=\"\">\u25cb<span class=\"note\">\uff0a1<\/span><\/td>\n<td class=\"notrans\" style=\"width: 150px;\" data-no-translation=\"\">\u25cb<\/td>\n<td class=\"notrans\" style=\"width: 150px;\" data-no-translation=\"\">\u25cb<\/td>\n<\/tr>\n<tr>\n<td style=\"width: 260px;\"><a href=\"https:\/\/chat-messenger.com\/de\/handbuch\/cloud_mobile\/zeitplan\/\" target=\"_blank\" rel=\"noopener\">Zeitplan-\/Aufgabenverwaltung<\/a><\/td>\n<td class=\"notrans\" style=\"width: 100px;\" data-no-translation=\"\">\u25cb<\/td>\n<td class=\"notrans\" style=\"width: 150px;\" data-no-translation=\"\">\u25cb<\/td>\n<td class=\"notrans\" style=\"width: 150px;\" data-no-translation=\"\">\u25cb<\/td>\n<td class=\"notrans\" style=\"width: 150px;\" data-no-translation=\"\">\u25cb<\/td>\n<td class=\"notrans\" style=\"width: 150px;\" data-no-translation=\"\">\u25cb<\/td>\n<\/tr>\n<tr>\n<td style=\"width: 260px;\"><a href=\"https:\/\/chat-messenger.com\/de\/handbuch\/cloud_mobile\/dokumenten-management\/\" target=\"_blank\" rel=\"noopener\">Unterlagen<\/a> \/&nbsp;<a href=\"https:\/\/chat-messenger.com\/de\/handbuch\/cloud_mobile\/arbeitsablauf\/\" target=\"_blank\" rel=\"noopener\">Arbeitsablauf<\/a> \/ <a href=\"https:\/\/chat-messenger.com\/de\/handbuch\/cloud_mobile\/teilnahme\/\">Teilnahme<\/a>&nbsp;\/ <a href=\"https:\/\/chat-messenger.com\/de\/handbuch\/schedule_calendar\/meeting_room_facility_reservation\/\" target=\"_blank\" rel=\"noopener\">Buchung der Einrichtung<\/a> \/ <a href=\"https:\/\/chat-messenger.com\/de\/handbuch\/cloud_mobile\/chat_messenger_cloud_mobile\/\">Handy, Mobiltelefon<\/a> \/&nbsp;<a href=\"https:\/\/chat-messenger.com\/de\/handbuch\/cloud_mobile\/crowd_admin_menu\/\">Verwaltungsfunktion<\/a><\/td>\n<td class=\"notrans\" style=\"width: 100px;\" data-no-translation=\"\">\u25cb<\/td>\n<td class=\"notrans\" style=\"width: 150px;\" data-no-translation=\"\">&#8211;<\/td>\n<td class=\"notrans\" style=\"width: 150px;\" data-no-translation=\"\">&#8211;<\/td>\n<td class=\"notrans\" style=\"width: 150px;\" data-no-translation=\"\">\u25cb<\/td>\n<td class=\"notrans\" style=\"width: 150px;\" data-no-translation=\"\">\u25cb<\/td>\n<\/tr>\n<tr>\n<td style=\"width: 260px;\">Vertragslaufzeit<\/td>\n<td style=\"width: 100px;\">&#8211;<\/td>\n<td style=\"width: 150px;\">Jahresvertrag<\/td>\n<td style=\"width: 150px;\">dauerhaft<\/td>\n<td style=\"width: 150px;\">Jahresvertrag<\/td>\n<td style=\"width: 150px;\">Jahresvertrag<\/td>\n<\/tr>\n<tr>\n<td style=\"width: 260px;\">Anwendung<\/td>\n<td style=\"width: 100px;\">&#8211;<\/td>\n<td style=\"width: 150px;\"><a href=\"https:\/\/chat-messenger.com\/de\/kontaktiere-uns\/premium_license\/\" target=\"_blank\" class=\"apply-btn\" rel=\"noopener\"><b>Anwendung<\/b><\/a><\/td>\n<td style=\"width: 150px;\"><a href=\"https:\/\/chat-messenger.com\/de\/kontaktiere-uns\/businesspremium_license\/\" target=\"_blank\" class=\"apply-btn\" rel=\"noopener\"><b>Anwendung<\/b><\/a><\/td>\n<td style=\"width: 150px;\"><a href=\"https:\/\/chat-messenger.com\/de\/kontaktiere-uns\/camserver_license\/\" target=\"_blank\" class=\"apply-btn\" rel=\"noopener\"><b>Anwendung<\/b><\/a><\/td>\n<td style=\"width: 150px;\"><a href=\"https:\/\/chat-messenger.com\/de\/kontaktiere-uns\/crowd_license\/\" target=\"_blank\" class=\"apply-btn\" rel=\"noopener\"><b>Anwendung<\/b><\/a><\/td>\n<\/tr>\n<tr style=\"height: 65px;\">\n<td style=\"width: 260px;\">1 Nutzungsgeb\u00fchr<\/td>\n<td style=\"width: 100px;\">\n<div class=\"notrans\" data-no-translation=\"\">\u00a50<\/div>\n<\/td>\n<td style=\"width: 150px;\">\n<div class=\"notrans\" data-no-translation=\"\">\u00a5200<\/div>\n<div style=\"font-size: 9pt; font-weight: normal;\">*Gesch\u00e4tzte monatliche Geb\u00fchr<\/div>\n<\/td>\n<td style=\"width: 150px;\">\n<div>\n<div class=\"notrans\" data-no-translation=\"\">\u00a510,000<\/div>\n<div style=\"font-size: 9pt; font-weight: normal;\">*Permanent<\/div>\n<\/div>\n<\/td>\n<td style=\"width: 150px;\">\n<div class=\"notrans\" data-no-translation=\"\">\u00a5200\uff5e<\/div>\n<div style=\"font-size: 9pt; font-weight: normal;\">*Gesch\u00e4tzte monatliche Geb\u00fchr<\/div>\n<\/td>\n<td style=\"width: 150px;\">\n<div class=\"notrans\" data-no-translation=\"\">\u00a50\uff5e<\/div>\n<div style=\"font-size: 9pt; font-weight: normal;\">*Gesch\u00e4tzte monatliche Geb\u00fchr<\/div>\n<\/td>\n<\/tr>\n<\/tbody>\n<\/table>\n<\/div>\n<ul style=\"list-style: none;\">\n<li>*Die kostenpflichtige Version erfordert einen Jahresvertrag f\u00fcr 20 oder mehr lokale Benutzer und 10 oder mehr Cloud-Benutzer.<\/li>\n<li>* <a href=\"https:\/\/chat-messenger.com\/de\/kontaktiere-uns\/camserver-plan\/\" target=\"_blank\" rel=\"noopener\">Unterschiede zwischen lokalen CAMServer-Pl\u00e4nen<\/a><\/li>\n<li>* <a href=\"https:\/\/chat-messenger.com\/de\/kontaktiere-uns\/crowd-plan\/\" target=\"_blank\" rel=\"noopener\">Unterschiede zwischen Chat&amp;Messenger-Cloud-Pl\u00e4nen<\/a><\/li>\n<li><span class=\"notrans\" data-no-translation=\"\">\uff0a \u30d7\u30ec\u30df\u30a2\u30e0\u6a5f\u80fd\u3044\u3064\u3044\u3066\u3001\u30af\u30e9\u30a6\u30c9\u30fb\u30aa\u30f3\u30d7\u30ec\u30df\u30b9\u306f\u30d7\u30e9\u30f3\u306e\u9055\u3044\u53c2\u7167\u3002LAN\u7528\u30c7\u30b9\u30af\u30c8\u30c3\u30d7\u7248\u306f<a href=\"\/manual\/etc\/premium_edition\" target=\"_blank\" rel=\"noopener\">\u30d7\u30ec\u30df\u30a2\u30e0\u6a5f\u80fd<\/a>&nbsp;\u3092\u53c2\u7167\u3002&nbsp;<\/span><\/li>\n<li><span class=\"notrans\" data-no-translation=\"\">\uff0a1 \u2026&nbsp;<\/span>Es gibt Einschr\u00e4nkungen. Oder Sie nutzen den kostenlosen Cloud-Plan.<\/li>\n<li>*Mehrjahres- und Mengenrabatte sind nur beim Kauf \u00fcber unsere Website verf\u00fcgbar.<\/li>\n<li><\/li>\n<li><\/li>\n<\/ul>","protected":false},"excerpt":{"rendered":"<p>Rabatte gelten f\u00fcr Mehrjahresvertr\u00e4ge und 500 Benutzer oder mehr auf alle Pl\u00e4ne. Funktionen\/Plan kostenlos *1 Premium L [\u2026]<\/p>","protected":false},"author":1,"featured_media":0,"parent":0,"menu_order":0,"comment_status":"closed","ping_status":"closed","template":"","meta":{"swell_btn_cv_data":""},"_links":{"self":[{"href":"https:\/\/chat-messenger.com\/de\/wp-json\/wp\/v2\/pages\/549"}],"collection":[{"href":"https:\/\/chat-messenger.com\/de\/wp-json\/wp\/v2\/pages"}],"about":[{"href":"https:\/\/chat-messenger.com\/de\/wp-json\/wp\/v2\/types\/page"}],"author":[{"embeddable":true,"href":"https:\/\/chat-messenger.com\/de\/wp-json\/wp\/v2\/users\/1"}],"replies":[{"embeddable":true,"href":"https:\/\/chat-messenger.com\/de\/wp-json\/wp\/v2\/comments?post=549"}],"version-history":[{"count":10,"href":"https:\/\/chat-messenger.com\/de\/wp-json\/wp\/v2\/pages\/549\/revisions"}],"predecessor-version":[{"id":11599,"href":"https:\/\/chat-messenger.com\/de\/wp-json\/wp\/v2\/pages\/549\/revisions\/11599"}],"wp:attachment":[{"href":"https:\/\/chat-messenger.com\/de\/wp-json\/wp\/v2\/media?parent=549"}],"curies":[{"name":"wp","href":"https:\/\/api.w.org\/{rel}","templated":true}]}}