{"id":4811,"date":"2020-01-16T00:49:34","date_gmt":"2020-01-15T15:49:34","guid":{"rendered":"https:\/\/chat-messenger.com\/?page_id=4811"},"modified":"2022-04-26T10:51:19","modified_gmt":"2022-04-26T01:51:19","slug":"recruit","status":"publish","type":"page","link":"https:\/\/chat-messenger.com\/de\/unternehmen\/rekrutieren","title":{"rendered":"Karriere"},"content":{"rendered":"<div style=\"max-width:700px\">\n<p>\nUnser Unternehmen entwickelt einen Dienst namens Chat &amp; Messenger und unser Gesch\u00e4ft w\u00e4chst stetig, mit vielen unternehmensweiten Implementierungen in Ministerien, Gro\u00dfbankenkonzernen, Gro\u00dfunternehmen, IT, Pr\u00e4fektur\u00e4mtern, \u00f6ffentlichen Einrichtungen, Universit\u00e4ten, Krankenh\u00e4usern usw.\n<\/p>\n<p>\nIn j\u00fcngster Zeit haben wir eine Zunahme der Bereitstellungen mit Zehntausenden von Benutzern und einer auf Kunden zugeschnittenen OEM-Entwicklung festgestellt und wir haben mehrere Allianzen mit gro\u00dfen Unternehmen mit einem Umsatz von \u00fcber 1 Billion Yen aufgebaut.\n<\/p>\n<p>\nWenn Sie unseren Wunsch nachvollziehen k\u00f6nnen, gemeinsam an der Weiterentwicklung unserer Dienstleistungen in neuen Wachstumsfeldern zu arbeiten und Gesch\u00e4ftskommunikationsdienste zu entwickeln, auf die Japan auf globaler Ebene stolz sein kann, dann bewerben Sie sich bitte!\n<\/p>\n<p><a href=\"\" class=\"engage-recruit-widget\" data-height=\"300\" data-width=\"700\" data-url=\"https:\/\/en-gage.net\/chat-messenger_jobs\/widget\/\" target=\"_blank\"><\/a><script src=\"https:\/\/en-gage.net\/common\/company_script\/recruit\/widget.js\"><\/script><\/p>\n<\/div>","protected":false},"excerpt":{"rendered":"<p>Unser Unternehmen bietet einen Dienst namens Chat&amp;Messenger an, der von Ministerien, Gro\u00dfbankenkonzernen, Gro\u00dfkonzernen usw. genutzt wird.<\/p>","protected":false},"author":1,"featured_media":0,"parent":36,"menu_order":0,"comment_status":"closed","ping_status":"closed","template":"","meta":{"swell_btn_cv_data":""},"_links":{"self":[{"href":"https:\/\/chat-messenger.com\/de\/wp-json\/wp\/v2\/pages\/4811"}],"collection":[{"href":"https:\/\/chat-messenger.com\/de\/wp-json\/wp\/v2\/pages"}],"about":[{"href":"https:\/\/chat-messenger.com\/de\/wp-json\/wp\/v2\/types\/page"}],"author":[{"embeddable":true,"href":"https:\/\/chat-messenger.com\/de\/wp-json\/wp\/v2\/users\/1"}],"replies":[{"embeddable":true,"href":"https:\/\/chat-messenger.com\/de\/wp-json\/wp\/v2\/comments?post=4811"}],"version-history":[{"count":11,"href":"https:\/\/chat-messenger.com\/de\/wp-json\/wp\/v2\/pages\/4811\/revisions"}],"predecessor-version":[{"id":7248,"href":"https:\/\/chat-messenger.com\/de\/wp-json\/wp\/v2\/pages\/4811\/revisions\/7248"}],"up":[{"embeddable":true,"href":"https:\/\/chat-messenger.com\/de\/wp-json\/wp\/v2\/pages\/36"}],"wp:attachment":[{"href":"https:\/\/chat-messenger.com\/de\/wp-json\/wp\/v2\/media?parent=4811"}],"curies":[{"name":"wp","href":"https:\/\/api.w.org\/{rel}","templated":true}]}}