{"id":36,"date":"2018-08-13T12:25:06","date_gmt":"2018-08-13T03:25:06","guid":{"rendered":"https:\/\/chat-messenger.com\/test\/?page_id=36"},"modified":"2025-04-02T02:53:49","modified_gmt":"2025-04-01T17:53:49","slug":"company","status":"publish","type":"page","link":"https:\/\/chat-messenger.com\/de\/unternehmen","title":{"rendered":"Profil des Unternehmens"},"content":{"rendered":"<table border=\"0\" cellspacing=\"1\" cellpadding=\"5\" bgcolor=\"#000000\">\n<tbody>\n<tr class=\"mfont\" bgcolor=\"#ffffff\">\n<td nowrap=\"nowrap\">Name der Firma<\/td>\n<td>Chat&amp;Messenger Co., Ltd.<\/td>\n<\/tr>\n<tr class=\"mfont\" bgcolor=\"#ffffff\">\n<td nowrap=\"nowrap\">Hauptstadt<\/td>\n<td>50.000.000 Yen<\/td>\n<\/tr>\n<tr class=\"mfont\" bgcolor=\"#ffffff\">\n<td nowrap=\"nowrap\">Adresse<\/td>\n<td>\u3012107-6012<br \/>\n1-12-32 Akasaka, Minato-ku, Tokio<\/p>\n<div>Ark Mori-Geb\u00e4ude 12F <a href=\"https:\/\/www.arkhills.com\/access\/\" rel=\"noopener\" target=\"_blank\">Zugang<\/a><\/div>\n<\/td>\n<\/tr>\n<tr class=\"mfont\" bgcolor=\"#ffffff\">\n<td nowrap=\"nowrap\">Gr\u00fcndungsdatum<\/td>\n<td>Februar 2017<\/td>\n<\/tr>\n<tr class=\"mfont\" bgcolor=\"#ffffff\">\n<td nowrap=\"nowrap\">CEO<\/td>\n<td>Satoshi Tanabe<\/td>\n<\/tr>\n<tr class=\"mfont\" bgcolor=\"#ffffff\">\n<td nowrap=\"nowrap\">Gesch\u00e4ftsinhalte<\/td>\n<td>Wir konzentrieren uns auf die Bereitstellung von Diensten f\u00fcr die inl\u00e4ndische Groupware \u201eChat &amp; Messenger\u201c.<\/p>\n<p>Dieser Dienst integriert Funktionen wie Business-Chat, Webkonferenzen, Terminverwaltung, Dokumentenverwaltung und Anwesenheitsverwaltung, um Unternehmen eine effiziente Kommunikationsumgebung zu bieten.<\/p>\n<p>Unser Ziel ist es, \u201eChat&amp;Messenger\u201c als japanischen Dienst zu positionieren, auf den wir weltweit stolz sein k\u00f6nnen. Angesichts dieser Herausforderung arbeiten wir unerm\u00fcdlich daran, Dienstleistungen anzubieten, die auf dem Weltmarkt hohes Ansehen genie\u00dfen.<\/td>\n<\/tr>\n<tr class=\"mfont\" bgcolor=\"#ffffff\">\n<td>Anfrage<\/td>\n<td><a href=\"https:\/\/chat-messenger.com\/de\/kontaktiere-uns\/\">https:\/\/chat-messenger.com\/contactus<\/a><\/td>\n<\/tr>\n<\/tbody>\n<\/table>","protected":false},"excerpt":{"rendered":"<p>Firmenname: Chat&amp;Messenger Co., Ltd. Kapital: 50.000.000 Yen Adresse: 107-6012 [\u2026]<\/p>","protected":false},"author":2,"featured_media":0,"parent":0,"menu_order":0,"comment_status":"closed","ping_status":"closed","template":"","meta":{"swell_btn_cv_data":""},"_links":{"self":[{"href":"https:\/\/chat-messenger.com\/de\/wp-json\/wp\/v2\/pages\/36"}],"collection":[{"href":"https:\/\/chat-messenger.com\/de\/wp-json\/wp\/v2\/pages"}],"about":[{"href":"https:\/\/chat-messenger.com\/de\/wp-json\/wp\/v2\/types\/page"}],"author":[{"embeddable":true,"href":"https:\/\/chat-messenger.com\/de\/wp-json\/wp\/v2\/users\/2"}],"replies":[{"embeddable":true,"href":"https:\/\/chat-messenger.com\/de\/wp-json\/wp\/v2\/comments?post=36"}],"version-history":[{"count":8,"href":"https:\/\/chat-messenger.com\/de\/wp-json\/wp\/v2\/pages\/36\/revisions"}],"predecessor-version":[{"id":11832,"href":"https:\/\/chat-messenger.com\/de\/wp-json\/wp\/v2\/pages\/36\/revisions\/11832"}],"wp:attachment":[{"href":"https:\/\/chat-messenger.com\/de\/wp-json\/wp\/v2\/media?parent=36"}],"curies":[{"name":"wp","href":"https:\/\/api.w.org\/{rel}","templated":true}]}}