{"id":305,"date":"2018-08-14T11:50:05","date_gmt":"2018-08-14T02:50:05","guid":{"rendered":"https:\/\/chat-messenger.com\/test\/?page_id=305"},"modified":"2025-04-04T00:12:56","modified_gmt":"2025-04-03T15:12:56","slug":"notation_commercial_transaction","status":"publish","type":"page","link":"https:\/\/chat-messenger.com\/de\/unternehmen\/notation_commercial_transaction","title":{"rendered":"Vermerk gem\u00e4\u00df dem Gesetz \u00fcber spezifizierte Handelsgesch\u00e4fte"},"content":{"rendered":"<table border=\"0\" cellspacing=\"1\" cellpadding=\"5\" bgcolor=\"#000000\">\n<tbody>\n<tr class=\"mfont\" bgcolor=\"#ffffff\">\n<td nowrap=\"nowrap\">Verteiler<\/td>\n<td>Chat&amp;Messenger Co., Ltd.<\/td>\n<\/tr>\n<tr class=\"mfont\" bgcolor=\"#ffffff\">\n<td nowrap=\"nowrap\">Hauptstadt<\/td>\n<td>50.000.000 Yen<\/td>\n<\/tr>\n<tr class=\"mfont\" bgcolor=\"#ffffff\">\n<td nowrap=\"nowrap\">Vertreter<\/td>\n<td>Satoshi Tanabe<\/td>\n<\/tr>\n<tr class=\"mfont\" bgcolor=\"#ffffff\">\n<td nowrap=\"nowrap\">Standort<\/td>\n<td nowrap=\"nowrap\">\u3012107-6012<br \/>\n12F Ark Mori Building, 1-12-32 Akasaka, Minato-ku, Tokio <a href=\"https:\/\/www.arkhills.com\/access\/\" rel=\"noopener\" target=\"_blank\">Zugang<\/a><\/td>\n<\/tr>\n<tr class=\"mfont\" bgcolor=\"#ffffff\">\n<td>Rechnungsregistrierungsnummer<\/td>\n<td>T1040001098847<\/td>\n<\/tr>\n<tr class=\"mfont\" bgcolor=\"#ffffff\">\n<td>Mail<\/td>\n<td><a href=\"https:\/\/chat-messenger.com\/de\/kontaktiere-uns\/\">Anfrage<\/a><\/td>\n<\/tr>\n<tr class=\"mfont\" bgcolor=\"#ffffff\">\n<td nowrap=\"nowrap\">Notwendige Kosten au\u00dfer dem Produktpreis<\/td>\n<td>Zus\u00e4tzlich zur Verbrauchssteuer f\u00e4llt bei Bank\u00fcberweisung eine \u00dcberweisungsgeb\u00fchr an.<\/td>\n<\/tr>\n<tr class=\"mfont\" bgcolor=\"#ffffff\">\n<td>Lieferzeit<\/td>\n<td>Bei \u00dcberweisungen innerhalb von 3 Werktagen nach Erhalt Ihres \u00dcberweisungsberichts.<br \/>\nWir werden Ihnen den Lizenzschl\u00fcssel per E-Mail usw. mitteilen.<\/td>\n<\/tr>\n<tr class=\"mfont\" bgcolor=\"#ffffff\">\n<td>Bezahlverfahren<\/td>\n<td nowrap=\"nowrap\">Sumitomo Mitsui Banking Corporation<\/td>\n<\/tr>\n<tr class=\"mfont\" bgcolor=\"#ffffff\">\n<td>\u00dcber Retouren<\/td>\n<td>Aufgrund der kostenlosen Testphase k\u00f6nnen wir keine R\u00fccksendungen akzeptieren.<\/td>\n<\/tr>\n<\/tbody>\n<\/table>","protected":false},"excerpt":{"rendered":"<p>\u8ca9\u58f2\u696d\u8005 \u682a\u5f0f\u4f1a\u793e Chat&amp;Messenger \u8cc7\u672c\u91d1 50,000,000\u5186 \u4ee3\u8868\u8005 \u7530\u8fba\u3000\u54f2 \u6240 [&hellip;]<\/p>","protected":false},"author":1,"featured_media":0,"parent":36,"menu_order":0,"comment_status":"closed","ping_status":"closed","template":"","meta":{"swell_btn_cv_data":""},"_links":{"self":[{"href":"https:\/\/chat-messenger.com\/de\/wp-json\/wp\/v2\/pages\/305"}],"collection":[{"href":"https:\/\/chat-messenger.com\/de\/wp-json\/wp\/v2\/pages"}],"about":[{"href":"https:\/\/chat-messenger.com\/de\/wp-json\/wp\/v2\/types\/page"}],"author":[{"embeddable":true,"href":"https:\/\/chat-messenger.com\/de\/wp-json\/wp\/v2\/users\/1"}],"replies":[{"embeddable":true,"href":"https:\/\/chat-messenger.com\/de\/wp-json\/wp\/v2\/comments?post=305"}],"version-history":[{"count":10,"href":"https:\/\/chat-messenger.com\/de\/wp-json\/wp\/v2\/pages\/305\/revisions"}],"predecessor-version":[{"id":11857,"href":"https:\/\/chat-messenger.com\/de\/wp-json\/wp\/v2\/pages\/305\/revisions\/11857"}],"up":[{"embeddable":true,"href":"https:\/\/chat-messenger.com\/de\/wp-json\/wp\/v2\/pages\/36"}],"wp:attachment":[{"href":"https:\/\/chat-messenger.com\/de\/wp-json\/wp\/v2\/media?parent=305"}],"curies":[{"name":"wp","href":"https:\/\/api.w.org\/{rel}","templated":true}]}}