{"id":3,"date":"2018-08-12T02:08:24","date_gmt":"2018-08-11T17:08:24","guid":{"rendered":"https:\/\/chat-messenger.com\/?page_id=3"},"modified":"2025-10-06T17:46:08","modified_gmt":"2025-10-06T08:46:08","slug":"privacy-policy","status":"publish","type":"page","link":"https:\/\/chat-messenger.com\/de\/unternehmen\/datenschutzrichtlinie","title":{"rendered":"Datenschutzrichtlinie\/Richtlinie zum Schutz personenbezogener Daten"},"content":{"rendered":"<p>Chat&amp;Messenger Co., Ltd. (im Folgenden als \u201edas Unternehmen\u201c bezeichnet) hat die folgende Datenschutzrichtlinie (im Folgenden als \u201edas Unternehmen\u201c bezeichnet) bez\u00fcglich des Umgangs mit Datenschutzinformationen in den auf dieser Website bereitgestellten Diensten erstellt ( im Folgenden als \u201eder Dienst\u201c bezeichnet). (im Folgenden als \u201ediese Richtlinie\u201c bezeichnet).<\/p>\n\n\n\n<h2>Artikel 1 (Datenschutzinformationen)<\/h2>\n\n\n\n<ul><li>Unter den Datenschutzinformationen bezieht sich \u201epersonenbezogene Daten\u201c auf \u201epers\u00f6nliche Daten\u201c im Sinne des Personal Information Protection Act und bezieht sich auf Informationen \u00fcber eine lebende Person, einschlie\u00dflich Name, Geburtsdatum, Adresse und Telefonnummer, die in den Informationen enthalten sind um Informationen, die eine bestimmte Person anhand von Kontaktinformationen und anderen Beschreibungen identifizieren k\u00f6nnen.<\/li><li>Unter den Datenschutzinformationen beziehen sich \u201eVerlaufsinformationen und charakteristische Informationen\u201c auf andere Informationen als die oben definierten \u201epers\u00f6nlichen Informationen\u201c und umfassen Informationen wie genutzte Dienste, gekaufte Produkte, Datum und Uhrzeit der Nutzung, Nutzungsmethode und Nutzungsumgebung. , IP-Adresse des Benutzers, Cookie-Informationen usw.<\/li><\/ul>\n\n\n\n<h2>Artikel 2 (Methode zur Erhebung von Datenschutzinformationen)<\/h2>\n\n\n\n<ul><li>Wenn ein Benutzer eine Anfrage an diese Website stellt, ein Problem meldet oder sich f\u00fcr die Nutzung des Cloud-Dienstes Chat&amp;Messenger registriert, gibt das Unternehmen den Firmennamen, den vollst\u00e4ndigen Namen und die E-Mail-Adresse ein.<\/li><li>Unser Unternehmen sammelt Informationen \u00fcber Benutzer, wenn sie unsere Dienste nutzen, wie z. B. gekaufte Produkte, aufgerufene Seiten, Datum und Uhrzeit der Nutzung, Nutzungsmethode, Nutzungsumgebung und IP-Adresse.<\/li><\/ul>\n\n\n\n<h2>Artikel 3 (Zweck der Erhebung und Nutzung personenbezogener Daten)<\/h2>\n\n\n\n<p>Die Zwecke, f\u00fcr die unser Unternehmen personenbezogene Daten erhebt und verwendet, sind folgende.<\/p>\n\n\n\n<ul><li>(1) Zweck der Anzeige von Namen und Kontaktinformationen, damit Benutzer ihre registrierten Informationen anzeigen und \u00e4ndern und den Nutzungsstatus einsehen k\u00f6nnen<\/li><li>(2) Zweck der Nutzung von E-Mail-Adressen zur Benachrichtigung und Kontaktaufnahme der Nutzer<\/li><li>(4) Zweck der Verwendung zahlungsbezogener Informationen wie Produktname und gekaufte Menge, Art und Zeitraum der in Anspruch genommenen Dienstleistung, H\u00e4ufigkeit, Rechnungsbetrag, Name, Adresse usw., um Benutzern die Zahlung in Rechnung zu stellen.<\/li><li>(6) Wir lehnen die Nutzung durch Nutzer ab, die gegen die Nutzungsbedingungen dieses Dienstes versto\u00dfen, beispielsweise indem sie ihre Zahlung verz\u00f6gern oder Dritten Schaden zuf\u00fcgen, oder durch Nutzer, die versuchen, den Dienst f\u00fcr betr\u00fcgerische oder unzul\u00e4ssige Zwecke zu nutzen<\/li><li>(7) Um Anfragen von Nutzern zu beantworten, erfassen wir Informationen, die unser Unternehmen zur Bereitstellung von Diensten f\u00fcr Nutzer ben\u00f6tigt, wie z. B. Informationen zum Inhalt der Anfrage und zur Abrechnung sowie den Nutzungsstatus des Nutzerservices und Kontaktinformationen. Zweck der Nutzung usw.<\/li><li>(8) Zu den oben genannten Nutzungszwecken geh\u00f6rende Zwecke<\/li><\/ul>\n\n\n\n<h2>Artikel 4 (Weitergabe personenbezogener Daten an Dritte)<\/h2>\n\n\n\n<ul><li>Unser Unternehmen wird ohne vorherige Zustimmung des Nutzers keine personenbezogenen Daten an Dritte weitergeben, au\u00dfer in den folgenden F\u00e4llen. Dies schlie\u00dft jedoch F\u00e4lle aus, die durch das Gesetz zum Schutz personenbezogener Daten und andere Gesetze und Vorschriften zul\u00e4ssig sind.\n<ul>\n<li>(1) F\u00e4lle, die auf Gesetzen und Vorschriften beruhen<\/li>\n<li>(2) Wenn es notwendig ist, das Leben, den K\u00f6rper oder das Eigentum einer Person zu sch\u00fctzen, und es schwierig ist, die Zustimmung der Person einzuholen.<\/li>\n<li>(3) Wenn es zur Verbesserung der \u00f6ffentlichen Gesundheit oder zur F\u00f6rderung einer gesunden Erziehung von Kindern besonders erforderlich ist und es schwierig ist, die Einwilligung der betroffenen Person einzuholen.<\/li>\n<li>(4) In F\u00e4llen, in denen es erforderlich ist, mit einer nationalen Beh\u00f6rde, einer lokalen Regierung oder einer von ihnen beauftragten Person bei der Ausf\u00fchrung der gesetzlich festgelegten Angelegenheiten zusammenzuarbeiten, und die Ausf\u00fchrung der Angelegenheiten durch Einholung der Zustimmung der betroffenen Person erfolgt . Wenn die Gefahr einer St\u00f6rung besteht<\/li>\n<li>(5) Wenn folgende Angelegenheiten angek\u00fcndigt oder angek\u00fcndigt wurden:\n<ol>\n<li>Zweck der Nutzung ist auch die Weitergabe an Dritte<\/li>\n<li>Weitergabe von Daten an Dritte<\/li>\n<li>Mittel oder Methode der Bereitstellung an Dritte<\/li>\n<li>Stellen Sie auf Wunsch des Einzelnen keine personenbezogenen Daten mehr an Dritte bereit<\/li>\n<\/ol>\n<\/li>\n<\/ul>\n<\/li><\/ul>\n\n\n\n<h2>Artikel 5 (Offenlegung personenbezogener Daten)<\/h2>\n\n\n\n<ul><li>Wenn wir von einer Person aufgefordert werden, personenbezogene Daten offenzulegen, werden wir diese der Person unverz\u00fcglich mitteilen. Wenn die Offenlegung jedoch unter einen der folgenden Punkte f\u00e4llt, d\u00fcrfen wir die Informationen nicht ganz oder teilweise offenlegen. Wenn wir uns dazu entschlie\u00dfen, sie nicht offenzulegen, werden wir Sie dar\u00fcber unverz\u00fcglich informieren. Bitte beachten Sie, dass f\u00fcr jede Offenlegung personenbezogener Daten eine Geb\u00fchr von 1.000 Yen erhoben wird.\n<ul>\n<li>(1) In F\u00e4llen, in denen die Gefahr einer Verletzung des Lebens, des K\u00f6rpers, des Eigentums oder anderer Rechte und Interessen der Person oder eines Dritten besteht.<\/li>\n<li>(2) In F\u00e4llen, in denen die Gefahr einer erheblichen Behinderung der ordnungsgem\u00e4\u00dfen Durchf\u00fchrung unseres Gesch\u00e4fts besteht.<\/li>\n<li>(3) In F\u00e4llen, in denen es gegen andere Gesetze und Vorschriften versto\u00dfen w\u00fcrde.<\/li>\n<\/ul>\n<\/li><li>Ungeachtet der Bestimmungen des vorstehenden Absatzes werden grunds\u00e4tzlich keine Informationen weitergegeben, die keine personenbezogenen Daten sind, wie z. B. historische Informationen und charakteristische Informationen.<\/li><\/ul>\n\n\n\n<h2>Artikel 6 (Berichtigung und L\u00f6schung personenbezogener Daten)<\/h2>\n\n\n\n<ul><li>Wenn die vom Unternehmen gespeicherten pers\u00f6nlichen Daten des Benutzers falsch sind, kann der Benutzer das Unternehmen auffordern, die pers\u00f6nlichen Daten zu korrigieren oder zu l\u00f6schen, indem er die vom Unternehmen festgelegten Verfahren befolgt.<\/li><li>Wenn unser Unternehmen im vorstehenden Absatz eine Anfrage eines Nutzers erh\u00e4lt und feststellt, dass eine Beantwortung der Anfrage erforderlich ist, werden wir die personenbezogenen Daten unverz\u00fcglich berichtigen oder l\u00f6schen und den Nutzer entsprechend benachrichtigen.<\/li><\/ul>\n\n\n\n<h2>Artikel 7 (Aussetzung der Nutzung personenbezogener Daten usw.)<\/h2>\n\n\n\n<p>Unser Unternehmen kann die Verwendung personenbezogener Daten (im Folgenden als \u201eVerwendung personenbezogener Daten\u201c bezeichnet) aussetzen oder l\u00f6schen, wenn die personenbezogenen Daten au\u00dferhalb des Verwendungszwecks verarbeitet werden oder weil sie von uns erlangt wurden illegale Mittel. Wenn wir dazu aufgefordert werden, werden wir unverz\u00fcglich die erforderliche Untersuchung durchf\u00fchren und auf der Grundlage der Ergebnisse die Verwendung personenbezogener Daten aussetzen und die Person entsprechend benachrichtigen. In F\u00e4llen jedoch, in denen es kostspielig w\u00e4re, die Nutzung personenbezogener Daten usw. auszusetzen, oder in denen es schwierig ist, die Nutzung personenbezogener Daten auszusetzen, ist es m\u00f6glich, alternative Ma\u00dfnahmen zu ergreifen, die zum Schutz der Rechte und Interessen des Betroffenen erforderlich sind Person, \uff0cNehmen Sie diese Alternative.<\/p>\n\n\n\n<h2>\u7b2c\uff18\u6761\uff08\u5150\u7ae5\u306e\u5b89\u5168\u306b\u95a2\u3059\u308b\u65b9\u91dd\uff09<\/h2>\n\n\n\n<p>\u5f53\u793e\u306f\u3001\u5150\u7ae5\u306e\u5b89\u5168\u3092\u6700\u512a\u5148\u306b\u8003\u3048\u3001\u5150\u7ae5\u306e\u6027\u7684\u643e\u53d6\u3084\u8650\u5f85\uff08CSAE: Child Sexual Abuse and Exploitation\uff09\u306b\u95a2\u3059\u308b\u3042\u3089\u3086\u308b\u884c\u70ba\u3001\u30b3\u30f3\u30c6\u30f3\u30c4\u3001\u753b\u50cf\u3001\u6620\u50cf\u3001\u767a\u8a00\u3001\u307e\u305f\u306f\u305d\u306e\u52a9\u9577\u884c\u70ba\u3092\u660e\u793a\u7684\u306b\u7981\u6b62\u3057\u307e\u3059\u3002<br>\u5f53\u793e\u30b5\u30fc\u30d3\u30b9\u4e0a\u3067\u305d\u306e\u3088\u3046\u306a\u884c\u70ba\u3084\u30b3\u30f3\u30c6\u30f3\u30c4\u304c\u78ba\u8a8d\u3055\u308c\u305f\u5834\u5408\u3001\u5f53\u793e\u306f\u76f4\u3061\u306b\u524a\u9664\u30fb\u505c\u6b62\u7b49\u306e\u63aa\u7f6e\u3092\u884c\u3044\u3001\u5fc5\u8981\u306b\u5fdc\u3058\u3066\u95a2\u4fc2\u5f53\u5c40\u3078\u901a\u5831\u3057\u307e\u3059\u3002<br>\u3053\u306e\u65b9\u91dd\u306f\u3001Chat&amp;Messenger\uff08\u682a\u5f0f\u4f1a\u793e Chat&amp;Messenger\uff09\u304c\u63d0\u4f9b\u3059\u308b\u3059\u3079\u3066\u306e\u88fd\u54c1\u304a\u3088\u3073\u30b5\u30fc\u30d3\u30b9\u306b\u9069\u7528\u3055\u308c\u307e\u3059\u3002<\/p>\n\n\n\n<h2>\u7b2c\uff19\u6761\uff08\u30d7\u30e9\u30a4\u30d0\u30b7\u30fc\u30dd\u30ea\u30b7\u30fc\u306e\u5909\u66f4\uff09<\/h2>\n\n\n\n<ul><li>Der Inhalt dieser Richtlinie kann ohne Benachrichtigung der Benutzer ge\u00e4ndert werden.<\/li><li>Sofern von unserem Unternehmen nicht anders angegeben, tritt die \u00fcberarbeitete Datenschutzerkl\u00e4rung ab dem Zeitpunkt ihrer Ver\u00f6ffentlichung auf dieser Website in Kraft.<\/li><\/ul>\n\n\n\n<h2>\u304a\u554f\u3044\u5408\u308f\u305b\u7a93\u53e3<\/h2>\n\n\n\n<p>Bei Fragen zu dieser Richtlinie wenden Sie sich bitte an die unten stehende Kontaktstelle.<\/p>\n\n\n\n<p>Chat&amp;Messenger Co., Ltd.<br>Stellvertretender Direktor\/Informationsmanagementbeauftragter Satoshi Tanabe<\/p>\n\n\n\n<p>Anfrage:<a href=\"https:\/\/chat-messenger.com\/de\/kontaktiere-uns\/\">https:\/\/chat-messenger.com\/contactus<\/a><\/p>\n\n\n\n<p>das ist alles<\/p>","protected":false},"excerpt":{"rendered":"<p>Chat&amp;Messenger Co., Ltd. (im Folgenden \u201edas Unternehmen\u201c genannt) ist der auf dieser Website bereitgestellte Dienst [\u2026]<\/p>","protected":false},"author":1,"featured_media":0,"parent":36,"menu_order":0,"comment_status":"closed","ping_status":"closed","template":"","meta":{"swell_btn_cv_data":""},"_links":{"self":[{"href":"https:\/\/chat-messenger.com\/de\/wp-json\/wp\/v2\/pages\/3"}],"collection":[{"href":"https:\/\/chat-messenger.com\/de\/wp-json\/wp\/v2\/pages"}],"about":[{"href":"https:\/\/chat-messenger.com\/de\/wp-json\/wp\/v2\/types\/page"}],"author":[{"embeddable":true,"href":"https:\/\/chat-messenger.com\/de\/wp-json\/wp\/v2\/users\/1"}],"replies":[{"embeddable":true,"href":"https:\/\/chat-messenger.com\/de\/wp-json\/wp\/v2\/comments?post=3"}],"version-history":[{"count":10,"href":"https:\/\/chat-messenger.com\/de\/wp-json\/wp\/v2\/pages\/3\/revisions"}],"predecessor-version":[{"id":12269,"href":"https:\/\/chat-messenger.com\/de\/wp-json\/wp\/v2\/pages\/3\/revisions\/12269"}],"up":[{"embeddable":true,"href":"https:\/\/chat-messenger.com\/de\/wp-json\/wp\/v2\/pages\/36"}],"wp:attachment":[{"href":"https:\/\/chat-messenger.com\/de\/wp-json\/wp\/v2\/media?parent=3"}],"curies":[{"name":"wp","href":"https:\/\/api.w.org\/{rel}","templated":true}]}}