{"id":1786,"date":"2018-12-16T16:00:04","date_gmt":"2018-12-16T07:00:04","guid":{"rendered":"https:\/\/chat-messenger.com\/?page_id=1786"},"modified":"2025-01-31T11:47:23","modified_gmt":"2025-01-31T02:47:23","slug":"businesspremium_license","status":"publish","type":"page","link":"https:\/\/chat-messenger.com\/de\/kontaktiere-uns\/businesspremium_license","title":{"rendered":"Kaufanwendung f\u00fcr Chat&amp;Messenger Business Premium"},"content":{"rendered":"<p style=\"max-width: 700px;\"><b>Wenn Sie die Videoanruffunktion nutzen m\u00f6chten, \u00fcberpr\u00fcfen Sie vor dem Kauf bitte zun\u00e4chst die Funktionalit\u00e4t mit der kostenlosen Version.<\/b><\/p>\n<p class=\"form-info d-none point\" style=\"max-width: 600px;\"><b>Wenn die untenstehenden Informationen korrekt sind, klicken Sie bitte auf die Schaltfl\u00e4che \u201eSenden\u201c.<\/b><\/p>\n<div style=\"max-width: 760px;\">\n<form id=\"request_form\" method=\"post\" action=\"\/de\/cgi-bin\/request.php\/\" class=\"form-contact form-confirm\" data-trp-original-action=\"\/cgi-bin\/request.php\">\n<table class=\"table table-bordered\">\n<tbody>\n<tr>\n<th width=\"170\" class=\"bg-light\">Name der Organisation <span class=\"badge badge-danger\">Erforderlich<\/span><\/th>\n<td><input size=\"30\" type=\"text\" name=\"\u4f1a\u793e\u540d\/\u56e3\u4f53\u540d\" placeholder=\"Offizieller Name des Unternehmens\/der Organisation\" class=\"form-control w-50\" required=\"\"><\/td>\n<\/tr>\n<tr>\n<th width=\"160\" class=\"bg-light\">Name <span class=\"badge badge-danger\">Erforderlich<\/span><\/th>\n<td><input size=\"20\" type=\"text\" name=\"\u304a\u540d\u524d\" class=\"form-control w-50\" required=\"\"><\/td>\n<\/tr>\n<tr>\n<th class=\"bg-light\">Email <span class=\"badge badge-danger\">Erforderlich<\/span><\/th>\n<td><input size=\"24\" type=\"text\" name=\"Email\" class=\"form-control w-50\" data-validation-engine=\"validate[required, custom[email]]\" required=\"\"><\/td>\n<\/tr>\n<tr>\n<th class=\"bg-light\">Anzahl der Lizenzen<\/th>\n<td>\n     <select name=\"\u30e9\u30a4\u30bb\u30f3\u30b9\u6570\"><option>1 Lizenz 10.000 Yen<\/option><option>2 Lizenzen 20.000 Yen<\/option><option>3 Lizenzen 30.000 Yen<\/option><option>4 Lizenzen 40.000 Yen<\/option><option>5 Lizenzen 50.000 Yen<\/option><option>6 Lizenzen 60.000 Yen<\/option><option>7-Lizenz 70.000 Yen<\/option><option>8 Lizenzen 80.000 Yen<\/option><option>9 Lizenzen 90.000 Yen<\/option><option>10 Lizenzen 100.000 Yen<\/option><option>11 Lizenz 110.000 Yen<\/option><option>12 Lizenzen 120.000 Yen<\/option><option>13 Lizenz 130.000 Yen<\/option><option>14 Lizenzen 140.000 Yen<\/option><option>15 Lizenzen 150.000 Yen<\/option><\/select><\/p>\n<p>*Betr\u00e4ge verstehen sich zuz\u00fcglich Steuern.<br \/>\n*Der oben genannte Preis kann als Dauerlizenz genutzt werden.<\/td>\n<\/tr>\n<tr>\n<th class=\"bg-light\">Nachricht<\/th>\n<td>\n<textarea name=\"\u305d\u306e\u4ed6\u30e1\u30c3\u30bb\u30fc\u30b8\" cols=\"43\" rows=\"3\" class=\"form-control\"><\/textarea><\/td>\n<\/tr>\n<tr>\n<th class=\"bg-light\">Kostenvoranschlag\/Rechnung<\/th>\n<td>\n<input type=\"radio\" name=\"\u898b\u7a4d\u66f8\uff0f\u8acb\u6c42\u66f8\" value=\"\u898b\u7a4d\u66f8\u304c\u5fc5\u8981\" id=\"doc01\" checked=\"\"> <label for=\"doc01\">Ich brauche ein Angebot<\/label>&nbsp;&nbsp;&nbsp;&nbsp;<input type=\"radio\" name=\"\u898b\u7a4d\u66f8\uff0f\u8acb\u6c42\u66f8\" value=\"\u8acb\u6c42\u66f8\u304c\u5fc5\u8981\" id=\"doc02\"> <label for=\"doc02\">Ich ben\u00f6tige eine Rechnung<\/label>&nbsp;&nbsp;&nbsp;&nbsp;<\/td>\n<\/tr>\n<tr><\/tr>\n<\/tbody>\n<\/table>\n<div class=\"text-center\" style=\"display: flex; justify-content: center; gap: 10px; height: 50px\">\n<input type=\"submit\" value=\"Best\u00e4tigung\" class=\"btn btn-info btn-confirm\"><br \/>\n<input type=\"reset\" value=\"zur\u00fccksetzen\" class=\"btn btn-reset\"><br \/>\n<input type=\"submit\" value=\"schicken\" class=\"btn btn-info btn-submit d-none\"><br \/>\n<input type=\"button\" value=\"zur\u00fcckkehren\" class=\"btn btn-back d-none\"><\/div>\n<input type=\"hidden\" name=\"trp-form-language\" value=\"de\"\/><\/form>\n<p><script src=\"\/js\/form\/validation\/jquery.validationEngine.js\"><\/script><br \/>\n<script src=\"\/js\/form\/validation\/jquery.validationEngine-ja.js\"><\/script>\n \t \t \t \t \t \t \t \t \t \t \t \t \t \t \t \t \t \t<link href=\"\/js\/form\/validation\/validationEngine.jquery.css\" rel=\"stylesheet\">\n<script src=\"\/js\/form\/form.js\"><\/script>\n \t \t \t \t \t \t \t \t \t \t \t \t \t \t \t \t \t<link href=\"https:\/\/chat-messenger.com\/css\/bootstrap.min.css?ver=1.2.5\" rel=\"stylesheet\">\n<\/div>","protected":false},"excerpt":{"rendered":"<p>Wenn Sie die Videoanruffunktion nutzen m\u00f6chten, \u00fcberpr\u00fcfen Sie vor dem Kauf bitte zun\u00e4chst die Funktionalit\u00e4t mit der kostenlosen Version. Wenn die folgenden Informationen korrekt sind, lesen Sie bitte &quot; [...]<\/p>","protected":false},"author":1,"featured_media":0,"parent":37,"menu_order":0,"comment_status":"closed","ping_status":"closed","template":"","meta":{"swell_btn_cv_data":""},"_links":{"self":[{"href":"https:\/\/chat-messenger.com\/de\/wp-json\/wp\/v2\/pages\/1786"}],"collection":[{"href":"https:\/\/chat-messenger.com\/de\/wp-json\/wp\/v2\/pages"}],"about":[{"href":"https:\/\/chat-messenger.com\/de\/wp-json\/wp\/v2\/types\/page"}],"author":[{"embeddable":true,"href":"https:\/\/chat-messenger.com\/de\/wp-json\/wp\/v2\/users\/1"}],"replies":[{"embeddable":true,"href":"https:\/\/chat-messenger.com\/de\/wp-json\/wp\/v2\/comments?post=1786"}],"version-history":[{"count":9,"href":"https:\/\/chat-messenger.com\/de\/wp-json\/wp\/v2\/pages\/1786\/revisions"}],"predecessor-version":[{"id":11562,"href":"https:\/\/chat-messenger.com\/de\/wp-json\/wp\/v2\/pages\/1786\/revisions\/11562"}],"up":[{"embeddable":true,"href":"https:\/\/chat-messenger.com\/de\/wp-json\/wp\/v2\/pages\/37"}],"wp:attachment":[{"href":"https:\/\/chat-messenger.com\/de\/wp-json\/wp\/v2\/media?parent=1786"}],"curies":[{"name":"wp","href":"https:\/\/api.w.org\/{rel}","templated":true}]}}